{"id":906,"date":"2021-09-07T11:40:43","date_gmt":"2021-09-07T11:40:43","guid":{"rendered":"https:\/\/www.gino-aka.com\/?page_id=906"},"modified":"2022-01-22T20:58:39","modified_gmt":"2022-01-22T20:58:39","slug":"contact","status":"publish","type":"page","link":"https:\/\/www.gino-aka.com\/fr\/contact\/","title":{"rendered":"Contact"},"content":{"rendered":"<div id=\"pl-906\"  class=\"panel-layout\" ><div id=\"pg-906-0\"  class=\"panel-grid panel-no-style\" ><div id=\"pgc-906-0-0\"  class=\"panel-grid-cell\" ><div id=\"panel-906-0-0-0\" class=\"so-panel widget widget_sow-editor panel-first-child panel-last-child\" data-index=\"0\" ><div\n\t\t\t\n\t\t\tclass=\"so-widget-sow-editor so-widget-sow-editor-base\"\n\t\t\t\n\t\t>\n<div class=\"siteorigin-widget-tinymce textwidget\">\n\t<div class=\"wpforms-container wpforms-container-full\" id=\"wpforms-2115\"><form id=\"wpforms-form-2115\" class=\"wpforms-validate wpforms-form wpforms-ajax-form\" data-formid=\"2115\" method=\"post\" enctype=\"multipart\/form-data\" action=\"\/fr\/wp-json\/wp\/v2\/pages\/906\" data-token=\"7d5804e1c26ebf1f317d89d37597c391\"><noscript class=\"wpforms-error-noscript\">Veuillez activer JavaScript dans votre navigateur pour remplir ce formulaire.<\/noscript><div class=\"wpforms-field-container\"><div id=\"wpforms-2115-field_0-container\" class=\"wpforms-field wpforms-field-name\" data-field-id=\"0\"><label class=\"wpforms-field-label\" for=\"wpforms-2115-field_0\">Votre nom <span class=\"wpforms-required-label\">*<\/span><\/label><div class=\"wpforms-field-row wpforms-field-medium\"><div class=\"wpforms-field-row-block wpforms-first wpforms-one-half\"><input type=\"text\" id=\"wpforms-2115-field_0\" class=\"wpforms-field-name-first wpforms-field-required\" name=\"wpforms[fields][0][first]\" required><label for=\"wpforms-2115-field_0\" class=\"wpforms-field-sublabel after \">Pr\u00e9nom<\/label><\/div><div class=\"wpforms-field-row-block wpforms-one-half\"><input type=\"text\" id=\"wpforms-2115-field_0-last\" class=\"wpforms-field-name-last wpforms-field-required\" name=\"wpforms[fields][0][last]\" required><label for=\"wpforms-2115-field_0-last\" class=\"wpforms-field-sublabel after \">Nom<\/label><\/div><\/div><\/div><div id=\"wpforms-2115-field_1-container\" class=\"wpforms-field wpforms-field-email\" data-field-id=\"1\"><label class=\"wpforms-field-label\" for=\"wpforms-2115-field_1\">Votre courriel <span class=\"wpforms-required-label\">*<\/span><\/label><input type=\"email\" id=\"wpforms-2115-field_1\" class=\"wpforms-field-medium wpforms-field-required\" name=\"wpforms[fields][1]\" spellcheck=\"false\" required><\/div><div id=\"wpforms-2115-field_3-container\" class=\"wpforms-field wpforms-field-radio\" data-field-id=\"3\"><label class=\"wpforms-field-label\" for=\"wpforms-2115-field_3\">Objet <span class=\"wpforms-required-label\">*<\/span><\/label><ul id=\"wpforms-2115-field_3\" class=\"wpforms-field-required\"><li class=\"choice-1 depth-1\"><input type=\"radio\" id=\"wpforms-2115-field_3_1\" name=\"wpforms[fields][3]\" value=\"question\" required ><label class=\"wpforms-field-label-inline\" for=\"wpforms-2115-field_3_1\">question<\/label><\/li><li class=\"choice-2 depth-1\"><input type=\"radio\" id=\"wpforms-2115-field_3_2\" name=\"wpforms[fields][3]\" value=\"demande de devis\" required ><label class=\"wpforms-field-label-inline\" for=\"wpforms-2115-field_3_2\">demande de devis<\/label><\/li><li class=\"choice-3 depth-1\"><input type=\"radio\" id=\"wpforms-2115-field_3_3\" name=\"wpforms[fields][3]\" value=\"prestation\" required ><label class=\"wpforms-field-label-inline\" for=\"wpforms-2115-field_3_3\">prestation<\/label><\/li><li class=\"choice-4 depth-1\"><input type=\"radio\" id=\"wpforms-2115-field_3_4\" name=\"wpforms[fields][3]\" value=\"autre\" required ><label class=\"wpforms-field-label-inline\" for=\"wpforms-2115-field_3_4\">autre<\/label><\/li><\/ul><\/div><div id=\"wpforms-2115-field_2-container\" class=\"wpforms-field wpforms-field-textarea\" data-field-id=\"2\"><label class=\"wpforms-field-label\" for=\"wpforms-2115-field_2\">Message <span class=\"wpforms-required-label\">*<\/span><\/label><textarea id=\"wpforms-2115-field_2\" class=\"wpforms-field-medium wpforms-field-required\" name=\"wpforms[fields][2]\" required><\/textarea><\/div><div id=\"wpforms-2115-field_4-container\" class=\"wpforms-field wpforms-field-captcha\" data-field-id=\"4\"><label class=\"wpforms-field-label\" for=\"wpforms-2115-field_4\">Question de s\u00e9curit\u00e9 <span class=\"wpforms-required-label\">*<\/span><\/label>\t\t\t<div class=\"wpforms-captcha-math\">\n\t\t\t\t<span id=\"wpforms-2115-field_4-question\" class=\"wpforms-captcha-equation\">\n\t\t\t\t\t<span class=\"n1\">3<\/span>\n\t\t\t\t\t\t\t<span class=\"cal\">+<\/span>\n\t\t\t\t\t\t\t<span class=\"n2\">10<\/span>\t\t\t\t\t<span class=\"e\">=<\/span>\n\t\t\t\t<\/span>\n\t\t\t\t<input type=\"text\" id=\"wpforms-2115-field_4\" class=\"wpforms-field-medium wpforms-field-required a\" data-rule-wpf-captcha=\"math\" data-is-wrapped-field=\"1\" name=\"wpforms[fields][4][a]\" aria-describedby=\"wpforms-2115-field_4-question\" required>\t\t\t\t<input type=\"hidden\" name=\"wpforms[fields][4][cal]\" class=\"cal\">\n\t\t\t\t<input type=\"hidden\" name=\"wpforms[fields][4][n2]\" class=\"n2\">\n\t\t\t\t<input type=\"hidden\" name=\"wpforms[fields][4][n1]\" class=\"n1\">\n\t\t\t<\/div>\n\t\t\t<\/div><\/div><!-- .wpforms-field-container --><div class=\"wpforms-submit-container\" ><input type=\"hidden\" name=\"wpforms[id]\" value=\"2115\"><input type=\"hidden\" name=\"wpforms[author]\" value=\"2\"><button type=\"submit\" name=\"wpforms[submit]\" id=\"wpforms-submit-2115\" class=\"wpforms-submit\" data-alt-text=\"Envoyer...\" data-submit-text=\"Envoyer\" aria-live=\"assertive\" value=\"wpforms-submit\">Envoyer<\/button><img loading=\"lazy\" decoding=\"async\" src=\"https:\/\/www.gino-aka.com\/wp-content\/plugins\/wpforms\/assets\/images\/submit-spin.svg\" class=\"wpforms-submit-spinner\" style=\"display: none;\" width=\"26\" height=\"26\" alt=\"Chargement en cours\"><\/div><\/form><\/div>  <!-- .wpforms-container -->\n<\/div>\n<\/div><\/div><\/div><div id=\"pgc-906-0-1\"  class=\"panel-grid-cell\" ><div id=\"panel-906-0-1-0\" class=\"so-panel widget widget_contactinformation_widget panel-first-child panel-last-child\" data-index=\"1\" ><h3 class=\"widget-title\">Nous Contacter<\/h3><div class=\"ciw_contactinformation\"><div class=\"ciw_address\">\r\n\t\t\t\t\t\t\t\t\t\t\t<i class=\"fa fa-map-marker\"><\/i>\t\r\n\t\t\t\t\t\t\t\t\t\t\t\t<div class=\"ciw_address_content\">\r\n\t\t\t\t\t\t\t\t\t\t\t\t\t<div class=\"ciw_company_name\">GINO-AKA SAS<\/div>\r\n\t\t\t\t\t\t\t\t\t\t\t\t\t<div class=\"ciw_contact_address\"> 15 rue des Pyr\u00e9n\u00e9es<br \/>\n91090 Lisses<br \/>\nFrance\t<\/div>\r\n\t\t\t\t\t\t\t\t\t\t\t\t<\/div>\r\n\t\t\t\t\t\t\t\t\t\t<\/div><div class=\"ciw_phone\">\r\n\t\t\t\t\t\t\t\t\t\t\t\t<i class=\"fa fa-mobile\"><\/i>\r\n\t\t\t\t\t\t\t\t\t\t\t\t<div class=\"ciw_contact_phone\"><a href=\"tel: +33 (0) 1 60 76 15 55\"> +33 (0) 1 60 76 15 55<\/a><\/div>\r\n\t\t\t\t\t\t\t\t\t\t\t<\/div><div class=\"ciw_email\">\r\n\t\t\t\t\t\t\t\t\t\t\t\t<i class=\"fa fa-envelope\"><\/i>\r\n\t\t\t\t\t\t\t\t\t\t\t\t<div class=\"ciw_contact_email\"><a href=\"mailto:info@gino-aka.com\" target=\"_blank\">info@gino-aka.com<\/a><\/div>\r\n\t\t\t\t\t\t\t\t\t\t\t<\/div><\/div><\/div><\/div><\/div><\/div>","protected":false},"excerpt":{"rendered":"<p>Veuillez activer JavaScript dans votre navigateur pour remplir ce formulaire.Votre nom *Pr\u00e9nomNomVotre courriel *Objet *questiondemande de devisprestationautreMessage *Question de s\u00e9curit\u00e9 * 14 * 9 = Envoyer Nous Contacter GINO-AKA SAS 15 rue des Pyr\u00e9n\u00e9es 91090 Lisses France +33 (0) 1 60 76 15 55 info@gino-aka.com<\/p>\n","protected":false},"author":2,"featured_media":77,"parent":0,"menu_order":12,"comment_status":"closed","ping_status":"closed","template":"","meta":{"_acf_changed":false,"footnotes":""},"acf":[],"yoast_head":"<!-- This site is optimized with the Yoast SEO plugin v22.2 - https:\/\/yoast.com\/wordpress\/plugins\/seo\/ -->\n<title>Contact - GINO AKA<\/title>\n<meta name=\"robots\" content=\"index, follow, max-snippet:-1, max-image-preview:large, max-video-preview:-1\" \/>\n<link rel=\"canonical\" href=\"https:\/\/www.gino-aka.com\/fr\/contact\/\" \/>\n<meta property=\"og:locale\" content=\"fr_FR\" \/>\n<meta property=\"og:type\" content=\"article\" \/>\n<meta property=\"og:title\" content=\"Contact - GINO AKA\" \/>\n<meta property=\"og:description\" content=\"Veuillez activer JavaScript dans votre navigateur pour remplir ce formulaire.Votre nom *Pr\u00e9nomNomVotre courriel *Objet *questiondemande de devisprestationautreMessage *Question de s\u00e9curit\u00e9 * 10 * 10 = Envoyer Nous Contacter GINO-AKA SAS 15 rue des Pyr\u00e9n\u00e9es 91090 Lisses France +33 (0) 1 60 76 15 55 info@gino-aka.com\" \/>\n<meta property=\"og:url\" content=\"https:\/\/www.gino-aka.com\/fr\/contact\/\" \/>\n<meta property=\"og:site_name\" content=\"GINO AKA\" \/>\n<meta property=\"article:modified_time\" content=\"2022-01-22T20:58:39+00:00\" \/>\n<meta property=\"og:image\" content=\"https:\/\/www.gino-aka.com\/wp-content\/uploads\/2021\/06\/slider1.jpeg\" \/>\n\t<meta property=\"og:image:width\" content=\"1200\" \/>\n\t<meta property=\"og:image:height\" content=\"500\" \/>\n\t<meta property=\"og:image:type\" content=\"image\/jpeg\" \/>\n<meta name=\"twitter:card\" content=\"summary_large_image\" \/>\n<script type=\"application\/ld+json\" class=\"yoast-schema-graph\">{\"@context\":\"https:\/\/schema.org\",\"@graph\":[{\"@type\":\"WebPage\",\"@id\":\"https:\/\/www.gino-aka.com\/fr\/contact\/\",\"url\":\"https:\/\/www.gino-aka.com\/fr\/contact\/\",\"name\":\"Contact - GINO AKA\",\"isPartOf\":{\"@id\":\"https:\/\/www.gino-aka.com\/fr\/#website\"},\"primaryImageOfPage\":{\"@id\":\"https:\/\/www.gino-aka.com\/fr\/contact\/#primaryimage\"},\"image\":{\"@id\":\"https:\/\/www.gino-aka.com\/fr\/contact\/#primaryimage\"},\"thumbnailUrl\":\"https:\/\/www.gino-aka.com\/wp-content\/uploads\/2021\/06\/slider1.jpeg\",\"datePublished\":\"2021-09-07T11:40:43+00:00\",\"dateModified\":\"2022-01-22T20:58:39+00:00\",\"inLanguage\":\"fr-FR\",\"potentialAction\":[{\"@type\":\"ReadAction\",\"target\":[\"https:\/\/www.gino-aka.com\/fr\/contact\/\"]}]},{\"@type\":\"ImageObject\",\"inLanguage\":\"fr-FR\",\"@id\":\"https:\/\/www.gino-aka.com\/fr\/contact\/#primaryimage\",\"url\":\"https:\/\/www.gino-aka.com\/wp-content\/uploads\/2021\/06\/slider1.jpeg\",\"contentUrl\":\"https:\/\/www.gino-aka.com\/wp-content\/uploads\/2021\/06\/slider1.jpeg\",\"width\":1200,\"height\":500},{\"@type\":\"WebSite\",\"@id\":\"https:\/\/www.gino-aka.com\/fr\/#website\",\"url\":\"https:\/\/www.gino-aka.com\/fr\/\",\"name\":\"GINO AKA\",\"description\":\"GINO AKA SAS\",\"potentialAction\":[{\"@type\":\"SearchAction\",\"target\":{\"@type\":\"EntryPoint\",\"urlTemplate\":\"https:\/\/www.gino-aka.com\/fr\/?s={search_term_string}\"},\"query-input\":\"required name=search_term_string\"}],\"inLanguage\":\"fr-FR\"}]}<\/script>\n<!-- \/ Yoast SEO plugin. -->","yoast_head_json":{"title":"Contact - GINO AKA","robots":{"index":"index","follow":"follow","max-snippet":"max-snippet:-1","max-image-preview":"max-image-preview:large","max-video-preview":"max-video-preview:-1"},"canonical":"https:\/\/www.gino-aka.com\/fr\/contact\/","og_locale":"fr_FR","og_type":"article","og_title":"Contact - GINO AKA","og_description":"Veuillez activer JavaScript dans votre navigateur pour remplir ce formulaire.Votre nom *Pr\u00e9nomNomVotre courriel *Objet *questiondemande de devisprestationautreMessage *Question de s\u00e9curit\u00e9 * 14 * 2 = Envoyer Nous Contacter GINO-AKA SAS 15 rue des Pyr\u00e9n\u00e9es 91090 Lisses France +33 (0) 1 60 76 15 55 info@gino-aka.com","og_url":"https:\/\/www.gino-aka.com\/fr\/contact\/","og_site_name":"GINO AKA","article_modified_time":"2022-01-22T20:58:39+00:00","og_image":[{"width":1200,"height":500,"url":"https:\/\/www.gino-aka.com\/wp-content\/uploads\/2021\/06\/slider1.jpeg","type":"image\/jpeg"}],"twitter_card":"summary_large_image","schema":{"@context":"https:\/\/schema.org","@graph":[{"@type":"WebPage","@id":"https:\/\/www.gino-aka.com\/fr\/contact\/","url":"https:\/\/www.gino-aka.com\/fr\/contact\/","name":"Contact - GINO AKA","isPartOf":{"@id":"https:\/\/www.gino-aka.com\/fr\/#website"},"primaryImageOfPage":{"@id":"https:\/\/www.gino-aka.com\/fr\/contact\/#primaryimage"},"image":{"@id":"https:\/\/www.gino-aka.com\/fr\/contact\/#primaryimage"},"thumbnailUrl":"https:\/\/www.gino-aka.com\/wp-content\/uploads\/2021\/06\/slider1.jpeg","datePublished":"2021-09-07T11:40:43+00:00","dateModified":"2022-01-22T20:58:39+00:00","inLanguage":"fr-FR","potentialAction":[{"@type":"ReadAction","target":["https:\/\/www.gino-aka.com\/fr\/contact\/"]}]},{"@type":"ImageObject","inLanguage":"fr-FR","@id":"https:\/\/www.gino-aka.com\/fr\/contact\/#primaryimage","url":"https:\/\/www.gino-aka.com\/wp-content\/uploads\/2021\/06\/slider1.jpeg","contentUrl":"https:\/\/www.gino-aka.com\/wp-content\/uploads\/2021\/06\/slider1.jpeg","width":1200,"height":500},{"@type":"WebSite","@id":"https:\/\/www.gino-aka.com\/fr\/#website","url":"https:\/\/www.gino-aka.com\/fr\/","name":"GINO AKA","description":"GINO AKA SAS","potentialAction":[{"@type":"SearchAction","target":{"@type":"EntryPoint","urlTemplate":"https:\/\/www.gino-aka.com\/fr\/?s={search_term_string}"},"query-input":"required name=search_term_string"}],"inLanguage":"fr-FR"}]}},"_links":{"self":[{"href":"https:\/\/www.gino-aka.com\/fr\/wp-json\/wp\/v2\/pages\/906"}],"collection":[{"href":"https:\/\/www.gino-aka.com\/fr\/wp-json\/wp\/v2\/pages"}],"about":[{"href":"https:\/\/www.gino-aka.com\/fr\/wp-json\/wp\/v2\/types\/page"}],"author":[{"embeddable":true,"href":"https:\/\/www.gino-aka.com\/fr\/wp-json\/wp\/v2\/users\/2"}],"replies":[{"embeddable":true,"href":"https:\/\/www.gino-aka.com\/fr\/wp-json\/wp\/v2\/comments?post=906"}],"version-history":[{"count":5,"href":"https:\/\/www.gino-aka.com\/fr\/wp-json\/wp\/v2\/pages\/906\/revisions"}],"predecessor-version":[{"id":2120,"href":"https:\/\/www.gino-aka.com\/fr\/wp-json\/wp\/v2\/pages\/906\/revisions\/2120"}],"wp:featuredmedia":[{"embeddable":true,"href":"https:\/\/www.gino-aka.com\/fr\/wp-json\/wp\/v2\/media\/77"}],"wp:attachment":[{"href":"https:\/\/www.gino-aka.com\/fr\/wp-json\/wp\/v2\/media?parent=906"}],"curies":[{"name":"wp","href":"https:\/\/api.w.org\/{rel}","templated":true}]}}