{"id":651,"date":"2021-07-11T21:59:49","date_gmt":"2021-07-11T21:59:49","guid":{"rendered":"https:\/\/www.gino-aka.com\/liquid-starters-ak-mak-sk\/"},"modified":"2024-01-30T16:45:19","modified_gmt":"2024-01-30T16:45:19","slug":"demarreur-a-resistance-liquide-type-ak-mak-et-sk","status":"publish","type":"page","link":"https:\/\/www.gino-aka.com\/fr\/produits\/regulateurs-de-moteur\/demarreur-a-resistance-liquide-type-ak-mak-et-sk\/","title":{"rendered":"D\u00e9marreur \u00e0 r\u00e9sistance liquide type AK, MAK et SK"},"content":{"rendered":"<div id=\"pl-651\"  class=\"panel-layout\" ><div id=\"pg-651-0\"  class=\"panel-grid panel-no-style\" ><div id=\"pgc-651-0-0\"  class=\"panel-grid-cell\" ><div id=\"panel-651-0-0-0\" class=\"so-panel widget widget_sow-editor panel-first-child\" data-index=\"0\" ><div\n\t\t\t\n\t\t\tclass=\"so-widget-sow-editor so-widget-sow-editor-base\"\n\t\t\t\n\t\t>\n<div class=\"siteorigin-widget-tinymce textwidget\">\n\t<p>GINO-AKA fournit deux solutions de d\u00e9marrage uniques en fonction des exigences sp\u00e9cifiques du client et de l\u2019application. Pour les cimenteries et les applications standards, la s\u00e9rie AK offre des performances sup\u00e9rieures avec un excellent rapport qualit\u00e9-prix. Pour les machines plus grandes, g\u00e9n\u00e9ralement utilis\u00e9es dans les applications mini\u00e8res, comme les broyeurs \u00e0 boulets et les broyeurs SAG, nous proposons la s\u00e9rie MAK avec des fonctionnalit\u00e9s suppl\u00e9mentaires pour atteindre des niveaux de performance sup\u00e9rieurs. Pour compl\u00e9ter sa gamme de d\u00e9marreurs \u00e0 liquide \u00e0 \u00e9lectrodes mobiles, GINO-AKA a r\u00e9cemment d\u00e9velopp\u00e9 les d\u00e9marreurs de la s\u00e9rie SK, sp\u00e9cialement con\u00e7us pour les petits moteurs de 500\u00a0kW \u00e0 2000\u00a0kW.<\/p>\n<\/div>\n<\/div><\/div><div id=\"panel-651-0-0-1\" class=\"so-panel widget widget_sow-slider\" data-index=\"1\" ><div\n\t\t\t\n\t\t\tclass=\"so-widget-sow-slider so-widget-sow-slider-default-6d39609536fd-651\"\n\t\t\t\n\t\t>\t\t\t\t<div class=\"sow-slider-base\" style=\"display: none\" tabindex=\"0\">\n\t\t\t\t\t<ul\n\t\t\t\t\tclass=\"sow-slider-images\"\n\t\t\t\t\tdata-settings=\"{&quot;pagination&quot;:true,&quot;speed&quot;:800,&quot;timeout&quot;:6000,&quot;paused&quot;:false,&quot;pause_on_hover&quot;:false,&quot;swipe&quot;:true,&quot;nav_always_show_desktop&quot;:&quot;&quot;,&quot;nav_always_show_mobile&quot;:&quot;&quot;,&quot;breakpoint&quot;:&quot;780px&quot;,&quot;unmute&quot;:false,&quot;anchor&quot;:null}\"\n\t\t\t\t\t\t\t\t\t\tdata-anchor-id=\"\"\n\t\t\t\t>\t\t<li class=\"sow-slider-image\" style=\"visibility: visible;\" >\n\t\t\t\t\t\t<img loading=\"lazy\" decoding=\"async\" width=\"1459\" height=\"1216\" src=\"https:\/\/www.gino-aka.com\/wp-content\/uploads\/2021\/09\/DSC_0132edit-2021-05-17-18_25_24-scaled-e1630508143664.jpg\" class=\"sow-slider-background-image\" alt=\"\" style=\"\" srcset=\"https:\/\/www.gino-aka.com\/wp-content\/uploads\/2021\/09\/DSC_0132edit-2021-05-17-18_25_24-scaled-e1630508143664.jpg 1459w, https:\/\/www.gino-aka.com\/wp-content\/uploads\/2021\/09\/DSC_0132edit-2021-05-17-18_25_24-scaled-e1630508143664-300x250.jpg 300w, https:\/\/www.gino-aka.com\/wp-content\/uploads\/2021\/09\/DSC_0132edit-2021-05-17-18_25_24-scaled-e1630508143664-1024x853.jpg 1024w, https:\/\/www.gino-aka.com\/wp-content\/uploads\/2021\/09\/DSC_0132edit-2021-05-17-18_25_24-scaled-e1630508143664-768x640.jpg 768w\" sizes=\"(max-width: 1459px) 100vw, 1459px\" \/>\t\t<\/li>\n\t\t<\/ul>\t\t\t\t<ol class=\"sow-slider-pagination\">\n\t\t\t\t\t\t\t\t\t\t\t<li><a href=\"#\" data-goto=\"0\" aria-label=\"afficher la diapositive 1\"><\/a><\/li>\n\t\t\t\t\t\t\t\t\t<\/ol>\n\n\t\t\t\t<div class=\"sow-slide-nav sow-slide-nav-next\">\n\t\t\t\t\t<a href=\"#\" data-goto=\"next\" aria-label=\"diapositive suivante\" data-action=\"next\">\n\t\t\t\t\t\t<em class=\"sow-sld-icon-thin-right\"><\/em>\n\t\t\t\t\t<\/a>\n\t\t\t\t<\/div>\n\n\t\t\t\t<div class=\"sow-slide-nav sow-slide-nav-prev\">\n\t\t\t\t\t<a href=\"#\" data-goto=\"previous\" aria-label=\"diapositive pr\u00e9c\u00e9dente\" data-action=\"prev\">\n\t\t\t\t\t\t<em class=\"sow-sld-icon-thin-left\"><\/em>\n\t\t\t\t\t<\/a>\n\t\t\t\t<\/div>\n\t\t\t\t<\/div><\/div><\/div><div id=\"panel-651-0-0-2\" class=\"so-panel widget widget_sow-editor\" data-index=\"2\" ><div\n\t\t\t\n\t\t\tclass=\"so-widget-sow-editor so-widget-sow-editor-base\"\n\t\t\t\n\t\t><h3 class=\"widget-title\">Avantages de la technologie GINO-AKA LRS<\/h3>\n<div class=\"siteorigin-widget-tinymce textwidget\">\n\t<p>Les d\u00e9marreurs liquides GINO-AKA sont uniques en termes de conception et de performance. Le c\u0153ur du d\u00e9marreur est le syst\u00e8me d\u2019\u00e9lectrodes. GINO-AKA pr\u00e9sente le positionnement triangulaire de l\u2019\u00e9lectrode qui assure une r\u00e9partition sym\u00e9trique de la chaleur dans les trois phases des moteurs \u00e0 bagues. De plus, une longue distance de d\u00e9placement de l\u2019\u00e9lectrode garantit un comportement de d\u00e9marrage le plus fluide avec un rapport de r\u00e9sistance haut\/bas \u00e9lev\u00e9 (rapport de r\u00e9glage). Pour assurer la plus longue dur\u00e9e de vie op\u00e9rationnelle des d\u00e9marreurs, toutes les bagues et entr\u00e9es sont au-dessus du niveau de l\u2019eau afin d\u2019\u00e9liminer le risque de fuites.<\/p>\n<\/div>\n<\/div><\/div><div id=\"panel-651-0-0-3\" class=\"so-panel widget widget_sow-image\" data-index=\"3\" ><div\n\t\t\t\n\t\t\tclass=\"so-widget-sow-image so-widget-sow-image-default-8b5b6f678277-651\"\n\t\t\t\n\t\t>\n\n<div class=\"sow-image-container\">\n\t\t<img loading=\"lazy\" decoding=\"async\" src=\"https:\/\/www.gino-aka.com\/wp-content\/uploads\/2024\/01\/LRS-parts-FR.jpg\" width=\"700\" height=\"403\" srcset=\"https:\/\/www.gino-aka.com\/wp-content\/uploads\/2024\/01\/LRS-parts-FR.jpg 700w, https:\/\/www.gino-aka.com\/wp-content\/uploads\/2024\/01\/LRS-parts-FR-300x173.jpg 300w\" sizes=\"(max-width: 700px) 100vw, 700px\" title=\"LRS parts FR\" alt=\"\" \t\tclass=\"so-widget-image\"\/>\n\t<\/div>\n\n<\/div><\/div><div id=\"panel-651-0-0-4\" class=\"so-panel widget widget_sow-image panel-last-child\" data-index=\"4\" ><div\n\t\t\t\n\t\t\tclass=\"so-widget-sow-image so-widget-sow-image-default-8b5b6f678277-651\"\n\t\t\t\n\t\t>\n\n<div class=\"sow-image-container\">\n\t\t<img loading=\"lazy\" decoding=\"async\" src=\"https:\/\/www.gino-aka.com\/wp-content\/uploads\/2021\/09\/LRSinside_description.png\" width=\"2079\" height=\"1501\" srcset=\"https:\/\/www.gino-aka.com\/wp-content\/uploads\/2021\/09\/LRSinside_description.png 2079w, https:\/\/www.gino-aka.com\/wp-content\/uploads\/2021\/09\/LRSinside_description-300x217.png 300w, https:\/\/www.gino-aka.com\/wp-content\/uploads\/2021\/09\/LRSinside_description-1024x739.png 1024w, https:\/\/www.gino-aka.com\/wp-content\/uploads\/2021\/09\/LRSinside_description-768x554.png 768w, https:\/\/www.gino-aka.com\/wp-content\/uploads\/2021\/09\/LRSinside_description-1536x1109.png 1536w, https:\/\/www.gino-aka.com\/wp-content\/uploads\/2021\/09\/LRSinside_description-2048x1479.png 2048w\" sizes=\"(max-width: 2079px) 100vw, 2079px\" alt=\"\" \t\tclass=\"so-widget-image\"\/>\n\t<\/div>\n\n<\/div><\/div><\/div><\/div><\/div>","protected":false},"excerpt":{"rendered":"<p>GINO-AKA fournit deux solutions de d\u00e9marrage uniques en fonction des exigences sp\u00e9cifiques du client et de l\u2019application. Pour les cimenteries et les applications standards, la s\u00e9rie AK offre des performances sup\u00e9rieures avec un excellent rapport qualit\u00e9-prix. Pour les machines plus grandes, g\u00e9n\u00e9ralement utilis\u00e9es dans les applications mini\u00e8res, comme les broyeurs \u00e0 boulets et les broyeurs [&hellip;]<\/p>\n","protected":false},"author":1,"featured_media":624,"parent":2127,"menu_order":1,"comment_status":"closed","ping_status":"closed","template":"","meta":{"_acf_changed":false,"footnotes":""},"acf":[],"yoast_head":"<!-- This site is optimized with the Yoast SEO plugin v22.2 - https:\/\/yoast.com\/wordpress\/plugins\/seo\/ -->\n<title>D\u00e9marreur \u00e0 r\u00e9sistance liquide type AK, MAK et SK - GINO AKA<\/title>\n<meta name=\"robots\" content=\"index, follow, max-snippet:-1, max-image-preview:large, max-video-preview:-1\" \/>\n<link rel=\"canonical\" href=\"https:\/\/www.gino-aka.com\/fr\/produits\/regulateurs-de-moteur\/demarreur-a-resistance-liquide-type-ak-mak-et-sk\/\" \/>\n<meta property=\"og:locale\" content=\"fr_FR\" \/>\n<meta property=\"og:type\" content=\"article\" \/>\n<meta property=\"og:title\" content=\"D\u00e9marreur \u00e0 r\u00e9sistance liquide type AK, MAK et SK - GINO AKA\" \/>\n<meta property=\"og:description\" content=\"GINO-AKA fournit deux solutions de d\u00e9marrage uniques en fonction des exigences sp\u00e9cifiques du client et de l\u2019application. Pour les cimenteries et les applications standards, la s\u00e9rie AK offre des performances sup\u00e9rieures avec un excellent rapport qualit\u00e9-prix. Pour les machines plus grandes, g\u00e9n\u00e9ralement utilis\u00e9es dans les applications mini\u00e8res, comme les broyeurs \u00e0 boulets et les broyeurs [&hellip;]\" \/>\n<meta property=\"og:url\" content=\"https:\/\/www.gino-aka.com\/fr\/produits\/regulateurs-de-moteur\/demarreur-a-resistance-liquide-type-ak-mak-et-sk\/\" \/>\n<meta property=\"og:site_name\" content=\"GINO AKA\" \/>\n<meta property=\"article:modified_time\" content=\"2024-01-30T16:45:19+00:00\" \/>\n<meta property=\"og:image\" content=\"https:\/\/www.gino-aka.com\/wp-content\/uploads\/2021\/08\/header-3-scaled-e1630401691555.jpg\" \/>\n\t<meta property=\"og:image:width\" content=\"2560\" \/>\n\t<meta property=\"og:image:height\" content=\"1707\" \/>\n\t<meta property=\"og:image:type\" content=\"image\/jpeg\" \/>\n<meta name=\"twitter:card\" content=\"summary_large_image\" \/>\n<meta name=\"twitter:label1\" content=\"Dur\u00e9e de lecture estim\u00e9e\" \/>\n\t<meta name=\"twitter:data1\" content=\"1 minute\" \/>\n<script type=\"application\/ld+json\" class=\"yoast-schema-graph\">{\"@context\":\"https:\/\/schema.org\",\"@graph\":[{\"@type\":\"WebPage\",\"@id\":\"https:\/\/www.gino-aka.com\/fr\/produits\/regulateurs-de-moteur\/demarreur-a-resistance-liquide-type-ak-mak-et-sk\/\",\"url\":\"https:\/\/www.gino-aka.com\/fr\/produits\/regulateurs-de-moteur\/demarreur-a-resistance-liquide-type-ak-mak-et-sk\/\",\"name\":\"D\u00e9marreur \u00e0 r\u00e9sistance liquide type AK, MAK et SK - GINO AKA\",\"isPartOf\":{\"@id\":\"https:\/\/www.gino-aka.com\/fr\/#website\"},\"primaryImageOfPage\":{\"@id\":\"https:\/\/www.gino-aka.com\/fr\/produits\/regulateurs-de-moteur\/demarreur-a-resistance-liquide-type-ak-mak-et-sk\/#primaryimage\"},\"image\":{\"@id\":\"https:\/\/www.gino-aka.com\/fr\/produits\/regulateurs-de-moteur\/demarreur-a-resistance-liquide-type-ak-mak-et-sk\/#primaryimage\"},\"thumbnailUrl\":\"https:\/\/www.gino-aka.com\/wp-content\/uploads\/2021\/08\/header-3-scaled-e1630401691555.jpg\",\"datePublished\":\"2021-07-11T21:59:49+00:00\",\"dateModified\":\"2024-01-30T16:45:19+00:00\",\"breadcrumb\":{\"@id\":\"https:\/\/www.gino-aka.com\/fr\/produits\/regulateurs-de-moteur\/demarreur-a-resistance-liquide-type-ak-mak-et-sk\/#breadcrumb\"},\"inLanguage\":\"fr-FR\",\"potentialAction\":[{\"@type\":\"ReadAction\",\"target\":[\"https:\/\/www.gino-aka.com\/fr\/produits\/regulateurs-de-moteur\/demarreur-a-resistance-liquide-type-ak-mak-et-sk\/\"]}]},{\"@type\":\"ImageObject\",\"inLanguage\":\"fr-FR\",\"@id\":\"https:\/\/www.gino-aka.com\/fr\/produits\/regulateurs-de-moteur\/demarreur-a-resistance-liquide-type-ak-mak-et-sk\/#primaryimage\",\"url\":\"https:\/\/www.gino-aka.com\/wp-content\/uploads\/2021\/08\/header-3-scaled-e1630401691555.jpg\",\"contentUrl\":\"https:\/\/www.gino-aka.com\/wp-content\/uploads\/2021\/08\/header-3-scaled-e1630401691555.jpg\",\"width\":2560,\"height\":1707},{\"@type\":\"BreadcrumbList\",\"@id\":\"https:\/\/www.gino-aka.com\/fr\/produits\/regulateurs-de-moteur\/demarreur-a-resistance-liquide-type-ak-mak-et-sk\/#breadcrumb\",\"itemListElement\":[{\"@type\":\"ListItem\",\"position\":1,\"name\":\"Produits\",\"item\":\"https:\/\/www.gino-aka.com\/fr\/produits\/\"},{\"@type\":\"ListItem\",\"position\":2,\"name\":\"R\u00e9gulateurs de moteur\",\"item\":\"https:\/\/www.gino-aka.com\/fr\/produits\/regulateurs-de-moteur\/\"},{\"@type\":\"ListItem\",\"position\":3,\"name\":\"D\u00e9marreur \u00e0 r\u00e9sistance liquide type AK, MAK et SK\"}]},{\"@type\":\"WebSite\",\"@id\":\"https:\/\/www.gino-aka.com\/fr\/#website\",\"url\":\"https:\/\/www.gino-aka.com\/fr\/\",\"name\":\"GINO AKA\",\"description\":\"GINO AKA SAS\",\"potentialAction\":[{\"@type\":\"SearchAction\",\"target\":{\"@type\":\"EntryPoint\",\"urlTemplate\":\"https:\/\/www.gino-aka.com\/fr\/?s={search_term_string}\"},\"query-input\":\"required name=search_term_string\"}],\"inLanguage\":\"fr-FR\"}]}<\/script>\n<!-- \/ Yoast SEO plugin. -->","yoast_head_json":{"title":"D\u00e9marreur \u00e0 r\u00e9sistance liquide type AK, MAK et SK - GINO AKA","robots":{"index":"index","follow":"follow","max-snippet":"max-snippet:-1","max-image-preview":"max-image-preview:large","max-video-preview":"max-video-preview:-1"},"canonical":"https:\/\/www.gino-aka.com\/fr\/produits\/regulateurs-de-moteur\/demarreur-a-resistance-liquide-type-ak-mak-et-sk\/","og_locale":"fr_FR","og_type":"article","og_title":"D\u00e9marreur \u00e0 r\u00e9sistance liquide type AK, MAK et SK - GINO AKA","og_description":"GINO-AKA fournit deux solutions de d\u00e9marrage uniques en fonction des exigences sp\u00e9cifiques du client et de l\u2019application. Pour les cimenteries et les applications standards, la s\u00e9rie AK offre des performances sup\u00e9rieures avec un excellent rapport qualit\u00e9-prix. Pour les machines plus grandes, g\u00e9n\u00e9ralement utilis\u00e9es dans les applications mini\u00e8res, comme les broyeurs \u00e0 boulets et les broyeurs [&hellip;]","og_url":"https:\/\/www.gino-aka.com\/fr\/produits\/regulateurs-de-moteur\/demarreur-a-resistance-liquide-type-ak-mak-et-sk\/","og_site_name":"GINO AKA","article_modified_time":"2024-01-30T16:45:19+00:00","og_image":[{"width":2560,"height":1707,"url":"https:\/\/www.gino-aka.com\/wp-content\/uploads\/2021\/08\/header-3-scaled-e1630401691555.jpg","type":"image\/jpeg"}],"twitter_card":"summary_large_image","twitter_misc":{"Dur\u00e9e de lecture estim\u00e9e":"1 minute"},"schema":{"@context":"https:\/\/schema.org","@graph":[{"@type":"WebPage","@id":"https:\/\/www.gino-aka.com\/fr\/produits\/regulateurs-de-moteur\/demarreur-a-resistance-liquide-type-ak-mak-et-sk\/","url":"https:\/\/www.gino-aka.com\/fr\/produits\/regulateurs-de-moteur\/demarreur-a-resistance-liquide-type-ak-mak-et-sk\/","name":"D\u00e9marreur \u00e0 r\u00e9sistance liquide type AK, MAK et SK - GINO AKA","isPartOf":{"@id":"https:\/\/www.gino-aka.com\/fr\/#website"},"primaryImageOfPage":{"@id":"https:\/\/www.gino-aka.com\/fr\/produits\/regulateurs-de-moteur\/demarreur-a-resistance-liquide-type-ak-mak-et-sk\/#primaryimage"},"image":{"@id":"https:\/\/www.gino-aka.com\/fr\/produits\/regulateurs-de-moteur\/demarreur-a-resistance-liquide-type-ak-mak-et-sk\/#primaryimage"},"thumbnailUrl":"https:\/\/www.gino-aka.com\/wp-content\/uploads\/2021\/08\/header-3-scaled-e1630401691555.jpg","datePublished":"2021-07-11T21:59:49+00:00","dateModified":"2024-01-30T16:45:19+00:00","breadcrumb":{"@id":"https:\/\/www.gino-aka.com\/fr\/produits\/regulateurs-de-moteur\/demarreur-a-resistance-liquide-type-ak-mak-et-sk\/#breadcrumb"},"inLanguage":"fr-FR","potentialAction":[{"@type":"ReadAction","target":["https:\/\/www.gino-aka.com\/fr\/produits\/regulateurs-de-moteur\/demarreur-a-resistance-liquide-type-ak-mak-et-sk\/"]}]},{"@type":"ImageObject","inLanguage":"fr-FR","@id":"https:\/\/www.gino-aka.com\/fr\/produits\/regulateurs-de-moteur\/demarreur-a-resistance-liquide-type-ak-mak-et-sk\/#primaryimage","url":"https:\/\/www.gino-aka.com\/wp-content\/uploads\/2021\/08\/header-3-scaled-e1630401691555.jpg","contentUrl":"https:\/\/www.gino-aka.com\/wp-content\/uploads\/2021\/08\/header-3-scaled-e1630401691555.jpg","width":2560,"height":1707},{"@type":"BreadcrumbList","@id":"https:\/\/www.gino-aka.com\/fr\/produits\/regulateurs-de-moteur\/demarreur-a-resistance-liquide-type-ak-mak-et-sk\/#breadcrumb","itemListElement":[{"@type":"ListItem","position":1,"name":"Produits","item":"https:\/\/www.gino-aka.com\/fr\/produits\/"},{"@type":"ListItem","position":2,"name":"R\u00e9gulateurs de moteur","item":"https:\/\/www.gino-aka.com\/fr\/produits\/regulateurs-de-moteur\/"},{"@type":"ListItem","position":3,"name":"D\u00e9marreur \u00e0 r\u00e9sistance liquide type AK, MAK et SK"}]},{"@type":"WebSite","@id":"https:\/\/www.gino-aka.com\/fr\/#website","url":"https:\/\/www.gino-aka.com\/fr\/","name":"GINO AKA","description":"GINO AKA SAS","potentialAction":[{"@type":"SearchAction","target":{"@type":"EntryPoint","urlTemplate":"https:\/\/www.gino-aka.com\/fr\/?s={search_term_string}"},"query-input":"required name=search_term_string"}],"inLanguage":"fr-FR"}]}},"_links":{"self":[{"href":"https:\/\/www.gino-aka.com\/fr\/wp-json\/wp\/v2\/pages\/651"}],"collection":[{"href":"https:\/\/www.gino-aka.com\/fr\/wp-json\/wp\/v2\/pages"}],"about":[{"href":"https:\/\/www.gino-aka.com\/fr\/wp-json\/wp\/v2\/types\/page"}],"author":[{"embeddable":true,"href":"https:\/\/www.gino-aka.com\/fr\/wp-json\/wp\/v2\/users\/1"}],"replies":[{"embeddable":true,"href":"https:\/\/www.gino-aka.com\/fr\/wp-json\/wp\/v2\/comments?post=651"}],"version-history":[{"count":59,"href":"https:\/\/www.gino-aka.com\/fr\/wp-json\/wp\/v2\/pages\/651\/revisions"}],"predecessor-version":[{"id":2483,"href":"https:\/\/www.gino-aka.com\/fr\/wp-json\/wp\/v2\/pages\/651\/revisions\/2483"}],"up":[{"embeddable":true,"href":"https:\/\/www.gino-aka.com\/fr\/wp-json\/wp\/v2\/pages\/2127"}],"wp:featuredmedia":[{"embeddable":true,"href":"https:\/\/www.gino-aka.com\/fr\/wp-json\/wp\/v2\/media\/624"}],"wp:attachment":[{"href":"https:\/\/www.gino-aka.com\/fr\/wp-json\/wp\/v2\/media?parent=651"}],"curies":[{"name":"wp","href":"https:\/\/api.w.org\/{rel}","templated":true}]}}