{"id":2204,"date":"2022-01-23T00:53:45","date_gmt":"2022-01-23T00:53:45","guid":{"rendered":"https:\/\/www.gino-aka.com\/?page_id=2204"},"modified":"2022-09-27T12:09:43","modified_gmt":"2022-09-27T12:09:43","slug":"impression","status":"publish","type":"page","link":"https:\/\/www.gino-aka.com\/fr\/impression\/","title":{"rendered":"Impression"},"content":{"rendered":"<div id=\"pl-2204\"  class=\"panel-layout\" ><div id=\"pg-2204-0\"  class=\"panel-grid panel-no-style\" ><div id=\"pgc-2204-0-0\"  class=\"panel-grid-cell\" ><div id=\"panel-2204-0-0-0\" class=\"so-panel widget widget_sow-editor panel-first-child panel-last-child\" data-index=\"0\" ><div\n\t\t\t\n\t\t\tclass=\"so-widget-sow-editor so-widget-sow-editor-base\"\n\t\t\t\n\t\t>\n<div class=\"siteorigin-widget-tinymce textwidget\">\n\t<p><strong>Head office<\/strong><br \/>\nGINO-AKA SAS<br \/>\nZAC du Bois Chaland<br \/>\nRue des Pyr\u00e9n\u00e9es<br \/>\nFR-91090 Lisses<br \/>\nTel. \u00a0+33 (0) 1 60 76 15 55<br \/>\nFax. +33 (0) 1 64 97 24 87<br \/>\nE-Mail: info[at]gino-aka.com<\/p>\n<p>&nbsp;<\/p>\n<p><strong>Soci\u00e9t\u00e9 m\u00e8re<\/strong><\/p>\n<p>GINO AG<br \/>\nElektrotechnische Fabrik<br \/>\nFriedrich-W\u00f6hler-Str. 65<br \/>\nD 53117 Bonn<br \/>\nTel. +49 (0) 228 98 98 6 - 0<br \/>\nFax. +49 (0) 228 98 98 6 - 34<br \/>\nE-Mail: <a>info[at]gino.de<\/a><\/p>\n<p><strong>Directeur g\u00e9n\u00e9ral<\/strong><br \/>\nKevin Phillips<\/p>\n<p><strong>Domicile l\u00e9gal de la soci\u00e9t\u00e9<\/strong><br \/>\nSiret. 884 516 82400015 - R.C.S Evry<\/p>\n<p><strong>Responsable du contenu \u00e9ditorial conform\u00e9ment au \u00a7 6 Section 1 MDStV<\/strong><br \/>\nKevin Phillips<br \/>\nGINO-AKA SAS<br \/>\nZAC du Bois Chaland<br \/>\nRue des Pyr\u00e9n\u00e9es<br \/>\nFR-91090 Lisses<\/p>\n<p><strong>Num\u00e9ro d\u2019identification de la taxe de vente<\/strong><br \/>\nFR54884516824<\/p>\n<p><strong>D\u00e9l\u00e9gu\u00e9 \u00e0 la protection des donn\u00e9es<\/strong><br \/>\nAutorit\u00e9 de contr\u00f4le NRW<\/p>\n<p>&nbsp;<\/p>\n<h1>Mentions L\u00e9gales<\/h1>\n<h2>Limitation de responsabilit\u00e9<\/h2>\n<p>Le contenu de ce site Web est cr\u00e9\u00e9 avec le plus grand soin. Cependant, GINO-AKA SAS d\u00e9cline toute responsabilit\u00e9 quant \u00e0 l\u2019actualit\u00e9, l\u2019exactitude et l\u2019exhaustivit\u00e9 du contenu. L\u2019utilisation du contenu du site Web se fait aux risques et p\u00e9rils de l\u2019utilisateur. Les contributions nomm\u00e9es refl\u00e8tent l\u2019opinion de l\u2019auteur et pas n\u00e9cessairement l\u2019opinion de GINO AG.<\/p>\n<h2>Liens externes<\/h2>\n<p>Ce site Web contient des liens vers d\u2019autres sites Web (\u00ab liens externes \u00bb). Ces sites Web rel\u00e8vent de la responsabilit\u00e9 des op\u00e9rateurs respectifs. Le GINO-AKA SAS a \u00e9t\u00e9 fait la premi\u00e8re connexion de liens externes d\u00e9tecter toute violation de la loi et n\u2019a aucune influence sur le contenu ainsi que la conception actuelle et future des pages li\u00e9es. Un contr\u00f4le permanent des liens externes est pour le fournisseur sans preuve concr\u00e8te de violations. En connaissance de violations des droits, ces liens externes seront imm\u00e9diatement supprim\u00e9s.<\/p>\n<h2>Droit d\u2019auteur et droits voisins<\/h2>\n<p>Les informations publi\u00e9es sur ce site Sont soumises au droit d\u2019auteur allemand et aux droits accessoires. L\u2019utilisation, la duplication, la diffusion et l\u2019int\u00e9gration d\u2019informations ou de donn\u00e9es, en particulier de textes, de parties de texte, d\u2019images et de mat\u00e9riel vid\u00e9o, n\u00e9cessitent l\u2019accord pr\u00e9alable de GINO-AKA SAS. Les contenus et les droits de tiers sont marqu\u00e9s comme tels.<\/p>\n<h2>Utilisation des donn\u00e9es<\/h2>\n<p>L\u2019utilisation du contact publi\u00e9 et sur l\u2019ensemble du site pour envoyer des publicit\u00e9s et des documents d\u2019information non sollicit\u00e9s ainsi que pour toute utilisation commerciale et divulgation des donn\u00e9es est strictement interdite.<\/p>\n<p>&nbsp;<\/p>\n<h1>Politique de Confidentialit\u00e9<\/h1>\n<h2>Donn\u00e9es personnelles<\/h2>\n<p>L\u2019utilisation de ce site Web est possible sans fournir d\u2019informations personnelles. Lorsqu\u2019elles existent, des informations personnellement identifiables (telles que le nom, l\u2019adresse ou l\u2019adresse e-mail), c\u2019est dans la mesure du possible, sur une base volontaire. Ces donn\u00e9es ne seront pas sans le consentement expr\u00e8s de tiers. Nous soulignons que la transmission de donn\u00e9es sur Internet (par exemple, la communication par courrier \u00e9lectronique) pr\u00e9sente des failles de s\u00e9curit\u00e9 et ne peut pas \u00eatre compl\u00e8tement prot\u00e9g\u00e9e contre l\u2019acc\u00e8s par des tiers. Si une relation contractuelle entre l\u2019utilisateur et le contenu cible de GINO-AKA SAS est justifi\u00e9e, ou si une modification ou une demande est faite, des donn\u00e9es personnelles sont collect\u00e9es et utilis\u00e9es, dans la mesure n\u00e9cessaire \u00e0 ces fins (donn\u00e9es d\u2019inventaire). Les donn\u00e9es personnelles sont collect\u00e9es, trait\u00e9es et utilis\u00e9es, si n\u00e9cessaire, pour permettre la mobilisation de l\u2019offre web (donn\u00e9es d\u2019utilisation). Toutes les donn\u00e9es personnelles ne sont conserv\u00e9es que le temps n\u00e9cessaire \u00e0 l\u2019objectif d\u00e9clar\u00e9 (traitement d\u2019une demande ou ex\u00e9cution d\u2019un contrat) est requis. Ici, les d\u00e9lais de conservation du droit fiscal et commercial sont pris en compte. Sur ordre des autorit\u00e9s comp\u00e9tentes dans des cas individuels, des informations sur ces donn\u00e9es (donn\u00e9es d\u2019inventaire) peuvent \u00eatre accord\u00e9es dans la mesure n\u00e9cessaire \u00e0 des fins d\u2019application de la loi, de s\u00e9curit\u00e9, pour remplir les obligations l\u00e9gales des autorit\u00e9s de protection constitutionnelle ou pour faire respecter les droits de propri\u00e9t\u00e9 intellectuelle.<\/p>\n<h2>Google Analytics \/ Cookies<\/h2>\n<p>Ce site Web utilise Google Analytics, un service d\u2019analyse Web fourni par Google, Inc. (\u00ab Google \u00bb). Google Analytics utilise des \u00ab\u00a0cookies\u00a0\u00bb, qui sont des fichiers texte plac\u00e9s sur votre ordinateur, pour aider le site Web \u00e0 analyser la fa\u00e7on dont les utilisateurs utilisent le site. Les informations g\u00e9n\u00e9r\u00e9es par le cookie concernant votre utilisation du site Web seront transmises et stock\u00e9es par Google sur des serveurs situ\u00e9s aux \u00c9tats-States.In cas o\u00f9 l\u2019anonymisation IP est activ\u00e9e sur ce site Web, votre adresse IP sera tronqu\u00e9e dans la zone des \u00c9tats membres de l\u2019Union europ\u00e9enne ou d\u2019autres parties \u00e0 l\u2019accord sur l\u2019Espace \u00e9conomique europ\u00e9en. Ce n\u2019est que dans des cas exceptionnels que l\u2019adresse IP enti\u00e8re sera d\u2019abord transf\u00e9r\u00e9e \u00e0 un serveur de Google aux \u00c9tats-Unis et y sera tronqu\u00e9e. L\u2019anonymisation IP est active sur ce site Web. Google utilisera ces informations pour le compte de l\u2019exploitant de ce site Web dans le but d\u2019\u00e9valuer votre utilisation du site Web, de compiler des rapports sur l\u2019activit\u00e9 du site Web pour les op\u00e9rateurs du site Web et de leur fournir d\u2019autres services li\u00e9s \u00e0 l\u2019activit\u00e9 du site Web et \u00e0 l\u2019utilisation d\u2019Internet. L\u2019adresse IP, que votre navigateur transmet dans le cadre de Google Analytics, ne sera associ\u00e9e \u00e0 aucune autre donn\u00e9e d\u00e9tenue par Google. Vous pouvez refuser l\u2019utilisation de cookies en s\u00e9lectionnant les param\u00e8tres appropri\u00e9s de votre navigateur, mais veuillez noter que si vous le faites, vous ne pourrez peut-\u00eatre pas utiliser toutes les fonctionnalit\u00e9s de ce site Web. Vous pouvez \u00e9galement refuser d\u2019\u00eatre suivi par Google Analytics avec effet pour l\u2019avenir en t\u00e9l\u00e9chargeant et en installant Google Analytics Opt-out Browser Addon pour votre navigateur Web actuel: <a href=\"http:\/\/tools.google.com\/dlpage\/gaoptout?hl=en\">tools.google.com\/dlpage\/gaoptout?hl=en<\/a>.<\/p>\n<p>&nbsp;<\/p>\n<h2>Cr\u00e9dits photos :<\/h2>\n<p>Shutterstock<\/p>\n<p>&nbsp;<\/p>\n<h2>R\u00e9alisation :<\/h2>\n<p><a href=\"http:\/\/www.ich.tv\/\" target=\"_blank\" rel=\"noopener\">ich.tv<\/a><\/p>\n<\/div>\n<\/div><\/div><\/div><\/div><\/div>","protected":false},"excerpt":{"rendered":"<p>Head office GINO-AKA SAS ZAC du Bois Chaland Rue des Pyr\u00e9n\u00e9es FR-91090 Lisses Tel. \u00a0+33 (0) 1 60 76 15 55 Fax. +33 (0) 1 64 97 24 87 E-Mail: info[at]gino-aka.com &nbsp; Soci\u00e9t\u00e9 m\u00e8re GINO AG Elektrotechnische Fabrik Friedrich-W\u00f6hler-Str. 65 D 53117 Bonn Tel. +49 (0) 228 98 98 6 &#8211; 0 Fax. +49 (0) [&hellip;]<\/p>\n","protected":false},"author":1,"featured_media":938,"parent":0,"menu_order":0,"comment_status":"closed","ping_status":"closed","template":"","meta":{"_acf_changed":false,"footnotes":""},"acf":[],"yoast_head":"<!-- This site is optimized with the Yoast SEO plugin v22.2 - https:\/\/yoast.com\/wordpress\/plugins\/seo\/ -->\n<title>Impression - GINO AKA<\/title>\n<meta name=\"robots\" content=\"index, follow, max-snippet:-1, max-image-preview:large, max-video-preview:-1\" \/>\n<link rel=\"canonical\" href=\"https:\/\/www.gino-aka.com\/fr\/impression\/\" \/>\n<meta property=\"og:locale\" content=\"fr_FR\" \/>\n<meta property=\"og:type\" content=\"article\" \/>\n<meta property=\"og:title\" content=\"Impression - GINO AKA\" \/>\n<meta property=\"og:description\" content=\"Head office GINO-AKA SAS ZAC du Bois Chaland Rue des Pyr\u00e9n\u00e9es FR-91090 Lisses Tel. \u00a0+33 (0) 1 60 76 15 55 Fax. +33 (0) 1 64 97 24 87 E-Mail: info[at]gino-aka.com &nbsp; Soci\u00e9t\u00e9 m\u00e8re GINO AG Elektrotechnische Fabrik Friedrich-W\u00f6hler-Str. 65 D 53117 Bonn Tel. +49 (0) 228 98 98 6 - 0 Fax. +49 (0) [&hellip;]\" \/>\n<meta property=\"og:url\" content=\"https:\/\/www.gino-aka.com\/fr\/impression\/\" \/>\n<meta property=\"og:site_name\" content=\"GINO AKA\" \/>\n<meta property=\"article:modified_time\" content=\"2022-09-27T12:09:43+00:00\" \/>\n<meta property=\"og:image\" content=\"https:\/\/www.gino-aka.com\/wp-content\/uploads\/2021\/10\/IMG_7814-scaled-e1633530359335.jpg\" \/>\n\t<meta property=\"og:image:width\" content=\"2560\" \/>\n\t<meta property=\"og:image:height\" content=\"1920\" \/>\n\t<meta property=\"og:image:type\" content=\"image\/jpeg\" \/>\n<meta name=\"twitter:card\" content=\"summary_large_image\" \/>\n<meta name=\"twitter:label1\" content=\"Dur\u00e9e de lecture estim\u00e9e\" \/>\n\t<meta name=\"twitter:data1\" content=\"4 minutes\" \/>\n<script type=\"application\/ld+json\" class=\"yoast-schema-graph\">{\"@context\":\"https:\/\/schema.org\",\"@graph\":[{\"@type\":\"WebPage\",\"@id\":\"https:\/\/www.gino-aka.com\/fr\/impression\/\",\"url\":\"https:\/\/www.gino-aka.com\/fr\/impression\/\",\"name\":\"Impression - GINO AKA\",\"isPartOf\":{\"@id\":\"https:\/\/www.gino-aka.com\/fr\/#website\"},\"primaryImageOfPage\":{\"@id\":\"https:\/\/www.gino-aka.com\/fr\/impression\/#primaryimage\"},\"image\":{\"@id\":\"https:\/\/www.gino-aka.com\/fr\/impression\/#primaryimage\"},\"thumbnailUrl\":\"https:\/\/www.gino-aka.com\/wp-content\/uploads\/2021\/10\/IMG_7814-scaled-e1633530359335.jpg\",\"datePublished\":\"2022-01-23T00:53:45+00:00\",\"dateModified\":\"2022-09-27T12:09:43+00:00\",\"inLanguage\":\"fr-FR\",\"potentialAction\":[{\"@type\":\"ReadAction\",\"target\":[\"https:\/\/www.gino-aka.com\/fr\/impression\/\"]}]},{\"@type\":\"ImageObject\",\"inLanguage\":\"fr-FR\",\"@id\":\"https:\/\/www.gino-aka.com\/fr\/impression\/#primaryimage\",\"url\":\"https:\/\/www.gino-aka.com\/wp-content\/uploads\/2021\/10\/IMG_7814-scaled-e1633530359335.jpg\",\"contentUrl\":\"https:\/\/www.gino-aka.com\/wp-content\/uploads\/2021\/10\/IMG_7814-scaled-e1633530359335.jpg\",\"width\":2560,\"height\":1920},{\"@type\":\"WebSite\",\"@id\":\"https:\/\/www.gino-aka.com\/fr\/#website\",\"url\":\"https:\/\/www.gino-aka.com\/fr\/\",\"name\":\"GINO AKA\",\"description\":\"GINO AKA SAS\",\"potentialAction\":[{\"@type\":\"SearchAction\",\"target\":{\"@type\":\"EntryPoint\",\"urlTemplate\":\"https:\/\/www.gino-aka.com\/fr\/?s={search_term_string}\"},\"query-input\":\"required name=search_term_string\"}],\"inLanguage\":\"fr-FR\"}]}<\/script>\n<!-- \/ Yoast SEO plugin. -->","yoast_head_json":{"title":"Impression - GINO AKA","robots":{"index":"index","follow":"follow","max-snippet":"max-snippet:-1","max-image-preview":"max-image-preview:large","max-video-preview":"max-video-preview:-1"},"canonical":"https:\/\/www.gino-aka.com\/fr\/impression\/","og_locale":"fr_FR","og_type":"article","og_title":"Impression - GINO AKA","og_description":"Head office GINO-AKA SAS ZAC du Bois Chaland Rue des Pyr\u00e9n\u00e9es FR-91090 Lisses Tel. \u00a0+33 (0) 1 60 76 15 55 Fax. +33 (0) 1 64 97 24 87 E-Mail: info[at]gino-aka.com &nbsp; Soci\u00e9t\u00e9 m\u00e8re GINO AG Elektrotechnische Fabrik Friedrich-W\u00f6hler-Str. 65 D 53117 Bonn Tel. +49 (0) 228 98 98 6 - 0 Fax. +49 (0) [&hellip;]","og_url":"https:\/\/www.gino-aka.com\/fr\/impression\/","og_site_name":"GINO AKA","article_modified_time":"2022-09-27T12:09:43+00:00","og_image":[{"width":2560,"height":1920,"url":"https:\/\/www.gino-aka.com\/wp-content\/uploads\/2021\/10\/IMG_7814-scaled-e1633530359335.jpg","type":"image\/jpeg"}],"twitter_card":"summary_large_image","twitter_misc":{"Dur\u00e9e de lecture estim\u00e9e":"4 minutes"},"schema":{"@context":"https:\/\/schema.org","@graph":[{"@type":"WebPage","@id":"https:\/\/www.gino-aka.com\/fr\/impression\/","url":"https:\/\/www.gino-aka.com\/fr\/impression\/","name":"Impression - GINO AKA","isPartOf":{"@id":"https:\/\/www.gino-aka.com\/fr\/#website"},"primaryImageOfPage":{"@id":"https:\/\/www.gino-aka.com\/fr\/impression\/#primaryimage"},"image":{"@id":"https:\/\/www.gino-aka.com\/fr\/impression\/#primaryimage"},"thumbnailUrl":"https:\/\/www.gino-aka.com\/wp-content\/uploads\/2021\/10\/IMG_7814-scaled-e1633530359335.jpg","datePublished":"2022-01-23T00:53:45+00:00","dateModified":"2022-09-27T12:09:43+00:00","inLanguage":"fr-FR","potentialAction":[{"@type":"ReadAction","target":["https:\/\/www.gino-aka.com\/fr\/impression\/"]}]},{"@type":"ImageObject","inLanguage":"fr-FR","@id":"https:\/\/www.gino-aka.com\/fr\/impression\/#primaryimage","url":"https:\/\/www.gino-aka.com\/wp-content\/uploads\/2021\/10\/IMG_7814-scaled-e1633530359335.jpg","contentUrl":"https:\/\/www.gino-aka.com\/wp-content\/uploads\/2021\/10\/IMG_7814-scaled-e1633530359335.jpg","width":2560,"height":1920},{"@type":"WebSite","@id":"https:\/\/www.gino-aka.com\/fr\/#website","url":"https:\/\/www.gino-aka.com\/fr\/","name":"GINO AKA","description":"GINO AKA SAS","potentialAction":[{"@type":"SearchAction","target":{"@type":"EntryPoint","urlTemplate":"https:\/\/www.gino-aka.com\/fr\/?s={search_term_string}"},"query-input":"required name=search_term_string"}],"inLanguage":"fr-FR"}]}},"_links":{"self":[{"href":"https:\/\/www.gino-aka.com\/fr\/wp-json\/wp\/v2\/pages\/2204"}],"collection":[{"href":"https:\/\/www.gino-aka.com\/fr\/wp-json\/wp\/v2\/pages"}],"about":[{"href":"https:\/\/www.gino-aka.com\/fr\/wp-json\/wp\/v2\/types\/page"}],"author":[{"embeddable":true,"href":"https:\/\/www.gino-aka.com\/fr\/wp-json\/wp\/v2\/users\/1"}],"replies":[{"embeddable":true,"href":"https:\/\/www.gino-aka.com\/fr\/wp-json\/wp\/v2\/comments?post=2204"}],"version-history":[{"count":5,"href":"https:\/\/www.gino-aka.com\/fr\/wp-json\/wp\/v2\/pages\/2204\/revisions"}],"predecessor-version":[{"id":2305,"href":"https:\/\/www.gino-aka.com\/fr\/wp-json\/wp\/v2\/pages\/2204\/revisions\/2305"}],"wp:featuredmedia":[{"embeddable":true,"href":"https:\/\/www.gino-aka.com\/fr\/wp-json\/wp\/v2\/media\/938"}],"wp:attachment":[{"href":"https:\/\/www.gino-aka.com\/fr\/wp-json\/wp\/v2\/media?parent=2204"}],"curies":[{"name":"wp","href":"https:\/\/api.w.org\/{rel}","templated":true}]}}