{"id":2155,"date":"2022-01-23T00:45:58","date_gmt":"2022-01-23T00:45:58","guid":{"rendered":"https:\/\/www.gino-aka.com\/?page_id=2155"},"modified":"2022-01-23T19:19:05","modified_gmt":"2022-01-23T19:19:05","slug":"gradateur-multizone-akabox","status":"publish","type":"page","link":"https:\/\/www.gino-aka.com\/fr\/produits\/regulateurs-de-puissance\/gradateur-multizone-akabox\/","title":{"rendered":"Gradateur multizone AKABOX"},"content":{"rendered":"<div id=\"pl-2155\"  class=\"panel-layout\" ><div id=\"pg-2155-0\"  class=\"panel-grid panel-no-style\" ><div id=\"pgc-2155-0-0\"  class=\"panel-grid-cell\" ><div id=\"panel-2155-0-0-0\" class=\"so-panel widget widget_sow-editor panel-first-child panel-last-child\" data-index=\"0\" ><div\n\t\t\t\n\t\t\tclass=\"so-widget-sow-editor so-widget-sow-editor-base\"\n\t\t\t\n\t\t>\n<div class=\"siteorigin-widget-tinymce textwidget\">\n\t<div class=\"siteorigin-widget-tinymce textwidget\">\n<div class=\"siteorigin-widget-tinymce textwidget\">\n<p>La PowerBox est un dispositif de contr\u00f4le de puissance d\u00e9di\u00e9 au chauffage de plusieurs zones. Il g\u00e8re jusqu\u2019\u00e0<br \/>\n24 voies \u201cpassage \u00e0 z\u00e9ro\u201d monophas\u00e9 ou triphas\u00e9 de 60 \u00e0 690V \u2013 5 \u00e0 120A.<\/p>\n<p><img loading=\"lazy\" decoding=\"async\" class=\"size-medium wp-image-1451 img-responsive aligncenter\" src=\"https:\/\/www.gino-aka.com\/wp-content\/uploads\/2021\/11\/AKABOX-163x300.jpg\" alt=\"\" width=\"163\" height=\"300\" srcset=\"https:\/\/www.gino-aka.com\/wp-content\/uploads\/2021\/11\/AKABOX-163x300.jpg 163w, https:\/\/www.gino-aka.com\/wp-content\/uploads\/2021\/11\/AKABOX.jpg 401w\" sizes=\"(max-width: 163px) 100vw, 163px\" \/><\/p>\n<p class=\"p1\">L\u2019AKABOX utilise la carte de contr\u00f4le avanc\u00e9e de l\u2019AKGrad32, qui a fait ses preuves, et la combine \u00e0 l\u2019unit\u00e9 compacte de puissance contenant 24 relais statiques int\u00e9gr\u00e9s. L\u2019AKABOX peut \u00eatre int\u00e9gr\u00e9 dans n\u2019importe quel syst\u00e8me de contr\u00f4le de l\u2019usine par ModbusTCP\/Modbus RTU\/Profibus ou Profinet<\/p>\n<p class=\"p1\">Avantages de l\u2019utilisation des r\u00e9gulateurs AKABOX pour votre projet de chauffage :<\/p>\n<ul>\n<li class=\"p1\">\u00c9limination des harmoniques<\/li>\n<li class=\"p1\">Pr\u00e9vention des pics de puissance<\/li>\n<li class=\"p1\">Pas de scintillement du r\u00e9seau \u00e9lectrique<\/li>\n<li class=\"p1\">Optimisation de la part de puissance r\u00e9elle<\/li>\n<li class=\"p1\">Reconnaissance automatique de la charge<\/li>\n<li class=\"p1\">Limitation intelligente de la puissance<\/li>\n<\/ul>\n<\/div>\n<\/div>\n<\/div>\n<\/div><\/div><\/div><\/div><\/div>","protected":false},"excerpt":{"rendered":"<p>La PowerBox est un dispositif de contr\u00f4le de puissance d\u00e9di\u00e9 au chauffage de plusieurs zones. Il g\u00e8re jusqu\u2019\u00e0 24 voies \u201cpassage \u00e0 z\u00e9ro\u201d monophas\u00e9 ou triphas\u00e9 de 60 \u00e0 690V \u2013 5 \u00e0 120A. L\u2019AKABOX utilise la carte de contr\u00f4le avanc\u00e9e de l\u2019AKGrad32, qui a fait ses preuves, et la combine \u00e0 l\u2019unit\u00e9 compacte de [&hellip;]<\/p>\n","protected":false},"author":1,"featured_media":935,"parent":2147,"menu_order":3,"comment_status":"closed","ping_status":"closed","template":"","meta":{"_acf_changed":false,"footnotes":""},"acf":[],"yoast_head":"<!-- This site is optimized with the Yoast SEO plugin v22.2 - https:\/\/yoast.com\/wordpress\/plugins\/seo\/ -->\n<title>Gradateur multizone AKABOX - GINO AKA<\/title>\n<meta name=\"robots\" content=\"index, follow, max-snippet:-1, max-image-preview:large, max-video-preview:-1\" \/>\n<link rel=\"canonical\" href=\"https:\/\/www.gino-aka.com\/fr\/produits\/regulateurs-de-puissance\/gradateur-multizone-akabox\/\" \/>\n<meta property=\"og:locale\" content=\"fr_FR\" \/>\n<meta property=\"og:type\" content=\"article\" \/>\n<meta property=\"og:title\" content=\"Gradateur multizone AKABOX - GINO AKA\" \/>\n<meta property=\"og:description\" content=\"La PowerBox est un dispositif de contr\u00f4le de puissance d\u00e9di\u00e9 au chauffage de plusieurs zones. Il g\u00e8re jusqu\u2019\u00e0 24 voies \u201cpassage \u00e0 z\u00e9ro\u201d monophas\u00e9 ou triphas\u00e9 de 60 \u00e0 690V \u2013 5 \u00e0 120A. L\u2019AKABOX utilise la carte de contr\u00f4le avanc\u00e9e de l\u2019AKGrad32, qui a fait ses preuves, et la combine \u00e0 l\u2019unit\u00e9 compacte de [&hellip;]\" \/>\n<meta property=\"og:url\" content=\"https:\/\/www.gino-aka.com\/fr\/produits\/regulateurs-de-puissance\/gradateur-multizone-akabox\/\" \/>\n<meta property=\"og:site_name\" content=\"GINO AKA\" \/>\n<meta property=\"article:modified_time\" content=\"2022-01-23T19:19:05+00:00\" \/>\n<meta property=\"og:image\" content=\"https:\/\/www.gino-aka.com\/wp-content\/uploads\/2021\/10\/IMG_7813-scaled.jpg\" \/>\n\t<meta property=\"og:image:width\" content=\"1920\" \/>\n\t<meta property=\"og:image:height\" content=\"2560\" \/>\n\t<meta property=\"og:image:type\" content=\"image\/jpeg\" \/>\n<meta name=\"twitter:card\" content=\"summary_large_image\" \/>\n<meta name=\"twitter:label1\" content=\"Dur\u00e9e de lecture estim\u00e9e\" \/>\n\t<meta name=\"twitter:data1\" content=\"1 minute\" \/>\n<script type=\"application\/ld+json\" class=\"yoast-schema-graph\">{\"@context\":\"https:\/\/schema.org\",\"@graph\":[{\"@type\":\"WebPage\",\"@id\":\"https:\/\/www.gino-aka.com\/fr\/produits\/regulateurs-de-puissance\/gradateur-multizone-akabox\/\",\"url\":\"https:\/\/www.gino-aka.com\/fr\/produits\/regulateurs-de-puissance\/gradateur-multizone-akabox\/\",\"name\":\"Gradateur multizone AKABOX - GINO AKA\",\"isPartOf\":{\"@id\":\"https:\/\/www.gino-aka.com\/fr\/#website\"},\"primaryImageOfPage\":{\"@id\":\"https:\/\/www.gino-aka.com\/fr\/produits\/regulateurs-de-puissance\/gradateur-multizone-akabox\/#primaryimage\"},\"image\":{\"@id\":\"https:\/\/www.gino-aka.com\/fr\/produits\/regulateurs-de-puissance\/gradateur-multizone-akabox\/#primaryimage\"},\"thumbnailUrl\":\"https:\/\/www.gino-aka.com\/wp-content\/uploads\/2021\/10\/IMG_7813-scaled.jpg\",\"datePublished\":\"2022-01-23T00:45:58+00:00\",\"dateModified\":\"2022-01-23T19:19:05+00:00\",\"breadcrumb\":{\"@id\":\"https:\/\/www.gino-aka.com\/fr\/produits\/regulateurs-de-puissance\/gradateur-multizone-akabox\/#breadcrumb\"},\"inLanguage\":\"fr-FR\",\"potentialAction\":[{\"@type\":\"ReadAction\",\"target\":[\"https:\/\/www.gino-aka.com\/fr\/produits\/regulateurs-de-puissance\/gradateur-multizone-akabox\/\"]}]},{\"@type\":\"ImageObject\",\"inLanguage\":\"fr-FR\",\"@id\":\"https:\/\/www.gino-aka.com\/fr\/produits\/regulateurs-de-puissance\/gradateur-multizone-akabox\/#primaryimage\",\"url\":\"https:\/\/www.gino-aka.com\/wp-content\/uploads\/2021\/10\/IMG_7813-scaled.jpg\",\"contentUrl\":\"https:\/\/www.gino-aka.com\/wp-content\/uploads\/2021\/10\/IMG_7813-scaled.jpg\",\"width\":1920,\"height\":2560},{\"@type\":\"BreadcrumbList\",\"@id\":\"https:\/\/www.gino-aka.com\/fr\/produits\/regulateurs-de-puissance\/gradateur-multizone-akabox\/#breadcrumb\",\"itemListElement\":[{\"@type\":\"ListItem\",\"position\":1,\"name\":\"Produits\",\"item\":\"https:\/\/www.gino-aka.com\/fr\/produits\/\"},{\"@type\":\"ListItem\",\"position\":2,\"name\":\"R\u00e9gulateurs de puissance\",\"item\":\"https:\/\/www.gino-aka.com\/fr\/produits\/regulateurs-de-puissance\/\"},{\"@type\":\"ListItem\",\"position\":3,\"name\":\"Gradateur multizone AKABOX\"}]},{\"@type\":\"WebSite\",\"@id\":\"https:\/\/www.gino-aka.com\/fr\/#website\",\"url\":\"https:\/\/www.gino-aka.com\/fr\/\",\"name\":\"GINO AKA\",\"description\":\"GINO AKA SAS\",\"potentialAction\":[{\"@type\":\"SearchAction\",\"target\":{\"@type\":\"EntryPoint\",\"urlTemplate\":\"https:\/\/www.gino-aka.com\/fr\/?s={search_term_string}\"},\"query-input\":\"required name=search_term_string\"}],\"inLanguage\":\"fr-FR\"}]}<\/script>\n<!-- \/ Yoast SEO plugin. -->","yoast_head_json":{"title":"Gradateur multizone AKABOX - GINO AKA","robots":{"index":"index","follow":"follow","max-snippet":"max-snippet:-1","max-image-preview":"max-image-preview:large","max-video-preview":"max-video-preview:-1"},"canonical":"https:\/\/www.gino-aka.com\/fr\/produits\/regulateurs-de-puissance\/gradateur-multizone-akabox\/","og_locale":"fr_FR","og_type":"article","og_title":"Gradateur multizone AKABOX - GINO AKA","og_description":"La PowerBox est un dispositif de contr\u00f4le de puissance d\u00e9di\u00e9 au chauffage de plusieurs zones. Il g\u00e8re jusqu\u2019\u00e0 24 voies \u201cpassage \u00e0 z\u00e9ro\u201d monophas\u00e9 ou triphas\u00e9 de 60 \u00e0 690V \u2013 5 \u00e0 120A. L\u2019AKABOX utilise la carte de contr\u00f4le avanc\u00e9e de l\u2019AKGrad32, qui a fait ses preuves, et la combine \u00e0 l\u2019unit\u00e9 compacte de [&hellip;]","og_url":"https:\/\/www.gino-aka.com\/fr\/produits\/regulateurs-de-puissance\/gradateur-multizone-akabox\/","og_site_name":"GINO AKA","article_modified_time":"2022-01-23T19:19:05+00:00","og_image":[{"width":1920,"height":2560,"url":"https:\/\/www.gino-aka.com\/wp-content\/uploads\/2021\/10\/IMG_7813-scaled.jpg","type":"image\/jpeg"}],"twitter_card":"summary_large_image","twitter_misc":{"Dur\u00e9e de lecture estim\u00e9e":"1 minute"},"schema":{"@context":"https:\/\/schema.org","@graph":[{"@type":"WebPage","@id":"https:\/\/www.gino-aka.com\/fr\/produits\/regulateurs-de-puissance\/gradateur-multizone-akabox\/","url":"https:\/\/www.gino-aka.com\/fr\/produits\/regulateurs-de-puissance\/gradateur-multizone-akabox\/","name":"Gradateur multizone AKABOX - GINO AKA","isPartOf":{"@id":"https:\/\/www.gino-aka.com\/fr\/#website"},"primaryImageOfPage":{"@id":"https:\/\/www.gino-aka.com\/fr\/produits\/regulateurs-de-puissance\/gradateur-multizone-akabox\/#primaryimage"},"image":{"@id":"https:\/\/www.gino-aka.com\/fr\/produits\/regulateurs-de-puissance\/gradateur-multizone-akabox\/#primaryimage"},"thumbnailUrl":"https:\/\/www.gino-aka.com\/wp-content\/uploads\/2021\/10\/IMG_7813-scaled.jpg","datePublished":"2022-01-23T00:45:58+00:00","dateModified":"2022-01-23T19:19:05+00:00","breadcrumb":{"@id":"https:\/\/www.gino-aka.com\/fr\/produits\/regulateurs-de-puissance\/gradateur-multizone-akabox\/#breadcrumb"},"inLanguage":"fr-FR","potentialAction":[{"@type":"ReadAction","target":["https:\/\/www.gino-aka.com\/fr\/produits\/regulateurs-de-puissance\/gradateur-multizone-akabox\/"]}]},{"@type":"ImageObject","inLanguage":"fr-FR","@id":"https:\/\/www.gino-aka.com\/fr\/produits\/regulateurs-de-puissance\/gradateur-multizone-akabox\/#primaryimage","url":"https:\/\/www.gino-aka.com\/wp-content\/uploads\/2021\/10\/IMG_7813-scaled.jpg","contentUrl":"https:\/\/www.gino-aka.com\/wp-content\/uploads\/2021\/10\/IMG_7813-scaled.jpg","width":1920,"height":2560},{"@type":"BreadcrumbList","@id":"https:\/\/www.gino-aka.com\/fr\/produits\/regulateurs-de-puissance\/gradateur-multizone-akabox\/#breadcrumb","itemListElement":[{"@type":"ListItem","position":1,"name":"Produits","item":"https:\/\/www.gino-aka.com\/fr\/produits\/"},{"@type":"ListItem","position":2,"name":"R\u00e9gulateurs de puissance","item":"https:\/\/www.gino-aka.com\/fr\/produits\/regulateurs-de-puissance\/"},{"@type":"ListItem","position":3,"name":"Gradateur multizone AKABOX"}]},{"@type":"WebSite","@id":"https:\/\/www.gino-aka.com\/fr\/#website","url":"https:\/\/www.gino-aka.com\/fr\/","name":"GINO AKA","description":"GINO AKA SAS","potentialAction":[{"@type":"SearchAction","target":{"@type":"EntryPoint","urlTemplate":"https:\/\/www.gino-aka.com\/fr\/?s={search_term_string}"},"query-input":"required name=search_term_string"}],"inLanguage":"fr-FR"}]}},"_links":{"self":[{"href":"https:\/\/www.gino-aka.com\/fr\/wp-json\/wp\/v2\/pages\/2155"}],"collection":[{"href":"https:\/\/www.gino-aka.com\/fr\/wp-json\/wp\/v2\/pages"}],"about":[{"href":"https:\/\/www.gino-aka.com\/fr\/wp-json\/wp\/v2\/types\/page"}],"author":[{"embeddable":true,"href":"https:\/\/www.gino-aka.com\/fr\/wp-json\/wp\/v2\/users\/1"}],"replies":[{"embeddable":true,"href":"https:\/\/www.gino-aka.com\/fr\/wp-json\/wp\/v2\/comments?post=2155"}],"version-history":[{"count":4,"href":"https:\/\/www.gino-aka.com\/fr\/wp-json\/wp\/v2\/pages\/2155\/revisions"}],"predecessor-version":[{"id":2232,"href":"https:\/\/www.gino-aka.com\/fr\/wp-json\/wp\/v2\/pages\/2155\/revisions\/2232"}],"up":[{"embeddable":true,"href":"https:\/\/www.gino-aka.com\/fr\/wp-json\/wp\/v2\/pages\/2147"}],"wp:featuredmedia":[{"embeddable":true,"href":"https:\/\/www.gino-aka.com\/fr\/wp-json\/wp\/v2\/media\/935"}],"wp:attachment":[{"href":"https:\/\/www.gino-aka.com\/fr\/wp-json\/wp\/v2\/media?parent=2155"}],"curies":[{"name":"wp","href":"https:\/\/api.w.org\/{rel}","templated":true}]}}