{"id":2152,"date":"2022-01-23T00:44:17","date_gmt":"2022-01-23T00:44:17","guid":{"rendered":"https:\/\/www.gino-aka.com\/?page_id=2152"},"modified":"2022-01-23T19:18:16","modified_gmt":"2022-01-23T19:18:16","slug":"mise-a-niveau-de-gradathyr","status":"publish","type":"page","link":"https:\/\/www.gino-aka.com\/fr\/produits\/regulateurs-de-puissance\/mise-a-niveau-de-gradathyr\/","title":{"rendered":"Mise \u00e0 niveau de Gradathyr"},"content":{"rendered":"<div id=\"pl-2152\"  class=\"panel-layout\" ><div id=\"pg-2152-0\"  class=\"panel-grid panel-no-style\" ><div id=\"pgc-2152-0-0\"  class=\"panel-grid-cell\" ><div id=\"panel-2152-0-0-0\" class=\"so-panel widget widget_sow-editor panel-first-child\" data-index=\"0\" ><div\n\t\t\t\n\t\t\tclass=\"so-widget-sow-editor so-widget-sow-editor-base\"\n\t\t\t\n\t\t>\n<div class=\"siteorigin-widget-tinymce textwidget\">\n\t<div class=\"siteorigin-widget-tinymce textwidget\">\n<p class=\"p1\">Nos puissantes cartes de commande sont 100\u00a0% compatibles avec les contr\u00f4leurs de puissance Alstom\u00ae\/Cegelec\u00ae Gradathyr. GINO-AKA fournit le service de modernisation compl\u00e8te de Gradathyr, apportant ainsi plusieurs avantages aux clients existants\u00a0:<\/p>\n<ul>\n<li class=\"p1\">Conformit\u00e9 avec les panneaux \u00e9lectriques existants<\/li>\n<li class=\"p1\">Int\u00e9gration de Modbus TCP Ethernet ou Profinet fiables dans les anciens \u00e9quipements.<\/li>\n<li class=\"p1\">Conserver les transformateurs existants en aval<\/li>\n<li class=\"p1\">Valider le gradateur \u00e0 thyristors dissipateur de chaleur<\/li>\n<li class=\"p1\">Fonction \u201cSynchro\u201d d\u2019\u00e9conomie d\u2019\u00e9nergie plug &amp; play<\/li>\n<li class=\"p1\">Conserver les parties puissantes du Gradateur \u00e0 thyristors dans la mesure du possible<\/li>\n<li class=\"p1\">Adaptation d\u2019une nouvelle interface utilisateur avec extension modulaire sp\u00e9cialement adapt\u00e9e aux bo\u00eetiers Gradateur \u00e0 thyristors<\/li>\n<\/ul>\n<\/div>\n<\/div>\n<\/div><\/div><div id=\"panel-2152-0-0-1\" class=\"so-panel widget widget_sow-image panel-last-child\" data-index=\"1\" ><div\n\t\t\t\n\t\t\tclass=\"so-widget-sow-image so-widget-sow-image-default-c67d20f9f743-2152\"\n\t\t\t\n\t\t>\n\n<div class=\"sow-image-container\">\n\t\t<img loading=\"lazy\" decoding=\"async\" src=\"https:\/\/www.gino-aka.com\/wp-content\/uploads\/2021\/10\/15354728945b8574fe846ab-300x250.png\" width=\"300\" height=\"250\" srcset=\"https:\/\/www.gino-aka.com\/wp-content\/uploads\/2021\/10\/15354728945b8574fe846ab-300x250.png 300w, https:\/\/www.gino-aka.com\/wp-content\/uploads\/2021\/10\/15354728945b8574fe846ab-768x640.png 768w, https:\/\/www.gino-aka.com\/wp-content\/uploads\/2021\/10\/15354728945b8574fe846ab.png 800w\" sizes=\"(max-width: 300px) 100vw, 300px\" alt=\"\" \t\tclass=\"so-widget-image\"\/>\n\t<\/div>\n\n<\/div><\/div><\/div><\/div><\/div>","protected":false},"excerpt":{"rendered":"<p>Nos puissantes cartes de commande sont 100\u00a0% compatibles avec les contr\u00f4leurs de puissance Alstom\u00ae\/Cegelec\u00ae Gradathyr. GINO-AKA fournit le service de modernisation compl\u00e8te de Gradathyr, apportant ainsi plusieurs avantages aux clients existants\u00a0: Conformit\u00e9 avec les panneaux \u00e9lectriques existants Int\u00e9gration de Modbus TCP Ethernet ou Profinet fiables dans les anciens \u00e9quipements. Conserver les transformateurs existants en aval [&hellip;]<\/p>\n","protected":false},"author":1,"featured_media":944,"parent":2147,"menu_order":2,"comment_status":"closed","ping_status":"closed","template":"","meta":{"_acf_changed":false,"footnotes":""},"acf":[],"yoast_head":"<!-- This site is optimized with the Yoast SEO plugin v22.2 - https:\/\/yoast.com\/wordpress\/plugins\/seo\/ -->\n<title>Mise \u00e0 niveau de Gradathyr - GINO AKA<\/title>\n<meta name=\"robots\" content=\"index, follow, max-snippet:-1, max-image-preview:large, max-video-preview:-1\" \/>\n<link rel=\"canonical\" href=\"https:\/\/www.gino-aka.com\/fr\/produits\/regulateurs-de-puissance\/mise-a-niveau-de-gradathyr\/\" \/>\n<meta property=\"og:locale\" content=\"fr_FR\" \/>\n<meta property=\"og:type\" content=\"article\" \/>\n<meta property=\"og:title\" content=\"Mise \u00e0 niveau de Gradathyr - GINO AKA\" \/>\n<meta property=\"og:description\" content=\"Nos puissantes cartes de commande sont 100\u00a0% compatibles avec les contr\u00f4leurs de puissance Alstom\u00ae\/Cegelec\u00ae Gradathyr. GINO-AKA fournit le service de modernisation compl\u00e8te de Gradathyr, apportant ainsi plusieurs avantages aux clients existants\u00a0: Conformit\u00e9 avec les panneaux \u00e9lectriques existants Int\u00e9gration de Modbus TCP Ethernet ou Profinet fiables dans les anciens \u00e9quipements. Conserver les transformateurs existants en aval [&hellip;]\" \/>\n<meta property=\"og:url\" content=\"https:\/\/www.gino-aka.com\/fr\/produits\/regulateurs-de-puissance\/mise-a-niveau-de-gradathyr\/\" \/>\n<meta property=\"og:site_name\" content=\"GINO AKA\" \/>\n<meta property=\"article:modified_time\" content=\"2022-01-23T19:18:16+00:00\" \/>\n<meta property=\"og:image\" content=\"https:\/\/www.gino-aka.com\/wp-content\/uploads\/2021\/10\/IMG_7818-scaled.jpg\" \/>\n\t<meta property=\"og:image:width\" content=\"2560\" \/>\n\t<meta property=\"og:image:height\" content=\"1920\" \/>\n\t<meta property=\"og:image:type\" content=\"image\/jpeg\" \/>\n<meta name=\"twitter:card\" content=\"summary_large_image\" \/>\n<meta name=\"twitter:label1\" content=\"Dur\u00e9e de lecture estim\u00e9e\" \/>\n\t<meta name=\"twitter:data1\" content=\"1 minute\" \/>\n<script type=\"application\/ld+json\" class=\"yoast-schema-graph\">{\"@context\":\"https:\/\/schema.org\",\"@graph\":[{\"@type\":\"WebPage\",\"@id\":\"https:\/\/www.gino-aka.com\/fr\/produits\/regulateurs-de-puissance\/mise-a-niveau-de-gradathyr\/\",\"url\":\"https:\/\/www.gino-aka.com\/fr\/produits\/regulateurs-de-puissance\/mise-a-niveau-de-gradathyr\/\",\"name\":\"Mise \u00e0 niveau de Gradathyr - GINO AKA\",\"isPartOf\":{\"@id\":\"https:\/\/www.gino-aka.com\/fr\/#website\"},\"primaryImageOfPage\":{\"@id\":\"https:\/\/www.gino-aka.com\/fr\/produits\/regulateurs-de-puissance\/mise-a-niveau-de-gradathyr\/#primaryimage\"},\"image\":{\"@id\":\"https:\/\/www.gino-aka.com\/fr\/produits\/regulateurs-de-puissance\/mise-a-niveau-de-gradathyr\/#primaryimage\"},\"thumbnailUrl\":\"https:\/\/www.gino-aka.com\/wp-content\/uploads\/2021\/10\/IMG_7818-scaled.jpg\",\"datePublished\":\"2022-01-23T00:44:17+00:00\",\"dateModified\":\"2022-01-23T19:18:16+00:00\",\"breadcrumb\":{\"@id\":\"https:\/\/www.gino-aka.com\/fr\/produits\/regulateurs-de-puissance\/mise-a-niveau-de-gradathyr\/#breadcrumb\"},\"inLanguage\":\"fr-FR\",\"potentialAction\":[{\"@type\":\"ReadAction\",\"target\":[\"https:\/\/www.gino-aka.com\/fr\/produits\/regulateurs-de-puissance\/mise-a-niveau-de-gradathyr\/\"]}]},{\"@type\":\"ImageObject\",\"inLanguage\":\"fr-FR\",\"@id\":\"https:\/\/www.gino-aka.com\/fr\/produits\/regulateurs-de-puissance\/mise-a-niveau-de-gradathyr\/#primaryimage\",\"url\":\"https:\/\/www.gino-aka.com\/wp-content\/uploads\/2021\/10\/IMG_7818-scaled.jpg\",\"contentUrl\":\"https:\/\/www.gino-aka.com\/wp-content\/uploads\/2021\/10\/IMG_7818-scaled.jpg\",\"width\":2560,\"height\":1920},{\"@type\":\"BreadcrumbList\",\"@id\":\"https:\/\/www.gino-aka.com\/fr\/produits\/regulateurs-de-puissance\/mise-a-niveau-de-gradathyr\/#breadcrumb\",\"itemListElement\":[{\"@type\":\"ListItem\",\"position\":1,\"name\":\"Produits\",\"item\":\"https:\/\/www.gino-aka.com\/fr\/produits\/\"},{\"@type\":\"ListItem\",\"position\":2,\"name\":\"R\u00e9gulateurs de puissance\",\"item\":\"https:\/\/www.gino-aka.com\/fr\/produits\/regulateurs-de-puissance\/\"},{\"@type\":\"ListItem\",\"position\":3,\"name\":\"Mise \u00e0 niveau de Gradathyr\"}]},{\"@type\":\"WebSite\",\"@id\":\"https:\/\/www.gino-aka.com\/fr\/#website\",\"url\":\"https:\/\/www.gino-aka.com\/fr\/\",\"name\":\"GINO AKA\",\"description\":\"GINO AKA SAS\",\"potentialAction\":[{\"@type\":\"SearchAction\",\"target\":{\"@type\":\"EntryPoint\",\"urlTemplate\":\"https:\/\/www.gino-aka.com\/fr\/?s={search_term_string}\"},\"query-input\":\"required name=search_term_string\"}],\"inLanguage\":\"fr-FR\"}]}<\/script>\n<!-- \/ Yoast SEO plugin. -->","yoast_head_json":{"title":"Mise \u00e0 niveau de Gradathyr - GINO AKA","robots":{"index":"index","follow":"follow","max-snippet":"max-snippet:-1","max-image-preview":"max-image-preview:large","max-video-preview":"max-video-preview:-1"},"canonical":"https:\/\/www.gino-aka.com\/fr\/produits\/regulateurs-de-puissance\/mise-a-niveau-de-gradathyr\/","og_locale":"fr_FR","og_type":"article","og_title":"Mise \u00e0 niveau de Gradathyr - GINO AKA","og_description":"Nos puissantes cartes de commande sont 100\u00a0% compatibles avec les contr\u00f4leurs de puissance Alstom\u00ae\/Cegelec\u00ae Gradathyr. GINO-AKA fournit le service de modernisation compl\u00e8te de Gradathyr, apportant ainsi plusieurs avantages aux clients existants\u00a0: Conformit\u00e9 avec les panneaux \u00e9lectriques existants Int\u00e9gration de Modbus TCP Ethernet ou Profinet fiables dans les anciens \u00e9quipements. Conserver les transformateurs existants en aval [&hellip;]","og_url":"https:\/\/www.gino-aka.com\/fr\/produits\/regulateurs-de-puissance\/mise-a-niveau-de-gradathyr\/","og_site_name":"GINO AKA","article_modified_time":"2022-01-23T19:18:16+00:00","og_image":[{"width":2560,"height":1920,"url":"https:\/\/www.gino-aka.com\/wp-content\/uploads\/2021\/10\/IMG_7818-scaled.jpg","type":"image\/jpeg"}],"twitter_card":"summary_large_image","twitter_misc":{"Dur\u00e9e de lecture estim\u00e9e":"1 minute"},"schema":{"@context":"https:\/\/schema.org","@graph":[{"@type":"WebPage","@id":"https:\/\/www.gino-aka.com\/fr\/produits\/regulateurs-de-puissance\/mise-a-niveau-de-gradathyr\/","url":"https:\/\/www.gino-aka.com\/fr\/produits\/regulateurs-de-puissance\/mise-a-niveau-de-gradathyr\/","name":"Mise \u00e0 niveau de Gradathyr - GINO AKA","isPartOf":{"@id":"https:\/\/www.gino-aka.com\/fr\/#website"},"primaryImageOfPage":{"@id":"https:\/\/www.gino-aka.com\/fr\/produits\/regulateurs-de-puissance\/mise-a-niveau-de-gradathyr\/#primaryimage"},"image":{"@id":"https:\/\/www.gino-aka.com\/fr\/produits\/regulateurs-de-puissance\/mise-a-niveau-de-gradathyr\/#primaryimage"},"thumbnailUrl":"https:\/\/www.gino-aka.com\/wp-content\/uploads\/2021\/10\/IMG_7818-scaled.jpg","datePublished":"2022-01-23T00:44:17+00:00","dateModified":"2022-01-23T19:18:16+00:00","breadcrumb":{"@id":"https:\/\/www.gino-aka.com\/fr\/produits\/regulateurs-de-puissance\/mise-a-niveau-de-gradathyr\/#breadcrumb"},"inLanguage":"fr-FR","potentialAction":[{"@type":"ReadAction","target":["https:\/\/www.gino-aka.com\/fr\/produits\/regulateurs-de-puissance\/mise-a-niveau-de-gradathyr\/"]}]},{"@type":"ImageObject","inLanguage":"fr-FR","@id":"https:\/\/www.gino-aka.com\/fr\/produits\/regulateurs-de-puissance\/mise-a-niveau-de-gradathyr\/#primaryimage","url":"https:\/\/www.gino-aka.com\/wp-content\/uploads\/2021\/10\/IMG_7818-scaled.jpg","contentUrl":"https:\/\/www.gino-aka.com\/wp-content\/uploads\/2021\/10\/IMG_7818-scaled.jpg","width":2560,"height":1920},{"@type":"BreadcrumbList","@id":"https:\/\/www.gino-aka.com\/fr\/produits\/regulateurs-de-puissance\/mise-a-niveau-de-gradathyr\/#breadcrumb","itemListElement":[{"@type":"ListItem","position":1,"name":"Produits","item":"https:\/\/www.gino-aka.com\/fr\/produits\/"},{"@type":"ListItem","position":2,"name":"R\u00e9gulateurs de puissance","item":"https:\/\/www.gino-aka.com\/fr\/produits\/regulateurs-de-puissance\/"},{"@type":"ListItem","position":3,"name":"Mise \u00e0 niveau de Gradathyr"}]},{"@type":"WebSite","@id":"https:\/\/www.gino-aka.com\/fr\/#website","url":"https:\/\/www.gino-aka.com\/fr\/","name":"GINO AKA","description":"GINO AKA SAS","potentialAction":[{"@type":"SearchAction","target":{"@type":"EntryPoint","urlTemplate":"https:\/\/www.gino-aka.com\/fr\/?s={search_term_string}"},"query-input":"required name=search_term_string"}],"inLanguage":"fr-FR"}]}},"_links":{"self":[{"href":"https:\/\/www.gino-aka.com\/fr\/wp-json\/wp\/v2\/pages\/2152"}],"collection":[{"href":"https:\/\/www.gino-aka.com\/fr\/wp-json\/wp\/v2\/pages"}],"about":[{"href":"https:\/\/www.gino-aka.com\/fr\/wp-json\/wp\/v2\/types\/page"}],"author":[{"embeddable":true,"href":"https:\/\/www.gino-aka.com\/fr\/wp-json\/wp\/v2\/users\/1"}],"replies":[{"embeddable":true,"href":"https:\/\/www.gino-aka.com\/fr\/wp-json\/wp\/v2\/comments?post=2152"}],"version-history":[{"count":6,"href":"https:\/\/www.gino-aka.com\/fr\/wp-json\/wp\/v2\/pages\/2152\/revisions"}],"predecessor-version":[{"id":2231,"href":"https:\/\/www.gino-aka.com\/fr\/wp-json\/wp\/v2\/pages\/2152\/revisions\/2231"}],"up":[{"embeddable":true,"href":"https:\/\/www.gino-aka.com\/fr\/wp-json\/wp\/v2\/pages\/2147"}],"wp:featuredmedia":[{"embeddable":true,"href":"https:\/\/www.gino-aka.com\/fr\/wp-json\/wp\/v2\/media\/944"}],"wp:attachment":[{"href":"https:\/\/www.gino-aka.com\/fr\/wp-json\/wp\/v2\/media?parent=2152"}],"curies":[{"name":"wp","href":"https:\/\/api.w.org\/{rel}","templated":true}]}}