{"id":2144,"date":"2022-01-23T00:36:52","date_gmt":"2022-01-23T00:36:52","guid":{"rendered":"https:\/\/www.gino-aka.com\/?page_id=2144"},"modified":"2022-01-31T11:08:38","modified_gmt":"2022-01-31T11:08:38","slug":"demarreur-a-resistance-liquide-esmmars","status":"publish","type":"page","link":"https:\/\/www.gino-aka.com\/fr\/produits\/regulateurs-de-moteur\/demarreur-a-resistance-liquide-esmmars\/","title":{"rendered":"D\u00e9marreur \u00e0 r\u00e9sistance liquide ESMMARS"},"content":{"rendered":"<div id=\"pl-2144\"  class=\"panel-layout\" ><div id=\"pg-2144-0\"  class=\"panel-grid panel-no-style\" ><div id=\"pgc-2144-0-0\"  class=\"panel-grid-cell\" ><div id=\"panel-2144-0-0-0\" class=\"so-panel widget widget_sow-editor panel-first-child\" data-index=\"0\" ><div\n\t\t\t\n\t\t\tclass=\"so-widget-sow-editor so-widget-sow-editor-base\"\n\t\t\t\n\t\t><h3 class=\"widget-title\">Acquisition d\u2019Elektroschaltger\u00e4te Meerane<\/h3>\n<div class=\"siteorigin-widget-tinymce textwidget\">\n\t<div class=\"siteorigin-widget-tinymce textwidget\">\n<div class=\"siteorigin-widget-tinymce textwidget\">\n<p>Depuis le 1er octobre 2021, GINO-AKA a acquis le c\u00e9l\u00e8bre fabricant allemand de d\u00e9marreurs \u00e0 r\u00e9sistance liquide Elektroschaltger\u00e4te Meerane GmbH, \u00e9galement connu sous le nom d\u2019ESMMARS.<\/p>\n<p>&nbsp;<\/p>\n<p><img loading=\"lazy\" decoding=\"async\" class=\"size-medium wp-image-1408 img-responsive aligncenter\" src=\"https:\/\/www.gino-aka.com\/wp-content\/uploads\/2021\/10\/Meerane-Logo-300x297.jpg\" alt=\"\" width=\"300\" height=\"297\" srcset=\"https:\/\/www.gino-aka.com\/wp-content\/uploads\/2021\/10\/Meerane-Logo-300x297.jpg 300w, https:\/\/www.gino-aka.com\/wp-content\/uploads\/2021\/10\/Meerane-Logo-1024x1014.jpg 1024w, https:\/\/www.gino-aka.com\/wp-content\/uploads\/2021\/10\/Meerane-Logo-150x150.jpg 150w, https:\/\/www.gino-aka.com\/wp-content\/uploads\/2021\/10\/Meerane-Logo-768x760.jpg 768w, https:\/\/www.gino-aka.com\/wp-content\/uploads\/2021\/10\/Meerane-Logo-1536x1521.jpg 1536w, https:\/\/www.gino-aka.com\/wp-content\/uploads\/2021\/10\/Meerane-Logo-2048x2028.jpg 2048w\" sizes=\"(max-width: 300px) 100vw, 300px\" \/><\/p>\n<p>&nbsp;<\/p>\n<p>GINO-AKA poursuivra la structure de service et la disponibilit\u00e9 des pi\u00e8ces de rechange pour tous les d\u00e9marreurs liquides ESMMARS. Nous nous engageons \u00e0 maintenir le haut niveau de satisfaction de la client\u00e8le que les clients d\u2019ESMMARS ont connu dans le pass\u00e9 et \u00e0 fournir des d\u00e9marreurs liquides de haut niveau de notre gamme standard pour tous les nouveaux projets.<\/p>\n<p>S\u2019il vous pla\u00eet envoyez-nous vos demandes de pi\u00e8ces de rechange: <a href=\"https:\/\/www.gino-aka.com\/fr\/contact\/\">Contact<\/a><\/p>\n<\/div>\n<\/div>\n<\/div>\n<\/div><\/div><div id=\"panel-2144-0-0-1\" class=\"so-panel widget widget_media_image panel-last-child\" data-index=\"1\" ><img loading=\"lazy\" decoding=\"async\" width=\"1024\" height=\"768\" src=\"https:\/\/www.gino-aka.com\/wp-content\/uploads\/2021\/11\/IMG_3081-Kopie-1024x768.jpg\" class=\"image wp-image-1428  attachment-large size-large\" alt=\"\" style=\"max-width: 100%; height: auto;\" srcset=\"https:\/\/www.gino-aka.com\/wp-content\/uploads\/2021\/11\/IMG_3081-Kopie-1024x768.jpg 1024w, https:\/\/www.gino-aka.com\/wp-content\/uploads\/2021\/11\/IMG_3081-Kopie-300x225.jpg 300w, https:\/\/www.gino-aka.com\/wp-content\/uploads\/2021\/11\/IMG_3081-Kopie-768x576.jpg 768w, https:\/\/www.gino-aka.com\/wp-content\/uploads\/2021\/11\/IMG_3081-Kopie-1536x1152.jpg 1536w, https:\/\/www.gino-aka.com\/wp-content\/uploads\/2021\/11\/IMG_3081-Kopie-2048x1536.jpg 2048w\" sizes=\"(max-width: 1024px) 100vw, 1024px\" \/><\/div><\/div><\/div><\/div>","protected":false},"excerpt":{"rendered":"<p>Depuis le 1er octobre 2021, GINO-AKA a acquis le c\u00e9l\u00e8bre fabricant allemand de d\u00e9marreurs \u00e0 r\u00e9sistance liquide Elektroschaltger\u00e4te Meerane GmbH, \u00e9galement connu sous le nom d\u2019ESMMARS. &nbsp; &nbsp; GINO-AKA poursuivra la structure de service et la disponibilit\u00e9 des pi\u00e8ces de rechange pour tous les d\u00e9marreurs liquides ESMMARS. Nous nous engageons \u00e0 maintenir le haut niveau [&hellip;]<\/p>\n","protected":false},"author":1,"featured_media":1436,"parent":2127,"menu_order":6,"comment_status":"closed","ping_status":"closed","template":"","meta":{"_acf_changed":false,"footnotes":""},"acf":[],"yoast_head":"<!-- This site is optimized with the Yoast SEO plugin v22.2 - https:\/\/yoast.com\/wordpress\/plugins\/seo\/ -->\n<title>D\u00e9marreur \u00e0 r\u00e9sistance liquide ESMMARS - GINO AKA<\/title>\n<meta name=\"robots\" content=\"index, follow, max-snippet:-1, max-image-preview:large, max-video-preview:-1\" \/>\n<link rel=\"canonical\" href=\"https:\/\/www.gino-aka.com\/fr\/produits\/regulateurs-de-moteur\/demarreur-a-resistance-liquide-esmmars\/\" \/>\n<meta property=\"og:locale\" content=\"fr_FR\" \/>\n<meta property=\"og:type\" content=\"article\" \/>\n<meta property=\"og:title\" content=\"D\u00e9marreur \u00e0 r\u00e9sistance liquide ESMMARS - GINO AKA\" \/>\n<meta property=\"og:description\" content=\"Depuis le 1er octobre 2021, GINO-AKA a acquis le c\u00e9l\u00e8bre fabricant allemand de d\u00e9marreurs \u00e0 r\u00e9sistance liquide Elektroschaltger\u00e4te Meerane GmbH, \u00e9galement connu sous le nom d\u2019ESMMARS. &nbsp; &nbsp; GINO-AKA poursuivra la structure de service et la disponibilit\u00e9 des pi\u00e8ces de rechange pour tous les d\u00e9marreurs liquides ESMMARS. Nous nous engageons \u00e0 maintenir le haut niveau [&hellip;]\" \/>\n<meta property=\"og:url\" content=\"https:\/\/www.gino-aka.com\/fr\/produits\/regulateurs-de-moteur\/demarreur-a-resistance-liquide-esmmars\/\" \/>\n<meta property=\"og:site_name\" content=\"GINO AKA\" \/>\n<meta property=\"article:modified_time\" content=\"2022-01-31T11:08:38+00:00\" \/>\n<meta property=\"og:image\" content=\"https:\/\/www.gino-aka.com\/wp-content\/uploads\/2021\/11\/IMG_7956-scaled.jpg\" \/>\n\t<meta property=\"og:image:width\" content=\"2560\" \/>\n\t<meta property=\"og:image:height\" content=\"1920\" \/>\n\t<meta property=\"og:image:type\" content=\"image\/jpeg\" \/>\n<meta name=\"twitter:card\" content=\"summary_large_image\" \/>\n<meta name=\"twitter:label1\" content=\"Dur\u00e9e de lecture estim\u00e9e\" \/>\n\t<meta name=\"twitter:data1\" content=\"1 minute\" \/>\n<script type=\"application\/ld+json\" class=\"yoast-schema-graph\">{\"@context\":\"https:\/\/schema.org\",\"@graph\":[{\"@type\":\"WebPage\",\"@id\":\"https:\/\/www.gino-aka.com\/fr\/produits\/regulateurs-de-moteur\/demarreur-a-resistance-liquide-esmmars\/\",\"url\":\"https:\/\/www.gino-aka.com\/fr\/produits\/regulateurs-de-moteur\/demarreur-a-resistance-liquide-esmmars\/\",\"name\":\"D\u00e9marreur \u00e0 r\u00e9sistance liquide ESMMARS - GINO AKA\",\"isPartOf\":{\"@id\":\"https:\/\/www.gino-aka.com\/fr\/#website\"},\"primaryImageOfPage\":{\"@id\":\"https:\/\/www.gino-aka.com\/fr\/produits\/regulateurs-de-moteur\/demarreur-a-resistance-liquide-esmmars\/#primaryimage\"},\"image\":{\"@id\":\"https:\/\/www.gino-aka.com\/fr\/produits\/regulateurs-de-moteur\/demarreur-a-resistance-liquide-esmmars\/#primaryimage\"},\"thumbnailUrl\":\"https:\/\/www.gino-aka.com\/wp-content\/uploads\/2021\/11\/IMG_7956-scaled.jpg\",\"datePublished\":\"2022-01-23T00:36:52+00:00\",\"dateModified\":\"2022-01-31T11:08:38+00:00\",\"breadcrumb\":{\"@id\":\"https:\/\/www.gino-aka.com\/fr\/produits\/regulateurs-de-moteur\/demarreur-a-resistance-liquide-esmmars\/#breadcrumb\"},\"inLanguage\":\"fr-FR\",\"potentialAction\":[{\"@type\":\"ReadAction\",\"target\":[\"https:\/\/www.gino-aka.com\/fr\/produits\/regulateurs-de-moteur\/demarreur-a-resistance-liquide-esmmars\/\"]}]},{\"@type\":\"ImageObject\",\"inLanguage\":\"fr-FR\",\"@id\":\"https:\/\/www.gino-aka.com\/fr\/produits\/regulateurs-de-moteur\/demarreur-a-resistance-liquide-esmmars\/#primaryimage\",\"url\":\"https:\/\/www.gino-aka.com\/wp-content\/uploads\/2021\/11\/IMG_7956-scaled.jpg\",\"contentUrl\":\"https:\/\/www.gino-aka.com\/wp-content\/uploads\/2021\/11\/IMG_7956-scaled.jpg\",\"width\":2560,\"height\":1920},{\"@type\":\"BreadcrumbList\",\"@id\":\"https:\/\/www.gino-aka.com\/fr\/produits\/regulateurs-de-moteur\/demarreur-a-resistance-liquide-esmmars\/#breadcrumb\",\"itemListElement\":[{\"@type\":\"ListItem\",\"position\":1,\"name\":\"Produits\",\"item\":\"https:\/\/www.gino-aka.com\/fr\/produits\/\"},{\"@type\":\"ListItem\",\"position\":2,\"name\":\"R\u00e9gulateurs de moteur\",\"item\":\"https:\/\/www.gino-aka.com\/fr\/produits\/regulateurs-de-moteur\/\"},{\"@type\":\"ListItem\",\"position\":3,\"name\":\"D\u00e9marreur \u00e0 r\u00e9sistance liquide ESMMARS\"}]},{\"@type\":\"WebSite\",\"@id\":\"https:\/\/www.gino-aka.com\/fr\/#website\",\"url\":\"https:\/\/www.gino-aka.com\/fr\/\",\"name\":\"GINO AKA\",\"description\":\"GINO AKA SAS\",\"potentialAction\":[{\"@type\":\"SearchAction\",\"target\":{\"@type\":\"EntryPoint\",\"urlTemplate\":\"https:\/\/www.gino-aka.com\/fr\/?s={search_term_string}\"},\"query-input\":\"required name=search_term_string\"}],\"inLanguage\":\"fr-FR\"}]}<\/script>\n<!-- \/ Yoast SEO plugin. -->","yoast_head_json":{"title":"D\u00e9marreur \u00e0 r\u00e9sistance liquide ESMMARS - GINO AKA","robots":{"index":"index","follow":"follow","max-snippet":"max-snippet:-1","max-image-preview":"max-image-preview:large","max-video-preview":"max-video-preview:-1"},"canonical":"https:\/\/www.gino-aka.com\/fr\/produits\/regulateurs-de-moteur\/demarreur-a-resistance-liquide-esmmars\/","og_locale":"fr_FR","og_type":"article","og_title":"D\u00e9marreur \u00e0 r\u00e9sistance liquide ESMMARS - GINO AKA","og_description":"Depuis le 1er octobre 2021, GINO-AKA a acquis le c\u00e9l\u00e8bre fabricant allemand de d\u00e9marreurs \u00e0 r\u00e9sistance liquide Elektroschaltger\u00e4te Meerane GmbH, \u00e9galement connu sous le nom d\u2019ESMMARS. &nbsp; &nbsp; GINO-AKA poursuivra la structure de service et la disponibilit\u00e9 des pi\u00e8ces de rechange pour tous les d\u00e9marreurs liquides ESMMARS. Nous nous engageons \u00e0 maintenir le haut niveau [&hellip;]","og_url":"https:\/\/www.gino-aka.com\/fr\/produits\/regulateurs-de-moteur\/demarreur-a-resistance-liquide-esmmars\/","og_site_name":"GINO AKA","article_modified_time":"2022-01-31T11:08:38+00:00","og_image":[{"width":2560,"height":1920,"url":"https:\/\/www.gino-aka.com\/wp-content\/uploads\/2021\/11\/IMG_7956-scaled.jpg","type":"image\/jpeg"}],"twitter_card":"summary_large_image","twitter_misc":{"Dur\u00e9e de lecture estim\u00e9e":"1 minute"},"schema":{"@context":"https:\/\/schema.org","@graph":[{"@type":"WebPage","@id":"https:\/\/www.gino-aka.com\/fr\/produits\/regulateurs-de-moteur\/demarreur-a-resistance-liquide-esmmars\/","url":"https:\/\/www.gino-aka.com\/fr\/produits\/regulateurs-de-moteur\/demarreur-a-resistance-liquide-esmmars\/","name":"D\u00e9marreur \u00e0 r\u00e9sistance liquide ESMMARS - GINO AKA","isPartOf":{"@id":"https:\/\/www.gino-aka.com\/fr\/#website"},"primaryImageOfPage":{"@id":"https:\/\/www.gino-aka.com\/fr\/produits\/regulateurs-de-moteur\/demarreur-a-resistance-liquide-esmmars\/#primaryimage"},"image":{"@id":"https:\/\/www.gino-aka.com\/fr\/produits\/regulateurs-de-moteur\/demarreur-a-resistance-liquide-esmmars\/#primaryimage"},"thumbnailUrl":"https:\/\/www.gino-aka.com\/wp-content\/uploads\/2021\/11\/IMG_7956-scaled.jpg","datePublished":"2022-01-23T00:36:52+00:00","dateModified":"2022-01-31T11:08:38+00:00","breadcrumb":{"@id":"https:\/\/www.gino-aka.com\/fr\/produits\/regulateurs-de-moteur\/demarreur-a-resistance-liquide-esmmars\/#breadcrumb"},"inLanguage":"fr-FR","potentialAction":[{"@type":"ReadAction","target":["https:\/\/www.gino-aka.com\/fr\/produits\/regulateurs-de-moteur\/demarreur-a-resistance-liquide-esmmars\/"]}]},{"@type":"ImageObject","inLanguage":"fr-FR","@id":"https:\/\/www.gino-aka.com\/fr\/produits\/regulateurs-de-moteur\/demarreur-a-resistance-liquide-esmmars\/#primaryimage","url":"https:\/\/www.gino-aka.com\/wp-content\/uploads\/2021\/11\/IMG_7956-scaled.jpg","contentUrl":"https:\/\/www.gino-aka.com\/wp-content\/uploads\/2021\/11\/IMG_7956-scaled.jpg","width":2560,"height":1920},{"@type":"BreadcrumbList","@id":"https:\/\/www.gino-aka.com\/fr\/produits\/regulateurs-de-moteur\/demarreur-a-resistance-liquide-esmmars\/#breadcrumb","itemListElement":[{"@type":"ListItem","position":1,"name":"Produits","item":"https:\/\/www.gino-aka.com\/fr\/produits\/"},{"@type":"ListItem","position":2,"name":"R\u00e9gulateurs de moteur","item":"https:\/\/www.gino-aka.com\/fr\/produits\/regulateurs-de-moteur\/"},{"@type":"ListItem","position":3,"name":"D\u00e9marreur \u00e0 r\u00e9sistance liquide ESMMARS"}]},{"@type":"WebSite","@id":"https:\/\/www.gino-aka.com\/fr\/#website","url":"https:\/\/www.gino-aka.com\/fr\/","name":"GINO AKA","description":"GINO AKA SAS","potentialAction":[{"@type":"SearchAction","target":{"@type":"EntryPoint","urlTemplate":"https:\/\/www.gino-aka.com\/fr\/?s={search_term_string}"},"query-input":"required name=search_term_string"}],"inLanguage":"fr-FR"}]}},"_links":{"self":[{"href":"https:\/\/www.gino-aka.com\/fr\/wp-json\/wp\/v2\/pages\/2144"}],"collection":[{"href":"https:\/\/www.gino-aka.com\/fr\/wp-json\/wp\/v2\/pages"}],"about":[{"href":"https:\/\/www.gino-aka.com\/fr\/wp-json\/wp\/v2\/types\/page"}],"author":[{"embeddable":true,"href":"https:\/\/www.gino-aka.com\/fr\/wp-json\/wp\/v2\/users\/1"}],"replies":[{"embeddable":true,"href":"https:\/\/www.gino-aka.com\/fr\/wp-json\/wp\/v2\/comments?post=2144"}],"version-history":[{"count":8,"href":"https:\/\/www.gino-aka.com\/fr\/wp-json\/wp\/v2\/pages\/2144\/revisions"}],"predecessor-version":[{"id":2268,"href":"https:\/\/www.gino-aka.com\/fr\/wp-json\/wp\/v2\/pages\/2144\/revisions\/2268"}],"up":[{"embeddable":true,"href":"https:\/\/www.gino-aka.com\/fr\/wp-json\/wp\/v2\/pages\/2127"}],"wp:featuredmedia":[{"embeddable":true,"href":"https:\/\/www.gino-aka.com\/fr\/wp-json\/wp\/v2\/media\/1436"}],"wp:attachment":[{"href":"https:\/\/www.gino-aka.com\/fr\/wp-json\/wp\/v2\/media?parent=2144"}],"curies":[{"name":"wp","href":"https:\/\/api.w.org\/{rel}","templated":true}]}}