{"id":2141,"date":"2022-01-23T00:34:45","date_gmt":"2022-01-23T00:34:45","guid":{"rendered":"https:\/\/www.gino-aka.com\/?page_id=2141"},"modified":"2022-01-23T19:13:11","modified_gmt":"2022-01-23T19:13:11","slug":"demarreurs-de-moteurs-a-resistances-pas-a-pas","status":"publish","type":"page","link":"https:\/\/www.gino-aka.com\/fr\/produits\/regulateurs-de-moteur\/demarreurs-de-moteurs-a-resistances-pas-a-pas\/","title":{"rendered":"D\u00e9marreurs de moteurs \u00e0 r\u00e9sistances pas-\u00e0-pas"},"content":{"rendered":"<div id=\"pl-2141\"  class=\"panel-layout\" ><div id=\"pg-2141-0\"  class=\"panel-grid panel-no-style\" ><div id=\"pgc-2141-0-0\"  class=\"panel-grid-cell\" ><div id=\"panel-2141-0-0-0\" class=\"so-panel widget widget_sow-editor panel-first-child\" data-index=\"0\" ><div\n\t\t\t\n\t\t\tclass=\"so-widget-sow-editor so-widget-sow-editor-base\"\n\t\t\t\n\t\t>\n<div class=\"siteorigin-widget-tinymce textwidget\">\n\t<div class=\"siteorigin-widget-tinymce textwidget\">\n<p class=\"p1\">En compl\u00e9ment de nos offres de d\u00e9marreurs \u00e0 r\u00e9sistance liquide, nous fournissons \u00e9galement des d\u00e9marreurs \u00e0 r\u00e9sistance pas-\u00e0-pas. Ces d\u00e9marreurs contiennent des r\u00e9sistances fixes fabriqu\u00e9es en fonte qui sont successivement court-circuit\u00e9es du circuit du rotor par des contacteurs de puissance. Les r\u00e9sistances sont g\u00e9n\u00e9ralement refroidies par convection naturelle, mais peuvent \u00e9galement \u00eatre immerg\u00e9es dans l\u2019huile.<\/p>\n<\/div>\n<\/div>\n<\/div><\/div><div id=\"panel-2141-0-0-1\" class=\"so-panel widget widget_sow-slider\" data-index=\"1\" ><div\n\t\t\t\n\t\t\tclass=\"so-widget-sow-slider so-widget-sow-slider-default-6d39609536fd-2141\"\n\t\t\t\n\t\t>\t\t\t\t<div class=\"sow-slider-base\" style=\"display: none\" tabindex=\"0\">\n\t\t\t\t\t<ul\n\t\t\t\t\tclass=\"sow-slider-images\"\n\t\t\t\t\tdata-settings=\"{&quot;pagination&quot;:true,&quot;speed&quot;:800,&quot;timeout&quot;:3000,&quot;paused&quot;:false,&quot;pause_on_hover&quot;:false,&quot;swipe&quot;:true,&quot;nav_always_show_desktop&quot;:&quot;&quot;,&quot;nav_always_show_mobile&quot;:&quot;&quot;,&quot;breakpoint&quot;:&quot;780px&quot;,&quot;unmute&quot;:false,&quot;anchor&quot;:null}\"\n\t\t\t\t\t\t\t\t\t\tdata-anchor-id=\"\"\n\t\t\t\t>\t\t<li class=\"sow-slider-image\" style=\"visibility: visible;\" >\n\t\t\t\t\t\t<img loading=\"lazy\" decoding=\"async\" width=\"1676\" height=\"1261\" src=\"https:\/\/www.gino-aka.com\/wp-content\/uploads\/2021\/09\/Air_cooled_starter.jpg\" class=\"sow-slider-background-image\" alt=\"\" style=\"\" srcset=\"https:\/\/www.gino-aka.com\/wp-content\/uploads\/2021\/09\/Air_cooled_starter.jpg 1676w, https:\/\/www.gino-aka.com\/wp-content\/uploads\/2021\/09\/Air_cooled_starter-300x226.jpg 300w, https:\/\/www.gino-aka.com\/wp-content\/uploads\/2021\/09\/Air_cooled_starter-1024x770.jpg 1024w, https:\/\/www.gino-aka.com\/wp-content\/uploads\/2021\/09\/Air_cooled_starter-768x578.jpg 768w, https:\/\/www.gino-aka.com\/wp-content\/uploads\/2021\/09\/Air_cooled_starter-1536x1156.jpg 1536w\" sizes=\"(max-width: 1676px) 100vw, 1676px\" \/>\t\t<\/li>\n\t\t\t\t<li class=\"sow-slider-image\" style=\"visibility: hidden;\" >\n\t\t\t\t\t\t<img loading=\"lazy\" decoding=\"async\" width=\"1209\" height=\"1299\" src=\"https:\/\/www.gino-aka.com\/wp-content\/uploads\/2021\/09\/oil_cooled_starter.png\" class=\"sow-slider-background-image\" alt=\"\" style=\"\" srcset=\"https:\/\/www.gino-aka.com\/wp-content\/uploads\/2021\/09\/oil_cooled_starter.png 1209w, https:\/\/www.gino-aka.com\/wp-content\/uploads\/2021\/09\/oil_cooled_starter-279x300.png 279w, https:\/\/www.gino-aka.com\/wp-content\/uploads\/2021\/09\/oil_cooled_starter-953x1024.png 953w, https:\/\/www.gino-aka.com\/wp-content\/uploads\/2021\/09\/oil_cooled_starter-768x825.png 768w\" sizes=\"(max-width: 1209px) 100vw, 1209px\" \/>\t\t<\/li>\n\t\t<\/ul>\t\t\t\t<ol class=\"sow-slider-pagination\">\n\t\t\t\t\t\t\t\t\t\t\t<li><a href=\"#\" data-goto=\"0\" aria-label=\"afficher la diapositive 1\"><\/a><\/li>\n\t\t\t\t\t\t\t\t\t\t\t<li><a href=\"#\" data-goto=\"1\" aria-label=\"afficher la diapositive 2\"><\/a><\/li>\n\t\t\t\t\t\t\t\t\t<\/ol>\n\n\t\t\t\t<div class=\"sow-slide-nav sow-slide-nav-next\">\n\t\t\t\t\t<a href=\"#\" data-goto=\"next\" aria-label=\"diapositive suivante\" data-action=\"next\">\n\t\t\t\t\t\t<em class=\"sow-sld-icon-thin-right\"><\/em>\n\t\t\t\t\t<\/a>\n\t\t\t\t<\/div>\n\n\t\t\t\t<div class=\"sow-slide-nav sow-slide-nav-prev\">\n\t\t\t\t\t<a href=\"#\" data-goto=\"previous\" aria-label=\"diapositive pr\u00e9c\u00e9dente\" data-action=\"prev\">\n\t\t\t\t\t\t<em class=\"sow-sld-icon-thin-left\"><\/em>\n\t\t\t\t\t<\/a>\n\t\t\t\t<\/div>\n\t\t\t\t<\/div><\/div><\/div><div id=\"panel-2141-0-0-2\" class=\"so-panel widget widget_sow-editor panel-last-child\" data-index=\"2\" ><div\n\t\t\t\n\t\t\tclass=\"so-widget-sow-editor so-widget-sow-editor-base\"\n\t\t\t\n\t\t>\n<div class=\"siteorigin-widget-tinymce textwidget\">\n\t<p>Les d\u00e9marreurs \u00e0 r\u00e9sistance pas-\u00e0-pas sont particuli\u00e8rement adapt\u00e9s aux applications d\u2019entra\u00eenement de convoyeur o\u00f9 plusieurs moteurs entra\u00eenent une bande, en raison du contr\u00f4le pr\u00e9cis de la r\u00e9sistance. De plus, les d\u00e9marreurs refroidis \u00e0 l\u2019huile 3\u00a0PA (immerg\u00e9s dans l\u2019huile) sont capables de fonctionner aux temp\u00e9ratures les plus basses sans mesures de chauffage suppl\u00e9mentaires.<\/p>\n<\/div>\n<\/div><\/div><\/div><\/div><\/div>","protected":false},"excerpt":{"rendered":"<p>En compl\u00e9ment de nos offres de d\u00e9marreurs \u00e0 r\u00e9sistance liquide, nous fournissons \u00e9galement des d\u00e9marreurs \u00e0 r\u00e9sistance pas-\u00e0-pas. Ces d\u00e9marreurs contiennent des r\u00e9sistances fixes fabriqu\u00e9es en fonte qui sont successivement court-circuit\u00e9es du circuit du rotor par des contacteurs de puissance. Les r\u00e9sistances sont g\u00e9n\u00e9ralement refroidies par convection naturelle, mais peuvent \u00e9galement \u00eatre immerg\u00e9es dans l\u2019huile.<\/p>\n","protected":false},"author":1,"featured_media":780,"parent":2127,"menu_order":5,"comment_status":"closed","ping_status":"closed","template":"","meta":{"_acf_changed":false,"footnotes":""},"acf":[],"yoast_head":"<!-- This site is optimized with the Yoast SEO plugin v22.2 - https:\/\/yoast.com\/wordpress\/plugins\/seo\/ -->\n<title>D\u00e9marreurs de moteurs \u00e0 r\u00e9sistances pas-\u00e0-pas - GINO AKA<\/title>\n<meta name=\"robots\" content=\"index, follow, max-snippet:-1, max-image-preview:large, max-video-preview:-1\" \/>\n<link rel=\"canonical\" href=\"https:\/\/www.gino-aka.com\/fr\/produits\/regulateurs-de-moteur\/demarreurs-de-moteurs-a-resistances-pas-a-pas\/\" \/>\n<meta property=\"og:locale\" content=\"fr_FR\" \/>\n<meta property=\"og:type\" content=\"article\" \/>\n<meta property=\"og:title\" content=\"D\u00e9marreurs de moteurs \u00e0 r\u00e9sistances pas-\u00e0-pas - GINO AKA\" \/>\n<meta property=\"og:description\" content=\"En compl\u00e9ment de nos offres de d\u00e9marreurs \u00e0 r\u00e9sistance liquide, nous fournissons \u00e9galement des d\u00e9marreurs \u00e0 r\u00e9sistance pas-\u00e0-pas. Ces d\u00e9marreurs contiennent des r\u00e9sistances fixes fabriqu\u00e9es en fonte qui sont successivement court-circuit\u00e9es du circuit du rotor par des contacteurs de puissance. Les r\u00e9sistances sont g\u00e9n\u00e9ralement refroidies par convection naturelle, mais peuvent \u00e9galement \u00eatre immerg\u00e9es dans l\u2019huile.\" \/>\n<meta property=\"og:url\" content=\"https:\/\/www.gino-aka.com\/fr\/produits\/regulateurs-de-moteur\/demarreurs-de-moteurs-a-resistances-pas-a-pas\/\" \/>\n<meta property=\"og:site_name\" content=\"GINO AKA\" \/>\n<meta property=\"article:modified_time\" content=\"2022-01-23T19:13:11+00:00\" \/>\n<meta property=\"og:image\" content=\"https:\/\/www.gino-aka.com\/wp-content\/uploads\/2021\/09\/Olanlasser-MaeMoh-15-scaled.jpg\" \/>\n\t<meta property=\"og:image:width\" content=\"2560\" \/>\n\t<meta property=\"og:image:height\" content=\"1709\" \/>\n\t<meta property=\"og:image:type\" content=\"image\/jpeg\" \/>\n<meta name=\"twitter:card\" content=\"summary_large_image\" \/>\n<meta name=\"twitter:label1\" content=\"Dur\u00e9e de lecture estim\u00e9e\" \/>\n\t<meta name=\"twitter:data1\" content=\"1 minute\" \/>\n<script type=\"application\/ld+json\" class=\"yoast-schema-graph\">{\"@context\":\"https:\/\/schema.org\",\"@graph\":[{\"@type\":\"WebPage\",\"@id\":\"https:\/\/www.gino-aka.com\/fr\/produits\/regulateurs-de-moteur\/demarreurs-de-moteurs-a-resistances-pas-a-pas\/\",\"url\":\"https:\/\/www.gino-aka.com\/fr\/produits\/regulateurs-de-moteur\/demarreurs-de-moteurs-a-resistances-pas-a-pas\/\",\"name\":\"D\u00e9marreurs de moteurs \u00e0 r\u00e9sistances pas-\u00e0-pas - GINO AKA\",\"isPartOf\":{\"@id\":\"https:\/\/www.gino-aka.com\/fr\/#website\"},\"primaryImageOfPage\":{\"@id\":\"https:\/\/www.gino-aka.com\/fr\/produits\/regulateurs-de-moteur\/demarreurs-de-moteurs-a-resistances-pas-a-pas\/#primaryimage\"},\"image\":{\"@id\":\"https:\/\/www.gino-aka.com\/fr\/produits\/regulateurs-de-moteur\/demarreurs-de-moteurs-a-resistances-pas-a-pas\/#primaryimage\"},\"thumbnailUrl\":\"https:\/\/www.gino-aka.com\/wp-content\/uploads\/2021\/09\/Olanlasser-MaeMoh-15-scaled.jpg\",\"datePublished\":\"2022-01-23T00:34:45+00:00\",\"dateModified\":\"2022-01-23T19:13:11+00:00\",\"breadcrumb\":{\"@id\":\"https:\/\/www.gino-aka.com\/fr\/produits\/regulateurs-de-moteur\/demarreurs-de-moteurs-a-resistances-pas-a-pas\/#breadcrumb\"},\"inLanguage\":\"fr-FR\",\"potentialAction\":[{\"@type\":\"ReadAction\",\"target\":[\"https:\/\/www.gino-aka.com\/fr\/produits\/regulateurs-de-moteur\/demarreurs-de-moteurs-a-resistances-pas-a-pas\/\"]}]},{\"@type\":\"ImageObject\",\"inLanguage\":\"fr-FR\",\"@id\":\"https:\/\/www.gino-aka.com\/fr\/produits\/regulateurs-de-moteur\/demarreurs-de-moteurs-a-resistances-pas-a-pas\/#primaryimage\",\"url\":\"https:\/\/www.gino-aka.com\/wp-content\/uploads\/2021\/09\/Olanlasser-MaeMoh-15-scaled.jpg\",\"contentUrl\":\"https:\/\/www.gino-aka.com\/wp-content\/uploads\/2021\/09\/Olanlasser-MaeMoh-15-scaled.jpg\",\"width\":2560,\"height\":1709},{\"@type\":\"BreadcrumbList\",\"@id\":\"https:\/\/www.gino-aka.com\/fr\/produits\/regulateurs-de-moteur\/demarreurs-de-moteurs-a-resistances-pas-a-pas\/#breadcrumb\",\"itemListElement\":[{\"@type\":\"ListItem\",\"position\":1,\"name\":\"Produits\",\"item\":\"https:\/\/www.gino-aka.com\/fr\/produits\/\"},{\"@type\":\"ListItem\",\"position\":2,\"name\":\"R\u00e9gulateurs de moteur\",\"item\":\"https:\/\/www.gino-aka.com\/fr\/produits\/regulateurs-de-moteur\/\"},{\"@type\":\"ListItem\",\"position\":3,\"name\":\"D\u00e9marreurs de moteurs \u00e0 r\u00e9sistances pas-\u00e0-pas\"}]},{\"@type\":\"WebSite\",\"@id\":\"https:\/\/www.gino-aka.com\/fr\/#website\",\"url\":\"https:\/\/www.gino-aka.com\/fr\/\",\"name\":\"GINO AKA\",\"description\":\"GINO AKA SAS\",\"potentialAction\":[{\"@type\":\"SearchAction\",\"target\":{\"@type\":\"EntryPoint\",\"urlTemplate\":\"https:\/\/www.gino-aka.com\/fr\/?s={search_term_string}\"},\"query-input\":\"required name=search_term_string\"}],\"inLanguage\":\"fr-FR\"}]}<\/script>\n<!-- \/ Yoast SEO plugin. -->","yoast_head_json":{"title":"D\u00e9marreurs de moteurs \u00e0 r\u00e9sistances pas-\u00e0-pas - GINO AKA","robots":{"index":"index","follow":"follow","max-snippet":"max-snippet:-1","max-image-preview":"max-image-preview:large","max-video-preview":"max-video-preview:-1"},"canonical":"https:\/\/www.gino-aka.com\/fr\/produits\/regulateurs-de-moteur\/demarreurs-de-moteurs-a-resistances-pas-a-pas\/","og_locale":"fr_FR","og_type":"article","og_title":"D\u00e9marreurs de moteurs \u00e0 r\u00e9sistances pas-\u00e0-pas - GINO AKA","og_description":"En compl\u00e9ment de nos offres de d\u00e9marreurs \u00e0 r\u00e9sistance liquide, nous fournissons \u00e9galement des d\u00e9marreurs \u00e0 r\u00e9sistance pas-\u00e0-pas. Ces d\u00e9marreurs contiennent des r\u00e9sistances fixes fabriqu\u00e9es en fonte qui sont successivement court-circuit\u00e9es du circuit du rotor par des contacteurs de puissance. Les r\u00e9sistances sont g\u00e9n\u00e9ralement refroidies par convection naturelle, mais peuvent \u00e9galement \u00eatre immerg\u00e9es dans l\u2019huile.","og_url":"https:\/\/www.gino-aka.com\/fr\/produits\/regulateurs-de-moteur\/demarreurs-de-moteurs-a-resistances-pas-a-pas\/","og_site_name":"GINO AKA","article_modified_time":"2022-01-23T19:13:11+00:00","og_image":[{"width":2560,"height":1709,"url":"https:\/\/www.gino-aka.com\/wp-content\/uploads\/2021\/09\/Olanlasser-MaeMoh-15-scaled.jpg","type":"image\/jpeg"}],"twitter_card":"summary_large_image","twitter_misc":{"Dur\u00e9e de lecture estim\u00e9e":"1 minute"},"schema":{"@context":"https:\/\/schema.org","@graph":[{"@type":"WebPage","@id":"https:\/\/www.gino-aka.com\/fr\/produits\/regulateurs-de-moteur\/demarreurs-de-moteurs-a-resistances-pas-a-pas\/","url":"https:\/\/www.gino-aka.com\/fr\/produits\/regulateurs-de-moteur\/demarreurs-de-moteurs-a-resistances-pas-a-pas\/","name":"D\u00e9marreurs de moteurs \u00e0 r\u00e9sistances pas-\u00e0-pas - GINO AKA","isPartOf":{"@id":"https:\/\/www.gino-aka.com\/fr\/#website"},"primaryImageOfPage":{"@id":"https:\/\/www.gino-aka.com\/fr\/produits\/regulateurs-de-moteur\/demarreurs-de-moteurs-a-resistances-pas-a-pas\/#primaryimage"},"image":{"@id":"https:\/\/www.gino-aka.com\/fr\/produits\/regulateurs-de-moteur\/demarreurs-de-moteurs-a-resistances-pas-a-pas\/#primaryimage"},"thumbnailUrl":"https:\/\/www.gino-aka.com\/wp-content\/uploads\/2021\/09\/Olanlasser-MaeMoh-15-scaled.jpg","datePublished":"2022-01-23T00:34:45+00:00","dateModified":"2022-01-23T19:13:11+00:00","breadcrumb":{"@id":"https:\/\/www.gino-aka.com\/fr\/produits\/regulateurs-de-moteur\/demarreurs-de-moteurs-a-resistances-pas-a-pas\/#breadcrumb"},"inLanguage":"fr-FR","potentialAction":[{"@type":"ReadAction","target":["https:\/\/www.gino-aka.com\/fr\/produits\/regulateurs-de-moteur\/demarreurs-de-moteurs-a-resistances-pas-a-pas\/"]}]},{"@type":"ImageObject","inLanguage":"fr-FR","@id":"https:\/\/www.gino-aka.com\/fr\/produits\/regulateurs-de-moteur\/demarreurs-de-moteurs-a-resistances-pas-a-pas\/#primaryimage","url":"https:\/\/www.gino-aka.com\/wp-content\/uploads\/2021\/09\/Olanlasser-MaeMoh-15-scaled.jpg","contentUrl":"https:\/\/www.gino-aka.com\/wp-content\/uploads\/2021\/09\/Olanlasser-MaeMoh-15-scaled.jpg","width":2560,"height":1709},{"@type":"BreadcrumbList","@id":"https:\/\/www.gino-aka.com\/fr\/produits\/regulateurs-de-moteur\/demarreurs-de-moteurs-a-resistances-pas-a-pas\/#breadcrumb","itemListElement":[{"@type":"ListItem","position":1,"name":"Produits","item":"https:\/\/www.gino-aka.com\/fr\/produits\/"},{"@type":"ListItem","position":2,"name":"R\u00e9gulateurs de moteur","item":"https:\/\/www.gino-aka.com\/fr\/produits\/regulateurs-de-moteur\/"},{"@type":"ListItem","position":3,"name":"D\u00e9marreurs de moteurs \u00e0 r\u00e9sistances pas-\u00e0-pas"}]},{"@type":"WebSite","@id":"https:\/\/www.gino-aka.com\/fr\/#website","url":"https:\/\/www.gino-aka.com\/fr\/","name":"GINO AKA","description":"GINO AKA SAS","potentialAction":[{"@type":"SearchAction","target":{"@type":"EntryPoint","urlTemplate":"https:\/\/www.gino-aka.com\/fr\/?s={search_term_string}"},"query-input":"required name=search_term_string"}],"inLanguage":"fr-FR"}]}},"_links":{"self":[{"href":"https:\/\/www.gino-aka.com\/fr\/wp-json\/wp\/v2\/pages\/2141"}],"collection":[{"href":"https:\/\/www.gino-aka.com\/fr\/wp-json\/wp\/v2\/pages"}],"about":[{"href":"https:\/\/www.gino-aka.com\/fr\/wp-json\/wp\/v2\/types\/page"}],"author":[{"embeddable":true,"href":"https:\/\/www.gino-aka.com\/fr\/wp-json\/wp\/v2\/users\/1"}],"replies":[{"embeddable":true,"href":"https:\/\/www.gino-aka.com\/fr\/wp-json\/wp\/v2\/comments?post=2141"}],"version-history":[{"count":6,"href":"https:\/\/www.gino-aka.com\/fr\/wp-json\/wp\/v2\/pages\/2141\/revisions"}],"predecessor-version":[{"id":2226,"href":"https:\/\/www.gino-aka.com\/fr\/wp-json\/wp\/v2\/pages\/2141\/revisions\/2226"}],"up":[{"embeddable":true,"href":"https:\/\/www.gino-aka.com\/fr\/wp-json\/wp\/v2\/pages\/2127"}],"wp:featuredmedia":[{"embeddable":true,"href":"https:\/\/www.gino-aka.com\/fr\/wp-json\/wp\/v2\/media\/780"}],"wp:attachment":[{"href":"https:\/\/www.gino-aka.com\/fr\/wp-json\/wp\/v2\/media?parent=2141"}],"curies":[{"name":"wp","href":"https:\/\/api.w.org\/{rel}","templated":true}]}}