{"id":2138,"date":"2022-01-23T00:33:22","date_gmt":"2022-01-23T00:33:22","guid":{"rendered":"https:\/\/www.gino-aka.com\/?page_id=2138"},"modified":"2022-01-23T19:22:20","modified_gmt":"2022-01-23T19:22:20","slug":"solutions-de-resistance-a-glissement-gino-aka","status":"publish","type":"page","link":"https:\/\/www.gino-aka.com\/fr\/produits\/regulateurs-de-moteur\/solutions-de-resistance-a-glissement-gino-aka\/","title":{"rendered":"Solutions de r\u00e9sistance \u00e0 glissement GINO-AKA"},"content":{"rendered":"<div id=\"pl-2138\"  class=\"panel-layout\" ><div id=\"pg-2138-0\"  class=\"panel-grid panel-no-style\" ><div id=\"pgc-2138-0-0\"  class=\"panel-grid-cell\" ><div id=\"panel-2138-0-0-0\" class=\"so-panel widget widget_sow-editor panel-first-child\" data-index=\"0\" ><div\n\t\t\t\n\t\t\tclass=\"so-widget-sow-editor so-widget-sow-editor-base\"\n\t\t\t\n\t\t>\n<div class=\"siteorigin-widget-tinymce textwidget\">\n\t<p>Les r\u00e9sistances \u00e0 glissement sont utilis\u00e9es avec nos d\u00e9marreurs liquides pour diverses applications. La r\u00e9sistance reste dans le circuit du rotor du moteur (WRIM) et prot\u00e8ge le syst\u00e8me contre les surcharges de courant. Ces r\u00e9sistances sont \u00e9galement couramment utilis\u00e9es comme r\u00e9sistance d\u2019\u00e9quilibrage de charge pour les applications \u00e0 double entra\u00eenement.<br \/>\nGINO-AKA offre une vari\u00e9t\u00e9 de diff\u00e9rents syst\u00e8mes de r\u00e9sistance \u00e0 glissement avec air forc\u00e9 avec refroidissement par air forc\u00e9, par huile ou par convection naturelle et fournit les \u00e9quipements les plus modernes fabriqu\u00e9s par les soci\u00e9t\u00e9s du groupe TELEMA.<\/p>\n<\/div>\n<\/div><\/div><div id=\"panel-2138-0-0-1\" class=\"so-panel widget widget_sow-slider\" data-index=\"1\" ><div\n\t\t\t\n\t\t\tclass=\"so-widget-sow-slider so-widget-sow-slider-default-6d39609536fd-2138\"\n\t\t\t\n\t\t>\t\t\t\t<div class=\"sow-slider-base\" style=\"display: none\" tabindex=\"0\">\n\t\t\t\t\t<ul\n\t\t\t\t\tclass=\"sow-slider-images\"\n\t\t\t\t\tdata-settings=\"{&quot;pagination&quot;:true,&quot;speed&quot;:800,&quot;timeout&quot;:4000,&quot;paused&quot;:false,&quot;pause_on_hover&quot;:false,&quot;swipe&quot;:true,&quot;nav_always_show_desktop&quot;:&quot;&quot;,&quot;nav_always_show_mobile&quot;:&quot;&quot;,&quot;breakpoint&quot;:&quot;780px&quot;,&quot;unmute&quot;:false,&quot;anchor&quot;:null}\"\n\t\t\t\t\t\t\t\t\t\tdata-anchor-id=\"\"\n\t\t\t\t>\t\t<li class=\"sow-slider-image\" style=\"visibility: visible;\" >\n\t\t\t\t\t\t<img loading=\"lazy\" decoding=\"async\" width=\"2560\" height=\"1707\" src=\"https:\/\/www.gino-aka.com\/wp-content\/uploads\/2021\/09\/slip-resistorsedit-scaled.jpg\" class=\"sow-slider-background-image\" alt=\"\" style=\"\" srcset=\"https:\/\/www.gino-aka.com\/wp-content\/uploads\/2021\/09\/slip-resistorsedit-scaled.jpg 2560w, https:\/\/www.gino-aka.com\/wp-content\/uploads\/2021\/09\/slip-resistorsedit-300x200.jpg 300w, https:\/\/www.gino-aka.com\/wp-content\/uploads\/2021\/09\/slip-resistorsedit-1024x683.jpg 1024w, https:\/\/www.gino-aka.com\/wp-content\/uploads\/2021\/09\/slip-resistorsedit-768x512.jpg 768w, https:\/\/www.gino-aka.com\/wp-content\/uploads\/2021\/09\/slip-resistorsedit-1536x1024.jpg 1536w, https:\/\/www.gino-aka.com\/wp-content\/uploads\/2021\/09\/slip-resistorsedit-2048x1365.jpg 2048w, https:\/\/www.gino-aka.com\/wp-content\/uploads\/2021\/09\/slip-resistorsedit-272x182.jpg 272w\" sizes=\"(max-width: 2560px) 100vw, 2560px\" \/>\t\t<\/li>\n\t\t\t\t<li class=\"sow-slider-image\" style=\"visibility: hidden;\" >\n\t\t\t\t\t\t<img loading=\"lazy\" decoding=\"async\" width=\"2560\" height=\"1707\" src=\"https:\/\/www.gino-aka.com\/wp-content\/uploads\/2021\/09\/DSC_0148edit-scaled.jpg\" class=\"sow-slider-background-image\" alt=\"\" style=\"\" srcset=\"https:\/\/www.gino-aka.com\/wp-content\/uploads\/2021\/09\/DSC_0148edit-scaled.jpg 2560w, https:\/\/www.gino-aka.com\/wp-content\/uploads\/2021\/09\/DSC_0148edit-300x200.jpg 300w, https:\/\/www.gino-aka.com\/wp-content\/uploads\/2021\/09\/DSC_0148edit-1024x683.jpg 1024w, https:\/\/www.gino-aka.com\/wp-content\/uploads\/2021\/09\/DSC_0148edit-768x512.jpg 768w, https:\/\/www.gino-aka.com\/wp-content\/uploads\/2021\/09\/DSC_0148edit-1536x1024.jpg 1536w, https:\/\/www.gino-aka.com\/wp-content\/uploads\/2021\/09\/DSC_0148edit-2048x1365.jpg 2048w, https:\/\/www.gino-aka.com\/wp-content\/uploads\/2021\/09\/DSC_0148edit-272x182.jpg 272w\" sizes=\"(max-width: 2560px) 100vw, 2560px\" \/>\t\t<\/li>\n\t\t\t\t<li class=\"sow-slider-image\" style=\"visibility: hidden;\" >\n\t\t\t\t\t\t<img loading=\"lazy\" decoding=\"async\" width=\"2560\" height=\"1707\" src=\"https:\/\/www.gino-aka.com\/wp-content\/uploads\/2021\/09\/DSC_0154-Kopie-scaled.jpg\" class=\"sow-slider-background-image\" alt=\"\" style=\"\" srcset=\"https:\/\/www.gino-aka.com\/wp-content\/uploads\/2021\/09\/DSC_0154-Kopie-scaled.jpg 2560w, https:\/\/www.gino-aka.com\/wp-content\/uploads\/2021\/09\/DSC_0154-Kopie-300x200.jpg 300w, https:\/\/www.gino-aka.com\/wp-content\/uploads\/2021\/09\/DSC_0154-Kopie-1024x683.jpg 1024w, https:\/\/www.gino-aka.com\/wp-content\/uploads\/2021\/09\/DSC_0154-Kopie-768x512.jpg 768w, https:\/\/www.gino-aka.com\/wp-content\/uploads\/2021\/09\/DSC_0154-Kopie-1536x1024.jpg 1536w, https:\/\/www.gino-aka.com\/wp-content\/uploads\/2021\/09\/DSC_0154-Kopie-2048x1365.jpg 2048w, https:\/\/www.gino-aka.com\/wp-content\/uploads\/2021\/09\/DSC_0154-Kopie-272x182.jpg 272w\" sizes=\"(max-width: 2560px) 100vw, 2560px\" \/>\t\t<\/li>\n\t\t<\/ul>\t\t\t\t<ol class=\"sow-slider-pagination\">\n\t\t\t\t\t\t\t\t\t\t\t<li><a href=\"#\" data-goto=\"0\" aria-label=\"afficher la diapositive 1\"><\/a><\/li>\n\t\t\t\t\t\t\t\t\t\t\t<li><a href=\"#\" data-goto=\"1\" aria-label=\"afficher la diapositive 2\"><\/a><\/li>\n\t\t\t\t\t\t\t\t\t\t\t<li><a href=\"#\" data-goto=\"2\" aria-label=\"afficher la diapositive 3\"><\/a><\/li>\n\t\t\t\t\t\t\t\t\t<\/ol>\n\n\t\t\t\t<div class=\"sow-slide-nav sow-slide-nav-next\">\n\t\t\t\t\t<a href=\"#\" data-goto=\"next\" aria-label=\"diapositive suivante\" data-action=\"next\">\n\t\t\t\t\t\t<em class=\"sow-sld-icon-thin-right\"><\/em>\n\t\t\t\t\t<\/a>\n\t\t\t\t<\/div>\n\n\t\t\t\t<div class=\"sow-slide-nav sow-slide-nav-prev\">\n\t\t\t\t\t<a href=\"#\" data-goto=\"previous\" aria-label=\"diapositive pr\u00e9c\u00e9dente\" data-action=\"prev\">\n\t\t\t\t\t\t<em class=\"sow-sld-icon-thin-left\"><\/em>\n\t\t\t\t\t<\/a>\n\t\t\t\t<\/div>\n\t\t\t\t<\/div><\/div><\/div><div id=\"panel-2138-0-0-2\" class=\"so-panel widget widget_sow-editor panel-last-child\" data-index=\"2\" ><div\n\t\t\t\n\t\t\tclass=\"so-widget-sow-editor so-widget-sow-editor-base\"\n\t\t\t\n\t\t><h3 class=\"widget-title\">Types de r\u00e9sistances \u00e0 glissement<\/h3>\n<div class=\"siteorigin-widget-tinymce textwidget\">\n\t<p>En fonction de l\u2019application des r\u00e9sistances \u00e0 glissement GINO-AKA choisit le syst\u00e8me de r\u00e9sistance adapt\u00e9 de sa large gamme:<\/p>\n<ul>\n<li>R\u00e9sistances \u00e0 glissement refroidies \u00e0 l\u2019huile\/\u00e0 l\u2019eau pour des applications \u00e0 haute puissance dans les environnements les plus hostiles comme pour les broyeurs de canne \u00e0 sucre.<\/li>\n<li>R\u00e9sistances en fonte avec convection naturelle pour les pics de couple \u00e9lev\u00e9s et l\u2019\u00e9quilibrage des charges.<\/li>\n<li>Ventilation forc\u00e9e pour une charge de r\u00e9sistance continue \u00e9lev\u00e9e.<\/li>\n<\/ul>\n<\/div>\n<\/div><\/div><\/div><\/div><\/div>","protected":false},"excerpt":{"rendered":"<p>Les r\u00e9sistances \u00e0 glissement sont utilis\u00e9es avec nos d\u00e9marreurs liquides pour diverses applications. La r\u00e9sistance reste dans le circuit du rotor du moteur (WRIM) et prot\u00e8ge le syst\u00e8me contre les surcharges de courant. Ces r\u00e9sistances sont \u00e9galement couramment utilis\u00e9es comme r\u00e9sistance d\u2019\u00e9quilibrage de charge pour les applications \u00e0 double entra\u00eenement. GINO-AKA offre une vari\u00e9t\u00e9 de [&hellip;]<\/p>\n","protected":false},"author":1,"featured_media":756,"parent":2127,"menu_order":4,"comment_status":"closed","ping_status":"closed","template":"","meta":{"_acf_changed":false,"footnotes":""},"acf":[],"yoast_head":"<!-- This site is optimized with the Yoast SEO plugin v22.2 - https:\/\/yoast.com\/wordpress\/plugins\/seo\/ -->\n<title>Solutions de r\u00e9sistance \u00e0 glissement GINO-AKA - GINO AKA<\/title>\n<meta name=\"robots\" content=\"index, follow, max-snippet:-1, max-image-preview:large, max-video-preview:-1\" \/>\n<link rel=\"canonical\" href=\"https:\/\/www.gino-aka.com\/fr\/produits\/regulateurs-de-moteur\/solutions-de-resistance-a-glissement-gino-aka\/\" \/>\n<meta property=\"og:locale\" content=\"fr_FR\" \/>\n<meta property=\"og:type\" content=\"article\" \/>\n<meta property=\"og:title\" content=\"Solutions de r\u00e9sistance \u00e0 glissement GINO-AKA - GINO AKA\" \/>\n<meta property=\"og:description\" content=\"Les r\u00e9sistances \u00e0 glissement sont utilis\u00e9es avec nos d\u00e9marreurs liquides pour diverses applications. La r\u00e9sistance reste dans le circuit du rotor du moteur (WRIM) et prot\u00e8ge le syst\u00e8me contre les surcharges de courant. Ces r\u00e9sistances sont \u00e9galement couramment utilis\u00e9es comme r\u00e9sistance d\u2019\u00e9quilibrage de charge pour les applications \u00e0 double entra\u00eenement. GINO-AKA offre une vari\u00e9t\u00e9 de [&hellip;]\" \/>\n<meta property=\"og:url\" content=\"https:\/\/www.gino-aka.com\/fr\/produits\/regulateurs-de-moteur\/solutions-de-resistance-a-glissement-gino-aka\/\" \/>\n<meta property=\"og:site_name\" content=\"GINO AKA\" \/>\n<meta property=\"article:modified_time\" content=\"2022-01-23T19:22:20+00:00\" \/>\n<meta property=\"og:image\" content=\"https:\/\/www.gino-aka.com\/wp-content\/uploads\/2021\/09\/DSC_0150edit-scaled.jpg\" \/>\n\t<meta property=\"og:image:width\" content=\"2560\" \/>\n\t<meta property=\"og:image:height\" content=\"1707\" \/>\n\t<meta property=\"og:image:type\" content=\"image\/jpeg\" \/>\n<meta name=\"twitter:card\" content=\"summary_large_image\" \/>\n<meta name=\"twitter:label1\" content=\"Dur\u00e9e de lecture estim\u00e9e\" \/>\n\t<meta name=\"twitter:data1\" content=\"1 minute\" \/>\n<script type=\"application\/ld+json\" class=\"yoast-schema-graph\">{\"@context\":\"https:\/\/schema.org\",\"@graph\":[{\"@type\":\"WebPage\",\"@id\":\"https:\/\/www.gino-aka.com\/fr\/produits\/regulateurs-de-moteur\/solutions-de-resistance-a-glissement-gino-aka\/\",\"url\":\"https:\/\/www.gino-aka.com\/fr\/produits\/regulateurs-de-moteur\/solutions-de-resistance-a-glissement-gino-aka\/\",\"name\":\"Solutions de r\u00e9sistance \u00e0 glissement GINO-AKA - GINO AKA\",\"isPartOf\":{\"@id\":\"https:\/\/www.gino-aka.com\/fr\/#website\"},\"primaryImageOfPage\":{\"@id\":\"https:\/\/www.gino-aka.com\/fr\/produits\/regulateurs-de-moteur\/solutions-de-resistance-a-glissement-gino-aka\/#primaryimage\"},\"image\":{\"@id\":\"https:\/\/www.gino-aka.com\/fr\/produits\/regulateurs-de-moteur\/solutions-de-resistance-a-glissement-gino-aka\/#primaryimage\"},\"thumbnailUrl\":\"https:\/\/www.gino-aka.com\/wp-content\/uploads\/2021\/09\/DSC_0150edit-scaled.jpg\",\"datePublished\":\"2022-01-23T00:33:22+00:00\",\"dateModified\":\"2022-01-23T19:22:20+00:00\",\"breadcrumb\":{\"@id\":\"https:\/\/www.gino-aka.com\/fr\/produits\/regulateurs-de-moteur\/solutions-de-resistance-a-glissement-gino-aka\/#breadcrumb\"},\"inLanguage\":\"fr-FR\",\"potentialAction\":[{\"@type\":\"ReadAction\",\"target\":[\"https:\/\/www.gino-aka.com\/fr\/produits\/regulateurs-de-moteur\/solutions-de-resistance-a-glissement-gino-aka\/\"]}]},{\"@type\":\"ImageObject\",\"inLanguage\":\"fr-FR\",\"@id\":\"https:\/\/www.gino-aka.com\/fr\/produits\/regulateurs-de-moteur\/solutions-de-resistance-a-glissement-gino-aka\/#primaryimage\",\"url\":\"https:\/\/www.gino-aka.com\/wp-content\/uploads\/2021\/09\/DSC_0150edit-scaled.jpg\",\"contentUrl\":\"https:\/\/www.gino-aka.com\/wp-content\/uploads\/2021\/09\/DSC_0150edit-scaled.jpg\",\"width\":2560,\"height\":1707},{\"@type\":\"BreadcrumbList\",\"@id\":\"https:\/\/www.gino-aka.com\/fr\/produits\/regulateurs-de-moteur\/solutions-de-resistance-a-glissement-gino-aka\/#breadcrumb\",\"itemListElement\":[{\"@type\":\"ListItem\",\"position\":1,\"name\":\"Produits\",\"item\":\"https:\/\/www.gino-aka.com\/fr\/produits\/\"},{\"@type\":\"ListItem\",\"position\":2,\"name\":\"R\u00e9gulateurs de moteur\",\"item\":\"https:\/\/www.gino-aka.com\/fr\/produits\/regulateurs-de-moteur\/\"},{\"@type\":\"ListItem\",\"position\":3,\"name\":\"Solutions de r\u00e9sistance \u00e0 glissement GINO-AKA\"}]},{\"@type\":\"WebSite\",\"@id\":\"https:\/\/www.gino-aka.com\/fr\/#website\",\"url\":\"https:\/\/www.gino-aka.com\/fr\/\",\"name\":\"GINO AKA\",\"description\":\"GINO AKA SAS\",\"potentialAction\":[{\"@type\":\"SearchAction\",\"target\":{\"@type\":\"EntryPoint\",\"urlTemplate\":\"https:\/\/www.gino-aka.com\/fr\/?s={search_term_string}\"},\"query-input\":\"required name=search_term_string\"}],\"inLanguage\":\"fr-FR\"}]}<\/script>\n<!-- \/ Yoast SEO plugin. -->","yoast_head_json":{"title":"Solutions de r\u00e9sistance \u00e0 glissement GINO-AKA - GINO AKA","robots":{"index":"index","follow":"follow","max-snippet":"max-snippet:-1","max-image-preview":"max-image-preview:large","max-video-preview":"max-video-preview:-1"},"canonical":"https:\/\/www.gino-aka.com\/fr\/produits\/regulateurs-de-moteur\/solutions-de-resistance-a-glissement-gino-aka\/","og_locale":"fr_FR","og_type":"article","og_title":"Solutions de r\u00e9sistance \u00e0 glissement GINO-AKA - GINO AKA","og_description":"Les r\u00e9sistances \u00e0 glissement sont utilis\u00e9es avec nos d\u00e9marreurs liquides pour diverses applications. La r\u00e9sistance reste dans le circuit du rotor du moteur (WRIM) et prot\u00e8ge le syst\u00e8me contre les surcharges de courant. Ces r\u00e9sistances sont \u00e9galement couramment utilis\u00e9es comme r\u00e9sistance d\u2019\u00e9quilibrage de charge pour les applications \u00e0 double entra\u00eenement. GINO-AKA offre une vari\u00e9t\u00e9 de [&hellip;]","og_url":"https:\/\/www.gino-aka.com\/fr\/produits\/regulateurs-de-moteur\/solutions-de-resistance-a-glissement-gino-aka\/","og_site_name":"GINO AKA","article_modified_time":"2022-01-23T19:22:20+00:00","og_image":[{"width":2560,"height":1707,"url":"https:\/\/www.gino-aka.com\/wp-content\/uploads\/2021\/09\/DSC_0150edit-scaled.jpg","type":"image\/jpeg"}],"twitter_card":"summary_large_image","twitter_misc":{"Dur\u00e9e de lecture estim\u00e9e":"1 minute"},"schema":{"@context":"https:\/\/schema.org","@graph":[{"@type":"WebPage","@id":"https:\/\/www.gino-aka.com\/fr\/produits\/regulateurs-de-moteur\/solutions-de-resistance-a-glissement-gino-aka\/","url":"https:\/\/www.gino-aka.com\/fr\/produits\/regulateurs-de-moteur\/solutions-de-resistance-a-glissement-gino-aka\/","name":"Solutions de r\u00e9sistance \u00e0 glissement GINO-AKA - GINO AKA","isPartOf":{"@id":"https:\/\/www.gino-aka.com\/fr\/#website"},"primaryImageOfPage":{"@id":"https:\/\/www.gino-aka.com\/fr\/produits\/regulateurs-de-moteur\/solutions-de-resistance-a-glissement-gino-aka\/#primaryimage"},"image":{"@id":"https:\/\/www.gino-aka.com\/fr\/produits\/regulateurs-de-moteur\/solutions-de-resistance-a-glissement-gino-aka\/#primaryimage"},"thumbnailUrl":"https:\/\/www.gino-aka.com\/wp-content\/uploads\/2021\/09\/DSC_0150edit-scaled.jpg","datePublished":"2022-01-23T00:33:22+00:00","dateModified":"2022-01-23T19:22:20+00:00","breadcrumb":{"@id":"https:\/\/www.gino-aka.com\/fr\/produits\/regulateurs-de-moteur\/solutions-de-resistance-a-glissement-gino-aka\/#breadcrumb"},"inLanguage":"fr-FR","potentialAction":[{"@type":"ReadAction","target":["https:\/\/www.gino-aka.com\/fr\/produits\/regulateurs-de-moteur\/solutions-de-resistance-a-glissement-gino-aka\/"]}]},{"@type":"ImageObject","inLanguage":"fr-FR","@id":"https:\/\/www.gino-aka.com\/fr\/produits\/regulateurs-de-moteur\/solutions-de-resistance-a-glissement-gino-aka\/#primaryimage","url":"https:\/\/www.gino-aka.com\/wp-content\/uploads\/2021\/09\/DSC_0150edit-scaled.jpg","contentUrl":"https:\/\/www.gino-aka.com\/wp-content\/uploads\/2021\/09\/DSC_0150edit-scaled.jpg","width":2560,"height":1707},{"@type":"BreadcrumbList","@id":"https:\/\/www.gino-aka.com\/fr\/produits\/regulateurs-de-moteur\/solutions-de-resistance-a-glissement-gino-aka\/#breadcrumb","itemListElement":[{"@type":"ListItem","position":1,"name":"Produits","item":"https:\/\/www.gino-aka.com\/fr\/produits\/"},{"@type":"ListItem","position":2,"name":"R\u00e9gulateurs de moteur","item":"https:\/\/www.gino-aka.com\/fr\/produits\/regulateurs-de-moteur\/"},{"@type":"ListItem","position":3,"name":"Solutions de r\u00e9sistance \u00e0 glissement GINO-AKA"}]},{"@type":"WebSite","@id":"https:\/\/www.gino-aka.com\/fr\/#website","url":"https:\/\/www.gino-aka.com\/fr\/","name":"GINO AKA","description":"GINO AKA SAS","potentialAction":[{"@type":"SearchAction","target":{"@type":"EntryPoint","urlTemplate":"https:\/\/www.gino-aka.com\/fr\/?s={search_term_string}"},"query-input":"required name=search_term_string"}],"inLanguage":"fr-FR"}]}},"_links":{"self":[{"href":"https:\/\/www.gino-aka.com\/fr\/wp-json\/wp\/v2\/pages\/2138"}],"collection":[{"href":"https:\/\/www.gino-aka.com\/fr\/wp-json\/wp\/v2\/pages"}],"about":[{"href":"https:\/\/www.gino-aka.com\/fr\/wp-json\/wp\/v2\/types\/page"}],"author":[{"embeddable":true,"href":"https:\/\/www.gino-aka.com\/fr\/wp-json\/wp\/v2\/users\/1"}],"replies":[{"embeddable":true,"href":"https:\/\/www.gino-aka.com\/fr\/wp-json\/wp\/v2\/comments?post=2138"}],"version-history":[{"count":6,"href":"https:\/\/www.gino-aka.com\/fr\/wp-json\/wp\/v2\/pages\/2138\/revisions"}],"predecessor-version":[{"id":2238,"href":"https:\/\/www.gino-aka.com\/fr\/wp-json\/wp\/v2\/pages\/2138\/revisions\/2238"}],"up":[{"embeddable":true,"href":"https:\/\/www.gino-aka.com\/fr\/wp-json\/wp\/v2\/pages\/2127"}],"wp:featuredmedia":[{"embeddable":true,"href":"https:\/\/www.gino-aka.com\/fr\/wp-json\/wp\/v2\/media\/756"}],"wp:attachment":[{"href":"https:\/\/www.gino-aka.com\/fr\/wp-json\/wp\/v2\/media?parent=2138"}],"curies":[{"name":"wp","href":"https:\/\/api.w.org\/{rel}","templated":true}]}}