{"id":2135,"date":"2022-01-23T00:30:57","date_gmt":"2022-01-23T00:30:57","guid":{"rendered":"https:\/\/www.gino-aka.com\/?page_id=2135"},"modified":"2022-01-23T19:21:20","modified_gmt":"2022-01-23T19:21:20","slug":"akamas-2-0","status":"publish","type":"page","link":"https:\/\/www.gino-aka.com\/fr\/produits\/regulateurs-de-moteur\/akamas-2-0\/","title":{"rendered":"AKAMAS\u00a02.0"},"content":{"rendered":"<div id=\"pl-2135\"  class=\"panel-layout\" ><div id=\"pg-2135-0\"  class=\"panel-grid panel-no-style\" ><div id=\"pgc-2135-0-0\"  class=\"panel-grid-cell\" ><div id=\"panel-2135-0-0-0\" class=\"so-panel widget widget_sow-editor panel-first-child\" data-index=\"0\" ><div\n\t\t\t\n\t\t\tclass=\"so-widget-sow-editor so-widget-sow-editor-base\"\n\t\t\t\n\t\t>\n<div class=\"siteorigin-widget-tinymce textwidget\">\n\t<p>Le d\u00e9marrage d\u2019un moteur \u00e0 bague est influenc\u00e9 par de nombreux facteurs. La r\u00e9alisation d\u2019un d\u00e9marrage doux (progressif) de la charge entra\u00een\u00e9e est d\u2019une grande importance afin d\u2019\u00e9viter de subir de fortes contraintes m\u00e9caniques au syst\u00e8me d\u2019entra\u00eenement et des pics de courant \u00e9lev\u00e9s au r\u00e9seau.<\/p>\n<p>Avec le dispositif de surveillance AKAMAS, GINO-AKA fournit un outil sp\u00e9cialement con\u00e7u pour mesurer les courants rotoriques dans deux phases du circuit de rotor des \u00ab\u2009moteurs \u00e0 induction \u00e0 rotor bobin\u00e9\u2009\u00bb (WRIM wound rotor induction motors) et calcule les caract\u00e9ristiques de performance de plusieurs d\u00e9marrages en temps r\u00e9el. Les donn\u00e9es mesur\u00e9es de l\u2019AKAMAS sont enregistr\u00e9es dans un logiciel personnalis\u00e9 et peuvent \u00eatre analys\u00e9es par les utilisateurs. De plus, les courbes de d\u00e9marrage et les indicateurs de performance sont affich\u00e9s sur l\u2019\u00e9cran tactile int\u00e9gr\u00e9.<\/p>\n<p>L\u2019AKAMAS est le premier dispositif autonome qui permet aux utilisateurs de disposer d\u2019une analyse solide bas\u00e9e sur les mesures de la proc\u00e9dure de d\u00e9marrage et leur permet d\u2019ajuster les param\u00e8tres des d\u00e9marreurs de r\u00e9sistance \u00e0 liquide pour r\u00e9pondre aux exigences de l\u2019application. En outre, il peut \u00eatre utilis\u00e9 comme un dispositif de surveillance \u00e0 distance qui permettra de d\u00e9tecter si le comportement de d\u00e9marrage se d\u00e9t\u00e9riore pendant la dur\u00e9e de vie des d\u00e9marreurs et d\u2019informer l\u2019utilisateur sur la n\u00e9cessit\u00e9 de mener des travaux de maintenance.<\/p>\n<\/div>\n<\/div><\/div><div id=\"panel-2135-0-0-1\" class=\"so-panel widget widget_media_video\" data-index=\"1\" ><div id=\"panel-2135-0-0-1\" class=\"so-panel widget widget_media_video\" data-index=\"1\" ><h3 class=\"widget-title\"><\/h3><div class=\"BorlabsCookie _brlbs-cb-youtube\"><div class=\"_brlbs-content-blocker\"> <div class=\"_brlbs-embed _brlbs-video-youtube\"> <img decoding=\"async\" class=\"_brlbs-thumbnail\" src=\"https:\/\/www.gino-aka.com\/wp-content\/plugins\/borlabs-cookie\/assets\/images\/cb-no-thumbnail.png\" alt=\"YouTube\"> <div class=\"_brlbs-caption\"> <p>By loading the video, you agree to YouTube's privacy policy.<br><a href=\"https:\/\/policies.google.com\/privacy?hl=en&amp;gl=en\" target=\"_blank\" rel=\"nofollow noopener noreferrer\">Learn more<\/a><\/p> <p><a class=\"_brlbs-btn _brlbs-icon-play-white\" href=\"#\" data-borlabs-cookie-unblock role=\"button\">Load video<\/a><\/p> <p><label><input type=\"checkbox\" name=\"unblockAll\" value=\"1\" checked> <small>Always unblock YouTube<\/small><\/label><\/p> <\/div> <\/div> <\/div><div class=\"borlabs-hide\" data-borlabs-cookie-type=\"content-blocker\" data-borlabs-cookie-id=\"youtube\"><script type=\"text\/template\">PGlmcmFtZSB0aXRsZT0iR0lOTy1BS0EgQUtBTUFTIFtFbmdsaXNoXSIgd2lkdGg9IjUwMCIgaGVpZ2h0PSIyODEiIHNyYz0iaHR0cHM6Ly93d3cueW91dHViZS1ub2Nvb2tpZS5jb20vZW1iZWQvYkNPQnFDU1Z0d1U\/ZmVhdHVyZT1vZW1iZWQiIGZyYW1lYm9yZGVyPSIwIiBhbGxvdz0iYWNjZWxlcm9tZXRlcjsgYXV0b3BsYXk7IGNsaXBib2FyZC13cml0ZTsgZW5jcnlwdGVkLW1lZGlhOyBneXJvc2NvcGU7IHBpY3R1cmUtaW4tcGljdHVyZTsgd2ViLXNoYXJlIiByZWZlcnJlcnBvbGljeT0ic3RyaWN0LW9yaWdpbi13aGVuLWNyb3NzLW9yaWdpbiIgYWxsb3dmdWxsc2NyZWVuPjwvaWZyYW1lPg==<\/script><\/div><\/div><\/div><\/div><div id=\"panel-2135-0-0-2\" class=\"so-panel widget widget_sow-editor\" data-index=\"2\" ><div\n\t\t\t\n\t\t\tclass=\"so-widget-sow-editor so-widget-sow-editor-base\"\n\t\t\t\n\t\t>\n<div class=\"siteorigin-widget-tinymce textwidget\">\n\t<p>Les indicateurs de performance et les caract\u00e9ristiques de d\u00e9marrage suivants sont calcul\u00e9s par l\u2019AKAMAS\u00a0:<\/p>\n<ul>\n<li>La valeur efficace du courant rotorique global du rotor du moteur en A<\/li>\n<li>Vitesse du moteur en temps r\u00e9el en TR\/min<\/li>\n<li>Puissance transmise sur l\u2019arbre du moteur en kW<\/li>\n<li>Glissement moteur en temps r\u00e9el en %<\/li>\n<li>Cr\u00eate de courant de court-circuit en A<\/li>\n<li>Rapport de r\u00e9glage du LRS<\/li>\n<li>R\u00e9sistance du LRS<\/li>\n<\/ul>\n<p>Les valeurs mesur\u00e9es peuvent \u00eatre mises \u00e0 disposition de l\u2019utilisateur via USB, Ethernet ou WIFI. L\u2019utilisateur peut d\u00e9sormais analyser les performances de d\u00e9marrage, effectuer les r\u00e9glages n\u00e9cessaires ou envoyer les mesures \u00e0 GINO-AKA pour une analyse professionnelle \u00e0 distance.<\/p>\n<\/div>\n<\/div><\/div><div id=\"panel-2135-0-0-3\" class=\"so-panel widget widget_sow-slider panel-last-child\" data-index=\"3\" ><div\n\t\t\t\n\t\t\tclass=\"so-widget-sow-slider so-widget-sow-slider-default-f0ae9a9d037f-2135\"\n\t\t\t\n\t\t>\t\t\t\t<div class=\"sow-slider-base\" style=\"display: none\" tabindex=\"0\">\n\t\t\t\t\t<ul\n\t\t\t\t\tclass=\"sow-slider-images\"\n\t\t\t\t\tdata-settings=\"{&quot;pagination&quot;:true,&quot;speed&quot;:800,&quot;timeout&quot;:3000,&quot;paused&quot;:false,&quot;pause_on_hover&quot;:false,&quot;swipe&quot;:true,&quot;nav_always_show_desktop&quot;:&quot;&quot;,&quot;nav_always_show_mobile&quot;:&quot;&quot;,&quot;breakpoint&quot;:&quot;780px&quot;,&quot;unmute&quot;:false,&quot;anchor&quot;:null}\"\n\t\t\t\t\t\t\t\t\t\tdata-anchor-id=\"\"\n\t\t\t\t>\t\t<li class=\"sow-slider-image\" style=\"visibility: visible;\" >\n\t\t\t\t\t\t<img loading=\"lazy\" decoding=\"async\" width=\"2560\" height=\"1920\" src=\"https:\/\/www.gino-aka.com\/wp-content\/uploads\/2021\/10\/IMG_7903Coverbildprospekt-1-scaled.jpg\" class=\"sow-slider-background-image\" alt=\"\" style=\"\" srcset=\"https:\/\/www.gino-aka.com\/wp-content\/uploads\/2021\/10\/IMG_7903Coverbildprospekt-1-scaled.jpg 2560w, https:\/\/www.gino-aka.com\/wp-content\/uploads\/2021\/10\/IMG_7903Coverbildprospekt-1-300x225.jpg 300w, https:\/\/www.gino-aka.com\/wp-content\/uploads\/2021\/10\/IMG_7903Coverbildprospekt-1-1024x768.jpg 1024w, https:\/\/www.gino-aka.com\/wp-content\/uploads\/2021\/10\/IMG_7903Coverbildprospekt-1-768x576.jpg 768w, https:\/\/www.gino-aka.com\/wp-content\/uploads\/2021\/10\/IMG_7903Coverbildprospekt-1-1536x1152.jpg 1536w, https:\/\/www.gino-aka.com\/wp-content\/uploads\/2021\/10\/IMG_7903Coverbildprospekt-1-2048x1536.jpg 2048w\" sizes=\"(max-width: 2560px) 100vw, 2560px\" \/>\t\t<\/li>\n\t\t\t\t<li class=\"sow-slider-image\" style=\"visibility: hidden;\" >\n\t\t\t\t\t\t<img loading=\"lazy\" decoding=\"async\" width=\"640\" height=\"480\" src=\"https:\/\/www.gino-aka.com\/wp-content\/uploads\/2021\/10\/Kofferfreigestellt.jpeg\" class=\"sow-slider-background-image\" alt=\"\" style=\"\" srcset=\"https:\/\/www.gino-aka.com\/wp-content\/uploads\/2021\/10\/Kofferfreigestellt.jpeg 640w, https:\/\/www.gino-aka.com\/wp-content\/uploads\/2021\/10\/Kofferfreigestellt-300x225.jpeg 300w\" sizes=\"(max-width: 640px) 100vw, 640px\" \/>\t\t<\/li>\n\t\t<\/ul>\t\t\t\t<ol class=\"sow-slider-pagination\">\n\t\t\t\t\t\t\t\t\t\t\t<li><a href=\"#\" data-goto=\"0\" aria-label=\"afficher la diapositive 1\"><\/a><\/li>\n\t\t\t\t\t\t\t\t\t\t\t<li><a href=\"#\" data-goto=\"1\" aria-label=\"afficher la diapositive 2\"><\/a><\/li>\n\t\t\t\t\t\t\t\t\t<\/ol>\n\n\t\t\t\t<div class=\"sow-slide-nav sow-slide-nav-next\">\n\t\t\t\t\t<a href=\"#\" data-goto=\"next\" aria-label=\"diapositive suivante\" data-action=\"next\">\n\t\t\t\t\t\t<em class=\"sow-sld-icon-thin-right\"><\/em>\n\t\t\t\t\t<\/a>\n\t\t\t\t<\/div>\n\n\t\t\t\t<div class=\"sow-slide-nav sow-slide-nav-prev\">\n\t\t\t\t\t<a href=\"#\" data-goto=\"previous\" aria-label=\"diapositive pr\u00e9c\u00e9dente\" data-action=\"prev\">\n\t\t\t\t\t\t<em class=\"sow-sld-icon-thin-left\"><\/em>\n\t\t\t\t\t<\/a>\n\t\t\t\t<\/div>\n\t\t\t\t<\/div><\/div><\/div><\/div><\/div><\/div>","protected":false},"excerpt":{"rendered":"<p>Le d\u00e9marrage d\u2019un moteur \u00e0 bague est influenc\u00e9 par de nombreux facteurs. La r\u00e9alisation d\u2019un d\u00e9marrage doux (progressif) de la charge entra\u00een\u00e9e est d\u2019une grande importance afin d\u2019\u00e9viter de subir de fortes contraintes m\u00e9caniques au syst\u00e8me d\u2019entra\u00eenement et des pics de courant \u00e9lev\u00e9s au r\u00e9seau. Avec le dispositif de surveillance AKAMAS, GINO-AKA fournit un outil [&hellip;]<\/p>\n","protected":false},"author":1,"featured_media":966,"parent":2127,"menu_order":3,"comment_status":"closed","ping_status":"closed","template":"","meta":{"_acf_changed":false,"footnotes":""},"acf":[],"yoast_head":"<!-- This site is optimized with the Yoast SEO plugin v22.2 - https:\/\/yoast.com\/wordpress\/plugins\/seo\/ -->\n<title>AKAMAS\u00a02.0 - GINO AKA<\/title>\n<meta name=\"robots\" content=\"index, follow, max-snippet:-1, max-image-preview:large, max-video-preview:-1\" \/>\n<link rel=\"canonical\" href=\"https:\/\/www.gino-aka.com\/fr\/produits\/regulateurs-de-moteur\/akamas-2-0\/\" \/>\n<meta property=\"og:locale\" content=\"fr_FR\" \/>\n<meta property=\"og:type\" content=\"article\" \/>\n<meta property=\"og:title\" content=\"AKAMAS\u00a02.0 - GINO AKA\" \/>\n<meta property=\"og:description\" content=\"Le d\u00e9marrage d\u2019un moteur \u00e0 bague est influenc\u00e9 par de nombreux facteurs. La r\u00e9alisation d\u2019un d\u00e9marrage doux (progressif) de la charge entra\u00een\u00e9e est d\u2019une grande importance afin d\u2019\u00e9viter de subir de fortes contraintes m\u00e9caniques au syst\u00e8me d\u2019entra\u00eenement et des pics de courant \u00e9lev\u00e9s au r\u00e9seau. Avec le dispositif de surveillance AKAMAS, GINO-AKA fournit un outil [&hellip;]\" \/>\n<meta property=\"og:url\" content=\"https:\/\/www.gino-aka.com\/fr\/produits\/regulateurs-de-moteur\/akamas-2-0\/\" \/>\n<meta property=\"og:site_name\" content=\"GINO AKA\" \/>\n<meta property=\"article:modified_time\" content=\"2022-01-23T19:21:20+00:00\" \/>\n<meta property=\"og:image\" content=\"https:\/\/www.gino-aka.com\/wp-content\/uploads\/2021\/10\/IMG_7904-Kopie-scaled.jpg\" \/>\n\t<meta property=\"og:image:width\" content=\"1920\" \/>\n\t<meta property=\"og:image:height\" content=\"2560\" \/>\n\t<meta property=\"og:image:type\" content=\"image\/jpeg\" \/>\n<meta name=\"twitter:card\" content=\"summary_large_image\" \/>\n<meta name=\"twitter:label1\" content=\"Dur\u00e9e de lecture estim\u00e9e\" \/>\n\t<meta name=\"twitter:data1\" content=\"2 minutes\" \/>\n<script type=\"application\/ld+json\" class=\"yoast-schema-graph\">{\"@context\":\"https:\/\/schema.org\",\"@graph\":[{\"@type\":\"WebPage\",\"@id\":\"https:\/\/www.gino-aka.com\/fr\/produits\/regulateurs-de-moteur\/akamas-2-0\/\",\"url\":\"https:\/\/www.gino-aka.com\/fr\/produits\/regulateurs-de-moteur\/akamas-2-0\/\",\"name\":\"AKAMAS\u00a02.0 - GINO AKA\",\"isPartOf\":{\"@id\":\"https:\/\/www.gino-aka.com\/fr\/#website\"},\"primaryImageOfPage\":{\"@id\":\"https:\/\/www.gino-aka.com\/fr\/produits\/regulateurs-de-moteur\/akamas-2-0\/#primaryimage\"},\"image\":{\"@id\":\"https:\/\/www.gino-aka.com\/fr\/produits\/regulateurs-de-moteur\/akamas-2-0\/#primaryimage\"},\"thumbnailUrl\":\"https:\/\/www.gino-aka.com\/wp-content\/uploads\/2021\/10\/IMG_7904-Kopie-scaled.jpg\",\"datePublished\":\"2022-01-23T00:30:57+00:00\",\"dateModified\":\"2022-01-23T19:21:20+00:00\",\"breadcrumb\":{\"@id\":\"https:\/\/www.gino-aka.com\/fr\/produits\/regulateurs-de-moteur\/akamas-2-0\/#breadcrumb\"},\"inLanguage\":\"fr-FR\",\"potentialAction\":[{\"@type\":\"ReadAction\",\"target\":[\"https:\/\/www.gino-aka.com\/fr\/produits\/regulateurs-de-moteur\/akamas-2-0\/\"]}]},{\"@type\":\"ImageObject\",\"inLanguage\":\"fr-FR\",\"@id\":\"https:\/\/www.gino-aka.com\/fr\/produits\/regulateurs-de-moteur\/akamas-2-0\/#primaryimage\",\"url\":\"https:\/\/www.gino-aka.com\/wp-content\/uploads\/2021\/10\/IMG_7904-Kopie-scaled.jpg\",\"contentUrl\":\"https:\/\/www.gino-aka.com\/wp-content\/uploads\/2021\/10\/IMG_7904-Kopie-scaled.jpg\",\"width\":1920,\"height\":2560},{\"@type\":\"BreadcrumbList\",\"@id\":\"https:\/\/www.gino-aka.com\/fr\/produits\/regulateurs-de-moteur\/akamas-2-0\/#breadcrumb\",\"itemListElement\":[{\"@type\":\"ListItem\",\"position\":1,\"name\":\"Produits\",\"item\":\"https:\/\/www.gino-aka.com\/fr\/produits\/\"},{\"@type\":\"ListItem\",\"position\":2,\"name\":\"R\u00e9gulateurs de moteur\",\"item\":\"https:\/\/www.gino-aka.com\/fr\/produits\/regulateurs-de-moteur\/\"},{\"@type\":\"ListItem\",\"position\":3,\"name\":\"AKAMAS\u00a02.0\"}]},{\"@type\":\"WebSite\",\"@id\":\"https:\/\/www.gino-aka.com\/fr\/#website\",\"url\":\"https:\/\/www.gino-aka.com\/fr\/\",\"name\":\"GINO AKA\",\"description\":\"GINO AKA SAS\",\"potentialAction\":[{\"@type\":\"SearchAction\",\"target\":{\"@type\":\"EntryPoint\",\"urlTemplate\":\"https:\/\/www.gino-aka.com\/fr\/?s={search_term_string}\"},\"query-input\":\"required name=search_term_string\"}],\"inLanguage\":\"fr-FR\"}]}<\/script>\n<!-- \/ Yoast SEO plugin. -->","yoast_head_json":{"title":"AKAMAS\u00a02.0 - GINO AKA","robots":{"index":"index","follow":"follow","max-snippet":"max-snippet:-1","max-image-preview":"max-image-preview:large","max-video-preview":"max-video-preview:-1"},"canonical":"https:\/\/www.gino-aka.com\/fr\/produits\/regulateurs-de-moteur\/akamas-2-0\/","og_locale":"fr_FR","og_type":"article","og_title":"AKAMAS\u00a02.0 - GINO AKA","og_description":"Le d\u00e9marrage d\u2019un moteur \u00e0 bague est influenc\u00e9 par de nombreux facteurs. La r\u00e9alisation d\u2019un d\u00e9marrage doux (progressif) de la charge entra\u00een\u00e9e est d\u2019une grande importance afin d\u2019\u00e9viter de subir de fortes contraintes m\u00e9caniques au syst\u00e8me d\u2019entra\u00eenement et des pics de courant \u00e9lev\u00e9s au r\u00e9seau. Avec le dispositif de surveillance AKAMAS, GINO-AKA fournit un outil [&hellip;]","og_url":"https:\/\/www.gino-aka.com\/fr\/produits\/regulateurs-de-moteur\/akamas-2-0\/","og_site_name":"GINO AKA","article_modified_time":"2022-01-23T19:21:20+00:00","og_image":[{"width":1920,"height":2560,"url":"https:\/\/www.gino-aka.com\/wp-content\/uploads\/2021\/10\/IMG_7904-Kopie-scaled.jpg","type":"image\/jpeg"}],"twitter_card":"summary_large_image","twitter_misc":{"Dur\u00e9e de lecture estim\u00e9e":"2 minutes"},"schema":{"@context":"https:\/\/schema.org","@graph":[{"@type":"WebPage","@id":"https:\/\/www.gino-aka.com\/fr\/produits\/regulateurs-de-moteur\/akamas-2-0\/","url":"https:\/\/www.gino-aka.com\/fr\/produits\/regulateurs-de-moteur\/akamas-2-0\/","name":"AKAMAS\u00a02.0 - GINO AKA","isPartOf":{"@id":"https:\/\/www.gino-aka.com\/fr\/#website"},"primaryImageOfPage":{"@id":"https:\/\/www.gino-aka.com\/fr\/produits\/regulateurs-de-moteur\/akamas-2-0\/#primaryimage"},"image":{"@id":"https:\/\/www.gino-aka.com\/fr\/produits\/regulateurs-de-moteur\/akamas-2-0\/#primaryimage"},"thumbnailUrl":"https:\/\/www.gino-aka.com\/wp-content\/uploads\/2021\/10\/IMG_7904-Kopie-scaled.jpg","datePublished":"2022-01-23T00:30:57+00:00","dateModified":"2022-01-23T19:21:20+00:00","breadcrumb":{"@id":"https:\/\/www.gino-aka.com\/fr\/produits\/regulateurs-de-moteur\/akamas-2-0\/#breadcrumb"},"inLanguage":"fr-FR","potentialAction":[{"@type":"ReadAction","target":["https:\/\/www.gino-aka.com\/fr\/produits\/regulateurs-de-moteur\/akamas-2-0\/"]}]},{"@type":"ImageObject","inLanguage":"fr-FR","@id":"https:\/\/www.gino-aka.com\/fr\/produits\/regulateurs-de-moteur\/akamas-2-0\/#primaryimage","url":"https:\/\/www.gino-aka.com\/wp-content\/uploads\/2021\/10\/IMG_7904-Kopie-scaled.jpg","contentUrl":"https:\/\/www.gino-aka.com\/wp-content\/uploads\/2021\/10\/IMG_7904-Kopie-scaled.jpg","width":1920,"height":2560},{"@type":"BreadcrumbList","@id":"https:\/\/www.gino-aka.com\/fr\/produits\/regulateurs-de-moteur\/akamas-2-0\/#breadcrumb","itemListElement":[{"@type":"ListItem","position":1,"name":"Produits","item":"https:\/\/www.gino-aka.com\/fr\/produits\/"},{"@type":"ListItem","position":2,"name":"R\u00e9gulateurs de moteur","item":"https:\/\/www.gino-aka.com\/fr\/produits\/regulateurs-de-moteur\/"},{"@type":"ListItem","position":3,"name":"AKAMAS\u00a02.0"}]},{"@type":"WebSite","@id":"https:\/\/www.gino-aka.com\/fr\/#website","url":"https:\/\/www.gino-aka.com\/fr\/","name":"GINO AKA","description":"GINO AKA SAS","potentialAction":[{"@type":"SearchAction","target":{"@type":"EntryPoint","urlTemplate":"https:\/\/www.gino-aka.com\/fr\/?s={search_term_string}"},"query-input":"required name=search_term_string"}],"inLanguage":"fr-FR"}]}},"_links":{"self":[{"href":"https:\/\/www.gino-aka.com\/fr\/wp-json\/wp\/v2\/pages\/2135"}],"collection":[{"href":"https:\/\/www.gino-aka.com\/fr\/wp-json\/wp\/v2\/pages"}],"about":[{"href":"https:\/\/www.gino-aka.com\/fr\/wp-json\/wp\/v2\/types\/page"}],"author":[{"embeddable":true,"href":"https:\/\/www.gino-aka.com\/fr\/wp-json\/wp\/v2\/users\/1"}],"replies":[{"embeddable":true,"href":"https:\/\/www.gino-aka.com\/fr\/wp-json\/wp\/v2\/comments?post=2135"}],"version-history":[{"count":6,"href":"https:\/\/www.gino-aka.com\/fr\/wp-json\/wp\/v2\/pages\/2135\/revisions"}],"predecessor-version":[{"id":2236,"href":"https:\/\/www.gino-aka.com\/fr\/wp-json\/wp\/v2\/pages\/2135\/revisions\/2236"}],"up":[{"embeddable":true,"href":"https:\/\/www.gino-aka.com\/fr\/wp-json\/wp\/v2\/pages\/2127"}],"wp:featuredmedia":[{"embeddable":true,"href":"https:\/\/www.gino-aka.com\/fr\/wp-json\/wp\/v2\/media\/966"}],"wp:attachment":[{"href":"https:\/\/www.gino-aka.com\/fr\/wp-json\/wp\/v2\/media?parent=2135"}],"curies":[{"name":"wp","href":"https:\/\/api.w.org\/{rel}","templated":true}]}}