{"id":2132,"date":"2022-01-23T00:28:54","date_gmt":"2022-01-23T00:28:54","guid":{"rendered":"https:\/\/www.gino-aka.com\/?page_id=2132"},"modified":"2022-01-23T00:51:37","modified_gmt":"2022-01-23T00:51:37","slug":"demarreurs-liquides-compacts-type-arl-vectrohm","status":"publish","type":"page","link":"https:\/\/www.gino-aka.com\/fr\/produits\/regulateurs-de-moteur\/demarreurs-liquides-compacts-type-arl-vectrohm\/","title":{"rendered":"D\u00e9marreurs liquides compacts type ARL\/Vectrohm"},"content":{"rendered":"<div id=\"pl-2132\"  class=\"panel-layout\" ><div id=\"pg-2132-0\"  class=\"panel-grid panel-no-style\" ><div id=\"pgc-2132-0-0\"  class=\"panel-grid-cell\" ><div id=\"panel-2132-0-0-0\" class=\"so-panel widget widget_sow-editor panel-first-child\" data-index=\"0\" ><div\n\t\t\t\n\t\t\tclass=\"so-widget-sow-editor so-widget-sow-editor-base\"\n\t\t\t\n\t\t><h3 class=\"widget-title\">D\u00e9marreurs liquides compacts type ARL<\/h3>\n<div class=\"siteorigin-widget-tinymce textwidget\">\n\t<p>Le syst\u00e8me ARL est principalement utilis\u00e9 pour des puissances de moteur jusqu\u2019\u00e0 500\u00a0kW. La conception robuste garantit une fiabilit\u00e9 op\u00e9rationnelle \u00e9lev\u00e9e et une longue dur\u00e9e de vie. En outre, la simplicit\u00e9 garantit le meilleur rapport qualit\u00e9-prix et convient m\u00eame au budget le plus serr\u00e9. En particulier pour l\u2019exploitation de carri\u00e8res et le concassage, les d\u00e9marreurs ARL sont connus dans le monde entier.<\/p>\n<\/div>\n<\/div><\/div><div id=\"panel-2132-0-0-1\" class=\"so-panel widget widget_sow-image\" data-index=\"1\" ><div\n\t\t\t\n\t\t\tclass=\"so-widget-sow-image so-widget-sow-image-default-113ccd71f3e6-2132\"\n\t\t\t\n\t\t>\n\n<div class=\"sow-image-container\">\n\t\t<img loading=\"lazy\" decoding=\"async\" src=\"https:\/\/www.gino-aka.com\/wp-content\/uploads\/2021\/09\/ARL1100edit-without-shadow_compact-240x300.jpg\" width=\"240\" height=\"300\" srcset=\"https:\/\/www.gino-aka.com\/wp-content\/uploads\/2021\/09\/ARL1100edit-without-shadow_compact-240x300.jpg 240w, https:\/\/www.gino-aka.com\/wp-content\/uploads\/2021\/09\/ARL1100edit-without-shadow_compact-818x1024.jpg 818w, https:\/\/www.gino-aka.com\/wp-content\/uploads\/2021\/09\/ARL1100edit-without-shadow_compact-768x961.jpg 768w, https:\/\/www.gino-aka.com\/wp-content\/uploads\/2021\/09\/ARL1100edit-without-shadow_compact-1227x1536.jpg 1227w, https:\/\/www.gino-aka.com\/wp-content\/uploads\/2021\/09\/ARL1100edit-without-shadow_compact-1636x2048.jpg 1636w, https:\/\/www.gino-aka.com\/wp-content\/uploads\/2021\/09\/ARL1100edit-without-shadow_compact-scaled.jpg 2045w\" sizes=\"(max-width: 240px) 100vw, 240px\" title=\"ARL1100edit without shadow_compact\" alt=\"\" \t\tclass=\"so-widget-image\"\/>\n\t<\/div>\n\n<\/div><\/div><div id=\"panel-2132-0-0-2\" class=\"so-panel widget widget_sow-editor\" data-index=\"2\" ><div\n\t\t\t\n\t\t\tclass=\"so-widget-sow-editor so-widget-sow-editor-base\"\n\t\t\t\n\t\t>\n<div class=\"siteorigin-widget-tinymce textwidget\">\n\t<p>Les d\u00e9marreurs ARL ont une philosophie de conception simple bas\u00e9e sur les syst\u00e8mes de contr\u00f4le des relais temporis\u00e9s et peuvent \u00eatre ajust\u00e9s \u00e0 la demande des clients facilement sur place. En outre, GINO-AKA fournit un kit de mise en service complet avec chaque d\u00e9marreur pour aider vos \u00e9quipes lors du d\u00e9marrage. Pour les installations \u00e0 basse temp\u00e9rature, l\u2019ARL peut \u00eatre \u00e9quip\u00e9 de chauffages au gel antigel ou \u00e0 l\u2019\u00e9lectrolyte.<\/p>\n<\/div>\n<\/div><\/div><div id=\"panel-2132-0-0-3\" class=\"so-panel widget widget_sow-editor\" data-index=\"3\" ><div\n\t\t\t\n\t\t\tclass=\"so-widget-sow-editor so-widget-sow-editor-base\"\n\t\t\t\n\t\t><h3 class=\"widget-title\">D\u00e9marreurs liquides compacts type Vectrohm<\/h3>\n<div class=\"siteorigin-widget-tinymce textwidget\">\n\t<p>En 2021, GINO-AKA a repris la ligne de produits Vectrohm de la soci\u00e9t\u00e9 s\u0153ur Resistel du groupe TELEMA. Les d\u00e9marreurs Vectrohm sont une s\u00e9rie de d\u00e9marreurs compacts bas\u00e9s sur la technologie de pompage de l\u2019\u00e9lectrolyte et assurent un d\u00e9marrage progressif en douceur pour les moteurs \u00e0 bagues jusqu\u2019\u00e0 500\u00a0kW.<\/p>\n<\/div>\n<\/div><\/div><div id=\"panel-2132-0-0-4\" class=\"so-panel widget widget_sow-image\" data-index=\"4\" ><div\n\t\t\t\n\t\t\tclass=\"so-widget-sow-image so-widget-sow-image-default-113ccd71f3e6-2132\"\n\t\t\t\n\t\t>\n\n<div class=\"sow-image-container\">\n\t\t<img loading=\"lazy\" decoding=\"async\" src=\"https:\/\/www.gino-aka.com\/wp-content\/uploads\/2021\/09\/9-ETIQUETAGE-1edit-300x200.jpg\" width=\"300\" height=\"200\" srcset=\"https:\/\/www.gino-aka.com\/wp-content\/uploads\/2021\/09\/9-ETIQUETAGE-1edit-300x200.jpg 300w, https:\/\/www.gino-aka.com\/wp-content\/uploads\/2021\/09\/9-ETIQUETAGE-1edit-1024x683.jpg 1024w, https:\/\/www.gino-aka.com\/wp-content\/uploads\/2021\/09\/9-ETIQUETAGE-1edit-768x512.jpg 768w, https:\/\/www.gino-aka.com\/wp-content\/uploads\/2021\/09\/9-ETIQUETAGE-1edit-1536x1024.jpg 1536w, https:\/\/www.gino-aka.com\/wp-content\/uploads\/2021\/09\/9-ETIQUETAGE-1edit-2048x1365.jpg 2048w, https:\/\/www.gino-aka.com\/wp-content\/uploads\/2021\/09\/9-ETIQUETAGE-1edit-272x182.jpg 272w, https:\/\/www.gino-aka.com\/wp-content\/uploads\/2021\/09\/9-ETIQUETAGE-1edit-scaled-e1630594671419.jpg 1200w\" sizes=\"(max-width: 300px) 100vw, 300px\" title=\"9-ETIQUETAGE (1)edit\" alt=\"\" \t\tclass=\"so-widget-image\"\/>\n\t<\/div>\n\n<\/div><\/div><div id=\"panel-2132-0-0-5\" class=\"so-panel widget widget_sow-editor panel-last-child\" data-index=\"5\" ><div\n\t\t\t\n\t\t\tclass=\"so-widget-sow-editor so-widget-sow-editor-base\"\n\t\t\t\n\t\t>\n<div class=\"siteorigin-widget-tinymce textwidget\">\n\t<p>Pour les nouvelles exigences du projet, GINO-AKA offre les d\u00e9marreurs du type ARL, mais nous fournissons des mises \u00e0 niveau pour les installations Vectrohm existantes ainsi que la gamme compl\u00e8te de pi\u00e8ces de rechange et des kits de maintenance.<\/p>\n<\/div>\n<\/div><\/div><\/div><\/div><\/div>","protected":false},"excerpt":{"rendered":"<p>Le syst\u00e8me ARL est principalement utilis\u00e9 pour des puissances de moteur jusqu\u2019\u00e0 500\u00a0kW. La conception robuste garantit une fiabilit\u00e9 op\u00e9rationnelle \u00e9lev\u00e9e et une longue dur\u00e9e de vie. En outre, la simplicit\u00e9 garantit le meilleur rapport qualit\u00e9-prix et convient m\u00eame au budget le plus serr\u00e9. En particulier pour l\u2019exploitation de carri\u00e8res et le concassage, les d\u00e9marreurs [&hellip;]<\/p>\n","protected":false},"author":1,"featured_media":747,"parent":2127,"menu_order":2,"comment_status":"closed","ping_status":"closed","template":"","meta":{"_acf_changed":false,"footnotes":""},"acf":[],"yoast_head":"<!-- This site is optimized with the Yoast SEO plugin v22.2 - https:\/\/yoast.com\/wordpress\/plugins\/seo\/ -->\n<title>D\u00e9marreurs liquides compacts type ARL\/Vectrohm - GINO AKA<\/title>\n<meta name=\"robots\" content=\"index, follow, max-snippet:-1, max-image-preview:large, max-video-preview:-1\" \/>\n<link rel=\"canonical\" href=\"https:\/\/www.gino-aka.com\/fr\/produits\/regulateurs-de-moteur\/demarreurs-liquides-compacts-type-arl-vectrohm\/\" \/>\n<meta property=\"og:locale\" content=\"fr_FR\" \/>\n<meta property=\"og:type\" content=\"article\" \/>\n<meta property=\"og:title\" content=\"D\u00e9marreurs liquides compacts type ARL\/Vectrohm - GINO AKA\" \/>\n<meta property=\"og:description\" content=\"Le syst\u00e8me ARL est principalement utilis\u00e9 pour des puissances de moteur jusqu\u2019\u00e0 500\u00a0kW. La conception robuste garantit une fiabilit\u00e9 op\u00e9rationnelle \u00e9lev\u00e9e et une longue dur\u00e9e de vie. En outre, la simplicit\u00e9 garantit le meilleur rapport qualit\u00e9-prix et convient m\u00eame au budget le plus serr\u00e9. En particulier pour l\u2019exploitation de carri\u00e8res et le concassage, les d\u00e9marreurs [&hellip;]\" \/>\n<meta property=\"og:url\" content=\"https:\/\/www.gino-aka.com\/fr\/produits\/regulateurs-de-moteur\/demarreurs-liquides-compacts-type-arl-vectrohm\/\" \/>\n<meta property=\"og:site_name\" content=\"GINO AKA\" \/>\n<meta property=\"article:modified_time\" content=\"2022-01-23T00:51:37+00:00\" \/>\n<meta property=\"og:image\" content=\"https:\/\/www.gino-aka.com\/wp-content\/uploads\/2021\/09\/applications-2-scaled.jpg\" \/>\n\t<meta property=\"og:image:width\" content=\"2560\" \/>\n\t<meta property=\"og:image:height\" content=\"1709\" \/>\n\t<meta property=\"og:image:type\" content=\"image\/jpeg\" \/>\n<meta name=\"twitter:card\" content=\"summary_large_image\" \/>\n<meta name=\"twitter:label1\" content=\"Dur\u00e9e de lecture estim\u00e9e\" \/>\n\t<meta name=\"twitter:data1\" content=\"1 minute\" \/>\n<script type=\"application\/ld+json\" class=\"yoast-schema-graph\">{\"@context\":\"https:\/\/schema.org\",\"@graph\":[{\"@type\":\"WebPage\",\"@id\":\"https:\/\/www.gino-aka.com\/fr\/produits\/regulateurs-de-moteur\/demarreurs-liquides-compacts-type-arl-vectrohm\/\",\"url\":\"https:\/\/www.gino-aka.com\/fr\/produits\/regulateurs-de-moteur\/demarreurs-liquides-compacts-type-arl-vectrohm\/\",\"name\":\"D\u00e9marreurs liquides compacts type ARL\/Vectrohm - GINO AKA\",\"isPartOf\":{\"@id\":\"https:\/\/www.gino-aka.com\/fr\/#website\"},\"primaryImageOfPage\":{\"@id\":\"https:\/\/www.gino-aka.com\/fr\/produits\/regulateurs-de-moteur\/demarreurs-liquides-compacts-type-arl-vectrohm\/#primaryimage\"},\"image\":{\"@id\":\"https:\/\/www.gino-aka.com\/fr\/produits\/regulateurs-de-moteur\/demarreurs-liquides-compacts-type-arl-vectrohm\/#primaryimage\"},\"thumbnailUrl\":\"https:\/\/www.gino-aka.com\/wp-content\/uploads\/2021\/09\/applications-2-scaled.jpg\",\"datePublished\":\"2022-01-23T00:28:54+00:00\",\"dateModified\":\"2022-01-23T00:51:37+00:00\",\"breadcrumb\":{\"@id\":\"https:\/\/www.gino-aka.com\/fr\/produits\/regulateurs-de-moteur\/demarreurs-liquides-compacts-type-arl-vectrohm\/#breadcrumb\"},\"inLanguage\":\"fr-FR\",\"potentialAction\":[{\"@type\":\"ReadAction\",\"target\":[\"https:\/\/www.gino-aka.com\/fr\/produits\/regulateurs-de-moteur\/demarreurs-liquides-compacts-type-arl-vectrohm\/\"]}]},{\"@type\":\"ImageObject\",\"inLanguage\":\"fr-FR\",\"@id\":\"https:\/\/www.gino-aka.com\/fr\/produits\/regulateurs-de-moteur\/demarreurs-liquides-compacts-type-arl-vectrohm\/#primaryimage\",\"url\":\"https:\/\/www.gino-aka.com\/wp-content\/uploads\/2021\/09\/applications-2-scaled.jpg\",\"contentUrl\":\"https:\/\/www.gino-aka.com\/wp-content\/uploads\/2021\/09\/applications-2-scaled.jpg\",\"width\":2560,\"height\":1709},{\"@type\":\"BreadcrumbList\",\"@id\":\"https:\/\/www.gino-aka.com\/fr\/produits\/regulateurs-de-moteur\/demarreurs-liquides-compacts-type-arl-vectrohm\/#breadcrumb\",\"itemListElement\":[{\"@type\":\"ListItem\",\"position\":1,\"name\":\"Produits\",\"item\":\"https:\/\/www.gino-aka.com\/fr\/produits\/\"},{\"@type\":\"ListItem\",\"position\":2,\"name\":\"R\u00e9gulateurs de moteur\",\"item\":\"https:\/\/www.gino-aka.com\/fr\/produits\/regulateurs-de-moteur\/\"},{\"@type\":\"ListItem\",\"position\":3,\"name\":\"D\u00e9marreurs liquides compacts type ARL\/Vectrohm\"}]},{\"@type\":\"WebSite\",\"@id\":\"https:\/\/www.gino-aka.com\/fr\/#website\",\"url\":\"https:\/\/www.gino-aka.com\/fr\/\",\"name\":\"GINO AKA\",\"description\":\"GINO AKA SAS\",\"potentialAction\":[{\"@type\":\"SearchAction\",\"target\":{\"@type\":\"EntryPoint\",\"urlTemplate\":\"https:\/\/www.gino-aka.com\/fr\/?s={search_term_string}\"},\"query-input\":\"required name=search_term_string\"}],\"inLanguage\":\"fr-FR\"}]}<\/script>\n<!-- \/ Yoast SEO plugin. -->","yoast_head_json":{"title":"D\u00e9marreurs liquides compacts type ARL\/Vectrohm - GINO AKA","robots":{"index":"index","follow":"follow","max-snippet":"max-snippet:-1","max-image-preview":"max-image-preview:large","max-video-preview":"max-video-preview:-1"},"canonical":"https:\/\/www.gino-aka.com\/fr\/produits\/regulateurs-de-moteur\/demarreurs-liquides-compacts-type-arl-vectrohm\/","og_locale":"fr_FR","og_type":"article","og_title":"D\u00e9marreurs liquides compacts type ARL\/Vectrohm - GINO AKA","og_description":"Le syst\u00e8me ARL est principalement utilis\u00e9 pour des puissances de moteur jusqu\u2019\u00e0 500\u00a0kW. La conception robuste garantit une fiabilit\u00e9 op\u00e9rationnelle \u00e9lev\u00e9e et une longue dur\u00e9e de vie. En outre, la simplicit\u00e9 garantit le meilleur rapport qualit\u00e9-prix et convient m\u00eame au budget le plus serr\u00e9. En particulier pour l\u2019exploitation de carri\u00e8res et le concassage, les d\u00e9marreurs [&hellip;]","og_url":"https:\/\/www.gino-aka.com\/fr\/produits\/regulateurs-de-moteur\/demarreurs-liquides-compacts-type-arl-vectrohm\/","og_site_name":"GINO AKA","article_modified_time":"2022-01-23T00:51:37+00:00","og_image":[{"width":2560,"height":1709,"url":"https:\/\/www.gino-aka.com\/wp-content\/uploads\/2021\/09\/applications-2-scaled.jpg","type":"image\/jpeg"}],"twitter_card":"summary_large_image","twitter_misc":{"Dur\u00e9e de lecture estim\u00e9e":"1 minute"},"schema":{"@context":"https:\/\/schema.org","@graph":[{"@type":"WebPage","@id":"https:\/\/www.gino-aka.com\/fr\/produits\/regulateurs-de-moteur\/demarreurs-liquides-compacts-type-arl-vectrohm\/","url":"https:\/\/www.gino-aka.com\/fr\/produits\/regulateurs-de-moteur\/demarreurs-liquides-compacts-type-arl-vectrohm\/","name":"D\u00e9marreurs liquides compacts type ARL\/Vectrohm - GINO AKA","isPartOf":{"@id":"https:\/\/www.gino-aka.com\/fr\/#website"},"primaryImageOfPage":{"@id":"https:\/\/www.gino-aka.com\/fr\/produits\/regulateurs-de-moteur\/demarreurs-liquides-compacts-type-arl-vectrohm\/#primaryimage"},"image":{"@id":"https:\/\/www.gino-aka.com\/fr\/produits\/regulateurs-de-moteur\/demarreurs-liquides-compacts-type-arl-vectrohm\/#primaryimage"},"thumbnailUrl":"https:\/\/www.gino-aka.com\/wp-content\/uploads\/2021\/09\/applications-2-scaled.jpg","datePublished":"2022-01-23T00:28:54+00:00","dateModified":"2022-01-23T00:51:37+00:00","breadcrumb":{"@id":"https:\/\/www.gino-aka.com\/fr\/produits\/regulateurs-de-moteur\/demarreurs-liquides-compacts-type-arl-vectrohm\/#breadcrumb"},"inLanguage":"fr-FR","potentialAction":[{"@type":"ReadAction","target":["https:\/\/www.gino-aka.com\/fr\/produits\/regulateurs-de-moteur\/demarreurs-liquides-compacts-type-arl-vectrohm\/"]}]},{"@type":"ImageObject","inLanguage":"fr-FR","@id":"https:\/\/www.gino-aka.com\/fr\/produits\/regulateurs-de-moteur\/demarreurs-liquides-compacts-type-arl-vectrohm\/#primaryimage","url":"https:\/\/www.gino-aka.com\/wp-content\/uploads\/2021\/09\/applications-2-scaled.jpg","contentUrl":"https:\/\/www.gino-aka.com\/wp-content\/uploads\/2021\/09\/applications-2-scaled.jpg","width":2560,"height":1709},{"@type":"BreadcrumbList","@id":"https:\/\/www.gino-aka.com\/fr\/produits\/regulateurs-de-moteur\/demarreurs-liquides-compacts-type-arl-vectrohm\/#breadcrumb","itemListElement":[{"@type":"ListItem","position":1,"name":"Produits","item":"https:\/\/www.gino-aka.com\/fr\/produits\/"},{"@type":"ListItem","position":2,"name":"R\u00e9gulateurs de moteur","item":"https:\/\/www.gino-aka.com\/fr\/produits\/regulateurs-de-moteur\/"},{"@type":"ListItem","position":3,"name":"D\u00e9marreurs liquides compacts type ARL\/Vectrohm"}]},{"@type":"WebSite","@id":"https:\/\/www.gino-aka.com\/fr\/#website","url":"https:\/\/www.gino-aka.com\/fr\/","name":"GINO AKA","description":"GINO AKA SAS","potentialAction":[{"@type":"SearchAction","target":{"@type":"EntryPoint","urlTemplate":"https:\/\/www.gino-aka.com\/fr\/?s={search_term_string}"},"query-input":"required name=search_term_string"}],"inLanguage":"fr-FR"}]}},"_links":{"self":[{"href":"https:\/\/www.gino-aka.com\/fr\/wp-json\/wp\/v2\/pages\/2132"}],"collection":[{"href":"https:\/\/www.gino-aka.com\/fr\/wp-json\/wp\/v2\/pages"}],"about":[{"href":"https:\/\/www.gino-aka.com\/fr\/wp-json\/wp\/v2\/types\/page"}],"author":[{"embeddable":true,"href":"https:\/\/www.gino-aka.com\/fr\/wp-json\/wp\/v2\/users\/1"}],"replies":[{"embeddable":true,"href":"https:\/\/www.gino-aka.com\/fr\/wp-json\/wp\/v2\/comments?post=2132"}],"version-history":[{"count":4,"href":"https:\/\/www.gino-aka.com\/fr\/wp-json\/wp\/v2\/pages\/2132\/revisions"}],"predecessor-version":[{"id":2186,"href":"https:\/\/www.gino-aka.com\/fr\/wp-json\/wp\/v2\/pages\/2132\/revisions\/2186"}],"up":[{"embeddable":true,"href":"https:\/\/www.gino-aka.com\/fr\/wp-json\/wp\/v2\/pages\/2127"}],"wp:featuredmedia":[{"embeddable":true,"href":"https:\/\/www.gino-aka.com\/fr\/wp-json\/wp\/v2\/media\/747"}],"wp:attachment":[{"href":"https:\/\/www.gino-aka.com\/fr\/wp-json\/wp\/v2\/media?parent=2132"}],"curies":[{"name":"wp","href":"https:\/\/api.w.org\/{rel}","templated":true}]}}