{"id":2127,"date":"2022-01-23T00:22:24","date_gmt":"2022-01-23T00:22:24","guid":{"rendered":"https:\/\/www.gino-aka.com\/?page_id=2127"},"modified":"2022-01-23T19:41:00","modified_gmt":"2022-01-23T19:41:00","slug":"regulateurs-de-moteur","status":"publish","type":"page","link":"https:\/\/www.gino-aka.com\/fr\/produits\/regulateurs-de-moteur\/","title":{"rendered":"R\u00e9gulateurs de moteur"},"content":{"rendered":"<div id=\"pl-2127\"  class=\"panel-layout\" ><div id=\"pg-2127-0\"  class=\"panel-grid panel-no-style\" ><div id=\"pgc-2127-0-0\"  class=\"panel-grid-cell\" ><div id=\"panel-2127-0-0-0\" class=\"so-panel widget widget_sow-editor panel-first-child panel-last-child\" data-index=\"0\" ><div class=\"product height1 panel-widget-style panel-widget-style-for-2127-0-0-0\" ><div\n\t\t\t\n\t\t\tclass=\"so-widget-sow-editor so-widget-sow-editor-base\"\n\t\t\t\n\t\t><h3 class=\"widget-title\">D\u00e9marreur \u00e0 r\u00e9sistance liquide<\/h3>\n<div class=\"siteorigin-widget-tinymce textwidget\">\n\t<div class=\"siteorigin-widget-tinymce textwidget\">\n<div class=\"siteorigin-widget-tinymce textwidget\">\n<p><a href=\"https:\/\/www.gino-aka.com\/fr\/produits\/regulateurs-de-moteur\/demarreur-a-resistance-liquide-type-ak-mak-et-sk\/\"><img loading=\"lazy\" decoding=\"async\" class=\"size-medium wp-image-687 img-responsive aligncenter\" src=\"https:\/\/www.gino-aka.com\/wp-content\/uploads\/2021\/11\/Liquid_Resistance_Starters.png\" alt=\"\" width=\"300\" height=\"225\" \/><\/a><\/p>\n<p style=\"text-align: center;\"><a href=\"https:\/\/www.gino-aka.com\/fr\/produits\/regulateurs-de-moteur\/demarreur-a-resistance-liquide-type-ak-mak-et-sk\/\">D\u00e9marreur \u00e0 r\u00e9sistance liquide AK\/MAK\/SK \u00bb<\/a><\/p>\n<\/div>\n<\/div>\n<\/div>\n<\/div><\/div><\/div><\/div><div id=\"pgc-2127-0-1\"  class=\"panel-grid-cell\" ><div id=\"panel-2127-0-1-0\" class=\"so-panel widget widget_sow-editor panel-first-child panel-last-child\" data-index=\"1\" ><div class=\"product height1 panel-widget-style panel-widget-style-for-2127-0-1-0\" ><div\n\t\t\t\n\t\t\tclass=\"so-widget-sow-editor so-widget-sow-editor-base\"\n\t\t\t\n\t\t><h3 class=\"widget-title\">D\u00e9marreurs compacts<\/h3>\n<div class=\"siteorigin-widget-tinymce textwidget\">\n\t<div class=\"siteorigin-widget-tinymce textwidget\">\n<div class=\"siteorigin-widget-tinymce textwidget\">\n<p><a href=\"https:\/\/www.gino-aka.com\/fr\/produits\/regulateurs-de-moteur\/demarreurs-liquides-compacts-type-arl-vectrohm\/\"><img loading=\"lazy\" decoding=\"async\" class=\"size-medium wp-image-828 img-responsive aligncenter\" src=\"https:\/\/www.gino-aka.com\/wp-content\/uploads\/2021\/11\/Compact_Starters.png\" alt=\"\" width=\"300\" height=\"225\" \/><\/a><\/p>\n<p style=\"text-align: center;\"><a href=\"https:\/\/www.gino-aka.com\/fr\/produits\/regulateurs-de-moteur\/demarreurs-liquides-compacts-type-arl-vectrohm\/\">D\u00e9marreurs liquides compacts type ARL\/Vectrohm \u00bb<\/a><\/p>\n<\/div>\n<\/div>\n<\/div>\n<\/div><\/div><\/div><\/div><\/div><div id=\"pg-2127-1\"  class=\"panel-grid panel-no-style\" ><div id=\"pgc-2127-1-0\"  class=\"panel-grid-cell\" ><div id=\"panel-2127-1-0-0\" class=\"so-panel widget widget_sow-editor panel-first-child panel-last-child\" data-index=\"2\" ><div class=\"product height1 panel-widget-style panel-widget-style-for-2127-1-0-0\" ><div\n\t\t\t\n\t\t\tclass=\"so-widget-sow-editor so-widget-sow-editor-base\"\n\t\t\t\n\t\t><h3 class=\"widget-title\">AKAMAS 2.0<\/h3>\n<div class=\"siteorigin-widget-tinymce textwidget\">\n\t<div class=\"siteorigin-widget-tinymce textwidget\">\n<div class=\"siteorigin-widget-tinymce textwidget\">\n<p><a href=\"https:\/\/www.gino-aka.com\/fr\/produits\/regulateurs-de-moteur\/akamas-2-0\/\"><img loading=\"lazy\" decoding=\"async\" class=\"alignnone size-medium wp-image-995 img-responsive aligncenter\" src=\"https:\/\/www.gino-aka.com\/wp-content\/uploads\/2021\/11\/AKAMAS_2-0.png\" alt=\"\" width=\"300\" height=\"225\" \/><\/a><\/p>\n<p style=\"text-align: center;\"><a href=\"https:\/\/www.gino-aka.com\/fr\/produits\/regulateurs-de-moteur\/akamas-2-0\/\">AKAMAS \u00bb<\/a><\/p>\n<\/div>\n<\/div>\n<\/div>\n<\/div><\/div><\/div><\/div><div id=\"pgc-2127-1-1\"  class=\"panel-grid-cell\" ><div id=\"panel-2127-1-1-0\" class=\"so-panel widget widget_sow-editor panel-first-child panel-last-child\" data-index=\"3\" ><div class=\"product height1 panel-widget-style panel-widget-style-for-2127-1-1-0\" ><div\n\t\t\t\n\t\t\tclass=\"so-widget-sow-editor so-widget-sow-editor-base\"\n\t\t\t\n\t\t><h3 class=\"widget-title\">Solutions de r\u00e9sistance \u00e0 glissement<\/h3>\n<div class=\"siteorigin-widget-tinymce textwidget\">\n\t<div class=\"siteorigin-widget-tinymce textwidget\">\n<div class=\"siteorigin-widget-tinymce textwidget\">\n<p><a href=\"https:\/\/www.gino-aka.com\/fr\/produits\/regulateurs-de-moteur\/solutions-de-resistance-a-glissement-gino-aka\/\"><img loading=\"lazy\" decoding=\"async\" class=\"alignnone size-medium wp-image-752 img-responsive aligncenter\" src=\"https:\/\/www.gino-aka.com\/wp-content\/uploads\/2021\/11\/Slip_Resistors.png\" alt=\"\" width=\"300\" height=\"225\" \/><\/a><\/p>\n<p style=\"text-align: center;\"><a href=\"https:\/\/www.gino-aka.com\/fr\/produits\/regulateurs-de-moteur\/solutions-de-resistance-a-glissement-gino-aka\/\">Solutions de r\u00e9sistance \u00e0 glissement \u00bb<\/a><\/p>\n<\/div>\n<\/div>\n<\/div>\n<\/div><\/div><\/div><\/div><\/div><div id=\"pg-2127-2\"  class=\"panel-grid panel-no-style\" ><div id=\"pgc-2127-2-0\"  class=\"panel-grid-cell\" ><div id=\"panel-2127-2-0-0\" class=\"so-panel widget widget_sow-editor panel-first-child panel-last-child\" data-index=\"4\" ><div class=\"product height1 panel-widget-style panel-widget-style-for-2127-2-0-0\" ><div\n\t\t\t\n\t\t\tclass=\"so-widget-sow-editor so-widget-sow-editor-base\"\n\t\t\t\n\t\t><h3 class=\"widget-title\">D\u00e9marreurs de moteurs \u00e0 r\u00e9sistances pas-\u00e0-pas<\/h3>\n<div class=\"siteorigin-widget-tinymce textwidget\">\n\t<div class=\"siteorigin-widget-tinymce textwidget\">\n<div class=\"siteorigin-widget-tinymce textwidget\">\n<p><a href=\"https:\/\/www.gino-aka.com\/fr\/produits\/regulateurs-de-moteur\/demarreurs-de-moteurs-a-resistances-pas-a-pas\/\"><img loading=\"lazy\" decoding=\"async\" class=\"alignnone size-medium wp-image-868 img-responsive aligncenter\" src=\"https:\/\/www.gino-aka.com\/wp-content\/uploads\/2021\/11\/Stepped_Resistor_Starters.png\" alt=\"\" width=\"300\" height=\"225\" \/><\/a><\/p>\n<p style=\"text-align: center;\"><a href=\"https:\/\/www.gino-aka.com\/fr\/produits\/regulateurs-de-moteur\/demarreurs-de-moteurs-a-resistances-pas-a-pas\/\">D\u00e9marreurs de moteurs \u00e0 r\u00e9sistances pas-\u00e0-pas \u00bb<\/a><\/p>\n<\/div>\n<\/div>\n<\/div>\n<\/div><\/div><\/div><\/div><div id=\"pgc-2127-2-1\"  class=\"panel-grid-cell\" ><div id=\"panel-2127-2-1-0\" class=\"so-panel widget widget_sow-editor panel-first-child panel-last-child\" data-index=\"5\" ><div class=\"product height1 panel-widget-style panel-widget-style-for-2127-2-1-0\" ><div\n\t\t\t\n\t\t\tclass=\"so-widget-sow-editor so-widget-sow-editor-base\"\n\t\t\t\n\t\t><h3 class=\"widget-title\">D\u00e9marreur \u00e0 r\u00e9sistance liquide ESMMARS<\/h3>\n<div class=\"siteorigin-widget-tinymce textwidget\">\n\t<div class=\"siteorigin-widget-tinymce textwidget\">\n<div class=\"siteorigin-widget-tinymce textwidget\">\n<p><a href=\"https:\/\/www.gino-aka.com\/fr\/produits\/regulateurs-de-moteur\/demarreur-a-resistance-liquide-esmmars\/\"><img loading=\"lazy\" decoding=\"async\" class=\"alignnone size-medium wp-image-1428 img-responsive aligncenter\" src=\"https:\/\/www.gino-aka.com\/wp-content\/uploads\/2021\/11\/Liquid_Starters_ESMMARS.png\" alt=\"\" width=\"300\" height=\"225\" \/><\/a><\/p>\n<p style=\"text-align: center;\"><a href=\"https:\/\/www.gino-aka.com\/fr\/produits\/regulateurs-de-moteur\/demarreur-a-resistance-liquide-esmmars\/\">D\u00e9marreur \u00e0 r\u00e9sistance liquide ESMMARS \u00bb<\/a><\/p>\n<\/div>\n<\/div>\n<\/div>\n<\/div><\/div><\/div><\/div><\/div><\/div>","protected":false},"excerpt":{"rendered":"<p>D\u00e9marreur \u00e0 r\u00e9sistance liquide AK\/MAK\/SK \u00bb D\u00e9marreurs liquides compacts type ARL\/Vectrohm \u00bb AKAMAS \u00bb Solutions de r\u00e9sistance \u00e0 glissement \u00bb<\/p>\n","protected":false},"author":1,"featured_media":1047,"parent":2125,"menu_order":1,"comment_status":"closed","ping_status":"closed","template":"","meta":{"_acf_changed":false,"footnotes":""},"acf":[],"yoast_head":"<!-- This site is optimized with the Yoast SEO plugin v22.2 - https:\/\/yoast.com\/wordpress\/plugins\/seo\/ -->\n<title>R\u00e9gulateurs de moteur - GINO AKA<\/title>\n<meta name=\"robots\" content=\"index, follow, max-snippet:-1, max-image-preview:large, max-video-preview:-1\" \/>\n<link rel=\"canonical\" href=\"https:\/\/www.gino-aka.com\/fr\/produits\/regulateurs-de-moteur\/\" \/>\n<meta property=\"og:locale\" content=\"fr_FR\" \/>\n<meta property=\"og:type\" content=\"article\" \/>\n<meta property=\"og:title\" content=\"R\u00e9gulateurs de moteur - GINO AKA\" \/>\n<meta property=\"og:description\" content=\"D\u00e9marreur \u00e0 r\u00e9sistance liquide AK\/MAK\/SK \u00bb D\u00e9marreurs liquides compacts type ARL\/Vectrohm \u00bb AKAMAS \u00bb Solutions de r\u00e9sistance \u00e0 glissement \u00bb\" \/>\n<meta property=\"og:url\" content=\"https:\/\/www.gino-aka.com\/fr\/produits\/regulateurs-de-moteur\/\" \/>\n<meta property=\"og:site_name\" content=\"GINO AKA\" \/>\n<meta property=\"article:modified_time\" content=\"2022-01-23T19:41:00+00:00\" \/>\n<meta property=\"og:image\" content=\"https:\/\/www.gino-aka.com\/wp-content\/uploads\/2021\/10\/Ap_Sugar.jpg\" \/>\n\t<meta property=\"og:image:width\" content=\"1440\" \/>\n\t<meta property=\"og:image:height\" content=\"900\" \/>\n\t<meta property=\"og:image:type\" content=\"image\/jpeg\" \/>\n<meta name=\"twitter:card\" content=\"summary_large_image\" \/>\n<script type=\"application\/ld+json\" class=\"yoast-schema-graph\">{\"@context\":\"https:\/\/schema.org\",\"@graph\":[{\"@type\":\"WebPage\",\"@id\":\"https:\/\/www.gino-aka.com\/fr\/produits\/regulateurs-de-moteur\/\",\"url\":\"https:\/\/www.gino-aka.com\/fr\/produits\/regulateurs-de-moteur\/\",\"name\":\"R\u00e9gulateurs de moteur - GINO AKA\",\"isPartOf\":{\"@id\":\"https:\/\/www.gino-aka.com\/fr\/#website\"},\"primaryImageOfPage\":{\"@id\":\"https:\/\/www.gino-aka.com\/fr\/produits\/regulateurs-de-moteur\/#primaryimage\"},\"image\":{\"@id\":\"https:\/\/www.gino-aka.com\/fr\/produits\/regulateurs-de-moteur\/#primaryimage\"},\"thumbnailUrl\":\"https:\/\/www.gino-aka.com\/wp-content\/uploads\/2021\/10\/Ap_Sugar.jpg\",\"datePublished\":\"2022-01-23T00:22:24+00:00\",\"dateModified\":\"2022-01-23T19:41:00+00:00\",\"breadcrumb\":{\"@id\":\"https:\/\/www.gino-aka.com\/fr\/produits\/regulateurs-de-moteur\/#breadcrumb\"},\"inLanguage\":\"fr-FR\",\"potentialAction\":[{\"@type\":\"ReadAction\",\"target\":[\"https:\/\/www.gino-aka.com\/fr\/produits\/regulateurs-de-moteur\/\"]}]},{\"@type\":\"ImageObject\",\"inLanguage\":\"fr-FR\",\"@id\":\"https:\/\/www.gino-aka.com\/fr\/produits\/regulateurs-de-moteur\/#primaryimage\",\"url\":\"https:\/\/www.gino-aka.com\/wp-content\/uploads\/2021\/10\/Ap_Sugar.jpg\",\"contentUrl\":\"https:\/\/www.gino-aka.com\/wp-content\/uploads\/2021\/10\/Ap_Sugar.jpg\",\"width\":1440,\"height\":900},{\"@type\":\"BreadcrumbList\",\"@id\":\"https:\/\/www.gino-aka.com\/fr\/produits\/regulateurs-de-moteur\/#breadcrumb\",\"itemListElement\":[{\"@type\":\"ListItem\",\"position\":1,\"name\":\"Produits\",\"item\":\"https:\/\/www.gino-aka.com\/fr\/produits\/\"},{\"@type\":\"ListItem\",\"position\":2,\"name\":\"R\u00e9gulateurs de moteur\"}]},{\"@type\":\"WebSite\",\"@id\":\"https:\/\/www.gino-aka.com\/fr\/#website\",\"url\":\"https:\/\/www.gino-aka.com\/fr\/\",\"name\":\"GINO AKA\",\"description\":\"GINO AKA SAS\",\"potentialAction\":[{\"@type\":\"SearchAction\",\"target\":{\"@type\":\"EntryPoint\",\"urlTemplate\":\"https:\/\/www.gino-aka.com\/fr\/?s={search_term_string}\"},\"query-input\":\"required name=search_term_string\"}],\"inLanguage\":\"fr-FR\"}]}<\/script>\n<!-- \/ Yoast SEO plugin. -->","yoast_head_json":{"title":"R\u00e9gulateurs de moteur - GINO AKA","robots":{"index":"index","follow":"follow","max-snippet":"max-snippet:-1","max-image-preview":"max-image-preview:large","max-video-preview":"max-video-preview:-1"},"canonical":"https:\/\/www.gino-aka.com\/fr\/produits\/regulateurs-de-moteur\/","og_locale":"fr_FR","og_type":"article","og_title":"R\u00e9gulateurs de moteur - GINO AKA","og_description":"D\u00e9marreur \u00e0 r\u00e9sistance liquide AK\/MAK\/SK \u00bb D\u00e9marreurs liquides compacts type ARL\/Vectrohm \u00bb AKAMAS \u00bb Solutions de r\u00e9sistance \u00e0 glissement \u00bb","og_url":"https:\/\/www.gino-aka.com\/fr\/produits\/regulateurs-de-moteur\/","og_site_name":"GINO AKA","article_modified_time":"2022-01-23T19:41:00+00:00","og_image":[{"width":1440,"height":900,"url":"https:\/\/www.gino-aka.com\/wp-content\/uploads\/2021\/10\/Ap_Sugar.jpg","type":"image\/jpeg"}],"twitter_card":"summary_large_image","schema":{"@context":"https:\/\/schema.org","@graph":[{"@type":"WebPage","@id":"https:\/\/www.gino-aka.com\/fr\/produits\/regulateurs-de-moteur\/","url":"https:\/\/www.gino-aka.com\/fr\/produits\/regulateurs-de-moteur\/","name":"R\u00e9gulateurs de moteur - GINO AKA","isPartOf":{"@id":"https:\/\/www.gino-aka.com\/fr\/#website"},"primaryImageOfPage":{"@id":"https:\/\/www.gino-aka.com\/fr\/produits\/regulateurs-de-moteur\/#primaryimage"},"image":{"@id":"https:\/\/www.gino-aka.com\/fr\/produits\/regulateurs-de-moteur\/#primaryimage"},"thumbnailUrl":"https:\/\/www.gino-aka.com\/wp-content\/uploads\/2021\/10\/Ap_Sugar.jpg","datePublished":"2022-01-23T00:22:24+00:00","dateModified":"2022-01-23T19:41:00+00:00","breadcrumb":{"@id":"https:\/\/www.gino-aka.com\/fr\/produits\/regulateurs-de-moteur\/#breadcrumb"},"inLanguage":"fr-FR","potentialAction":[{"@type":"ReadAction","target":["https:\/\/www.gino-aka.com\/fr\/produits\/regulateurs-de-moteur\/"]}]},{"@type":"ImageObject","inLanguage":"fr-FR","@id":"https:\/\/www.gino-aka.com\/fr\/produits\/regulateurs-de-moteur\/#primaryimage","url":"https:\/\/www.gino-aka.com\/wp-content\/uploads\/2021\/10\/Ap_Sugar.jpg","contentUrl":"https:\/\/www.gino-aka.com\/wp-content\/uploads\/2021\/10\/Ap_Sugar.jpg","width":1440,"height":900},{"@type":"BreadcrumbList","@id":"https:\/\/www.gino-aka.com\/fr\/produits\/regulateurs-de-moteur\/#breadcrumb","itemListElement":[{"@type":"ListItem","position":1,"name":"Produits","item":"https:\/\/www.gino-aka.com\/fr\/produits\/"},{"@type":"ListItem","position":2,"name":"R\u00e9gulateurs de moteur"}]},{"@type":"WebSite","@id":"https:\/\/www.gino-aka.com\/fr\/#website","url":"https:\/\/www.gino-aka.com\/fr\/","name":"GINO AKA","description":"GINO AKA SAS","potentialAction":[{"@type":"SearchAction","target":{"@type":"EntryPoint","urlTemplate":"https:\/\/www.gino-aka.com\/fr\/?s={search_term_string}"},"query-input":"required name=search_term_string"}],"inLanguage":"fr-FR"}]}},"_links":{"self":[{"href":"https:\/\/www.gino-aka.com\/fr\/wp-json\/wp\/v2\/pages\/2127"}],"collection":[{"href":"https:\/\/www.gino-aka.com\/fr\/wp-json\/wp\/v2\/pages"}],"about":[{"href":"https:\/\/www.gino-aka.com\/fr\/wp-json\/wp\/v2\/types\/page"}],"author":[{"embeddable":true,"href":"https:\/\/www.gino-aka.com\/fr\/wp-json\/wp\/v2\/users\/1"}],"replies":[{"embeddable":true,"href":"https:\/\/www.gino-aka.com\/fr\/wp-json\/wp\/v2\/comments?post=2127"}],"version-history":[{"count":6,"href":"https:\/\/www.gino-aka.com\/fr\/wp-json\/wp\/v2\/pages\/2127\/revisions"}],"predecessor-version":[{"id":2244,"href":"https:\/\/www.gino-aka.com\/fr\/wp-json\/wp\/v2\/pages\/2127\/revisions\/2244"}],"up":[{"embeddable":true,"href":"https:\/\/www.gino-aka.com\/fr\/wp-json\/wp\/v2\/pages\/2125"}],"wp:featuredmedia":[{"embeddable":true,"href":"https:\/\/www.gino-aka.com\/fr\/wp-json\/wp\/v2\/media\/1047"}],"wp:attachment":[{"href":"https:\/\/www.gino-aka.com\/fr\/wp-json\/wp\/v2\/media?parent=2127"}],"curies":[{"name":"wp","href":"https:\/\/api.w.org\/{rel}","templated":true}]}}