{"id":2104,"date":"2022-01-22T20:50:09","date_gmt":"2022-01-22T20:50:09","guid":{"rendered":"https:\/\/www.gino-aka.com\/?page_id=2104"},"modified":"2022-01-22T20:50:26","modified_gmt":"2022-01-22T20:50:26","slug":"telechargements","status":"publish","type":"page","link":"https:\/\/www.gino-aka.com\/fr\/telechargements\/","title":{"rendered":"T\u00e9l\u00e9chargements"},"content":{"rendered":"<div class=\"row\"><h2>AKAMAS 2.0<\/h2><div class=\"col-xs-12 col-lg-2 mb-download\"><a target=\"_blank\" href=\"https:\/\/www.gino-aka.com\/wp-content\/uploads\/2021\/10\/GINO-AKA-AKAMAS2.0_EN.pdf\" title=\"AKAMAS 2.0\"><img decoding=\"async\" src=\"https:\/\/www.gino-aka.com\/wp-content\/uploads\/2021\/11\/Bildschirmfoto-2021-12-02-um-11.00.49.png\" class=\"img-fw\" \/><\/a><h4 class=\"text-center\">EN<\/h4><\/div><div class=\"col-xs-12 col-lg-2 mb-download\"><a target=\"_blank\" href=\"https:\/\/www.gino-aka.com\/wp-content\/uploads\/2021\/10\/GINO-AKA-AKAMAS2.0_DE.pdf\" title=\"AKAMAS 2.0\"><img decoding=\"async\" src=\"https:\/\/www.gino-aka.com\/wp-content\/uploads\/2021\/11\/Bildschirmfoto-2021-12-02-um-11.00.49.png\" class=\"img-fw\" \/><\/a><h4 class=\"text-center\">DE<\/h4><\/div><div class=\"col-xs-12 col-lg-2 mb-download\"><a target=\"_blank\" href=\"https:\/\/www.gino-aka.com\/wp-content\/uploads\/2021\/10\/GINO-AKA-AKAMAS2.0_FR.pdf\" title=\"AKAMAS 2.0\"><img decoding=\"async\" src=\"https:\/\/www.gino-aka.com\/wp-content\/uploads\/2021\/11\/Bildschirmfoto-2021-12-02-um-11.00.49.png\" class=\"img-fw\" \/><\/a><h4 class=\"text-center\">FR<\/h4><\/div><div class=\"col-xs-12 col-lg-2 mb-download\"><a target=\"_blank\" href=\"https:\/\/www.gino-aka.com\/wp-content\/uploads\/2021\/10\/GINO-AKA-AKAMAS2.0_ESP.pdf\" title=\"AKAMAS 2.0\"><img decoding=\"async\" src=\"https:\/\/www.gino-aka.com\/wp-content\/uploads\/2021\/11\/Bildschirmfoto-2021-12-02-um-11.00.49.png\" class=\"img-fw\" \/><\/a><h4 class=\"text-center\">ESP<\/h4><\/div><div class=\"col-xs-12 col-lg-2 mb-download\"><a target=\"_blank\" href=\"https:\/\/www.gino-aka.com\/wp-content\/uploads\/2021\/10\/GINO-AKA-AKAMAS2.0_RU.pdf\" title=\"AKAMAS 2.0\"><img decoding=\"async\" src=\"https:\/\/www.gino-aka.com\/wp-content\/uploads\/2021\/11\/Bildschirmfoto-2021-12-02-um-11.00.49.png\" class=\"img-fw\" \/><\/a><h4 class=\"text-center\">RU<\/h4><\/div><\/div><div class=\"row\"><h2>D\u00e9marreur \u00e0 r\u00e9sistance liquide<\/h2><div class=\"col-xs-12 col-lg-2 mb-download\"><a target=\"_blank\" href=\"https:\/\/www.gino-aka.com\/wp-content\/uploads\/2021\/10\/GINO-AKA-Liquid-Resistance-Starters_EN.pdf\" title=\"D\u00e9marreur \u00e0 r\u00e9sistance liquide\"><img decoding=\"async\" src=\"https:\/\/www.gino-aka.com\/wp-content\/uploads\/2021\/10\/GINO-AKA-Liquid-Resistance-Starters_EN-1.jpg\" class=\"img-fw\" \/><\/a><h4 class=\"text-center\">EN<\/h4><\/div><div class=\"col-xs-12 col-lg-2 mb-download\"><a target=\"_blank\" href=\"https:\/\/www.gino-aka.com\/wp-content\/uploads\/2021\/10\/GINO-AKA-Liquid-Resistance-Starters_DE.pdf\" title=\"D\u00e9marreur \u00e0 r\u00e9sistance liquide\"><img decoding=\"async\" src=\"https:\/\/www.gino-aka.com\/wp-content\/uploads\/2021\/10\/GINO-AKA-Liquid-Resistance-Starters_DE-1.jpg\" class=\"img-fw\" \/><\/a><h4 class=\"text-center\">DE<\/h4><\/div><div class=\"col-xs-12 col-lg-2 mb-download\"><a target=\"_blank\" href=\"https:\/\/www.gino-aka.com\/wp-content\/uploads\/2021\/10\/GINO-AKA-Liquid-Resistance-Starters_FR.pdf\" title=\"D\u00e9marreur \u00e0 r\u00e9sistance liquide\"><img decoding=\"async\" src=\"https:\/\/www.gino-aka.com\/wp-content\/uploads\/2021\/10\/GINO-AKA-Liquid-Resistance-Starters_FR-1.jpg\" class=\"img-fw\" \/><\/a><h4 class=\"text-center\">FR<\/h4><\/div><div class=\"col-xs-12 col-lg-2 mb-download\"><a target=\"_blank\" href=\"https:\/\/www.gino-aka.com\/wp-content\/uploads\/2021\/10\/GINO-AKA-Liquid-Resistance-Starters_ESP.pdf\" title=\"D\u00e9marreur \u00e0 r\u00e9sistance liquide\"><img decoding=\"async\" src=\"https:\/\/www.gino-aka.com\/wp-content\/uploads\/2021\/10\/GINO-AKA-Liquid-Resistance-Starters_ESP-1.jpg\" class=\"img-fw\" \/><\/a><h4 class=\"text-center\">ESP<\/h4><\/div><div class=\"col-xs-12 col-lg-2 mb-download\"><a target=\"_blank\" href=\"https:\/\/www.gino-aka.com\/wp-content\/uploads\/2021\/10\/GINO-AKA-Liquid-Resistance-Starters_RU.pdf\" title=\"D\u00e9marreur \u00e0 r\u00e9sistance liquide\"><img decoding=\"async\" src=\"https:\/\/www.gino-aka.com\/wp-content\/uploads\/2021\/10\/GINO-AKA-Liquid-Resistance-Starters_RU-1.jpg\" class=\"img-fw\" \/><\/a><h4 class=\"text-center\">RU<\/h4><\/div><div class=\"col-xs-12 col-lg-2 mb-download\"><a target=\"_blank\" href=\"https:\/\/www.gino-aka.com\/wp-content\/uploads\/2021\/10\/GINO-AKA-Liquid-Resistance-Starters_CN.pdf\" title=\"D\u00e9marreur \u00e0 r\u00e9sistance liquide\"><img decoding=\"async\" src=\"https:\/\/www.gino-aka.com\/wp-content\/uploads\/2021\/10\/GINO-AKA-Liquid-ResistanceStarters_CN-1.jpg\" class=\"img-fw\" \/><\/a><h4 class=\"text-center\">CN<\/h4><\/div><\/div><div class=\"row\"><h2>R\u00e9gulateurs de puissance<\/h2><div class=\"col-xs-12 col-lg-2 mb-download\"><a target=\"_blank\" href=\"https:\/\/www.gino-aka.com\/wp-content\/uploads\/2021\/10\/GINO-AKA-Power-Controllers_EN.pdf\" title=\"R\u00e9gulateurs de puissance\"><img decoding=\"async\" src=\"https:\/\/www.gino-aka.com\/wp-content\/uploads\/2021\/10\/GINO-AKA-Power-Controllers_EN-1.jpg\" class=\"img-fw\" \/><\/a><h4 class=\"text-center\">EN<\/h4><\/div><div class=\"col-xs-12 col-lg-2 mb-download\"><a target=\"_blank\" href=\"https:\/\/www.gino-aka.com\/wp-content\/uploads\/2021\/10\/GINO-AKA-Power-Controllers_DE.pdf\" title=\"R\u00e9gulateurs de puissance\"><img decoding=\"async\" src=\"https:\/\/www.gino-aka.com\/wp-content\/uploads\/2021\/10\/GINO-AKA-Power-Controllers_DE-1.jpg\" class=\"img-fw\" \/><\/a><h4 class=\"text-center\">DE<\/h4><\/div><div class=\"col-xs-12 col-lg-2 mb-download\"><a target=\"_blank\" href=\"https:\/\/www.gino-aka.com\/wp-content\/uploads\/2021\/10\/GINO-AKA-Power-Controllers_FR.pdf\" title=\"R\u00e9gulateurs de puissance\"><img decoding=\"async\" src=\"https:\/\/www.gino-aka.com\/wp-content\/uploads\/2021\/10\/GINO-AKA-Power-Controllers_FR-1.jpg\" class=\"img-fw\" \/><\/a><h4 class=\"text-center\">FR<\/h4><\/div><div class=\"col-xs-12 col-lg-2 mb-download\"><a target=\"_blank\" href=\"https:\/\/www.gino-aka.com\/wp-content\/uploads\/2021\/10\/GINO-AKA-Power-Controllers_RU.pdf\" title=\"R\u00e9gulateurs de puissance\"><img decoding=\"async\" src=\"https:\/\/www.gino-aka.com\/wp-content\/uploads\/2021\/10\/GINO-AKA-Power-Controllers_RU-1.jpg\" class=\"img-fw\" \/><\/a><h4 class=\"text-center\">RU<\/h4><\/div><\/div><div class=\"row\"><h2>D\u00e9marreurs liquides compacts<\/h2><div class=\"col-xs-12 col-lg-2 mb-download\"><a target=\"_blank\" href=\"https:\/\/www.gino-aka.com\/wp-content\/uploads\/2021\/10\/GINO-AKA-compact-liquid-starters_EN.pdf\" title=\"D\u00e9marreurs liquides compacts\"><img decoding=\"async\" src=\"https:\/\/www.gino-aka.com\/wp-content\/uploads\/2021\/10\/Cover-CLRS-EN.jpg\" class=\"img-fw\" \/><\/a><h4 class=\"text-center\">EN<\/h4><\/div><\/div><div class=\"row\"><h2>Vectrostar<\/h2><div class=\"col-xs-12 col-lg-2 mb-download\"><a target=\"_blank\" href=\"https:\/\/www.gino-aka.com\/wp-content\/uploads\/2021\/10\/GINO-AKA_Vectrostar.pdf\" title=\"Vectrostar\"><img decoding=\"async\" src=\"https:\/\/www.gino-aka.com\/wp-content\/uploads\/2021\/10\/GINO-AKA_Vectrostar.jpg\" class=\"img-fw\" \/><\/a><h4 class=\"text-center\">EN<\/h4><\/div><\/div>\n","protected":false},"excerpt":{"rendered":"","protected":false},"author":1,"featured_media":799,"parent":0,"menu_order":10,"comment_status":"closed","ping_status":"closed","template":"","meta":{"_acf_changed":false,"footnotes":""},"acf":[],"yoast_head":"<!-- This site is optimized with the Yoast SEO plugin v22.2 - https:\/\/yoast.com\/wordpress\/plugins\/seo\/ -->\n<title>T\u00e9l\u00e9chargements - GINO AKA<\/title>\n<meta name=\"robots\" content=\"index, follow, max-snippet:-1, max-image-preview:large, max-video-preview:-1\" \/>\n<link rel=\"canonical\" href=\"https:\/\/www.gino-aka.com\/fr\/telechargements\/\" \/>\n<meta property=\"og:locale\" content=\"fr_FR\" \/>\n<meta property=\"og:type\" content=\"article\" \/>\n<meta property=\"og:title\" content=\"T\u00e9l\u00e9chargements - GINO AKA\" \/>\n<meta property=\"og:url\" content=\"https:\/\/www.gino-aka.com\/fr\/telechargements\/\" \/>\n<meta property=\"og:site_name\" content=\"GINO AKA\" \/>\n<meta property=\"article:modified_time\" content=\"2022-01-22T20:50:26+00:00\" \/>\n<meta property=\"og:image\" content=\"https:\/\/www.gino-aka.com\/wp-content\/uploads\/2021\/09\/Header1-1920x800-1.jpg\" \/>\n\t<meta property=\"og:image:width\" content=\"1920\" \/>\n\t<meta property=\"og:image:height\" content=\"800\" \/>\n\t<meta property=\"og:image:type\" content=\"image\/jpeg\" \/>\n<meta name=\"twitter:card\" content=\"summary_large_image\" \/>\n<script type=\"application\/ld+json\" class=\"yoast-schema-graph\">{\"@context\":\"https:\/\/schema.org\",\"@graph\":[{\"@type\":\"WebPage\",\"@id\":\"https:\/\/www.gino-aka.com\/fr\/telechargements\/\",\"url\":\"https:\/\/www.gino-aka.com\/fr\/telechargements\/\",\"name\":\"T\u00e9l\u00e9chargements - GINO AKA\",\"isPartOf\":{\"@id\":\"https:\/\/www.gino-aka.com\/fr\/#website\"},\"primaryImageOfPage\":{\"@id\":\"https:\/\/www.gino-aka.com\/fr\/telechargements\/#primaryimage\"},\"image\":{\"@id\":\"https:\/\/www.gino-aka.com\/fr\/telechargements\/#primaryimage\"},\"thumbnailUrl\":\"https:\/\/www.gino-aka.com\/wp-content\/uploads\/2021\/09\/Header1-1920x800-1.jpg\",\"datePublished\":\"2022-01-22T20:50:09+00:00\",\"dateModified\":\"2022-01-22T20:50:26+00:00\",\"inLanguage\":\"fr-FR\",\"potentialAction\":[{\"@type\":\"ReadAction\",\"target\":[\"https:\/\/www.gino-aka.com\/fr\/telechargements\/\"]}]},{\"@type\":\"ImageObject\",\"inLanguage\":\"fr-FR\",\"@id\":\"https:\/\/www.gino-aka.com\/fr\/telechargements\/#primaryimage\",\"url\":\"https:\/\/www.gino-aka.com\/wp-content\/uploads\/2021\/09\/Header1-1920x800-1.jpg\",\"contentUrl\":\"https:\/\/www.gino-aka.com\/wp-content\/uploads\/2021\/09\/Header1-1920x800-1.jpg\",\"width\":1920,\"height\":800},{\"@type\":\"WebSite\",\"@id\":\"https:\/\/www.gino-aka.com\/fr\/#website\",\"url\":\"https:\/\/www.gino-aka.com\/fr\/\",\"name\":\"GINO AKA\",\"description\":\"GINO AKA SAS\",\"potentialAction\":[{\"@type\":\"SearchAction\",\"target\":{\"@type\":\"EntryPoint\",\"urlTemplate\":\"https:\/\/www.gino-aka.com\/fr\/?s={search_term_string}\"},\"query-input\":\"required name=search_term_string\"}],\"inLanguage\":\"fr-FR\"}]}<\/script>\n<!-- \/ Yoast SEO plugin. -->","yoast_head_json":{"title":"T\u00e9l\u00e9chargements - GINO AKA","robots":{"index":"index","follow":"follow","max-snippet":"max-snippet:-1","max-image-preview":"max-image-preview:large","max-video-preview":"max-video-preview:-1"},"canonical":"https:\/\/www.gino-aka.com\/fr\/telechargements\/","og_locale":"fr_FR","og_type":"article","og_title":"T\u00e9l\u00e9chargements - GINO AKA","og_url":"https:\/\/www.gino-aka.com\/fr\/telechargements\/","og_site_name":"GINO AKA","article_modified_time":"2022-01-22T20:50:26+00:00","og_image":[{"width":1920,"height":800,"url":"https:\/\/www.gino-aka.com\/wp-content\/uploads\/2021\/09\/Header1-1920x800-1.jpg","type":"image\/jpeg"}],"twitter_card":"summary_large_image","schema":{"@context":"https:\/\/schema.org","@graph":[{"@type":"WebPage","@id":"https:\/\/www.gino-aka.com\/fr\/telechargements\/","url":"https:\/\/www.gino-aka.com\/fr\/telechargements\/","name":"T\u00e9l\u00e9chargements - GINO AKA","isPartOf":{"@id":"https:\/\/www.gino-aka.com\/fr\/#website"},"primaryImageOfPage":{"@id":"https:\/\/www.gino-aka.com\/fr\/telechargements\/#primaryimage"},"image":{"@id":"https:\/\/www.gino-aka.com\/fr\/telechargements\/#primaryimage"},"thumbnailUrl":"https:\/\/www.gino-aka.com\/wp-content\/uploads\/2021\/09\/Header1-1920x800-1.jpg","datePublished":"2022-01-22T20:50:09+00:00","dateModified":"2022-01-22T20:50:26+00:00","inLanguage":"fr-FR","potentialAction":[{"@type":"ReadAction","target":["https:\/\/www.gino-aka.com\/fr\/telechargements\/"]}]},{"@type":"ImageObject","inLanguage":"fr-FR","@id":"https:\/\/www.gino-aka.com\/fr\/telechargements\/#primaryimage","url":"https:\/\/www.gino-aka.com\/wp-content\/uploads\/2021\/09\/Header1-1920x800-1.jpg","contentUrl":"https:\/\/www.gino-aka.com\/wp-content\/uploads\/2021\/09\/Header1-1920x800-1.jpg","width":1920,"height":800},{"@type":"WebSite","@id":"https:\/\/www.gino-aka.com\/fr\/#website","url":"https:\/\/www.gino-aka.com\/fr\/","name":"GINO AKA","description":"GINO AKA SAS","potentialAction":[{"@type":"SearchAction","target":{"@type":"EntryPoint","urlTemplate":"https:\/\/www.gino-aka.com\/fr\/?s={search_term_string}"},"query-input":"required name=search_term_string"}],"inLanguage":"fr-FR"}]}},"_links":{"self":[{"href":"https:\/\/www.gino-aka.com\/fr\/wp-json\/wp\/v2\/pages\/2104"}],"collection":[{"href":"https:\/\/www.gino-aka.com\/fr\/wp-json\/wp\/v2\/pages"}],"about":[{"href":"https:\/\/www.gino-aka.com\/fr\/wp-json\/wp\/v2\/types\/page"}],"author":[{"embeddable":true,"href":"https:\/\/www.gino-aka.com\/fr\/wp-json\/wp\/v2\/users\/1"}],"replies":[{"embeddable":true,"href":"https:\/\/www.gino-aka.com\/fr\/wp-json\/wp\/v2\/comments?post=2104"}],"version-history":[{"count":2,"href":"https:\/\/www.gino-aka.com\/fr\/wp-json\/wp\/v2\/pages\/2104\/revisions"}],"predecessor-version":[{"id":2106,"href":"https:\/\/www.gino-aka.com\/fr\/wp-json\/wp\/v2\/pages\/2104\/revisions\/2106"}],"wp:featuredmedia":[{"embeddable":true,"href":"https:\/\/www.gino-aka.com\/fr\/wp-json\/wp\/v2\/media\/799"}],"wp:attachment":[{"href":"https:\/\/www.gino-aka.com\/fr\/wp-json\/wp\/v2\/media?parent=2104"}],"curies":[{"name":"wp","href":"https:\/\/api.w.org\/{rel}","templated":true}]}}