{"id":2101,"date":"2022-01-22T20:43:23","date_gmt":"2022-01-22T20:43:23","guid":{"rendered":"https:\/\/www.gino-aka.com\/?page_id=2101"},"modified":"2022-01-23T19:45:52","modified_gmt":"2022-01-23T19:45:52","slug":"services","status":"publish","type":"page","link":"https:\/\/www.gino-aka.com\/fr\/services\/","title":{"rendered":"Services"},"content":{"rendered":"<div id=\"pl-2101\"  class=\"panel-layout\" ><div id=\"pg-2101-0\"  class=\"panel-grid panel-no-style\" ><div id=\"pgc-2101-0-0\"  class=\"panel-grid-cell\" ><div id=\"panel-2101-0-0-0\" class=\"so-panel widget widget_sow-editor panel-first-child panel-last-child\" data-index=\"0\" ><div class=\"product height1 panel-widget-style panel-widget-style-for-2101-0-0-0\" ><div\n\t\t\t\n\t\t\tclass=\"so-widget-sow-editor so-widget-sow-editor-base\"\n\t\t\t\n\t\t><h3 class=\"widget-title\">Mise en service <\/h3>\n<div class=\"siteorigin-widget-tinymce textwidget\">\n\t<div class=\"siteorigin-widget-tinymce textwidget\">\n<div class=\"siteorigin-widget-tinymce textwidget\">\n<p><a href=\"https:\/\/www.gino-aka.com\/fr\/contact\/\"><img loading=\"lazy\" decoding=\"async\" class=\"img-responsive aligncenter wp-image-1216 size-large\" src=\"https:\/\/www.gino-aka.com\/wp-content\/uploads\/2021\/10\/Service01-1024x640.jpg\" alt=\"\" width=\"1024\" height=\"640\" srcset=\"https:\/\/www.gino-aka.com\/wp-content\/uploads\/2021\/10\/Service01-1024x640.jpg 1024w, https:\/\/www.gino-aka.com\/wp-content\/uploads\/2021\/10\/Service01-300x188.jpg 300w, https:\/\/www.gino-aka.com\/wp-content\/uploads\/2021\/10\/Service01-768x480.jpg 768w, https:\/\/www.gino-aka.com\/wp-content\/uploads\/2021\/10\/Service01.jpg 1440w\" sizes=\"(max-width: 1024px) 100vw, 1024px\" \/><\/a><\/p>\n<p>Nos sp\u00e9cialistes effectuent l\u2019installation et le d\u00e9marrage de votre \u00e9quipement sur site, o\u00f9 que vous soyez. Nos ing\u00e9nieurs de mise en service sont disponibles dans les plus brefs d\u00e9lais et nos clients peuvent \u00eatre assur\u00e9s de b\u00e9n\u00e9ficier des meilleures qualit\u00e9s de service du march\u00e9. Profitez de notre expertise pour tous les projets de mise \u00e0 niveau, de d\u00e9pannage, d\u2019installation ou de mise en service.<\/p>\n<p><a href=\"https:\/\/www.gino-aka.com\/fr\/contact\/\">Contact \u00bb<\/a><\/p>\n<\/div>\n<\/div>\n<\/div>\n<\/div><\/div><\/div><\/div><div id=\"pgc-2101-0-1\"  class=\"panel-grid-cell\" ><div id=\"panel-2101-0-1-0\" class=\"so-panel widget widget_sow-editor panel-first-child panel-last-child\" data-index=\"1\" ><div class=\"product height1 panel-widget-style panel-widget-style-for-2101-0-1-0\" ><div\n\t\t\t\n\t\t\tclass=\"so-widget-sow-editor so-widget-sow-editor-base\"\n\t\t\t\n\t\t><h3 class=\"widget-title\">Pi\u00e8ces de rechange<\/h3>\n<div class=\"siteorigin-widget-tinymce textwidget\">\n\t<div class=\"siteorigin-widget-tinymce textwidget\">\n<div class=\"siteorigin-widget-tinymce textwidget\">\n<p><a href=\"https:\/\/www.gino-aka.com\/fr\/contact\/\"><img loading=\"lazy\" decoding=\"async\" class=\"img-responsive aligncenter wp-image-1220 size-large\" src=\"https:\/\/www.gino-aka.com\/wp-content\/uploads\/2021\/10\/Service03-1024x640.jpg\" alt=\"\" width=\"1024\" height=\"640\" srcset=\"https:\/\/www.gino-aka.com\/wp-content\/uploads\/2021\/10\/Service03-1024x640.jpg 1024w, https:\/\/www.gino-aka.com\/wp-content\/uploads\/2021\/10\/Service03-300x188.jpg 300w, https:\/\/www.gino-aka.com\/wp-content\/uploads\/2021\/10\/Service03-768x480.jpg 768w, https:\/\/www.gino-aka.com\/wp-content\/uploads\/2021\/10\/Service03.jpg 1440w\" sizes=\"(max-width: 1024px) 100vw, 1024px\" \/><\/a><\/p>\n<p>GINO-AKA SAS est fier de la longue dur\u00e9e de vie de ses \u00e9quipements manufactur\u00e9s. Cela signifie que nous fournissons \u00e9galement des pi\u00e8ces de rechange pour des unit\u00e9s livr\u00e9es depuis des d\u00e9cennies. Pour tous les types de d\u00e9marreurs et de r\u00e9gulateurs de thyristor, nous avons des pi\u00e8ces de rechange en stock et pouvons les fournir dans les plus brefs d\u00e9lais.<br \/>\n<a href=\"https:\/\/www.gino-aka.com\/fr\/contact\/\">Contact \u00bb<\/a><\/p>\n<\/div>\n<\/div>\n<\/div>\n<\/div><\/div><\/div><\/div><\/div><div id=\"pg-2101-1\"  class=\"panel-grid panel-no-style\" ><div id=\"pgc-2101-1-0\"  class=\"panel-grid-cell\" ><div id=\"panel-2101-1-0-0\" class=\"so-panel widget widget_sow-editor panel-first-child panel-last-child\" data-index=\"2\" ><div class=\"product height1 panel-widget-style panel-widget-style-for-2101-1-0-0\" ><div\n\t\t\t\n\t\t\tclass=\"so-widget-sow-editor so-widget-sow-editor-base\"\n\t\t\t\n\t\t><h3 class=\"widget-title\">Essais d\u2019acceptation en usine<\/h3>\n<div class=\"siteorigin-widget-tinymce textwidget\">\n\t<div class=\"siteorigin-widget-tinymce textwidget\">\n<div class=\"siteorigin-widget-tinymce textwidget\">\n<p><a href=\"https:\/\/www.gino-aka.com\/fr\/contact\/\"><img loading=\"lazy\" decoding=\"async\" class=\"img-responsive aligncenter wp-image-1223 size-large\" src=\"https:\/\/www.gino-aka.com\/wp-content\/uploads\/2021\/10\/Service04-1024x640.jpg\" alt=\"\" width=\"1024\" height=\"640\" srcset=\"https:\/\/www.gino-aka.com\/wp-content\/uploads\/2021\/10\/Service04-1024x640.jpg 1024w, https:\/\/www.gino-aka.com\/wp-content\/uploads\/2021\/10\/Service04-300x188.jpg 300w, https:\/\/www.gino-aka.com\/wp-content\/uploads\/2021\/10\/Service04-768x480.jpg 768w, https:\/\/www.gino-aka.com\/wp-content\/uploads\/2021\/10\/Service04.jpg 1440w\" sizes=\"(max-width: 1024px) 100vw, 1024px\" \/><\/a><\/p>\n<p>Nous fabriquons nos \u00e9quipements dans notre usine situ\u00e9e \u00e0 Lisses, en France. Pour chaque projet, nous invitons nos clients \u00e0 assister au test final de l\u2019\u00e9quipement. Cela assure \u00e0 nos clients le plus haut niveau de qualit\u00e9.<\/p>\n<p><a href=\"https:\/\/www.gino-aka.com\/fr\/contact\/\">Contact \u00bb<\/a><\/p>\n<\/div>\n<\/div>\n<\/div>\n<\/div><\/div><\/div><\/div><div id=\"pgc-2101-1-1\"  class=\"panel-grid-cell\" ><div id=\"panel-2101-1-1-0\" class=\"so-panel widget widget_sow-editor panel-first-child panel-last-child\" data-index=\"3\" ><div class=\"product height1 panel-widget-style panel-widget-style-for-2101-1-1-0\" ><div\n\t\t\t\n\t\t\tclass=\"so-widget-sow-editor so-widget-sow-editor-base\"\n\t\t\t\n\t\t><h3 class=\"widget-title\">Conceptions sp\u00e9ciales<\/h3>\n<div class=\"siteorigin-widget-tinymce textwidget\">\n\t<div class=\"siteorigin-widget-tinymce textwidget\">\n<div class=\"siteorigin-widget-tinymce textwidget\">\n<p><a href=\"https:\/\/www.gino-aka.com\/fr\/contact\/\"><img loading=\"lazy\" decoding=\"async\" class=\"img-responsive aligncenter wp-image-1226 size-large\" src=\"https:\/\/www.gino-aka.com\/wp-content\/uploads\/2021\/10\/Service02-1024x640.jpg\" alt=\"\" width=\"1024\" height=\"640\" srcset=\"https:\/\/www.gino-aka.com\/wp-content\/uploads\/2021\/10\/Service02-1024x640.jpg 1024w, https:\/\/www.gino-aka.com\/wp-content\/uploads\/2021\/10\/Service02-300x188.jpg 300w, https:\/\/www.gino-aka.com\/wp-content\/uploads\/2021\/10\/Service02-768x480.jpg 768w, https:\/\/www.gino-aka.com\/wp-content\/uploads\/2021\/10\/Service02.jpg 1440w\" sizes=\"(max-width: 1024px) 100vw, 1024px\" \/><\/a><\/p>\n<p>Une id\u00e9e de projet\u2009? N\u2019h\u00e9sitez pas \u00e0 nous contacter Gr\u00e2ce \u00e0 notre exp\u00e9rience dans les machines sp\u00e9ciales, nous pouvons adapter\/modifier\/d\u00e9velopper des \u00e9quipements adapt\u00e9s \u00e0 vos besoins. Nous offrons des solutions uniques et personnalis\u00e9es pour nos clients.<br \/>\n<a href=\"https:\/\/www.gino-aka.com\/fr\/contact\/\">Contact \u00bb<\/a><\/p>\n<\/div>\n<\/div>\n<\/div>\n<\/div><\/div><\/div><\/div><\/div><\/div>","protected":false},"excerpt":{"rendered":"<p>Nos sp\u00e9cialistes effectuent l\u2019installation et le d\u00e9marrage de votre \u00e9quipement sur site, o\u00f9 que vous soyez. Nos ing\u00e9nieurs de mise en service sont disponibles dans les plus brefs d\u00e9lais et nos clients peuvent \u00eatre assur\u00e9s de b\u00e9n\u00e9ficier des meilleures qualit\u00e9s de service du march\u00e9. Profitez de notre expertise pour tous les projets de mise \u00e0 [&hellip;]<\/p>\n","protected":false},"author":1,"featured_media":1066,"parent":0,"menu_order":8,"comment_status":"closed","ping_status":"closed","template":"page-service.php","meta":{"_acf_changed":false,"footnotes":""},"acf":[],"yoast_head":"<!-- This site is optimized with the Yoast SEO plugin v22.2 - https:\/\/yoast.com\/wordpress\/plugins\/seo\/ -->\n<title>Services - GINO AKA<\/title>\n<meta name=\"robots\" content=\"index, follow, max-snippet:-1, max-image-preview:large, max-video-preview:-1\" \/>\n<link rel=\"canonical\" href=\"https:\/\/www.gino-aka.com\/fr\/services\/\" \/>\n<meta property=\"og:locale\" content=\"fr_FR\" \/>\n<meta property=\"og:type\" content=\"article\" \/>\n<meta property=\"og:title\" content=\"Services - GINO AKA\" \/>\n<meta property=\"og:description\" content=\"Nos sp\u00e9cialistes effectuent l\u2019installation et le d\u00e9marrage de votre \u00e9quipement sur site, o\u00f9 que vous soyez. Nos ing\u00e9nieurs de mise en service sont disponibles dans les plus brefs d\u00e9lais et nos clients peuvent \u00eatre assur\u00e9s de b\u00e9n\u00e9ficier des meilleures qualit\u00e9s de service du march\u00e9. Profitez de notre expertise pour tous les projets de mise \u00e0 [&hellip;]\" \/>\n<meta property=\"og:url\" content=\"https:\/\/www.gino-aka.com\/fr\/services\/\" \/>\n<meta property=\"og:site_name\" content=\"GINO AKA\" \/>\n<meta property=\"article:modified_time\" content=\"2022-01-23T19:45:52+00:00\" \/>\n<meta property=\"og:image\" content=\"https:\/\/www.gino-aka.com\/wp-content\/uploads\/2021\/10\/GINO_Web-6.jpg\" \/>\n\t<meta property=\"og:image:width\" content=\"2048\" \/>\n\t<meta property=\"og:image:height\" content=\"1365\" \/>\n\t<meta property=\"og:image:type\" content=\"image\/jpeg\" \/>\n<meta name=\"twitter:card\" content=\"summary_large_image\" \/>\n<meta name=\"twitter:label1\" content=\"Dur\u00e9e de lecture estim\u00e9e\" \/>\n\t<meta name=\"twitter:data1\" content=\"1 minute\" \/>\n<script type=\"application\/ld+json\" class=\"yoast-schema-graph\">{\"@context\":\"https:\/\/schema.org\",\"@graph\":[{\"@type\":\"WebPage\",\"@id\":\"https:\/\/www.gino-aka.com\/fr\/services\/\",\"url\":\"https:\/\/www.gino-aka.com\/fr\/services\/\",\"name\":\"Services - GINO AKA\",\"isPartOf\":{\"@id\":\"https:\/\/www.gino-aka.com\/fr\/#website\"},\"primaryImageOfPage\":{\"@id\":\"https:\/\/www.gino-aka.com\/fr\/services\/#primaryimage\"},\"image\":{\"@id\":\"https:\/\/www.gino-aka.com\/fr\/services\/#primaryimage\"},\"thumbnailUrl\":\"https:\/\/www.gino-aka.com\/wp-content\/uploads\/2021\/10\/GINO_Web-6.jpg\",\"datePublished\":\"2022-01-22T20:43:23+00:00\",\"dateModified\":\"2022-01-23T19:45:52+00:00\",\"inLanguage\":\"fr-FR\",\"potentialAction\":[{\"@type\":\"ReadAction\",\"target\":[\"https:\/\/www.gino-aka.com\/fr\/services\/\"]}]},{\"@type\":\"ImageObject\",\"inLanguage\":\"fr-FR\",\"@id\":\"https:\/\/www.gino-aka.com\/fr\/services\/#primaryimage\",\"url\":\"https:\/\/www.gino-aka.com\/wp-content\/uploads\/2021\/10\/GINO_Web-6.jpg\",\"contentUrl\":\"https:\/\/www.gino-aka.com\/wp-content\/uploads\/2021\/10\/GINO_Web-6.jpg\",\"width\":2048,\"height\":1365},{\"@type\":\"WebSite\",\"@id\":\"https:\/\/www.gino-aka.com\/fr\/#website\",\"url\":\"https:\/\/www.gino-aka.com\/fr\/\",\"name\":\"GINO AKA\",\"description\":\"GINO AKA SAS\",\"potentialAction\":[{\"@type\":\"SearchAction\",\"target\":{\"@type\":\"EntryPoint\",\"urlTemplate\":\"https:\/\/www.gino-aka.com\/fr\/?s={search_term_string}\"},\"query-input\":\"required name=search_term_string\"}],\"inLanguage\":\"fr-FR\"}]}<\/script>\n<!-- \/ Yoast SEO plugin. -->","yoast_head_json":{"title":"Services - GINO AKA","robots":{"index":"index","follow":"follow","max-snippet":"max-snippet:-1","max-image-preview":"max-image-preview:large","max-video-preview":"max-video-preview:-1"},"canonical":"https:\/\/www.gino-aka.com\/fr\/services\/","og_locale":"fr_FR","og_type":"article","og_title":"Services - GINO AKA","og_description":"Nos sp\u00e9cialistes effectuent l\u2019installation et le d\u00e9marrage de votre \u00e9quipement sur site, o\u00f9 que vous soyez. Nos ing\u00e9nieurs de mise en service sont disponibles dans les plus brefs d\u00e9lais et nos clients peuvent \u00eatre assur\u00e9s de b\u00e9n\u00e9ficier des meilleures qualit\u00e9s de service du march\u00e9. Profitez de notre expertise pour tous les projets de mise \u00e0 [&hellip;]","og_url":"https:\/\/www.gino-aka.com\/fr\/services\/","og_site_name":"GINO AKA","article_modified_time":"2022-01-23T19:45:52+00:00","og_image":[{"width":2048,"height":1365,"url":"https:\/\/www.gino-aka.com\/wp-content\/uploads\/2021\/10\/GINO_Web-6.jpg","type":"image\/jpeg"}],"twitter_card":"summary_large_image","twitter_misc":{"Dur\u00e9e de lecture estim\u00e9e":"1 minute"},"schema":{"@context":"https:\/\/schema.org","@graph":[{"@type":"WebPage","@id":"https:\/\/www.gino-aka.com\/fr\/services\/","url":"https:\/\/www.gino-aka.com\/fr\/services\/","name":"Services - GINO AKA","isPartOf":{"@id":"https:\/\/www.gino-aka.com\/fr\/#website"},"primaryImageOfPage":{"@id":"https:\/\/www.gino-aka.com\/fr\/services\/#primaryimage"},"image":{"@id":"https:\/\/www.gino-aka.com\/fr\/services\/#primaryimage"},"thumbnailUrl":"https:\/\/www.gino-aka.com\/wp-content\/uploads\/2021\/10\/GINO_Web-6.jpg","datePublished":"2022-01-22T20:43:23+00:00","dateModified":"2022-01-23T19:45:52+00:00","inLanguage":"fr-FR","potentialAction":[{"@type":"ReadAction","target":["https:\/\/www.gino-aka.com\/fr\/services\/"]}]},{"@type":"ImageObject","inLanguage":"fr-FR","@id":"https:\/\/www.gino-aka.com\/fr\/services\/#primaryimage","url":"https:\/\/www.gino-aka.com\/wp-content\/uploads\/2021\/10\/GINO_Web-6.jpg","contentUrl":"https:\/\/www.gino-aka.com\/wp-content\/uploads\/2021\/10\/GINO_Web-6.jpg","width":2048,"height":1365},{"@type":"WebSite","@id":"https:\/\/www.gino-aka.com\/fr\/#website","url":"https:\/\/www.gino-aka.com\/fr\/","name":"GINO AKA","description":"GINO AKA SAS","potentialAction":[{"@type":"SearchAction","target":{"@type":"EntryPoint","urlTemplate":"https:\/\/www.gino-aka.com\/fr\/?s={search_term_string}"},"query-input":"required name=search_term_string"}],"inLanguage":"fr-FR"}]}},"_links":{"self":[{"href":"https:\/\/www.gino-aka.com\/fr\/wp-json\/wp\/v2\/pages\/2101"}],"collection":[{"href":"https:\/\/www.gino-aka.com\/fr\/wp-json\/wp\/v2\/pages"}],"about":[{"href":"https:\/\/www.gino-aka.com\/fr\/wp-json\/wp\/v2\/types\/page"}],"author":[{"embeddable":true,"href":"https:\/\/www.gino-aka.com\/fr\/wp-json\/wp\/v2\/users\/1"}],"replies":[{"embeddable":true,"href":"https:\/\/www.gino-aka.com\/fr\/wp-json\/wp\/v2\/comments?post=2101"}],"version-history":[{"count":3,"href":"https:\/\/www.gino-aka.com\/fr\/wp-json\/wp\/v2\/pages\/2101\/revisions"}],"predecessor-version":[{"id":2247,"href":"https:\/\/www.gino-aka.com\/fr\/wp-json\/wp\/v2\/pages\/2101\/revisions\/2247"}],"wp:featuredmedia":[{"embeddable":true,"href":"https:\/\/www.gino-aka.com\/fr\/wp-json\/wp\/v2\/media\/1066"}],"wp:attachment":[{"href":"https:\/\/www.gino-aka.com\/fr\/wp-json\/wp\/v2\/media?parent=2101"}],"curies":[{"name":"wp","href":"https:\/\/api.w.org\/{rel}","templated":true}]}}