{"id":2097,"date":"2022-01-22T20:40:33","date_gmt":"2022-01-22T20:40:33","guid":{"rendered":"https:\/\/www.gino-aka.com\/?page_id=2097"},"modified":"2022-01-23T19:27:56","modified_gmt":"2022-01-23T19:27:56","slug":"applications","status":"publish","type":"page","link":"https:\/\/www.gino-aka.com\/fr\/applications\/","title":{"rendered":"Applications"},"content":{"rendered":"<div id=\"pl-2097\"  class=\"panel-layout\" ><div id=\"pg-2097-0\"  class=\"panel-grid panel-no-style\" ><div id=\"pgc-2097-0-0\"  class=\"panel-grid-cell\" ><div id=\"panel-2097-0-0-0\" class=\"so-panel widget widget_sow-editor panel-first-child panel-last-child\" data-index=\"0\" ><div class=\"product height1 panel-widget-style panel-widget-style-for-2097-0-0-0\" ><div\n\t\t\t\n\t\t\tclass=\"so-widget-sow-editor so-widget-sow-editor-base\"\n\t\t\t\n\t\t><h3 class=\"widget-title\">Ciment<\/h3>\n<div class=\"siteorigin-widget-tinymce textwidget\">\n\t<div class=\"siteorigin-widget-tinymce textwidget\">\n<div class=\"siteorigin-widget-tinymce textwidget\">\n<p><a href=\"https:\/\/www.gino-aka.com\/fr\/produits\/regulateurs-de-moteur\/demarreur-a-resistance-liquide-type-ak-mak-et-sk\/\"><img loading=\"lazy\" decoding=\"async\" class=\"img-responsive aligncenter wp-image-1028 size-large\" src=\"https:\/\/www.gino-aka.com\/wp-content\/uploads\/2021\/10\/Ap_Cement-1024x640.jpg\" alt=\"\" width=\"1024\" height=\"640\" srcset=\"https:\/\/www.gino-aka.com\/wp-content\/uploads\/2021\/10\/Ap_Cement-1024x640.jpg 1024w, https:\/\/www.gino-aka.com\/wp-content\/uploads\/2021\/10\/Ap_Cement-300x188.jpg 300w, https:\/\/www.gino-aka.com\/wp-content\/uploads\/2021\/10\/Ap_Cement-768x480.jpg 768w, https:\/\/www.gino-aka.com\/wp-content\/uploads\/2021\/10\/Ap_Cement.jpg 1440w\" sizes=\"(max-width: 1024px) 100vw, 1024px\" \/><\/a><\/p>\n<p>Pour le secteur du ciment, les d\u00e9marreurs liquides GINO-AKA sont le premier choix des clients du monde entier. L\u2019\u00e9quipement est soumis \u00e0 des environnements hostiles et doit \u00eatre durable, fiable et rentable. Avec notre d\u00e9marreur liquide AK, nous avons con\u00e7u un LRS r\u00e9pondant \u00e0 toutes les exigences du secteur du ciment.<\/p>\n<p><a href=\"https:\/\/www.gino-aka.com\/fr\/produits\/regulateurs-de-moteur\/demarreur-a-resistance-liquide-type-ak-mak-et-sk\/\">Voir les produits \u00bb<\/a><\/p>\n<\/div>\n<\/div>\n<\/div>\n<\/div><\/div><\/div><\/div><div id=\"pgc-2097-0-1\"  class=\"panel-grid-cell\" ><div id=\"panel-2097-0-1-0\" class=\"so-panel widget widget_sow-editor panel-first-child panel-last-child\" data-index=\"1\" ><div class=\"product height1 panel-widget-style panel-widget-style-for-2097-0-1-0\" ><div\n\t\t\t\n\t\t\tclass=\"so-widget-sow-editor so-widget-sow-editor-base\"\n\t\t\t\n\t\t><h3 class=\"widget-title\">Verre flott\u00e9<\/h3>\n<div class=\"siteorigin-widget-tinymce textwidget\">\n\t<div class=\"siteorigin-widget-tinymce textwidget\">\n<div class=\"siteorigin-widget-tinymce textwidget\">\n<p><a href=\"https:\/\/www.gino-aka.com\/fr\/produits\/regulateurs-de-puissance\/regulateur-de-puissance-akgrad32\/\"><img loading=\"lazy\" decoding=\"async\" class=\"img-responsive aligncenter wp-image-1031 size-large\" src=\"https:\/\/www.gino-aka.com\/wp-content\/uploads\/2021\/10\/AP_Floatglas-1024x640.jpg\" alt=\"\" width=\"1024\" height=\"640\" srcset=\"https:\/\/www.gino-aka.com\/wp-content\/uploads\/2021\/10\/AP_Floatglas-1024x640.jpg 1024w, https:\/\/www.gino-aka.com\/wp-content\/uploads\/2021\/10\/AP_Floatglas-300x188.jpg 300w, https:\/\/www.gino-aka.com\/wp-content\/uploads\/2021\/10\/AP_Floatglas-768x480.jpg 768w, https:\/\/www.gino-aka.com\/wp-content\/uploads\/2021\/10\/AP_Floatglas.jpg 1440w\" sizes=\"(max-width: 1024px) 100vw, 1024px\" \/><\/a><\/p>\n<p>Pour la production de verre flott\u00e9, le r\u00e9gulateur de puissance GINO-AKA\u00a0AKGRAD32 est utilis\u00e9 pour obtenir des processus de chauffage \u00e9lectrique pr\u00e9cis. L\u2019utilisation du contr\u00f4leur de puissance AKGRAD r\u00e9duit consid\u00e9rablement les \u00e9missions de carbone et la consommation d\u2019\u00e9nergie des fours de fusion \u00e0 verre.<\/p>\n<p><a href=\"https:\/\/www.gino-aka.com\/fr\/produits\/regulateurs-de-puissance\/regulateur-de-puissance-akgrad32\/\">Voir les produits \u00bb<\/a><\/p>\n<\/div>\n<\/div>\n<\/div>\n<\/div><\/div><\/div><\/div><\/div><div id=\"pg-2097-1\"  class=\"panel-grid panel-no-style\" ><div id=\"pgc-2097-1-0\"  class=\"panel-grid-cell\" ><div id=\"panel-2097-1-0-0\" class=\"so-panel widget widget_sow-editor panel-first-child panel-last-child\" data-index=\"2\" ><div class=\"product height panel-widget-style panel-widget-style-for-2097-1-0-0\" ><div\n\t\t\t\n\t\t\tclass=\"so-widget-sow-editor so-widget-sow-editor-base\"\n\t\t\t\n\t\t><h3 class=\"widget-title\">Exploitation mini\u00e8re<\/h3>\n<div class=\"siteorigin-widget-tinymce textwidget\">\n\t<div class=\"siteorigin-widget-tinymce textwidget\">\n<div class=\"siteorigin-widget-tinymce textwidget\">\n<p><a href=\"https:\/\/www.gino-aka.com\/fr\/produits\/regulateurs-de-moteur\/demarreur-a-resistance-liquide-type-ak-mak-et-sk\/\"><img loading=\"lazy\" decoding=\"async\" class=\"img-responsive aligncenter wp-image-1037 size-large\" src=\"https:\/\/www.gino-aka.com\/wp-content\/uploads\/2021\/10\/Ap_Mining-1024x640.jpg\" alt=\"\" width=\"1024\" height=\"640\" srcset=\"https:\/\/www.gino-aka.com\/wp-content\/uploads\/2021\/10\/Ap_Mining-1024x640.jpg 1024w, https:\/\/www.gino-aka.com\/wp-content\/uploads\/2021\/10\/Ap_Mining-300x188.jpg 300w, https:\/\/www.gino-aka.com\/wp-content\/uploads\/2021\/10\/Ap_Mining-768x480.jpg 768w, https:\/\/www.gino-aka.com\/wp-content\/uploads\/2021\/10\/Ap_Mining.jpg 1440w\" sizes=\"(max-width: 1024px) 100vw, 1024px\" \/><\/a><\/p>\n<p>L\u2019industrie mini\u00e8re exige des performances sp\u00e9cifiques des d\u00e9marreurs \u00e0 r\u00e9sistance liquide. L\u2019automatisation \u00e0 grande \u00e9chelle avec des applications n\u00e9cessitant jusqu\u2019\u00e0 20\u00a0MW de puissance est une pratique courante dans les exploitations d\u2019or, de cuivre, de zinc ou de bauxite. Avec les d\u00e9marreurs MAK, GINO-AKA fournit un LRS sp\u00e9cialement con\u00e7u pour r\u00e9pondre aux attentes les plus \u00e9lev\u00e9es des clients en mati\u00e8re de performances.<\/p>\n<p><a href=\"https:\/\/www.gino-aka.com\/fr\/produits\/regulateurs-de-moteur\/demarreur-a-resistance-liquide-type-ak-mak-et-sk\/\">Voir les produits \u00bb<\/a><\/p>\n<\/div>\n<\/div>\n<\/div>\n<\/div><\/div><\/div><\/div><div id=\"pgc-2097-1-1\"  class=\"panel-grid-cell\" ><div id=\"panel-2097-1-1-0\" class=\"so-panel widget widget_sow-editor panel-first-child panel-last-child\" data-index=\"3\" ><div class=\"product height panel-widget-style panel-widget-style-for-2097-1-1-0\" ><div\n\t\t\t\n\t\t\tclass=\"so-widget-sow-editor so-widget-sow-editor-base\"\n\t\t\t\n\t\t><h3 class=\"widget-title\">Chauffage industriel<\/h3>\n<div class=\"siteorigin-widget-tinymce textwidget\">\n\t<div class=\"siteorigin-widget-tinymce textwidget\">\n<div class=\"siteorigin-widget-tinymce textwidget\">\n<p><a href=\"https:\/\/www.gino-aka.com\/fr\/produits\/regulateurs-de-puissance\/\"><img loading=\"lazy\" decoding=\"async\" class=\"img-responsive aligncenter wp-image-1034 size-large\" src=\"https:\/\/www.gino-aka.com\/wp-content\/uploads\/2021\/10\/Ap_IndustrialHeating-1024x640.jpg\" alt=\"\" width=\"1024\" height=\"640\" srcset=\"https:\/\/www.gino-aka.com\/wp-content\/uploads\/2021\/10\/Ap_IndustrialHeating-1024x640.jpg 1024w, https:\/\/www.gino-aka.com\/wp-content\/uploads\/2021\/10\/Ap_IndustrialHeating-300x188.jpg 300w, https:\/\/www.gino-aka.com\/wp-content\/uploads\/2021\/10\/Ap_IndustrialHeating-768x480.jpg 768w, https:\/\/www.gino-aka.com\/wp-content\/uploads\/2021\/10\/Ap_IndustrialHeating.jpg 1440w\" sizes=\"(max-width: 1024px) 100vw, 1024px\" \/><\/a><\/p>\n<p>Les proc\u00e9d\u00e9s de chauffage modernes privil\u00e9gient le chauffage \u00e9lectrique plut\u00f4t que la combustion de gaz ou de carburant. C\u2019est pour des raisons environnementales et \u00e9conomiques. Afin de g\u00e9rer avec pr\u00e9cision les processus de chauffage dans les environnements industriels, nous fournissons des r\u00e9gulateurs de puissance individuels bas\u00e9s sur des thyristors.<\/p>\n<p><a href=\"https:\/\/www.gino-aka.com\/fr\/produits\/regulateurs-de-puissance\/\">Voir les produits \u00bb<\/a><\/p>\n<\/div>\n<\/div>\n<\/div>\n<\/div><\/div><\/div><\/div><\/div><div id=\"pg-2097-2\"  class=\"panel-grid panel-no-style\" ><div id=\"pgc-2097-2-0\"  class=\"panel-grid-cell\" ><div id=\"panel-2097-2-0-0\" class=\"so-panel widget widget_sow-editor panel-first-child panel-last-child\" data-index=\"4\" ><div class=\"product height2 panel-widget-style panel-widget-style-for-2097-2-0-0\" ><div\n\t\t\t\n\t\t\tclass=\"so-widget-sow-editor so-widget-sow-editor-base\"\n\t\t\t\n\t\t><h3 class=\"widget-title\">Industrie sucri\u00e8re<\/h3>\n<div class=\"siteorigin-widget-tinymce textwidget\">\n\t<div class=\"siteorigin-widget-tinymce textwidget\">\n<div class=\"siteorigin-widget-tinymce textwidget\">\n<p><a href=\"https:\/\/www.gino-aka.com\/fr\/produits\/regulateurs-de-moteur\/solutions-de-resistance-a-glissement-gino-aka\/\"><img loading=\"lazy\" decoding=\"async\" class=\"img-responsive aligncenter wp-image-1046 size-large\" src=\"https:\/\/www.gino-aka.com\/wp-content\/uploads\/2021\/10\/Ap_Sugar-1024x640.jpg\" alt=\"\" width=\"1024\" height=\"640\" srcset=\"https:\/\/www.gino-aka.com\/wp-content\/uploads\/2021\/10\/Ap_Sugar-1024x640.jpg 1024w, https:\/\/www.gino-aka.com\/wp-content\/uploads\/2021\/10\/Ap_Sugar-300x188.jpg 300w, https:\/\/www.gino-aka.com\/wp-content\/uploads\/2021\/10\/Ap_Sugar-768x480.jpg 768w, https:\/\/www.gino-aka.com\/wp-content\/uploads\/2021\/10\/Ap_Sugar.jpg 1440w\" sizes=\"(max-width: 1024px) 100vw, 1024px\" \/><\/a><\/p>\n<p>Pour la production de sucre, GINO-AKA fournit des d\u00e9marreurs liquides et des r\u00e9sistances \u00e0 glissement pour les broyeurs de canne. Selon les mat\u00e9riaux d\u00e9chiquet\u00e9s, des exigences particuli\u00e8res s\u2019appliquent aux d\u00e9marreurs et aux r\u00e9sistances \u00e0 glissement. GINO-AKA con\u00e7oit sp\u00e9cialement des solutions pour r\u00e9pondre \u00e0 ces exigences.<\/p>\n<p><a href=\"https:\/\/www.gino-aka.com\/fr\/produits\/regulateurs-de-moteur\/solutions-de-resistance-a-glissement-gino-aka\/\">Voir les produits \u00bb<\/a><\/p>\n<\/div>\n<\/div>\n<\/div>\n<\/div><\/div><\/div><\/div><div id=\"pgc-2097-2-1\"  class=\"panel-grid-cell\" ><div id=\"panel-2097-2-1-0\" class=\"so-panel widget widget_sow-editor panel-first-child panel-last-child\" data-index=\"5\" ><div class=\"product height2 panel-widget-style panel-widget-style-for-2097-2-1-0\" ><div\n\t\t\t\n\t\t\tclass=\"so-widget-sow-editor so-widget-sow-editor-base\"\n\t\t\t\n\t\t><h3 class=\"widget-title\">Sid\u00e9rurgie<\/h3>\n<div class=\"siteorigin-widget-tinymce textwidget\">\n\t<div class=\"siteorigin-widget-tinymce textwidget\">\n<div class=\"siteorigin-widget-tinymce textwidget\">\n<p><a href=\"https:\/\/www.gino-aka.com\/fr\/produits\/regulateurs-de-puissance\/\"><img loading=\"lazy\" decoding=\"async\" class=\"img-responsive aligncenter wp-image-1043 size-large\" src=\"https:\/\/www.gino-aka.com\/wp-content\/uploads\/2021\/10\/Ap_Steel-1024x640.jpg\" alt=\"\" width=\"1024\" height=\"640\" srcset=\"https:\/\/www.gino-aka.com\/wp-content\/uploads\/2021\/10\/Ap_Steel-1024x640.jpg 1024w, https:\/\/www.gino-aka.com\/wp-content\/uploads\/2021\/10\/Ap_Steel-300x188.jpg 300w, https:\/\/www.gino-aka.com\/wp-content\/uploads\/2021\/10\/Ap_Steel-768x480.jpg 768w, https:\/\/www.gino-aka.com\/wp-content\/uploads\/2021\/10\/Ap_Steel.jpg 1440w\" sizes=\"(max-width: 1024px) 100vw, 1024px\" \/><\/a><\/p>\n<p>La production d\u2019acier n\u00e9cessite beaucoup d\u2019\u00e9nergie. Certains fours sid\u00e9rurgiques peuvent \u00eatre actionn\u00e9s \u00e9lectriquement. Pour les fours \u00e9lectriques en acier, des r\u00e9gulateurs de puissance \u00e0 haute intensit\u00e9 peuvent \u00eatre utilis\u00e9s pour la r\u00e9gulation de la chaleur et la r\u00e9duction de la consommation totale d\u2019\u00e9nergie.<br \/>\n<a href=\"https:\/\/www.gino-aka.com\/fr\/produits\/regulateurs-de-puissance\/\">Voir les produits \u00bb<\/a><\/p>\n<\/div>\n<\/div>\n<\/div>\n<\/div><\/div><\/div><\/div><\/div><div id=\"pg-2097-3\"  class=\"panel-grid panel-no-style\" ><div id=\"pgc-2097-3-0\"  class=\"panel-grid-cell\" ><div id=\"panel-2097-3-0-0\" class=\"so-panel widget widget_sow-editor panel-first-child panel-last-child\" data-index=\"6\" ><div class=\"product height3 panel-widget-style panel-widget-style-for-2097-3-0-0\" ><div\n\t\t\t\n\t\t\tclass=\"so-widget-sow-editor so-widget-sow-editor-base\"\n\t\t\t\n\t\t><h3 class=\"widget-title\">Carri\u00e8res<\/h3>\n<div class=\"siteorigin-widget-tinymce textwidget\">\n\t<div class=\"siteorigin-widget-tinymce textwidget\">\n<div class=\"siteorigin-widget-tinymce textwidget\">\n<p><a href=\"https:\/\/www.gino-aka.com\/fr\/produits\/regulateurs-de-moteur\/demarreurs-liquides-compacts-type-arl-vectrohm\/\"><img loading=\"lazy\" decoding=\"async\" class=\"img-responsive aligncenter wp-image-1040 size-large\" src=\"https:\/\/www.gino-aka.com\/wp-content\/uploads\/2021\/10\/Ap_Quarries-1024x640.jpg\" alt=\"\" width=\"1024\" height=\"640\" srcset=\"https:\/\/www.gino-aka.com\/wp-content\/uploads\/2021\/10\/Ap_Quarries-1024x640.jpg 1024w, https:\/\/www.gino-aka.com\/wp-content\/uploads\/2021\/10\/Ap_Quarries-300x188.jpg 300w, https:\/\/www.gino-aka.com\/wp-content\/uploads\/2021\/10\/Ap_Quarries-768x480.jpg 768w, https:\/\/www.gino-aka.com\/wp-content\/uploads\/2021\/10\/Ap_Quarries.jpg 1440w\" sizes=\"(max-width: 1024px) 100vw, 1024px\" \/><\/a><\/p>\n<p>Les d\u00e9marreurs liquides GINO-AKA sont utilis\u00e9s dans les carri\u00e8res pour broyer le calcaire ou d\u2019autres mat\u00e9riaux de construction. Les concasseurs exigent un couple \u00e9lev\u00e9 et une technologie fiable et r\u00e9sistante. GINO-AKA fournit les d\u00e9marreurs fiables ARL et Vectrohm avec un prix avantageux pour les puissances de moteur jusqu\u2019\u00e0 500\u00a0kW.<\/p>\n<p><a href=\"https:\/\/www.gino-aka.com\/fr\/produits\/regulateurs-de-moteur\/demarreurs-liquides-compacts-type-arl-vectrohm\/\">Voir les produits \u00bb<\/a><\/p>\n<\/div>\n<\/div>\n<\/div>\n<\/div><\/div><\/div><\/div><div id=\"pgc-2097-3-1\"  class=\"panel-grid-cell\" ><div id=\"panel-2097-3-1-0\" class=\"so-panel widget widget_sow-editor panel-first-child panel-last-child\" data-index=\"7\" ><div class=\"product height3 panel-widget-style panel-widget-style-for-2097-3-1-0\" ><div\n\t\t\t\n\t\t\tclass=\"so-widget-sow-editor so-widget-sow-editor-base\"\n\t\t\t\n\t\t><h3 class=\"widget-title\">Automobile<\/h3>\n<div class=\"siteorigin-widget-tinymce textwidget\">\n\t<div class=\"siteorigin-widget-tinymce textwidget\">\n<div class=\"siteorigin-widget-tinymce textwidget\">\n<p><a href=\"https:\/\/www.gino-aka.com\/fr\/produits\/regulateurs-de-puissance\/\"><img loading=\"lazy\" decoding=\"async\" class=\"img-responsive aligncenter wp-image-1025 size-large\" src=\"https:\/\/www.gino-aka.com\/wp-content\/uploads\/2021\/10\/Ap_Automotive-1024x640.jpg\" alt=\"\" width=\"1024\" height=\"640\" srcset=\"https:\/\/www.gino-aka.com\/wp-content\/uploads\/2021\/10\/Ap_Automotive-1024x640.jpg 1024w, https:\/\/www.gino-aka.com\/wp-content\/uploads\/2021\/10\/Ap_Automotive-300x188.jpg 300w, https:\/\/www.gino-aka.com\/wp-content\/uploads\/2021\/10\/Ap_Automotive-768x480.jpg 768w, https:\/\/www.gino-aka.com\/wp-content\/uploads\/2021\/10\/Ap_Automotive.jpg 1440w\" sizes=\"(max-width: 1024px) 100vw, 1024px\" \/><\/a><\/p>\n<p>Dans l\u2019industrie automobile, un traitement thermique tr\u00e8s pr\u00e9cis est n\u00e9cessaire \u00e0 certaines \u00e9tapes de la cha\u00eene de production. Cela s\u2019applique par exemple au traitement contr\u00f4l\u00e9 des couches de peinture. Pour ces applications, nous fournissons des contr\u00f4leurs pr\u00e9cis de zone de chaleur \u00e0 faible puissance.<\/p>\n<p><a href=\"https:\/\/www.gino-aka.com\/fr\/produits\/regulateurs-de-puissance\/\">Voir les produits \u00bb<\/a><\/p>\n<\/div>\n<\/div>\n<\/div>\n<\/div><\/div><\/div><\/div><\/div><\/div>","protected":false},"excerpt":{"rendered":"<p>Pour le secteur du ciment, les d\u00e9marreurs liquides GINO-AKA sont le premier choix des clients du monde entier. L\u2019\u00e9quipement est soumis \u00e0 des environnements hostiles et doit \u00eatre durable, fiable et rentable. Avec notre d\u00e9marreur liquide AK, nous avons con\u00e7u un LRS r\u00e9pondant \u00e0 toutes les exigences du secteur du ciment. Voir les produits \u00bb<\/p>\n","protected":false},"author":1,"featured_media":1038,"parent":0,"menu_order":5,"comment_status":"closed","ping_status":"closed","template":"","meta":{"_acf_changed":false,"footnotes":""},"acf":[],"yoast_head":"<!-- This site is optimized with the Yoast SEO plugin v22.2 - https:\/\/yoast.com\/wordpress\/plugins\/seo\/ -->\n<title>Applications - GINO AKA<\/title>\n<meta name=\"robots\" content=\"index, follow, max-snippet:-1, max-image-preview:large, max-video-preview:-1\" \/>\n<link rel=\"canonical\" href=\"https:\/\/www.gino-aka.com\/fr\/applications\/\" \/>\n<meta property=\"og:locale\" content=\"fr_FR\" \/>\n<meta property=\"og:type\" content=\"article\" \/>\n<meta property=\"og:title\" content=\"Applications - GINO AKA\" \/>\n<meta property=\"og:description\" content=\"Pour le secteur du ciment, les d\u00e9marreurs liquides GINO-AKA sont le premier choix des clients du monde entier. L\u2019\u00e9quipement est soumis \u00e0 des environnements hostiles et doit \u00eatre durable, fiable et rentable. Avec notre d\u00e9marreur liquide AK, nous avons con\u00e7u un LRS r\u00e9pondant \u00e0 toutes les exigences du secteur du ciment. Voir les produits \u00bb\" \/>\n<meta property=\"og:url\" content=\"https:\/\/www.gino-aka.com\/fr\/applications\/\" \/>\n<meta property=\"og:site_name\" content=\"GINO AKA\" \/>\n<meta property=\"article:modified_time\" content=\"2022-01-23T19:27:56+00:00\" \/>\n<meta property=\"og:image\" content=\"https:\/\/www.gino-aka.com\/wp-content\/uploads\/2021\/10\/Ap_Mining.jpg\" \/>\n\t<meta property=\"og:image:width\" content=\"1440\" \/>\n\t<meta property=\"og:image:height\" content=\"900\" \/>\n\t<meta property=\"og:image:type\" content=\"image\/jpeg\" \/>\n<meta name=\"twitter:card\" content=\"summary_large_image\" \/>\n<meta name=\"twitter:label1\" content=\"Dur\u00e9e de lecture estim\u00e9e\" \/>\n\t<meta name=\"twitter:data1\" content=\"4 minutes\" \/>\n<script type=\"application\/ld+json\" class=\"yoast-schema-graph\">{\"@context\":\"https:\/\/schema.org\",\"@graph\":[{\"@type\":\"WebPage\",\"@id\":\"https:\/\/www.gino-aka.com\/fr\/applications\/\",\"url\":\"https:\/\/www.gino-aka.com\/fr\/applications\/\",\"name\":\"Applications - GINO AKA\",\"isPartOf\":{\"@id\":\"https:\/\/www.gino-aka.com\/fr\/#website\"},\"primaryImageOfPage\":{\"@id\":\"https:\/\/www.gino-aka.com\/fr\/applications\/#primaryimage\"},\"image\":{\"@id\":\"https:\/\/www.gino-aka.com\/fr\/applications\/#primaryimage\"},\"thumbnailUrl\":\"https:\/\/www.gino-aka.com\/wp-content\/uploads\/2021\/10\/Ap_Mining.jpg\",\"datePublished\":\"2022-01-22T20:40:33+00:00\",\"dateModified\":\"2022-01-23T19:27:56+00:00\",\"inLanguage\":\"fr-FR\",\"potentialAction\":[{\"@type\":\"ReadAction\",\"target\":[\"https:\/\/www.gino-aka.com\/fr\/applications\/\"]}]},{\"@type\":\"ImageObject\",\"inLanguage\":\"fr-FR\",\"@id\":\"https:\/\/www.gino-aka.com\/fr\/applications\/#primaryimage\",\"url\":\"https:\/\/www.gino-aka.com\/wp-content\/uploads\/2021\/10\/Ap_Mining.jpg\",\"contentUrl\":\"https:\/\/www.gino-aka.com\/wp-content\/uploads\/2021\/10\/Ap_Mining.jpg\",\"width\":1440,\"height\":900},{\"@type\":\"WebSite\",\"@id\":\"https:\/\/www.gino-aka.com\/fr\/#website\",\"url\":\"https:\/\/www.gino-aka.com\/fr\/\",\"name\":\"GINO AKA\",\"description\":\"GINO AKA SAS\",\"potentialAction\":[{\"@type\":\"SearchAction\",\"target\":{\"@type\":\"EntryPoint\",\"urlTemplate\":\"https:\/\/www.gino-aka.com\/fr\/?s={search_term_string}\"},\"query-input\":\"required name=search_term_string\"}],\"inLanguage\":\"fr-FR\"}]}<\/script>\n<!-- \/ Yoast SEO plugin. -->","yoast_head_json":{"title":"Applications - GINO AKA","robots":{"index":"index","follow":"follow","max-snippet":"max-snippet:-1","max-image-preview":"max-image-preview:large","max-video-preview":"max-video-preview:-1"},"canonical":"https:\/\/www.gino-aka.com\/fr\/applications\/","og_locale":"fr_FR","og_type":"article","og_title":"Applications - GINO AKA","og_description":"Pour le secteur du ciment, les d\u00e9marreurs liquides GINO-AKA sont le premier choix des clients du monde entier. L\u2019\u00e9quipement est soumis \u00e0 des environnements hostiles et doit \u00eatre durable, fiable et rentable. Avec notre d\u00e9marreur liquide AK, nous avons con\u00e7u un LRS r\u00e9pondant \u00e0 toutes les exigences du secteur du ciment. Voir les produits \u00bb","og_url":"https:\/\/www.gino-aka.com\/fr\/applications\/","og_site_name":"GINO AKA","article_modified_time":"2022-01-23T19:27:56+00:00","og_image":[{"width":1440,"height":900,"url":"https:\/\/www.gino-aka.com\/wp-content\/uploads\/2021\/10\/Ap_Mining.jpg","type":"image\/jpeg"}],"twitter_card":"summary_large_image","twitter_misc":{"Dur\u00e9e de lecture estim\u00e9e":"4 minutes"},"schema":{"@context":"https:\/\/schema.org","@graph":[{"@type":"WebPage","@id":"https:\/\/www.gino-aka.com\/fr\/applications\/","url":"https:\/\/www.gino-aka.com\/fr\/applications\/","name":"Applications - GINO AKA","isPartOf":{"@id":"https:\/\/www.gino-aka.com\/fr\/#website"},"primaryImageOfPage":{"@id":"https:\/\/www.gino-aka.com\/fr\/applications\/#primaryimage"},"image":{"@id":"https:\/\/www.gino-aka.com\/fr\/applications\/#primaryimage"},"thumbnailUrl":"https:\/\/www.gino-aka.com\/wp-content\/uploads\/2021\/10\/Ap_Mining.jpg","datePublished":"2022-01-22T20:40:33+00:00","dateModified":"2022-01-23T19:27:56+00:00","inLanguage":"fr-FR","potentialAction":[{"@type":"ReadAction","target":["https:\/\/www.gino-aka.com\/fr\/applications\/"]}]},{"@type":"ImageObject","inLanguage":"fr-FR","@id":"https:\/\/www.gino-aka.com\/fr\/applications\/#primaryimage","url":"https:\/\/www.gino-aka.com\/wp-content\/uploads\/2021\/10\/Ap_Mining.jpg","contentUrl":"https:\/\/www.gino-aka.com\/wp-content\/uploads\/2021\/10\/Ap_Mining.jpg","width":1440,"height":900},{"@type":"WebSite","@id":"https:\/\/www.gino-aka.com\/fr\/#website","url":"https:\/\/www.gino-aka.com\/fr\/","name":"GINO AKA","description":"GINO AKA SAS","potentialAction":[{"@type":"SearchAction","target":{"@type":"EntryPoint","urlTemplate":"https:\/\/www.gino-aka.com\/fr\/?s={search_term_string}"},"query-input":"required name=search_term_string"}],"inLanguage":"fr-FR"}]}},"_links":{"self":[{"href":"https:\/\/www.gino-aka.com\/fr\/wp-json\/wp\/v2\/pages\/2097"}],"collection":[{"href":"https:\/\/www.gino-aka.com\/fr\/wp-json\/wp\/v2\/pages"}],"about":[{"href":"https:\/\/www.gino-aka.com\/fr\/wp-json\/wp\/v2\/types\/page"}],"author":[{"embeddable":true,"href":"https:\/\/www.gino-aka.com\/fr\/wp-json\/wp\/v2\/users\/1"}],"replies":[{"embeddable":true,"href":"https:\/\/www.gino-aka.com\/fr\/wp-json\/wp\/v2\/comments?post=2097"}],"version-history":[{"count":6,"href":"https:\/\/www.gino-aka.com\/fr\/wp-json\/wp\/v2\/pages\/2097\/revisions"}],"predecessor-version":[{"id":2240,"href":"https:\/\/www.gino-aka.com\/fr\/wp-json\/wp\/v2\/pages\/2097\/revisions\/2240"}],"wp:featuredmedia":[{"embeddable":true,"href":"https:\/\/www.gino-aka.com\/fr\/wp-json\/wp\/v2\/media\/1038"}],"wp:attachment":[{"href":"https:\/\/www.gino-aka.com\/fr\/wp-json\/wp\/v2\/media?parent=2097"}],"curies":[{"name":"wp","href":"https:\/\/api.w.org\/{rel}","templated":true}]}}