{"id":2067,"date":"2022-01-22T20:26:03","date_gmt":"2022-01-22T20:26:03","guid":{"rendered":"https:\/\/www.gino-aka.com\/?page_id=2067"},"modified":"2022-01-23T18:48:26","modified_gmt":"2022-01-23T18:48:26","slug":"carriere","status":"publish","type":"page","link":"https:\/\/www.gino-aka.com\/fr\/entreprise\/carriere\/","title":{"rendered":"Carri\u00e8re"},"content":{"rendered":"<div id=\"pl-2067\"  class=\"panel-layout\" ><div id=\"pg-2067-0\"  class=\"panel-grid panel-no-style\" ><div id=\"pgc-2067-0-0\"  class=\"panel-grid-cell\" ><div id=\"panel-2067-0-0-0\" class=\"so-panel widget widget_sow-editor panel-first-child\" data-index=\"0\" ><div\n\t\t\t\n\t\t\tclass=\"so-widget-sow-editor so-widget-sow-editor-base\"\n\t\t\t\n\t\t><h3 class=\"widget-title\">Carri\u00e8re chez GINO AKA<\/h3>\n<div class=\"siteorigin-widget-tinymce textwidget\">\n\t<p>Joindre notre \u00e9quipe\u2009! Nous sommes toujours \u00e0 la recherche de collaborateurs motiv\u00e9s pour nous aider \u00e0 d\u00e9velopper notre activit\u00e9. GINO-AKA SAS propose des emplois int\u00e9ressants pour les profils de technicien et de commercial.<\/p>\n<\/div>\n<\/div><\/div><div id=\"panel-2067-0-0-1\" class=\"so-panel widget widget_sow-features panel-last-child\" data-index=\"1\" ><div\n\t\t\t\n\t\t\tclass=\"so-widget-sow-features so-widget-sow-features-default-e271a18c020f-2067\"\n\t\t\t\n\t\t>\n<div class=\"sow-features-list sow-features-responsive\">\n\n\t\t\t\t\t\t\t\t\t<div\n\t\t\t\tclass=\"sow-features-feature sow-icon-container-position-top\"\n\t\t\t\tstyle=\"display: flex; flex-direction: column; width: calc(50% - 25px);\"\n\t\t\t>\n\t\t\t\n\t\t\t\t\t\t\t\t\t<a\n\t\t\t\t\t\thref=\"https:\/\/www.gino-aka.com\/contact\/\"\n\t\t\t\t\t\t\t\t\t\t\t>\n\t\t\t\t\t\t\t\t<div\n\t\t\t\t\tclass=\"sow-icon-container sow-container-round\"\n\t\t\t\t\tstyle=\"color: #1e73be; \"\n\t\t\t\t\ttitle=\"Technicien \u00e9lectrique\"\t\t\t\t>\n\t\t\t\t\t<span class=\"sow-icon-ionicons\" data-sow-icon=\"&#xf2ba;\"\n\t\tstyle=\"font-size: 24px; color: #FFFFFF\" \n\t\taria-hidden=\"true\"><\/span>\t\t\t\t<\/div>\n\t\t\t\t\t\t\t\t\t<\/a>\n\t\t\t\t\t\n\t\t\t\t<div class=\"textwidget\">\n\t\t\t\t\t\n\t\t\t\t\t\t\t\t\t\t\t<h5>\n\t\t\t\t\t\t\t\t\t\t\t\t\t\t\t<a\n\t\t\t\t\t\t\t\t\thref=\"https:\/\/www.gino-aka.com\/contact\/\"\n\t\t\t\t\t\t\t\t\t\t\t\t\t\t\t\t\t>\n\t\t\t\t\t\t\t\n\t\t\t\t\t\t\tTechnicien \u00e9lectrique\t\t\t\t\t\t\t\t\t\t\t\t\t\t\t<\/a>\n\t\t\t\t\t\t\t\t\t\t\t\t\t<\/h5>\n\t\t\t\t\t\n\t\t\t\t\t\t\t\t\t\t\t\u00c0 l\u2019heure actuelle, les postes suivants sont vacants.\t\t\t\t\t\n\t\t\t\t\t\t\t\t\t<\/div>\n\t\t\t\t\t\t\t\t\n\t\t\t\t\t\t\t<\/div>\n\n\t\t\t\t\t\t\t\t<div\n\t\t\t\tclass=\"sow-features-feature sow-icon-container-position-top\"\n\t\t\t\tstyle=\"display: flex; flex-direction: column; width: calc(50% - 25px);\"\n\t\t\t>\n\t\t\t\n\t\t\t\t\t\t\t\t\t<a\n\t\t\t\t\t\thref=\"https:\/\/www.gino-aka.com\/contact\/\"\n\t\t\t\t\t\t\t\t\t\t\t>\n\t\t\t\t\t\t\t\t<div\n\t\t\t\t\tclass=\"sow-icon-container sow-container-round\"\n\t\t\t\t\tstyle=\"color: #1e73be; \"\n\t\t\t\t\ttitle=\"Responsable Achats\"\t\t\t\t>\n\t\t\t\t\t<span class=\"sow-icon-ionicons\" data-sow-icon=\"&#xf20a;\"\n\t\tstyle=\"font-size: 24px; color: #FFFFFF\" \n\t\taria-hidden=\"true\"><\/span>\t\t\t\t<\/div>\n\t\t\t\t\t\t\t\t\t<\/a>\n\t\t\t\t\t\n\t\t\t\t<div class=\"textwidget\">\n\t\t\t\t\t\n\t\t\t\t\t\t\t\t\t\t\t<h5>\n\t\t\t\t\t\t\t\t\t\t\t\t\t\t\t<a\n\t\t\t\t\t\t\t\t\thref=\"https:\/\/www.gino-aka.com\/contact\/\"\n\t\t\t\t\t\t\t\t\t\t\t\t\t\t\t\t\t>\n\t\t\t\t\t\t\t\n\t\t\t\t\t\t\tResponsable Achats\t\t\t\t\t\t\t\t\t\t\t\t\t\t\t<\/a>\n\t\t\t\t\t\t\t\t\t\t\t\t\t<\/h5>\n\t\t\t\t\t\n\t\t\t\t\t\t\t\t\t\t\t\u00c0 l\u2019heure actuelle, les postes suivants sont vacants.\t\t\t\t\t\n\t\t\t\t\t\t\t\t\t<\/div>\n\t\t\t\t\t\t\t\t\n\t\t\t\t\t\t\t<\/div>\n\n\t\t\t\n<\/div>\n<\/div><\/div><\/div><\/div><\/div>","protected":false},"excerpt":{"rendered":"<p>Joindre notre \u00e9quipe\u2009! Nous sommes toujours \u00e0 la recherche de collaborateurs motiv\u00e9s pour nous aider \u00e0 d\u00e9velopper notre activit\u00e9. GINO-AKA SAS propose des emplois int\u00e9ressants pour les profils de technicien et de commercial.<\/p>\n","protected":false},"author":1,"featured_media":1063,"parent":2047,"menu_order":6,"comment_status":"closed","ping_status":"closed","template":"","meta":{"_acf_changed":false,"footnotes":""},"acf":[],"yoast_head":"<!-- This site is optimized with the Yoast SEO plugin v22.2 - https:\/\/yoast.com\/wordpress\/plugins\/seo\/ -->\n<title>Carri\u00e8re - GINO AKA<\/title>\n<meta name=\"robots\" content=\"index, follow, max-snippet:-1, max-image-preview:large, max-video-preview:-1\" \/>\n<link rel=\"canonical\" href=\"https:\/\/www.gino-aka.com\/fr\/entreprise\/carriere\/\" \/>\n<meta property=\"og:locale\" content=\"fr_FR\" \/>\n<meta property=\"og:type\" content=\"article\" \/>\n<meta property=\"og:title\" content=\"Carri\u00e8re - GINO AKA\" \/>\n<meta property=\"og:description\" content=\"Joindre notre \u00e9quipe\u2009! Nous sommes toujours \u00e0 la recherche de collaborateurs motiv\u00e9s pour nous aider \u00e0 d\u00e9velopper notre activit\u00e9. GINO-AKA SAS propose des emplois int\u00e9ressants pour les profils de technicien et de commercial.\" \/>\n<meta property=\"og:url\" content=\"https:\/\/www.gino-aka.com\/fr\/entreprise\/carriere\/\" \/>\n<meta property=\"og:site_name\" content=\"GINO AKA\" \/>\n<meta property=\"article:modified_time\" content=\"2022-01-23T18:48:26+00:00\" \/>\n<meta property=\"og:image\" content=\"https:\/\/www.gino-aka.com\/wp-content\/uploads\/2021\/10\/GINO_Web-19.jpg\" \/>\n\t<meta property=\"og:image:width\" content=\"2048\" \/>\n\t<meta property=\"og:image:height\" content=\"1365\" \/>\n\t<meta property=\"og:image:type\" content=\"image\/jpeg\" \/>\n<meta name=\"twitter:card\" content=\"summary_large_image\" \/>\n<script type=\"application\/ld+json\" class=\"yoast-schema-graph\">{\"@context\":\"https:\/\/schema.org\",\"@graph\":[{\"@type\":\"WebPage\",\"@id\":\"https:\/\/www.gino-aka.com\/fr\/entreprise\/carriere\/\",\"url\":\"https:\/\/www.gino-aka.com\/fr\/entreprise\/carriere\/\",\"name\":\"Carri\u00e8re - GINO AKA\",\"isPartOf\":{\"@id\":\"https:\/\/www.gino-aka.com\/fr\/#website\"},\"primaryImageOfPage\":{\"@id\":\"https:\/\/www.gino-aka.com\/fr\/entreprise\/carriere\/#primaryimage\"},\"image\":{\"@id\":\"https:\/\/www.gino-aka.com\/fr\/entreprise\/carriere\/#primaryimage\"},\"thumbnailUrl\":\"https:\/\/www.gino-aka.com\/wp-content\/uploads\/2021\/10\/GINO_Web-19.jpg\",\"datePublished\":\"2022-01-22T20:26:03+00:00\",\"dateModified\":\"2022-01-23T18:48:26+00:00\",\"breadcrumb\":{\"@id\":\"https:\/\/www.gino-aka.com\/fr\/entreprise\/carriere\/#breadcrumb\"},\"inLanguage\":\"fr-FR\",\"potentialAction\":[{\"@type\":\"ReadAction\",\"target\":[\"https:\/\/www.gino-aka.com\/fr\/entreprise\/carriere\/\"]}]},{\"@type\":\"ImageObject\",\"inLanguage\":\"fr-FR\",\"@id\":\"https:\/\/www.gino-aka.com\/fr\/entreprise\/carriere\/#primaryimage\",\"url\":\"https:\/\/www.gino-aka.com\/wp-content\/uploads\/2021\/10\/GINO_Web-19.jpg\",\"contentUrl\":\"https:\/\/www.gino-aka.com\/wp-content\/uploads\/2021\/10\/GINO_Web-19.jpg\",\"width\":2048,\"height\":1365},{\"@type\":\"BreadcrumbList\",\"@id\":\"https:\/\/www.gino-aka.com\/fr\/entreprise\/carriere\/#breadcrumb\",\"itemListElement\":[{\"@type\":\"ListItem\",\"position\":1,\"name\":\"Entreprise\",\"item\":\"https:\/\/www.gino-aka.com\/fr\/entreprise\/\"},{\"@type\":\"ListItem\",\"position\":2,\"name\":\"Carri\u00e8re\"}]},{\"@type\":\"WebSite\",\"@id\":\"https:\/\/www.gino-aka.com\/fr\/#website\",\"url\":\"https:\/\/www.gino-aka.com\/fr\/\",\"name\":\"GINO AKA\",\"description\":\"GINO AKA SAS\",\"potentialAction\":[{\"@type\":\"SearchAction\",\"target\":{\"@type\":\"EntryPoint\",\"urlTemplate\":\"https:\/\/www.gino-aka.com\/fr\/?s={search_term_string}\"},\"query-input\":\"required name=search_term_string\"}],\"inLanguage\":\"fr-FR\"}]}<\/script>\n<!-- \/ Yoast SEO plugin. -->","yoast_head_json":{"title":"Carri\u00e8re - GINO AKA","robots":{"index":"index","follow":"follow","max-snippet":"max-snippet:-1","max-image-preview":"max-image-preview:large","max-video-preview":"max-video-preview:-1"},"canonical":"https:\/\/www.gino-aka.com\/fr\/entreprise\/carriere\/","og_locale":"fr_FR","og_type":"article","og_title":"Carri\u00e8re - GINO AKA","og_description":"Joindre notre \u00e9quipe\u2009! Nous sommes toujours \u00e0 la recherche de collaborateurs motiv\u00e9s pour nous aider \u00e0 d\u00e9velopper notre activit\u00e9. GINO-AKA SAS propose des emplois int\u00e9ressants pour les profils de technicien et de commercial.","og_url":"https:\/\/www.gino-aka.com\/fr\/entreprise\/carriere\/","og_site_name":"GINO AKA","article_modified_time":"2022-01-23T18:48:26+00:00","og_image":[{"width":2048,"height":1365,"url":"https:\/\/www.gino-aka.com\/wp-content\/uploads\/2021\/10\/GINO_Web-19.jpg","type":"image\/jpeg"}],"twitter_card":"summary_large_image","schema":{"@context":"https:\/\/schema.org","@graph":[{"@type":"WebPage","@id":"https:\/\/www.gino-aka.com\/fr\/entreprise\/carriere\/","url":"https:\/\/www.gino-aka.com\/fr\/entreprise\/carriere\/","name":"Carri\u00e8re - GINO AKA","isPartOf":{"@id":"https:\/\/www.gino-aka.com\/fr\/#website"},"primaryImageOfPage":{"@id":"https:\/\/www.gino-aka.com\/fr\/entreprise\/carriere\/#primaryimage"},"image":{"@id":"https:\/\/www.gino-aka.com\/fr\/entreprise\/carriere\/#primaryimage"},"thumbnailUrl":"https:\/\/www.gino-aka.com\/wp-content\/uploads\/2021\/10\/GINO_Web-19.jpg","datePublished":"2022-01-22T20:26:03+00:00","dateModified":"2022-01-23T18:48:26+00:00","breadcrumb":{"@id":"https:\/\/www.gino-aka.com\/fr\/entreprise\/carriere\/#breadcrumb"},"inLanguage":"fr-FR","potentialAction":[{"@type":"ReadAction","target":["https:\/\/www.gino-aka.com\/fr\/entreprise\/carriere\/"]}]},{"@type":"ImageObject","inLanguage":"fr-FR","@id":"https:\/\/www.gino-aka.com\/fr\/entreprise\/carriere\/#primaryimage","url":"https:\/\/www.gino-aka.com\/wp-content\/uploads\/2021\/10\/GINO_Web-19.jpg","contentUrl":"https:\/\/www.gino-aka.com\/wp-content\/uploads\/2021\/10\/GINO_Web-19.jpg","width":2048,"height":1365},{"@type":"BreadcrumbList","@id":"https:\/\/www.gino-aka.com\/fr\/entreprise\/carriere\/#breadcrumb","itemListElement":[{"@type":"ListItem","position":1,"name":"Entreprise","item":"https:\/\/www.gino-aka.com\/fr\/entreprise\/"},{"@type":"ListItem","position":2,"name":"Carri\u00e8re"}]},{"@type":"WebSite","@id":"https:\/\/www.gino-aka.com\/fr\/#website","url":"https:\/\/www.gino-aka.com\/fr\/","name":"GINO AKA","description":"GINO AKA SAS","potentialAction":[{"@type":"SearchAction","target":{"@type":"EntryPoint","urlTemplate":"https:\/\/www.gino-aka.com\/fr\/?s={search_term_string}"},"query-input":"required name=search_term_string"}],"inLanguage":"fr-FR"}]}},"_links":{"self":[{"href":"https:\/\/www.gino-aka.com\/fr\/wp-json\/wp\/v2\/pages\/2067"}],"collection":[{"href":"https:\/\/www.gino-aka.com\/fr\/wp-json\/wp\/v2\/pages"}],"about":[{"href":"https:\/\/www.gino-aka.com\/fr\/wp-json\/wp\/v2\/types\/page"}],"author":[{"embeddable":true,"href":"https:\/\/www.gino-aka.com\/fr\/wp-json\/wp\/v2\/users\/1"}],"replies":[{"embeddable":true,"href":"https:\/\/www.gino-aka.com\/fr\/wp-json\/wp\/v2\/comments?post=2067"}],"version-history":[{"count":8,"href":"https:\/\/www.gino-aka.com\/fr\/wp-json\/wp\/v2\/pages\/2067\/revisions"}],"predecessor-version":[{"id":2222,"href":"https:\/\/www.gino-aka.com\/fr\/wp-json\/wp\/v2\/pages\/2067\/revisions\/2222"}],"up":[{"embeddable":true,"href":"https:\/\/www.gino-aka.com\/fr\/wp-json\/wp\/v2\/pages\/2047"}],"wp:featuredmedia":[{"embeddable":true,"href":"https:\/\/www.gino-aka.com\/fr\/wp-json\/wp\/v2\/media\/1063"}],"wp:attachment":[{"href":"https:\/\/www.gino-aka.com\/fr\/wp-json\/wp\/v2\/media?parent=2067"}],"curies":[{"name":"wp","href":"https:\/\/api.w.org\/{rel}","templated":true}]}}