{"id":2051,"date":"2022-01-22T20:02:29","date_gmt":"2022-01-22T20:02:29","guid":{"rendered":"https:\/\/www.gino-aka.com\/?page_id=2051"},"modified":"2022-01-23T18:55:20","modified_gmt":"2022-01-23T18:55:20","slug":"qui-sommes-nous","status":"publish","type":"page","link":"https:\/\/www.gino-aka.com\/fr\/entreprise\/qui-sommes-nous\/","title":{"rendered":"Qui sommes-nous\u2009?"},"content":{"rendered":"<div id=\"pl-2051\"  class=\"panel-layout\" ><div id=\"pg-2051-0\"  class=\"panel-grid panel-no-style\" ><div id=\"pgc-2051-0-0\"  class=\"panel-grid-cell\" ><div id=\"panel-2051-0-0-0\" class=\"so-panel widget widget_sow-editor panel-first-child\" data-index=\"0\" ><div\n\t\t\t\n\t\t\tclass=\"so-widget-sow-editor so-widget-sow-editor-base\"\n\t\t\t\n\t\t><h3 class=\"widget-title\">Qui sommes-nous\u2009?<\/h3>\n<div class=\"siteorigin-widget-tinymce textwidget\">\n\t<div class=\"siteorigin-widget-tinymce textwidget\">\n<p class=\"p1\">GINO-AKA SAS est un leader mondial dans la fabrication de d\u00e9marreurs \u00e0 r\u00e9sistance liquide et de solutions de r\u00e9gulateurs de puissance \u00e0 thyristor.<\/p>\n<p class=\"p1\">La soci\u00e9t\u00e9 a \u00e9t\u00e9 cr\u00e9\u00e9e apr\u00e8s l\u2019acquisition d\u2019AKA Automatismes par GINO AG (Allemagne) et Resistel (France). AKA, GINO AG et Resistel ont tous \u00e9t\u00e9 actives dans la fabrication de d\u00e9marreurs liquides. Et en cr\u00e9ant GINO-AKA SAS, toutes les activit\u00e9s ont \u00e9t\u00e9 centralis\u00e9es dans une seule entreprise.<\/p>\n<p class=\"p1\">Notre \u00e9quipe est compos\u00e9e de professionnels reconnus et d\u00e9vou\u00e9s dans le domaine de la chauffe \u00e9lectrique et de l\u2019automatisation industrielle et nous sommes fiers de fournir les \u00e9quipements les plus sophistiqu\u00e9s disponibles sur le march\u00e9 aujourd\u2019hui.<\/p>\n<\/div>\n<\/div>\n<\/div><\/div><div id=\"panel-2051-0-0-1\" class=\"so-panel widget widget_sow-slider panel-last-child\" data-index=\"1\" ><div\n\t\t\t\n\t\t\tclass=\"so-widget-sow-slider so-widget-sow-slider-default-6d39609536fd-2051\"\n\t\t\t\n\t\t>\t\t\t\t<div class=\"sow-slider-base\" style=\"display: none\" tabindex=\"0\">\n\t\t\t\t\t<ul\n\t\t\t\t\tclass=\"sow-slider-images\"\n\t\t\t\t\tdata-settings=\"{&quot;pagination&quot;:true,&quot;speed&quot;:3000,&quot;timeout&quot;:8000,&quot;paused&quot;:false,&quot;pause_on_hover&quot;:false,&quot;swipe&quot;:true,&quot;nav_always_show_desktop&quot;:&quot;&quot;,&quot;nav_always_show_mobile&quot;:&quot;&quot;,&quot;breakpoint&quot;:&quot;780px&quot;,&quot;unmute&quot;:false,&quot;anchor&quot;:null}\"\n\t\t\t\t\t\t\t\t\t\tdata-anchor-id=\"\"\n\t\t\t\t>\t\t<li class=\"sow-slider-image\" style=\"visibility: visible;\" >\n\t\t\t\t\t\t<img loading=\"lazy\" decoding=\"async\" width=\"768\" height=\"512\" src=\"https:\/\/www.gino-aka.com\/wp-content\/uploads\/2021\/11\/AKAMAS_2-0.png\" class=\"sow-slider-background-image\" alt=\"\" style=\"\" srcset=\"https:\/\/www.gino-aka.com\/wp-content\/uploads\/2021\/11\/AKAMAS_2-0.png 768w, https:\/\/www.gino-aka.com\/wp-content\/uploads\/2021\/11\/AKAMAS_2-0-300x200.png 300w, https:\/\/www.gino-aka.com\/wp-content\/uploads\/2021\/11\/AKAMAS_2-0-272x182.png 272w\" sizes=\"(max-width: 768px) 100vw, 768px\" \/>\t\t<\/li>\n\t\t\t\t<li class=\"sow-slider-image\" style=\"visibility: hidden;\" >\n\t\t\t\t\t\t<img loading=\"lazy\" decoding=\"async\" width=\"2560\" height=\"1707\" src=\"https:\/\/www.gino-aka.com\/wp-content\/uploads\/2021\/09\/Banner-AKGrad32-scaled.jpg\" class=\"sow-slider-background-image\" alt=\"\" style=\"\" srcset=\"https:\/\/www.gino-aka.com\/wp-content\/uploads\/2021\/09\/Banner-AKGrad32-scaled.jpg 2560w, https:\/\/www.gino-aka.com\/wp-content\/uploads\/2021\/09\/Banner-AKGrad32-300x200.jpg 300w, https:\/\/www.gino-aka.com\/wp-content\/uploads\/2021\/09\/Banner-AKGrad32-1024x683.jpg 1024w, https:\/\/www.gino-aka.com\/wp-content\/uploads\/2021\/09\/Banner-AKGrad32-768x512.jpg 768w, https:\/\/www.gino-aka.com\/wp-content\/uploads\/2021\/09\/Banner-AKGrad32-1536x1024.jpg 1536w, https:\/\/www.gino-aka.com\/wp-content\/uploads\/2021\/09\/Banner-AKGrad32-2048x1365.jpg 2048w, https:\/\/www.gino-aka.com\/wp-content\/uploads\/2021\/09\/Banner-AKGrad32-272x182.jpg 272w\" sizes=\"(max-width: 2560px) 100vw, 2560px\" \/>\t\t<\/li>\n\t\t\t\t<li class=\"sow-slider-image\" style=\"visibility: hidden;\" >\n\t\t\t\t\t\t<img loading=\"lazy\" decoding=\"async\" width=\"2560\" height=\"1707\" src=\"https:\/\/www.gino-aka.com\/wp-content\/uploads\/2021\/09\/DSC_0088edit1-scaled.jpg\" class=\"sow-slider-background-image\" alt=\"\" style=\"\" srcset=\"https:\/\/www.gino-aka.com\/wp-content\/uploads\/2021\/09\/DSC_0088edit1-scaled.jpg 2560w, https:\/\/www.gino-aka.com\/wp-content\/uploads\/2021\/09\/DSC_0088edit1-300x200.jpg 300w, https:\/\/www.gino-aka.com\/wp-content\/uploads\/2021\/09\/DSC_0088edit1-1024x683.jpg 1024w, https:\/\/www.gino-aka.com\/wp-content\/uploads\/2021\/09\/DSC_0088edit1-768x512.jpg 768w, https:\/\/www.gino-aka.com\/wp-content\/uploads\/2021\/09\/DSC_0088edit1-1536x1024.jpg 1536w, https:\/\/www.gino-aka.com\/wp-content\/uploads\/2021\/09\/DSC_0088edit1-2048x1365.jpg 2048w, https:\/\/www.gino-aka.com\/wp-content\/uploads\/2021\/09\/DSC_0088edit1-272x182.jpg 272w\" sizes=\"(max-width: 2560px) 100vw, 2560px\" \/>\t\t<\/li>\n\t\t<\/ul>\t\t\t\t<ol class=\"sow-slider-pagination\">\n\t\t\t\t\t\t\t\t\t\t\t<li><a href=\"#\" data-goto=\"0\" aria-label=\"afficher la diapositive 1\"><\/a><\/li>\n\t\t\t\t\t\t\t\t\t\t\t<li><a href=\"#\" data-goto=\"1\" aria-label=\"afficher la diapositive 2\"><\/a><\/li>\n\t\t\t\t\t\t\t\t\t\t\t<li><a href=\"#\" data-goto=\"2\" aria-label=\"afficher la diapositive 3\"><\/a><\/li>\n\t\t\t\t\t\t\t\t\t<\/ol>\n\n\t\t\t\t<div class=\"sow-slide-nav sow-slide-nav-next\">\n\t\t\t\t\t<a href=\"#\" data-goto=\"next\" aria-label=\"diapositive suivante\" data-action=\"next\">\n\t\t\t\t\t\t<em class=\"sow-sld-icon-thin-right\"><\/em>\n\t\t\t\t\t<\/a>\n\t\t\t\t<\/div>\n\n\t\t\t\t<div class=\"sow-slide-nav sow-slide-nav-prev\">\n\t\t\t\t\t<a href=\"#\" data-goto=\"previous\" aria-label=\"diapositive pr\u00e9c\u00e9dente\" data-action=\"prev\">\n\t\t\t\t\t\t<em class=\"sow-sld-icon-thin-left\"><\/em>\n\t\t\t\t\t<\/a>\n\t\t\t\t<\/div>\n\t\t\t\t<\/div><\/div><\/div><\/div><\/div><\/div>","protected":false},"excerpt":{"rendered":"<p>GINO-AKA SAS est un leader mondial dans la fabrication de d\u00e9marreurs \u00e0 r\u00e9sistance liquide et de solutions de r\u00e9gulateurs de puissance \u00e0 thyristor. La soci\u00e9t\u00e9 a \u00e9t\u00e9 cr\u00e9\u00e9e apr\u00e8s l\u2019acquisition d\u2019AKA Automatismes par GINO AG (Allemagne) et Resistel (France). AKA, GINO AG et Resistel ont tous \u00e9t\u00e9 actives dans la fabrication de d\u00e9marreurs liquides. Et [&hellip;]<\/p>\n","protected":false},"author":1,"featured_media":1651,"parent":2047,"menu_order":2,"comment_status":"closed","ping_status":"closed","template":"","meta":{"_acf_changed":false,"footnotes":""},"acf":[],"yoast_head":"<!-- This site is optimized with the Yoast SEO plugin v22.2 - https:\/\/yoast.com\/wordpress\/plugins\/seo\/ -->\n<title>Qui sommes-nous\u2009? - GINO AKA<\/title>\n<meta name=\"robots\" content=\"index, follow, max-snippet:-1, max-image-preview:large, max-video-preview:-1\" \/>\n<link rel=\"canonical\" href=\"https:\/\/www.gino-aka.com\/fr\/entreprise\/qui-sommes-nous\/\" \/>\n<meta property=\"og:locale\" content=\"fr_FR\" \/>\n<meta property=\"og:type\" content=\"article\" \/>\n<meta property=\"og:title\" content=\"Qui sommes-nous\u2009? - GINO AKA\" \/>\n<meta property=\"og:description\" content=\"GINO-AKA SAS est un leader mondial dans la fabrication de d\u00e9marreurs \u00e0 r\u00e9sistance liquide et de solutions de r\u00e9gulateurs de puissance \u00e0 thyristor. La soci\u00e9t\u00e9 a \u00e9t\u00e9 cr\u00e9\u00e9e apr\u00e8s l\u2019acquisition d\u2019AKA Automatismes par GINO AG (Allemagne) et Resistel (France). AKA, GINO AG et Resistel ont tous \u00e9t\u00e9 actives dans la fabrication de d\u00e9marreurs liquides. Et [&hellip;]\" \/>\n<meta property=\"og:url\" content=\"https:\/\/www.gino-aka.com\/fr\/entreprise\/qui-sommes-nous\/\" \/>\n<meta property=\"og:site_name\" content=\"GINO AKA\" \/>\n<meta property=\"article:modified_time\" content=\"2022-01-23T18:55:20+00:00\" \/>\n<meta property=\"og:image\" content=\"https:\/\/www.gino-aka.com\/wp-content\/uploads\/2021\/11\/DSC_0010-Kopie-scaled.jpg\" \/>\n\t<meta property=\"og:image:width\" content=\"2560\" \/>\n\t<meta property=\"og:image:height\" content=\"1707\" \/>\n\t<meta property=\"og:image:type\" content=\"image\/jpeg\" \/>\n<meta name=\"twitter:card\" content=\"summary_large_image\" \/>\n<meta name=\"twitter:label1\" content=\"Dur\u00e9e de lecture estim\u00e9e\" \/>\n\t<meta name=\"twitter:data1\" content=\"1 minute\" \/>\n<script type=\"application\/ld+json\" class=\"yoast-schema-graph\">{\"@context\":\"https:\/\/schema.org\",\"@graph\":[{\"@type\":\"WebPage\",\"@id\":\"https:\/\/www.gino-aka.com\/fr\/entreprise\/qui-sommes-nous\/\",\"url\":\"https:\/\/www.gino-aka.com\/fr\/entreprise\/qui-sommes-nous\/\",\"name\":\"Qui sommes-nous\u2009? - GINO AKA\",\"isPartOf\":{\"@id\":\"https:\/\/www.gino-aka.com\/fr\/#website\"},\"primaryImageOfPage\":{\"@id\":\"https:\/\/www.gino-aka.com\/fr\/entreprise\/qui-sommes-nous\/#primaryimage\"},\"image\":{\"@id\":\"https:\/\/www.gino-aka.com\/fr\/entreprise\/qui-sommes-nous\/#primaryimage\"},\"thumbnailUrl\":\"https:\/\/www.gino-aka.com\/wp-content\/uploads\/2021\/11\/DSC_0010-Kopie-scaled.jpg\",\"datePublished\":\"2022-01-22T20:02:29+00:00\",\"dateModified\":\"2022-01-23T18:55:20+00:00\",\"breadcrumb\":{\"@id\":\"https:\/\/www.gino-aka.com\/fr\/entreprise\/qui-sommes-nous\/#breadcrumb\"},\"inLanguage\":\"fr-FR\",\"potentialAction\":[{\"@type\":\"ReadAction\",\"target\":[\"https:\/\/www.gino-aka.com\/fr\/entreprise\/qui-sommes-nous\/\"]}]},{\"@type\":\"ImageObject\",\"inLanguage\":\"fr-FR\",\"@id\":\"https:\/\/www.gino-aka.com\/fr\/entreprise\/qui-sommes-nous\/#primaryimage\",\"url\":\"https:\/\/www.gino-aka.com\/wp-content\/uploads\/2021\/11\/DSC_0010-Kopie-scaled.jpg\",\"contentUrl\":\"https:\/\/www.gino-aka.com\/wp-content\/uploads\/2021\/11\/DSC_0010-Kopie-scaled.jpg\",\"width\":2560,\"height\":1707},{\"@type\":\"BreadcrumbList\",\"@id\":\"https:\/\/www.gino-aka.com\/fr\/entreprise\/qui-sommes-nous\/#breadcrumb\",\"itemListElement\":[{\"@type\":\"ListItem\",\"position\":1,\"name\":\"Entreprise\",\"item\":\"https:\/\/www.gino-aka.com\/fr\/entreprise\/\"},{\"@type\":\"ListItem\",\"position\":2,\"name\":\"Qui sommes-nous\u2009?\"}]},{\"@type\":\"WebSite\",\"@id\":\"https:\/\/www.gino-aka.com\/fr\/#website\",\"url\":\"https:\/\/www.gino-aka.com\/fr\/\",\"name\":\"GINO AKA\",\"description\":\"GINO AKA SAS\",\"potentialAction\":[{\"@type\":\"SearchAction\",\"target\":{\"@type\":\"EntryPoint\",\"urlTemplate\":\"https:\/\/www.gino-aka.com\/fr\/?s={search_term_string}\"},\"query-input\":\"required name=search_term_string\"}],\"inLanguage\":\"fr-FR\"}]}<\/script>\n<!-- \/ Yoast SEO plugin. -->","yoast_head_json":{"title":"Qui sommes-nous\u2009? - GINO AKA","robots":{"index":"index","follow":"follow","max-snippet":"max-snippet:-1","max-image-preview":"max-image-preview:large","max-video-preview":"max-video-preview:-1"},"canonical":"https:\/\/www.gino-aka.com\/fr\/entreprise\/qui-sommes-nous\/","og_locale":"fr_FR","og_type":"article","og_title":"Qui sommes-nous\u2009? - GINO AKA","og_description":"GINO-AKA SAS est un leader mondial dans la fabrication de d\u00e9marreurs \u00e0 r\u00e9sistance liquide et de solutions de r\u00e9gulateurs de puissance \u00e0 thyristor. La soci\u00e9t\u00e9 a \u00e9t\u00e9 cr\u00e9\u00e9e apr\u00e8s l\u2019acquisition d\u2019AKA Automatismes par GINO AG (Allemagne) et Resistel (France). AKA, GINO AG et Resistel ont tous \u00e9t\u00e9 actives dans la fabrication de d\u00e9marreurs liquides. Et [&hellip;]","og_url":"https:\/\/www.gino-aka.com\/fr\/entreprise\/qui-sommes-nous\/","og_site_name":"GINO AKA","article_modified_time":"2022-01-23T18:55:20+00:00","og_image":[{"width":2560,"height":1707,"url":"https:\/\/www.gino-aka.com\/wp-content\/uploads\/2021\/11\/DSC_0010-Kopie-scaled.jpg","type":"image\/jpeg"}],"twitter_card":"summary_large_image","twitter_misc":{"Dur\u00e9e de lecture estim\u00e9e":"1 minute"},"schema":{"@context":"https:\/\/schema.org","@graph":[{"@type":"WebPage","@id":"https:\/\/www.gino-aka.com\/fr\/entreprise\/qui-sommes-nous\/","url":"https:\/\/www.gino-aka.com\/fr\/entreprise\/qui-sommes-nous\/","name":"Qui sommes-nous\u2009? - GINO AKA","isPartOf":{"@id":"https:\/\/www.gino-aka.com\/fr\/#website"},"primaryImageOfPage":{"@id":"https:\/\/www.gino-aka.com\/fr\/entreprise\/qui-sommes-nous\/#primaryimage"},"image":{"@id":"https:\/\/www.gino-aka.com\/fr\/entreprise\/qui-sommes-nous\/#primaryimage"},"thumbnailUrl":"https:\/\/www.gino-aka.com\/wp-content\/uploads\/2021\/11\/DSC_0010-Kopie-scaled.jpg","datePublished":"2022-01-22T20:02:29+00:00","dateModified":"2022-01-23T18:55:20+00:00","breadcrumb":{"@id":"https:\/\/www.gino-aka.com\/fr\/entreprise\/qui-sommes-nous\/#breadcrumb"},"inLanguage":"fr-FR","potentialAction":[{"@type":"ReadAction","target":["https:\/\/www.gino-aka.com\/fr\/entreprise\/qui-sommes-nous\/"]}]},{"@type":"ImageObject","inLanguage":"fr-FR","@id":"https:\/\/www.gino-aka.com\/fr\/entreprise\/qui-sommes-nous\/#primaryimage","url":"https:\/\/www.gino-aka.com\/wp-content\/uploads\/2021\/11\/DSC_0010-Kopie-scaled.jpg","contentUrl":"https:\/\/www.gino-aka.com\/wp-content\/uploads\/2021\/11\/DSC_0010-Kopie-scaled.jpg","width":2560,"height":1707},{"@type":"BreadcrumbList","@id":"https:\/\/www.gino-aka.com\/fr\/entreprise\/qui-sommes-nous\/#breadcrumb","itemListElement":[{"@type":"ListItem","position":1,"name":"Entreprise","item":"https:\/\/www.gino-aka.com\/fr\/entreprise\/"},{"@type":"ListItem","position":2,"name":"Qui sommes-nous\u2009?"}]},{"@type":"WebSite","@id":"https:\/\/www.gino-aka.com\/fr\/#website","url":"https:\/\/www.gino-aka.com\/fr\/","name":"GINO AKA","description":"GINO AKA SAS","potentialAction":[{"@type":"SearchAction","target":{"@type":"EntryPoint","urlTemplate":"https:\/\/www.gino-aka.com\/fr\/?s={search_term_string}"},"query-input":"required name=search_term_string"}],"inLanguage":"fr-FR"}]}},"_links":{"self":[{"href":"https:\/\/www.gino-aka.com\/fr\/wp-json\/wp\/v2\/pages\/2051"}],"collection":[{"href":"https:\/\/www.gino-aka.com\/fr\/wp-json\/wp\/v2\/pages"}],"about":[{"href":"https:\/\/www.gino-aka.com\/fr\/wp-json\/wp\/v2\/types\/page"}],"author":[{"embeddable":true,"href":"https:\/\/www.gino-aka.com\/fr\/wp-json\/wp\/v2\/users\/1"}],"replies":[{"embeddable":true,"href":"https:\/\/www.gino-aka.com\/fr\/wp-json\/wp\/v2\/comments?post=2051"}],"version-history":[{"count":8,"href":"https:\/\/www.gino-aka.com\/fr\/wp-json\/wp\/v2\/pages\/2051\/revisions"}],"predecessor-version":[{"id":2089,"href":"https:\/\/www.gino-aka.com\/fr\/wp-json\/wp\/v2\/pages\/2051\/revisions\/2089"}],"up":[{"embeddable":true,"href":"https:\/\/www.gino-aka.com\/fr\/wp-json\/wp\/v2\/pages\/2047"}],"wp:featuredmedia":[{"embeddable":true,"href":"https:\/\/www.gino-aka.com\/fr\/wp-json\/wp\/v2\/media\/1651"}],"wp:attachment":[{"href":"https:\/\/www.gino-aka.com\/fr\/wp-json\/wp\/v2\/media?parent=2051"}],"curies":[{"name":"wp","href":"https:\/\/api.w.org\/{rel}","templated":true}]}}