{"id":2922,"date":"2026-03-03T11:36:25","date_gmt":"2026-03-03T11:36:25","guid":{"rendered":"https:\/\/www.gino-aka.com\/?page_id=2922"},"modified":"2026-03-03T11:46:27","modified_gmt":"2026-03-03T11:46:27","slug":"mittelspannung-sanftanlasser-und-schaltschraenke","status":"publish","type":"page","link":"https:\/\/www.gino-aka.com\/de\/produkte\/motor-control\/mittelspannung-sanftanlasser-und-schaltschraenke\/","title":{"rendered":"Mittelspannung Sanftanlasser und Schaltschr\u00e4nke"},"content":{"rendered":"<div id=\"pl-2922\"  class=\"panel-layout\" ><div id=\"pg-2922-0\"  class=\"panel-grid panel-no-style\" ><div id=\"pgc-2922-0-0\"  class=\"panel-grid-cell\" ><div id=\"panel-2922-0-0-0\" class=\"so-panel widget widget_text panel-first-child\" data-index=\"0\" ><h3 class=\"widget-title\">Mittelspannung Sanftanlasser und Schaltanlagen<\/h3>\t\t\t<div class=\"textwidget\"><p data-start=\"55\" data-end=\"473\">GINO bietet leistungsstarke Mittelspannungs-Sanftanlasser und Schaltanlagen, die f\u00fcr eine zuverl\u00e4ssige, effiziente und sichere Energieverteilung in anspruchsvollen Industrieumgebungen entwickelt wurden. Von leistungsstarken Motoranwendungen bis hin zu kompletten Energieverteilungssystemen helfen unsere L\u00f6sungen dabei, Prozesse zu optimieren, Anlagen zu sch\u00fctzen und eine hohe Betriebssicherheit zu gew\u00e4hrleisten.<\/p>\n<p data-start=\"475\" data-end=\"949\">Mittelspannungs-Sanftanlasser erm\u00f6glichen einen sanften, kontrollierten Motorstart durch die Reduzierung von Einschaltstr\u00f6men und mechanischen Belastungen. Dadurch wird die Lebensdauer von Motoren und angetriebenen Aggregaten verl\u00e4ngert, die Netzqualit\u00e4t verbessert und die Betriebskosten gesenkt. Dank moderner Steuerungs- und Schutzfunktionen eignen sie sich ideal f\u00fcr gro\u00dfe Drehstrommotoren in Pumpstationen, Kompressoren, F\u00f6rderanlagen und metallurgischen Prozessen.<\/p>\n<p data-start=\"951\" data-end=\"1366\">Erg\u00e4nzend dazu bilden unsere robusten Mittelspannungs-Schaltanlagen das Herzst\u00fcck einer sicheren Energieverteilung. Sie \u00fcbernehmen das Schalten, Sch\u00fctzen und Trennen elektrischer Anlagen im Mittelspannungsbereich und sorgen f\u00fcr ein zuverl\u00e4ssiges Energiemanagement in Industrie-, Versorgungs- und Infrastrukturprojekten. Das modulare und anpassbare Design erm\u00f6glicht maximale Flexibilit\u00e4t und Zukunftssicherheit.<\/p>\n<p data-start=\"1368\" data-end=\"1605\" data-is-last-node=\"\" data-is-only-node=\"\">Mit dem Mittelspannungsportfolio von GINO profitieren Sie von zuverl\u00e4ssiger Performance, bew\u00e4hrter Technologie und ma\u00dfgeschneiderten L\u00f6sungen \u2013 von der Motorsteuerung und -absicherung bis hin zu kompletten Energieverteilungssystemen.<\/p>\n<\/div>\n\t\t<\/div><div id=\"panel-2922-0-0-1\" class=\"so-panel widget widget_media_image panel-last-child\" data-index=\"1\" ><img loading=\"lazy\" decoding=\"async\" width=\"1024\" height=\"684\" src=\"https:\/\/www.gino-aka.com\/wp-content\/uploads\/2026\/03\/Shr020226-2-1024x684.jpg\" class=\"image wp-image-2897  attachment-large size-large\" alt=\"\" style=\"max-width: 100%; height: auto;\" srcset=\"https:\/\/www.gino-aka.com\/wp-content\/uploads\/2026\/03\/Shr020226-2-1024x684.jpg 1024w, https:\/\/www.gino-aka.com\/wp-content\/uploads\/2026\/03\/Shr020226-2-300x200.jpg 300w, https:\/\/www.gino-aka.com\/wp-content\/uploads\/2026\/03\/Shr020226-2-768x513.jpg 768w, https:\/\/www.gino-aka.com\/wp-content\/uploads\/2026\/03\/Shr020226-2-1536x1025.jpg 1536w, https:\/\/www.gino-aka.com\/wp-content\/uploads\/2026\/03\/Shr020226-2-2048x1367.jpg 2048w, https:\/\/www.gino-aka.com\/wp-content\/uploads\/2026\/03\/Shr020226-2-272x182.jpg 272w\" sizes=\"(max-width: 1024px) 100vw, 1024px\" \/><\/div><\/div><\/div><\/div>","protected":false},"excerpt":{"rendered":"<p>GINO bietet leistungsstarke Mittelspannungs-Sanftanlasser und Schaltanlagen, die f\u00fcr eine zuverl\u00e4ssige, effiziente und sichere Energieverteilung in anspruchsvollen Industrieumgebungen entwickelt wurden. Von leistungsstarken Motoranwendungen bis hin zu kompletten Energieverteilungssystemen helfen unsere L\u00f6sungen dabei, Prozesse zu optimieren, Anlagen zu sch\u00fctzen und eine hohe Betriebssicherheit zu gew\u00e4hrleisten. Mittelspannungs-Sanftanlasser erm\u00f6glichen einen sanften, kontrollierten Motorstart durch die Reduzierung von Einschaltstr\u00f6men und [&hellip;]<\/p>\n","protected":false},"author":3,"featured_media":2913,"parent":1809,"menu_order":1,"comment_status":"closed","ping_status":"closed","template":"","meta":{"_acf_changed":false,"footnotes":""},"acf":[],"yoast_head":"<!-- This site is optimized with the Yoast SEO plugin v22.2 - https:\/\/yoast.com\/wordpress\/plugins\/seo\/ -->\n<title>Mittelspannung Sanftanlasser und Schaltschr\u00e4nke - GINO AKA<\/title>\n<meta name=\"robots\" content=\"index, follow, max-snippet:-1, max-image-preview:large, max-video-preview:-1\" \/>\n<link rel=\"canonical\" href=\"https:\/\/www.gino-aka.com\/de\/produkte\/motor-control\/mittelspannung-sanftanlasser-und-schaltschraenke\/\" \/>\n<meta property=\"og:locale\" content=\"de_DE\" \/>\n<meta property=\"og:type\" content=\"article\" \/>\n<meta property=\"og:title\" content=\"Mittelspannung Sanftanlasser und Schaltschr\u00e4nke - GINO AKA\" \/>\n<meta property=\"og:description\" content=\"GINO bietet leistungsstarke Mittelspannungs-Sanftanlasser und Schaltanlagen, die f\u00fcr eine zuverl\u00e4ssige, effiziente und sichere Energieverteilung in anspruchsvollen Industrieumgebungen entwickelt wurden. Von leistungsstarken Motoranwendungen bis hin zu kompletten Energieverteilungssystemen helfen unsere L\u00f6sungen dabei, Prozesse zu optimieren, Anlagen zu sch\u00fctzen und eine hohe Betriebssicherheit zu gew\u00e4hrleisten. Mittelspannungs-Sanftanlasser erm\u00f6glichen einen sanften, kontrollierten Motorstart durch die Reduzierung von Einschaltstr\u00f6men und [&hellip;]\" \/>\n<meta property=\"og:url\" content=\"https:\/\/www.gino-aka.com\/de\/produkte\/motor-control\/mittelspannung-sanftanlasser-und-schaltschraenke\/\" \/>\n<meta property=\"og:site_name\" content=\"GINO AKA\" \/>\n<meta property=\"article:modified_time\" content=\"2026-03-03T11:46:27+00:00\" \/>\n<meta property=\"og:image\" content=\"https:\/\/www.gino-aka.com\/wp-content\/uploads\/2026\/03\/Shr020226-53-scaled.jpg\" \/>\n\t<meta property=\"og:image:width\" content=\"2560\" \/>\n\t<meta property=\"og:image:height\" content=\"1709\" \/>\n\t<meta property=\"og:image:type\" content=\"image\/jpeg\" \/>\n<meta name=\"twitter:card\" content=\"summary_large_image\" \/>\n<meta name=\"twitter:label1\" content=\"Gesch\u00e4tzte Lesezeit\" \/>\n\t<meta name=\"twitter:data1\" content=\"2\u00a0Minuten\" \/>\n<script type=\"application\/ld+json\" class=\"yoast-schema-graph\">{\"@context\":\"https:\/\/schema.org\",\"@graph\":[{\"@type\":\"WebPage\",\"@id\":\"https:\/\/www.gino-aka.com\/de\/produkte\/motor-control\/mittelspannung-sanftanlasser-und-schaltschraenke\/\",\"url\":\"https:\/\/www.gino-aka.com\/de\/produkte\/motor-control\/mittelspannung-sanftanlasser-und-schaltschraenke\/\",\"name\":\"Mittelspannung Sanftanlasser und Schaltschr\u00e4nke - GINO AKA\",\"isPartOf\":{\"@id\":\"https:\/\/www.gino-aka.com\/de\/#website\"},\"primaryImageOfPage\":{\"@id\":\"https:\/\/www.gino-aka.com\/de\/produkte\/motor-control\/mittelspannung-sanftanlasser-und-schaltschraenke\/#primaryimage\"},\"image\":{\"@id\":\"https:\/\/www.gino-aka.com\/de\/produkte\/motor-control\/mittelspannung-sanftanlasser-und-schaltschraenke\/#primaryimage\"},\"thumbnailUrl\":\"https:\/\/www.gino-aka.com\/wp-content\/uploads\/2026\/03\/Shr020226-53-scaled.jpg\",\"datePublished\":\"2026-03-03T11:36:25+00:00\",\"dateModified\":\"2026-03-03T11:46:27+00:00\",\"breadcrumb\":{\"@id\":\"https:\/\/www.gino-aka.com\/de\/produkte\/motor-control\/mittelspannung-sanftanlasser-und-schaltschraenke\/#breadcrumb\"},\"inLanguage\":\"de\",\"potentialAction\":[{\"@type\":\"ReadAction\",\"target\":[\"https:\/\/www.gino-aka.com\/de\/produkte\/motor-control\/mittelspannung-sanftanlasser-und-schaltschraenke\/\"]}]},{\"@type\":\"ImageObject\",\"inLanguage\":\"de\",\"@id\":\"https:\/\/www.gino-aka.com\/de\/produkte\/motor-control\/mittelspannung-sanftanlasser-und-schaltschraenke\/#primaryimage\",\"url\":\"https:\/\/www.gino-aka.com\/wp-content\/uploads\/2026\/03\/Shr020226-53-scaled.jpg\",\"contentUrl\":\"https:\/\/www.gino-aka.com\/wp-content\/uploads\/2026\/03\/Shr020226-53-scaled.jpg\",\"width\":2560,\"height\":1709},{\"@type\":\"BreadcrumbList\",\"@id\":\"https:\/\/www.gino-aka.com\/de\/produkte\/motor-control\/mittelspannung-sanftanlasser-und-schaltschraenke\/#breadcrumb\",\"itemListElement\":[{\"@type\":\"ListItem\",\"position\":1,\"name\":\"Produkte\",\"item\":\"https:\/\/www.gino-aka.com\/de\/produkte\/\"},{\"@type\":\"ListItem\",\"position\":2,\"name\":\"Motor Control\",\"item\":\"https:\/\/www.gino-aka.com\/de\/produkte\/motor-control\/\"},{\"@type\":\"ListItem\",\"position\":3,\"name\":\"Mittelspannung Sanftanlasser und Schaltschr\u00e4nke\"}]},{\"@type\":\"WebSite\",\"@id\":\"https:\/\/www.gino-aka.com\/de\/#website\",\"url\":\"https:\/\/www.gino-aka.com\/de\/\",\"name\":\"GINO AKA\",\"description\":\"GINO AKA SAS\",\"potentialAction\":[{\"@type\":\"SearchAction\",\"target\":{\"@type\":\"EntryPoint\",\"urlTemplate\":\"https:\/\/www.gino-aka.com\/de\/?s={search_term_string}\"},\"query-input\":\"required name=search_term_string\"}],\"inLanguage\":\"de\"}]}<\/script>\n<!-- \/ Yoast SEO plugin. -->","yoast_head_json":{"title":"Mittelspannung Sanftanlasser und Schaltschr\u00e4nke - GINO AKA","robots":{"index":"index","follow":"follow","max-snippet":"max-snippet:-1","max-image-preview":"max-image-preview:large","max-video-preview":"max-video-preview:-1"},"canonical":"https:\/\/www.gino-aka.com\/de\/produkte\/motor-control\/mittelspannung-sanftanlasser-und-schaltschraenke\/","og_locale":"de_DE","og_type":"article","og_title":"Mittelspannung Sanftanlasser und Schaltschr\u00e4nke - GINO AKA","og_description":"GINO bietet leistungsstarke Mittelspannungs-Sanftanlasser und Schaltanlagen, die f\u00fcr eine zuverl\u00e4ssige, effiziente und sichere Energieverteilung in anspruchsvollen Industrieumgebungen entwickelt wurden. Von leistungsstarken Motoranwendungen bis hin zu kompletten Energieverteilungssystemen helfen unsere L\u00f6sungen dabei, Prozesse zu optimieren, Anlagen zu sch\u00fctzen und eine hohe Betriebssicherheit zu gew\u00e4hrleisten. Mittelspannungs-Sanftanlasser erm\u00f6glichen einen sanften, kontrollierten Motorstart durch die Reduzierung von Einschaltstr\u00f6men und [&hellip;]","og_url":"https:\/\/www.gino-aka.com\/de\/produkte\/motor-control\/mittelspannung-sanftanlasser-und-schaltschraenke\/","og_site_name":"GINO AKA","article_modified_time":"2026-03-03T11:46:27+00:00","og_image":[{"width":2560,"height":1709,"url":"https:\/\/www.gino-aka.com\/wp-content\/uploads\/2026\/03\/Shr020226-53-scaled.jpg","type":"image\/jpeg"}],"twitter_card":"summary_large_image","twitter_misc":{"Gesch\u00e4tzte Lesezeit":"2\u00a0Minuten"},"schema":{"@context":"https:\/\/schema.org","@graph":[{"@type":"WebPage","@id":"https:\/\/www.gino-aka.com\/de\/produkte\/motor-control\/mittelspannung-sanftanlasser-und-schaltschraenke\/","url":"https:\/\/www.gino-aka.com\/de\/produkte\/motor-control\/mittelspannung-sanftanlasser-und-schaltschraenke\/","name":"Mittelspannung Sanftanlasser und Schaltschr\u00e4nke - GINO AKA","isPartOf":{"@id":"https:\/\/www.gino-aka.com\/de\/#website"},"primaryImageOfPage":{"@id":"https:\/\/www.gino-aka.com\/de\/produkte\/motor-control\/mittelspannung-sanftanlasser-und-schaltschraenke\/#primaryimage"},"image":{"@id":"https:\/\/www.gino-aka.com\/de\/produkte\/motor-control\/mittelspannung-sanftanlasser-und-schaltschraenke\/#primaryimage"},"thumbnailUrl":"https:\/\/www.gino-aka.com\/wp-content\/uploads\/2026\/03\/Shr020226-53-scaled.jpg","datePublished":"2026-03-03T11:36:25+00:00","dateModified":"2026-03-03T11:46:27+00:00","breadcrumb":{"@id":"https:\/\/www.gino-aka.com\/de\/produkte\/motor-control\/mittelspannung-sanftanlasser-und-schaltschraenke\/#breadcrumb"},"inLanguage":"de","potentialAction":[{"@type":"ReadAction","target":["https:\/\/www.gino-aka.com\/de\/produkte\/motor-control\/mittelspannung-sanftanlasser-und-schaltschraenke\/"]}]},{"@type":"ImageObject","inLanguage":"de","@id":"https:\/\/www.gino-aka.com\/de\/produkte\/motor-control\/mittelspannung-sanftanlasser-und-schaltschraenke\/#primaryimage","url":"https:\/\/www.gino-aka.com\/wp-content\/uploads\/2026\/03\/Shr020226-53-scaled.jpg","contentUrl":"https:\/\/www.gino-aka.com\/wp-content\/uploads\/2026\/03\/Shr020226-53-scaled.jpg","width":2560,"height":1709},{"@type":"BreadcrumbList","@id":"https:\/\/www.gino-aka.com\/de\/produkte\/motor-control\/mittelspannung-sanftanlasser-und-schaltschraenke\/#breadcrumb","itemListElement":[{"@type":"ListItem","position":1,"name":"Produkte","item":"https:\/\/www.gino-aka.com\/de\/produkte\/"},{"@type":"ListItem","position":2,"name":"Motor Control","item":"https:\/\/www.gino-aka.com\/de\/produkte\/motor-control\/"},{"@type":"ListItem","position":3,"name":"Mittelspannung Sanftanlasser und Schaltschr\u00e4nke"}]},{"@type":"WebSite","@id":"https:\/\/www.gino-aka.com\/de\/#website","url":"https:\/\/www.gino-aka.com\/de\/","name":"GINO AKA","description":"GINO AKA SAS","potentialAction":[{"@type":"SearchAction","target":{"@type":"EntryPoint","urlTemplate":"https:\/\/www.gino-aka.com\/de\/?s={search_term_string}"},"query-input":"required name=search_term_string"}],"inLanguage":"de"}]}},"_links":{"self":[{"href":"https:\/\/www.gino-aka.com\/de\/wp-json\/wp\/v2\/pages\/2922"}],"collection":[{"href":"https:\/\/www.gino-aka.com\/de\/wp-json\/wp\/v2\/pages"}],"about":[{"href":"https:\/\/www.gino-aka.com\/de\/wp-json\/wp\/v2\/types\/page"}],"author":[{"embeddable":true,"href":"https:\/\/www.gino-aka.com\/de\/wp-json\/wp\/v2\/users\/3"}],"replies":[{"embeddable":true,"href":"https:\/\/www.gino-aka.com\/de\/wp-json\/wp\/v2\/comments?post=2922"}],"version-history":[{"count":6,"href":"https:\/\/www.gino-aka.com\/de\/wp-json\/wp\/v2\/pages\/2922\/revisions"}],"predecessor-version":[{"id":2930,"href":"https:\/\/www.gino-aka.com\/de\/wp-json\/wp\/v2\/pages\/2922\/revisions\/2930"}],"up":[{"embeddable":true,"href":"https:\/\/www.gino-aka.com\/de\/wp-json\/wp\/v2\/pages\/1809"}],"wp:featuredmedia":[{"embeddable":true,"href":"https:\/\/www.gino-aka.com\/de\/wp-json\/wp\/v2\/media\/2913"}],"wp:attachment":[{"href":"https:\/\/www.gino-aka.com\/de\/wp-json\/wp\/v2\/media?parent=2922"}],"curies":[{"name":"wp","href":"https:\/\/api.w.org\/{rel}","templated":true}]}}