{"id":2293,"date":"2022-05-03T12:42:01","date_gmt":"2022-05-03T12:42:01","guid":{"rendered":"https:\/\/www.gino-aka.com\/?page_id=2293"},"modified":"2024-01-29T15:43:10","modified_gmt":"2024-01-29T15:43:10","slug":"zorc-ueberspannungsschutz","status":"publish","type":"page","link":"https:\/\/www.gino-aka.com\/de\/zorc-ueberspannungsschutz\/","title":{"rendered":"ZORC \u00dcberspannungsschutz"},"content":{"rendered":"<div id=\"pl-2293\"  class=\"panel-layout\" ><div id=\"pg-2293-0\"  class=\"panel-grid panel-no-style\" ><div id=\"pgc-2293-0-0\"  class=\"panel-grid-cell\" ><div id=\"panel-2293-0-0-0\" class=\"so-panel widget widget_sow-editor panel-first-child panel-last-child\" data-index=\"0\" ><div\n\t\t\t\n\t\t\tclass=\"so-widget-sow-editor so-widget-sow-editor-base\"\n\t\t\t\n\t\t><h3 class=\"widget-title\">ZORC-MODULE TRANSIENTER \u00dcBERSPANNUNGSSCHUTZ<\/h3>\n<div class=\"siteorigin-widget-tinymce textwidget\">\n\t<div id=\"panel-3323-0-0-0\" class=\"so-panel widget widget_black-studio-tinymce widget_black_studio_tinymce panel-first-child\" data-index=\"0\">\n<div class=\"textwidget\">\n<p>Die GINO AG ist exklusiver H\u00e4ndler von ZORC-Modulen in Deutschland.<br \/>\nZORC: <strong>Z<\/strong>ink - <strong>O<\/strong>xid - <strong>R<\/strong>esistor - <strong>C<\/strong>apacitor<\/p>\n<p><strong>ZORC<\/strong> ist ein einzigartiger \u00dcberspannungsableiter zum Schutz von Motoren, Transformatoren und Generatoren vor steilen Wellenfronten wie Spannungsspitzen, kurzzeitigen Ausschl\u00e4gen und anderen Spannungsschwankungen bzw. -st\u00f6rungen, die durch Schaltvorg\u00e4nge verursacht werden.<\/p>\n<div class=\"tablewidget\">\n<h2>Hauptmerkmale<\/h2>\n<ul>\n<li><strong><em>Finanzielle Einsparungen<\/em><\/strong> durch Vermeidung von Produktionsausfallzeiten, die durch Isolationssch\u00e4den in Motoren und Transformatoren verursacht werden<\/li>\n<li><strong><em>Sch\u00fctzt<\/em><\/strong> nicht nur Motoren, Generatoren und Transformatoren, sondern <strong><em>verl\u00e4ngert<\/em><\/strong> sogar deren <strong><em>Lebensdauer<\/em><\/strong><\/li>\n<li><strong><em>Eliminiert<\/em><\/strong> h\u00e4ufig auftretende extrem hoch und tief ausschlagende <strong><em>Impulse<\/em><\/strong> sowie St\u00f6rfaktoren im Zusammenhang mit Vakuumschaltern und anderen Schaltanlagen<\/li>\n<li>Standard und <strong><em>eigensichere<\/em><\/strong> Modelle erh\u00e4ltlich<\/li>\n<li>Als <strong><em>Dreiphasen<\/em><\/strong>- oder Einzelphasen- Modelle erh\u00e4ltlich<\/li>\n<\/ul>\n<\/div>\n<p>&nbsp;<\/p>\n<div class=\"tablewidget\">\n<h2>Produkt-Funktionen<\/h2>\n<ul>\n<li>System-Spannung: 400 V bis 40 kV<\/li>\n<li>Schutz vor St\u00f6rfaktoren: Im Bereich von 0,1 bis 0,2 Mikrosekunden<\/li>\n<li>Besonders kompakte Modelle k\u00f6nnen in nahezu allen Anschlussgeh\u00e4usen von Motoren und Transformatoren oder Schaltanlagen eingebaut werden<\/li>\n<\/ul>\n<\/div>\n<p>&nbsp;<\/p>\n<h2>Installation<\/h2>\n<p>Der \u00dcberspannungsableiter ZORC kann in beliebiger Ausrichtung, auch \u00fcber Kopf, an der Maschinenseite installiert werden. Dabei ist folgendes bei der Verschaltung zu beachten:<\/p>\n<ul>\n<li>Im Klemmkasten des Motors, Generators oder Transformers wird ein ZORC-Modul mit jeder Phase verbunden und geerdet.<\/li>\n<li>Die Verdrahtung zum Klemmenkasten erfolgt mit einem drei-adrigen Kabel (min. 25 mm\u00b2) und einem Schutzleiter.<\/li>\n<li>Das ZORC-Modul kann auch in Reihe mit dem Anschlusskabel und parallel von jeder Phase zur Erde geschaltet werden.<\/li>\n<li>Passende Halterungen oder Anschl\u00fcsse werden mitgeliefert.<\/li>\n<\/ul>\n<p><img loading=\"lazy\" decoding=\"async\" class=\"alignnone  img-responsive\" src=\"https:\/\/www.gino-ag.com\/wp-content\/uploads\/Verschaltung.png\" alt=\"\" width=\"392\" height=\"285\" \/><\/p>\n<p>&nbsp;<\/p>\n<h2>Anwendungsbereiche<\/h2>\n<ul id=\"tablewidget-nowrap\">\n<li>Bel\u00fcftungsanlagen und Ventilatoren<\/li>\n<li>Pumpen<\/li>\n<li>Motoren und Generatoren<\/li>\n<li>Brecher (Zerkleinerungsmaschine)<\/li>\n<li>Generatoren<\/li>\n<li>Transport- und F\u00f6rderb\u00e4nder<\/li>\n<li>Kompressoren<\/li>\n<li>Induktions- und Hoch\u00f6fen<\/li>\n<li>Kraftwerkshilfsanlagen<\/li>\n<li>Gefrier- und K\u00fchleinheiten<\/li>\n<li>Industriem\u00fchlen<\/li>\n<li>Trocken-Transformatoren<\/li>\n<li>Mini- und mobile Umspannwerke<\/li>\n<li>Minenwinden<\/li>\n<\/ul>\n<p>&nbsp;<\/p>\n<h2>Allgemeine Abmessungen und Richtwerte<\/h2>\n<p>Der ZORC-\u00dcberspannungsschutz ist ein einzigartiges spannungs- und frequenzabh\u00e4ngiges, geschlossenes Kabel-Netzwerk, das aus Kondensatoren, Widerst\u00e4nden und nicht linearen Zink-Oxid-Ableitern bestehen.<\/p>\n<p><img loading=\"lazy\" decoding=\"async\" class=\"alignnone  wp-image-3342 img-responsive\" src=\"https:\/\/www.gino-ag.com\/wp-content\/uploads\/ZinkOxidAbleiter.png\" alt=\"\" width=\"391\" height=\"200\" \/><\/p>\n<p>&nbsp;<\/p>\n<\/div>\n<\/div>\n<div id=\"panel-3323-0-0-1\" class=\"so-panel widget widget_text panel-last-child\" data-index=\"1\">\n<div class=\"textwidget\">\n<p>&nbsp;<\/p>\n<table id=\"tablepress-1\" class=\"tablepress tablepress-id-1\">\n<thead>\n<tr class=\"row-1\">\n<th class=\"column-1\">Standard: 3 Phase<\/th>\n<th class=\"column-2\">Typ<\/th>\n<th class=\"column-3\">Breite [mm]<\/th>\n<th class=\"column-4\">H\u00f6he [mm]<\/th>\n<th class=\"column-5\">Tiefe [mm]<\/th>\n<\/tr>\n<\/thead>\n<tbody>\n<tr class=\"row-2\">\n<td class=\"column-1\" rowspan=\"6\"><img decoding=\"async\" class=\"alignnone size-full wp-image-3436 img-responsive\" src=\"https:\/\/www.gino-ag.com\/wp-content\/uploads\/635A2216_200.jpg\" alt=\"\" \/><\/td>\n<td class=\"column-2\">M3 - 3 kV<\/td>\n<td class=\"column-3\">428<\/td>\n<td class=\"column-4\">444<\/td>\n<td class=\"column-5\">138<\/td>\n<\/tr>\n<tr class=\"row-3\">\n<td class=\"column-2\">M3 - 4,16 kV<\/td>\n<td class=\"column-3\">428<\/td>\n<td class=\"column-4\">444<\/td>\n<td class=\"column-5\">138<\/td>\n<\/tr>\n<tr class=\"row-4\">\n<td class=\"column-2\">M3 - 6 kV<\/td>\n<td class=\"column-3\">428<\/td>\n<td class=\"column-4\">444<\/td>\n<td class=\"column-5\">138<\/td>\n<\/tr>\n<tr class=\"row-5\">\n<td class=\"column-2\">M3 - 7,2 kV<\/td>\n<td class=\"column-3\">428<\/td>\n<td class=\"column-4\">444<\/td>\n<td class=\"column-5\">138<\/td>\n<\/tr>\n<tr class=\"row-6\">\n<td class=\"column-2\">M3 - 11 kV<\/td>\n<td class=\"column-3\">535<\/td>\n<td class=\"column-4\">489<\/td>\n<td class=\"column-5\">105<\/td>\n<\/tr>\n<tr class=\"row-7\">\n<td class=\"column-2\">M3 - 12 kV\/13 kV<\/td>\n<td class=\"column-3\">535<\/td>\n<td class=\"column-4\">489<\/td>\n<td class=\"column-5\">120<\/td>\n<\/tr>\n<\/tbody>\n<\/table>\n<table id=\"tablepress-2\" class=\"tablepress tablepress-id-2\">\n<thead>\n<tr class=\"row-1\">\n<th class=\"column-1\">Kompakt: 3 Phase<\/th>\n<th class=\"column-2\">Typ<\/th>\n<th class=\"column-3\">Breite [mm]<\/th>\n<th class=\"column-4\">H\u00f6he [mm]<\/th>\n<th class=\"column-5\">Tiefe [mm]<\/th>\n<\/tr>\n<\/thead>\n<tbody>\n<tr class=\"row-2\">\n<td class=\"column-1\" rowspan=\"3\"><img decoding=\"async\" class=\"alignnone size-full wp-image-3435 img-responsive\" src=\"https:\/\/www.gino-ag.com\/wp-content\/uploads\/635A2205_200.jpg\" alt=\"\" \/><\/td>\n<td class=\"column-2\">M3C - 3 kV<\/td>\n<td class=\"column-3\">280<\/td>\n<td class=\"column-4\">242<\/td>\n<td class=\"column-5\">116<\/td>\n<\/tr>\n<tr class=\"row-3\">\n<td class=\"column-2\">M3C - 4,16 kV<\/td>\n<td class=\"column-3\">280<\/td>\n<td class=\"column-4\">242<\/td>\n<td class=\"column-5\">116<\/td>\n<\/tr>\n<tr class=\"row-4\">\n<td class=\"column-2\">M3C - 6 kV<\/td>\n<td class=\"column-3\">280<\/td>\n<td class=\"column-4\">242<\/td>\n<td class=\"column-5\">116<\/td>\n<\/tr>\n<\/tbody>\n<\/table>\n<table id=\"tablepress-3\" class=\"tablepress tablepress-id-3\">\n<thead>\n<tr class=\"row-1\">\n<th class=\"column-1\">Niederspannung: 3 Phase<\/th>\n<th class=\"column-2\">Typ<\/th>\n<th class=\"column-3\">Breite [mm]<\/th>\n<th class=\"column-4\">H\u00f6he [mm]<\/th>\n<th class=\"column-5\">Tiefe [mm]<\/th>\n<\/tr>\n<\/thead>\n<tbody>\n<tr class=\"row-2\">\n<td class=\"column-1\" rowspan=\"4\"><img decoding=\"async\" class=\"alignnone size-full wp-image-3437 img-responsive\" src=\"https:\/\/www.gino-ag.com\/wp-content\/uploads\/LVZ-no-logo_200.jpg\" alt=\"\" \/><\/td>\n<td class=\"column-2\">LVZ400<\/td>\n<td class=\"column-3\">182<\/td>\n<td class=\"column-4\">255<\/td>\n<td class=\"column-5\">90<\/td>\n<\/tr>\n<tr class=\"row-3\">\n<td class=\"column-2\">LVZ550<\/td>\n<td class=\"column-3\">182<\/td>\n<td class=\"column-4\">255<\/td>\n<td class=\"column-5\">90<\/td>\n<\/tr>\n<tr class=\"row-4\">\n<td class=\"column-2\">LVZ690<\/td>\n<td class=\"column-3\">182<\/td>\n<td class=\"column-4\">255<\/td>\n<td class=\"column-5\">90<\/td>\n<\/tr>\n<tr class=\"row-5\">\n<td class=\"column-2\">LVZ1000<\/td>\n<td class=\"column-3\">182<\/td>\n<td class=\"column-4\">255<\/td>\n<td class=\"column-5\">90<\/td>\n<\/tr>\n<\/tbody>\n<\/table>\n<table id=\"tablepress-4\" class=\"tablepress tablepress-id-4\">\n<thead>\n<tr class=\"row-1\">\n<th class=\"column-1\">RC Entst\u00f6rglied: 1 Phase<\/th>\n<th class=\"column-2\">Typ<\/th>\n<th class=\"column-3\">Breite [mm]<\/th>\n<th class=\"column-4\">H\u00f6he [mm]<\/th>\n<th class=\"column-5\">Tiefe [mm]<\/th>\n<\/tr>\n<\/thead>\n<tbody>\n<tr class=\"row-2\">\n<td class=\"column-1\" rowspan=\"5\"><img decoding=\"async\" class=\"alignnone size-full wp-image-3438 img-responsive\" src=\"https:\/\/www.gino-ag.com\/wp-content\/uploads\/RCSurgesuppressorAssembly_200.jpg\" alt=\"\" \/><\/td>\n<td class=\"column-2\">M1 - 22 kV<\/td>\n<td class=\"column-3\">343<\/td>\n<td class=\"column-4\">655<\/td>\n<td class=\"column-5\">117<\/td>\n<\/tr>\n<tr class=\"row-3\">\n<td class=\"column-2\">M1 - 25 kV<\/td>\n<td class=\"column-3\">433<\/td>\n<td class=\"column-4\">1516<\/td>\n<td class=\"column-5\">414<\/td>\n<\/tr>\n<tr class=\"row-4\">\n<td class=\"column-2\">M1 - 33 kV<\/td>\n<td class=\"column-3\">433<\/td>\n<td class=\"column-4\">1310<\/td>\n<td class=\"column-5\">433<\/td>\n<\/tr>\n<tr class=\"row-5\">\n<td class=\"column-2\">M1 - 36 kV<\/td>\n<td class=\"column-3\">433<\/td>\n<td class=\"column-4\">1310<\/td>\n<td class=\"column-5\">433<\/td>\n<\/tr>\n<tr class=\"row-6\">\n<td class=\"column-2\">M1 - 40 kV<\/td>\n<td class=\"column-3\">433<\/td>\n<td class=\"column-4\">1310<\/td>\n<td class=\"column-5\">433<\/td>\n<\/tr>\n<\/tbody>\n<\/table>\n<\/div>\n<\/div>\n<\/div>\n<\/div><\/div><\/div><\/div><\/div>","protected":false},"excerpt":{"rendered":"<p>Die GINO AG ist exklusiver H\u00e4ndler von ZORC-Modulen in Deutschland. ZORC: Zink &#8211; Oxid &#8211; Resistor &#8211; Capacitor ZORC ist ein einzigartiger \u00dcberspannungsableiter zum Schutz von Motoren, Transformatoren und Generatoren vor steilen Wellenfronten wie Spannungsspitzen, kurzzeitigen Ausschl\u00e4gen und anderen Spannungsschwankungen bzw. -st\u00f6rungen, die durch Schaltvorg\u00e4nge verursacht werden. Hauptmerkmale Finanzielle Einsparungen durch Vermeidung von Produktionsausfallzeiten, die [&hellip;]<\/p>\n","protected":false},"author":3,"featured_media":2289,"parent":0,"menu_order":0,"comment_status":"closed","ping_status":"closed","template":"","meta":{"_acf_changed":false,"footnotes":""},"acf":[],"yoast_head":"<!-- This site is optimized with the Yoast SEO plugin v22.2 - https:\/\/yoast.com\/wordpress\/plugins\/seo\/ -->\n<title>ZORC \u00dcberspannungsschutz - GINO AKA<\/title>\n<meta name=\"robots\" content=\"index, follow, max-snippet:-1, max-image-preview:large, max-video-preview:-1\" \/>\n<link rel=\"canonical\" href=\"https:\/\/www.gino-aka.com\/de\/zorc-ueberspannungsschutz\/\" \/>\n<meta property=\"og:locale\" content=\"de_DE\" \/>\n<meta property=\"og:type\" content=\"article\" \/>\n<meta property=\"og:title\" content=\"ZORC \u00dcberspannungsschutz - GINO AKA\" \/>\n<meta property=\"og:description\" content=\"Die GINO AG ist exklusiver H\u00e4ndler von ZORC-Modulen in Deutschland. ZORC: Zink - Oxid - Resistor - Capacitor ZORC ist ein einzigartiger \u00dcberspannungsableiter zum Schutz von Motoren, Transformatoren und Generatoren vor steilen Wellenfronten wie Spannungsspitzen, kurzzeitigen Ausschl\u00e4gen und anderen Spannungsschwankungen bzw. -st\u00f6rungen, die durch Schaltvorg\u00e4nge verursacht werden. Hauptmerkmale Finanzielle Einsparungen durch Vermeidung von Produktionsausfallzeiten, die [&hellip;]\" \/>\n<meta property=\"og:url\" content=\"https:\/\/www.gino-aka.com\/de\/zorc-ueberspannungsschutz\/\" \/>\n<meta property=\"og:site_name\" content=\"GINO AKA\" \/>\n<meta property=\"article:modified_time\" content=\"2024-01-29T15:43:10+00:00\" \/>\n<meta property=\"og:image\" content=\"https:\/\/www.gino-aka.com\/wp-content\/uploads\/2022\/05\/GINO_Produkte_Ueberspannungsschutz.jpg\" \/>\n\t<meta property=\"og:image:width\" content=\"1920\" \/>\n\t<meta property=\"og:image:height\" content=\"480\" \/>\n\t<meta property=\"og:image:type\" content=\"image\/jpeg\" \/>\n<meta name=\"twitter:card\" content=\"summary_large_image\" \/>\n<meta name=\"twitter:label1\" content=\"Gesch\u00e4tzte Lesezeit\" \/>\n\t<meta name=\"twitter:data1\" content=\"2\u00a0Minuten\" \/>\n<script type=\"application\/ld+json\" class=\"yoast-schema-graph\">{\"@context\":\"https:\/\/schema.org\",\"@graph\":[{\"@type\":\"WebPage\",\"@id\":\"https:\/\/www.gino-aka.com\/de\/zorc-ueberspannungsschutz\/\",\"url\":\"https:\/\/www.gino-aka.com\/de\/zorc-ueberspannungsschutz\/\",\"name\":\"ZORC \u00dcberspannungsschutz - GINO AKA\",\"isPartOf\":{\"@id\":\"https:\/\/www.gino-aka.com\/de\/#website\"},\"primaryImageOfPage\":{\"@id\":\"https:\/\/www.gino-aka.com\/de\/zorc-ueberspannungsschutz\/#primaryimage\"},\"image\":{\"@id\":\"https:\/\/www.gino-aka.com\/de\/zorc-ueberspannungsschutz\/#primaryimage\"},\"thumbnailUrl\":\"https:\/\/www.gino-aka.com\/wp-content\/uploads\/2022\/05\/GINO_Produkte_Ueberspannungsschutz.jpg\",\"datePublished\":\"2022-05-03T12:42:01+00:00\",\"dateModified\":\"2024-01-29T15:43:10+00:00\",\"inLanguage\":\"de\",\"potentialAction\":[{\"@type\":\"ReadAction\",\"target\":[\"https:\/\/www.gino-aka.com\/de\/zorc-ueberspannungsschutz\/\"]}]},{\"@type\":\"ImageObject\",\"inLanguage\":\"de\",\"@id\":\"https:\/\/www.gino-aka.com\/de\/zorc-ueberspannungsschutz\/#primaryimage\",\"url\":\"https:\/\/www.gino-aka.com\/wp-content\/uploads\/2022\/05\/GINO_Produkte_Ueberspannungsschutz.jpg\",\"contentUrl\":\"https:\/\/www.gino-aka.com\/wp-content\/uploads\/2022\/05\/GINO_Produkte_Ueberspannungsschutz.jpg\",\"width\":1920,\"height\":480},{\"@type\":\"WebSite\",\"@id\":\"https:\/\/www.gino-aka.com\/de\/#website\",\"url\":\"https:\/\/www.gino-aka.com\/de\/\",\"name\":\"GINO AKA\",\"description\":\"GINO AKA SAS\",\"potentialAction\":[{\"@type\":\"SearchAction\",\"target\":{\"@type\":\"EntryPoint\",\"urlTemplate\":\"https:\/\/www.gino-aka.com\/de\/?s={search_term_string}\"},\"query-input\":\"required name=search_term_string\"}],\"inLanguage\":\"de\"}]}<\/script>\n<!-- \/ Yoast SEO plugin. -->","yoast_head_json":{"title":"ZORC \u00dcberspannungsschutz - GINO AKA","robots":{"index":"index","follow":"follow","max-snippet":"max-snippet:-1","max-image-preview":"max-image-preview:large","max-video-preview":"max-video-preview:-1"},"canonical":"https:\/\/www.gino-aka.com\/de\/zorc-ueberspannungsschutz\/","og_locale":"de_DE","og_type":"article","og_title":"ZORC \u00dcberspannungsschutz - GINO AKA","og_description":"Die GINO AG ist exklusiver H\u00e4ndler von ZORC-Modulen in Deutschland. ZORC: Zink - Oxid - Resistor - Capacitor ZORC ist ein einzigartiger \u00dcberspannungsableiter zum Schutz von Motoren, Transformatoren und Generatoren vor steilen Wellenfronten wie Spannungsspitzen, kurzzeitigen Ausschl\u00e4gen und anderen Spannungsschwankungen bzw. -st\u00f6rungen, die durch Schaltvorg\u00e4nge verursacht werden. Hauptmerkmale Finanzielle Einsparungen durch Vermeidung von Produktionsausfallzeiten, die [&hellip;]","og_url":"https:\/\/www.gino-aka.com\/de\/zorc-ueberspannungsschutz\/","og_site_name":"GINO AKA","article_modified_time":"2024-01-29T15:43:10+00:00","og_image":[{"width":1920,"height":480,"url":"https:\/\/www.gino-aka.com\/wp-content\/uploads\/2022\/05\/GINO_Produkte_Ueberspannungsschutz.jpg","type":"image\/jpeg"}],"twitter_card":"summary_large_image","twitter_misc":{"Gesch\u00e4tzte Lesezeit":"2\u00a0Minuten"},"schema":{"@context":"https:\/\/schema.org","@graph":[{"@type":"WebPage","@id":"https:\/\/www.gino-aka.com\/de\/zorc-ueberspannungsschutz\/","url":"https:\/\/www.gino-aka.com\/de\/zorc-ueberspannungsschutz\/","name":"ZORC \u00dcberspannungsschutz - GINO AKA","isPartOf":{"@id":"https:\/\/www.gino-aka.com\/de\/#website"},"primaryImageOfPage":{"@id":"https:\/\/www.gino-aka.com\/de\/zorc-ueberspannungsschutz\/#primaryimage"},"image":{"@id":"https:\/\/www.gino-aka.com\/de\/zorc-ueberspannungsschutz\/#primaryimage"},"thumbnailUrl":"https:\/\/www.gino-aka.com\/wp-content\/uploads\/2022\/05\/GINO_Produkte_Ueberspannungsschutz.jpg","datePublished":"2022-05-03T12:42:01+00:00","dateModified":"2024-01-29T15:43:10+00:00","inLanguage":"de","potentialAction":[{"@type":"ReadAction","target":["https:\/\/www.gino-aka.com\/de\/zorc-ueberspannungsschutz\/"]}]},{"@type":"ImageObject","inLanguage":"de","@id":"https:\/\/www.gino-aka.com\/de\/zorc-ueberspannungsschutz\/#primaryimage","url":"https:\/\/www.gino-aka.com\/wp-content\/uploads\/2022\/05\/GINO_Produkte_Ueberspannungsschutz.jpg","contentUrl":"https:\/\/www.gino-aka.com\/wp-content\/uploads\/2022\/05\/GINO_Produkte_Ueberspannungsschutz.jpg","width":1920,"height":480},{"@type":"WebSite","@id":"https:\/\/www.gino-aka.com\/de\/#website","url":"https:\/\/www.gino-aka.com\/de\/","name":"GINO AKA","description":"GINO AKA SAS","potentialAction":[{"@type":"SearchAction","target":{"@type":"EntryPoint","urlTemplate":"https:\/\/www.gino-aka.com\/de\/?s={search_term_string}"},"query-input":"required name=search_term_string"}],"inLanguage":"de"}]}},"_links":{"self":[{"href":"https:\/\/www.gino-aka.com\/de\/wp-json\/wp\/v2\/pages\/2293"}],"collection":[{"href":"https:\/\/www.gino-aka.com\/de\/wp-json\/wp\/v2\/pages"}],"about":[{"href":"https:\/\/www.gino-aka.com\/de\/wp-json\/wp\/v2\/types\/page"}],"author":[{"embeddable":true,"href":"https:\/\/www.gino-aka.com\/de\/wp-json\/wp\/v2\/users\/3"}],"replies":[{"embeddable":true,"href":"https:\/\/www.gino-aka.com\/de\/wp-json\/wp\/v2\/comments?post=2293"}],"version-history":[{"count":5,"href":"https:\/\/www.gino-aka.com\/de\/wp-json\/wp\/v2\/pages\/2293\/revisions"}],"predecessor-version":[{"id":2467,"href":"https:\/\/www.gino-aka.com\/de\/wp-json\/wp\/v2\/pages\/2293\/revisions\/2467"}],"wp:featuredmedia":[{"embeddable":true,"href":"https:\/\/www.gino-aka.com\/de\/wp-json\/wp\/v2\/media\/2289"}],"wp:attachment":[{"href":"https:\/\/www.gino-aka.com\/de\/wp-json\/wp\/v2\/media?parent=2293"}],"curies":[{"name":"wp","href":"https:\/\/api.w.org\/{rel}","templated":true}]}}