{"id":1899,"date":"2022-01-21T14:03:10","date_gmt":"2022-01-21T14:03:10","guid":{"rendered":"https:\/\/www.gino-aka.com\/?page_id=1899"},"modified":"2022-01-27T11:18:21","modified_gmt":"2022-01-27T11:18:21","slug":"leistungsregler-akgrad32","status":"publish","type":"page","link":"https:\/\/www.gino-aka.com\/de\/produkte\/power-control\/leistungsregler-akgrad32\/","title":{"rendered":"Leistungsregler AKGrad32"},"content":{"rendered":"<div id=\"pl-1899\"  class=\"panel-layout\" ><div id=\"pg-1899-0\"  class=\"panel-grid panel-no-style\" ><div id=\"pgc-1899-0-0\"  class=\"panel-grid-cell\" ><div id=\"panel-1899-0-0-0\" class=\"so-panel widget widget_sow-editor panel-first-child\" data-index=\"0\" ><div\n\t\t\t\n\t\t\tclass=\"so-widget-sow-editor so-widget-sow-editor-base\"\n\t\t\t\n\t\t><h3 class=\"widget-title\">Leistungsregler AKGrad32 <\/h3>\n<div class=\"siteorigin-widget-tinymce textwidget\">\n\t<div class=\"siteorigin-widget-tinymce textwidget\">\n<p>Der SCR-Leistungsregler AKGrad32\u00a0sorgt f\u00fcr eine gleichm\u00e4\u00dfige und kontinuierliche Regelung der von Heizelementen abgegebenen Leistung. Die Leistungsregelung auf einen beliebigen Sollwert innerhalb des Stellbereichs wird durch Thyristoren erreicht, die in jedem Halbzyklus (typ. 10ms) der Wechselspannung ein- oder ausschalten. Typische Anwendungen f\u00fcr den AKGrad32 sind im Zinnbad- oder K\u00fchlofen in der Glasindustrie.<\/p>\n<\/div>\n<\/div>\n<\/div><\/div><div id=\"panel-1899-0-0-1\" class=\"so-panel widget widget_sow-image\" data-index=\"1\" ><div\n\t\t\t\n\t\t\tclass=\"so-widget-sow-image so-widget-sow-image-default-113ccd71f3e6-1899\"\n\t\t\t\n\t\t>\n\n<div class=\"sow-image-container\">\n\t\t<img loading=\"lazy\" decoding=\"async\" src=\"https:\/\/www.gino-aka.com\/wp-content\/uploads\/2021\/09\/Power_controller-267x300.jpg\" width=\"267\" height=\"300\" srcset=\"https:\/\/www.gino-aka.com\/wp-content\/uploads\/2021\/09\/Power_controller-267x300.jpg 267w, https:\/\/www.gino-aka.com\/wp-content\/uploads\/2021\/09\/Power_controller-912x1024.jpg 912w, https:\/\/www.gino-aka.com\/wp-content\/uploads\/2021\/09\/Power_controller-768x862.jpg 768w, https:\/\/www.gino-aka.com\/wp-content\/uploads\/2021\/09\/Power_controller-1368x1536.jpg 1368w, https:\/\/www.gino-aka.com\/wp-content\/uploads\/2021\/09\/Power_controller.jpg 1712w\" sizes=\"(max-width: 267px) 100vw, 267px\" alt=\"\" \t\tclass=\"so-widget-image\"\/>\n\t<\/div>\n\n<\/div><\/div><div id=\"panel-1899-0-0-2\" class=\"so-panel widget widget_sow-editor\" data-index=\"2\" ><div\n\t\t\t\n\t\t\tclass=\"so-widget-sow-editor so-widget-sow-editor-base\"\n\t\t\t\n\t\t>\n<div class=\"siteorigin-widget-tinymce textwidget\">\n\t<p>Der AKGrad32 sorgt f\u00fcr eine ausgewogene Leistungsregelung mit h\u00f6chster Genauigkeit f\u00fcr Ihren Heizprozess. Gleichzeitig garantiert er eine optimierte Lebensdauer des Heizelements gem\u00e4\u00df den Spezifikationen der verschiedenen Heizelementhersteller.<\/p>\n<\/div>\n<\/div><\/div><div id=\"panel-1899-0-0-3\" class=\"so-panel widget widget_sow-image\" data-index=\"3\" ><div\n\t\t\t\n\t\t\tclass=\"so-widget-sow-image so-widget-sow-image-default-113ccd71f3e6-1899\"\n\t\t\t\n\t\t>\n\n<div class=\"sow-image-container\">\n\t\t<img loading=\"lazy\" decoding=\"async\" src=\"https:\/\/www.gino-aka.com\/wp-content\/uploads\/2021\/09\/Power_controller_2.png\" width=\"627\" height=\"281\" srcset=\"https:\/\/www.gino-aka.com\/wp-content\/uploads\/2021\/09\/Power_controller_2.png 627w, https:\/\/www.gino-aka.com\/wp-content\/uploads\/2021\/09\/Power_controller_2-300x134.png 300w\" sizes=\"(max-width: 627px) 100vw, 627px\" alt=\"\" \t\tclass=\"so-widget-image\"\/>\n\t<\/div>\n\n<\/div><\/div><div id=\"panel-1899-0-0-4\" class=\"so-panel widget widget_sow-editor panel-last-child\" data-index=\"4\" ><div\n\t\t\t\n\t\t\tclass=\"so-widget-sow-editor so-widget-sow-editor-base\"\n\t\t\t\n\t\t>\n<div class=\"siteorigin-widget-tinymce textwidget\">\n\t<p>Dank seines leistungsstarken 32-Bit-DSP-Prozessors berechnet der AKGrad32 die echten RMS-Werte U, I, P und R f\u00fcr jede Phase in einem geschlossenen Regelkreis und kompensiert Temperaturschwankungen der Heizelemente sowie Schwankungen der Versorgungsspannung. Das leistungsstarke Messsystem erm\u00f6glicht au\u00dferdem:<\/p>\n<ul>\n<li>Hochpr\u00e4zise Regelung von kW, %, I\u00b2 oder U\u00b2 und Anpassung an Netzschwankungen in Echtzeit;<\/li>\n<li>Phasenanschnitt-Softstart f\u00fcr Lasten mit hohem Temperaturgang und Diagnose von Lastausf\u00e4llen;<\/li>\n<li>Patentierte Sanftanlaufsteuerung f\u00fcr induktive Nachschalttransformatoren zur Vermeidung von \u00dcberstromspitzen aufgrund von Induktivit\u00e4ten und Magnetismus<\/li>\n<li>Schutz vor \u00dcberstromspitzen, sofortige Korrektur bei Spannungsabfall oder Laststo\u00df;<\/li>\n<li>Patentierter, in jede AKGrad32-Steuerkarte integrierter Algorithmus zur Stromeinsparung und Flicker Unterdr\u00fcckung mit der SYNCHRO-Funktion (optional).<\/li>\n<\/ul>\n<\/div>\n<\/div><\/div><\/div><\/div><\/div>","protected":false},"excerpt":{"rendered":"<p>Der SCR-Leistungsregler AKGrad32\u00a0sorgt f\u00fcr eine gleichm\u00e4\u00dfige und kontinuierliche Regelung der von Heizelementen abgegebenen Leistung. Die Leistungsregelung auf einen beliebigen Sollwert innerhalb des Stellbereichs wird durch Thyristoren erreicht, die in jedem Halbzyklus (typ. 10ms) der Wechselspannung ein- oder ausschalten. Typische Anwendungen f\u00fcr den AKGrad32 sind im Zinnbad- oder K\u00fchlofen in der Glasindustrie. Der AKGrad32 sorgt f\u00fcr [&hellip;]<\/p>\n","protected":false},"author":1,"featured_media":645,"parent":1897,"menu_order":1,"comment_status":"closed","ping_status":"closed","template":"","meta":{"_acf_changed":false,"footnotes":""},"acf":[],"yoast_head":"<!-- This site is optimized with the Yoast SEO plugin v22.2 - https:\/\/yoast.com\/wordpress\/plugins\/seo\/ -->\n<title>Leistungsregler AKGrad32 - GINO AKA<\/title>\n<meta name=\"robots\" content=\"index, follow, max-snippet:-1, max-image-preview:large, max-video-preview:-1\" \/>\n<link rel=\"canonical\" href=\"https:\/\/www.gino-aka.com\/de\/produkte\/power-control\/leistungsregler-akgrad32\/\" \/>\n<meta property=\"og:locale\" content=\"de_DE\" \/>\n<meta property=\"og:type\" content=\"article\" \/>\n<meta property=\"og:title\" content=\"Leistungsregler AKGrad32 - GINO AKA\" \/>\n<meta property=\"og:description\" content=\"Der SCR-Leistungsregler AKGrad32\u00a0sorgt f\u00fcr eine gleichm\u00e4\u00dfige und kontinuierliche Regelung der von Heizelementen abgegebenen Leistung. Die Leistungsregelung auf einen beliebigen Sollwert innerhalb des Stellbereichs wird durch Thyristoren erreicht, die in jedem Halbzyklus (typ. 10ms) der Wechselspannung ein- oder ausschalten. Typische Anwendungen f\u00fcr den AKGrad32 sind im Zinnbad- oder K\u00fchlofen in der Glasindustrie. Der AKGrad32 sorgt f\u00fcr [&hellip;]\" \/>\n<meta property=\"og:url\" content=\"https:\/\/www.gino-aka.com\/de\/produkte\/power-control\/leistungsregler-akgrad32\/\" \/>\n<meta property=\"og:site_name\" content=\"GINO AKA\" \/>\n<meta property=\"article:modified_time\" content=\"2022-01-27T11:18:21+00:00\" \/>\n<meta property=\"og:image\" content=\"https:\/\/www.gino-aka.com\/wp-content\/uploads\/2021\/08\/Banner-AKGrad32-scaled.jpg\" \/>\n\t<meta property=\"og:image:width\" content=\"2560\" \/>\n\t<meta property=\"og:image:height\" content=\"1707\" \/>\n\t<meta property=\"og:image:type\" content=\"image\/jpeg\" \/>\n<meta name=\"twitter:card\" content=\"summary_large_image\" \/>\n<meta name=\"twitter:label1\" content=\"Gesch\u00e4tzte Lesezeit\" \/>\n\t<meta name=\"twitter:data1\" content=\"1\u00a0Minute\" \/>\n<script type=\"application\/ld+json\" class=\"yoast-schema-graph\">{\"@context\":\"https:\/\/schema.org\",\"@graph\":[{\"@type\":\"WebPage\",\"@id\":\"https:\/\/www.gino-aka.com\/de\/produkte\/power-control\/leistungsregler-akgrad32\/\",\"url\":\"https:\/\/www.gino-aka.com\/de\/produkte\/power-control\/leistungsregler-akgrad32\/\",\"name\":\"Leistungsregler AKGrad32 - GINO AKA\",\"isPartOf\":{\"@id\":\"https:\/\/www.gino-aka.com\/de\/#website\"},\"primaryImageOfPage\":{\"@id\":\"https:\/\/www.gino-aka.com\/de\/produkte\/power-control\/leistungsregler-akgrad32\/#primaryimage\"},\"image\":{\"@id\":\"https:\/\/www.gino-aka.com\/de\/produkte\/power-control\/leistungsregler-akgrad32\/#primaryimage\"},\"thumbnailUrl\":\"https:\/\/www.gino-aka.com\/wp-content\/uploads\/2021\/08\/Banner-AKGrad32-scaled.jpg\",\"datePublished\":\"2022-01-21T14:03:10+00:00\",\"dateModified\":\"2022-01-27T11:18:21+00:00\",\"breadcrumb\":{\"@id\":\"https:\/\/www.gino-aka.com\/de\/produkte\/power-control\/leistungsregler-akgrad32\/#breadcrumb\"},\"inLanguage\":\"de\",\"potentialAction\":[{\"@type\":\"ReadAction\",\"target\":[\"https:\/\/www.gino-aka.com\/de\/produkte\/power-control\/leistungsregler-akgrad32\/\"]}]},{\"@type\":\"ImageObject\",\"inLanguage\":\"de\",\"@id\":\"https:\/\/www.gino-aka.com\/de\/produkte\/power-control\/leistungsregler-akgrad32\/#primaryimage\",\"url\":\"https:\/\/www.gino-aka.com\/wp-content\/uploads\/2021\/08\/Banner-AKGrad32-scaled.jpg\",\"contentUrl\":\"https:\/\/www.gino-aka.com\/wp-content\/uploads\/2021\/08\/Banner-AKGrad32-scaled.jpg\",\"width\":2560,\"height\":1707},{\"@type\":\"BreadcrumbList\",\"@id\":\"https:\/\/www.gino-aka.com\/de\/produkte\/power-control\/leistungsregler-akgrad32\/#breadcrumb\",\"itemListElement\":[{\"@type\":\"ListItem\",\"position\":1,\"name\":\"Produkte\",\"item\":\"https:\/\/www.gino-aka.com\/de\/produkte\/\"},{\"@type\":\"ListItem\",\"position\":2,\"name\":\"Power Control\",\"item\":\"https:\/\/www.gino-aka.com\/de\/produkte\/power-control\/\"},{\"@type\":\"ListItem\",\"position\":3,\"name\":\"Leistungsregler AKGrad32\"}]},{\"@type\":\"WebSite\",\"@id\":\"https:\/\/www.gino-aka.com\/de\/#website\",\"url\":\"https:\/\/www.gino-aka.com\/de\/\",\"name\":\"GINO AKA\",\"description\":\"GINO AKA SAS\",\"potentialAction\":[{\"@type\":\"SearchAction\",\"target\":{\"@type\":\"EntryPoint\",\"urlTemplate\":\"https:\/\/www.gino-aka.com\/de\/?s={search_term_string}\"},\"query-input\":\"required name=search_term_string\"}],\"inLanguage\":\"de\"}]}<\/script>\n<!-- \/ Yoast SEO plugin. -->","yoast_head_json":{"title":"Leistungsregler AKGrad32 - GINO AKA","robots":{"index":"index","follow":"follow","max-snippet":"max-snippet:-1","max-image-preview":"max-image-preview:large","max-video-preview":"max-video-preview:-1"},"canonical":"https:\/\/www.gino-aka.com\/de\/produkte\/power-control\/leistungsregler-akgrad32\/","og_locale":"de_DE","og_type":"article","og_title":"Leistungsregler AKGrad32 - GINO AKA","og_description":"Der SCR-Leistungsregler AKGrad32\u00a0sorgt f\u00fcr eine gleichm\u00e4\u00dfige und kontinuierliche Regelung der von Heizelementen abgegebenen Leistung. Die Leistungsregelung auf einen beliebigen Sollwert innerhalb des Stellbereichs wird durch Thyristoren erreicht, die in jedem Halbzyklus (typ. 10ms) der Wechselspannung ein- oder ausschalten. Typische Anwendungen f\u00fcr den AKGrad32 sind im Zinnbad- oder K\u00fchlofen in der Glasindustrie. Der AKGrad32 sorgt f\u00fcr [&hellip;]","og_url":"https:\/\/www.gino-aka.com\/de\/produkte\/power-control\/leistungsregler-akgrad32\/","og_site_name":"GINO AKA","article_modified_time":"2022-01-27T11:18:21+00:00","og_image":[{"width":2560,"height":1707,"url":"https:\/\/www.gino-aka.com\/wp-content\/uploads\/2021\/08\/Banner-AKGrad32-scaled.jpg","type":"image\/jpeg"}],"twitter_card":"summary_large_image","twitter_misc":{"Gesch\u00e4tzte Lesezeit":"1\u00a0Minute"},"schema":{"@context":"https:\/\/schema.org","@graph":[{"@type":"WebPage","@id":"https:\/\/www.gino-aka.com\/de\/produkte\/power-control\/leistungsregler-akgrad32\/","url":"https:\/\/www.gino-aka.com\/de\/produkte\/power-control\/leistungsregler-akgrad32\/","name":"Leistungsregler AKGrad32 - GINO AKA","isPartOf":{"@id":"https:\/\/www.gino-aka.com\/de\/#website"},"primaryImageOfPage":{"@id":"https:\/\/www.gino-aka.com\/de\/produkte\/power-control\/leistungsregler-akgrad32\/#primaryimage"},"image":{"@id":"https:\/\/www.gino-aka.com\/de\/produkte\/power-control\/leistungsregler-akgrad32\/#primaryimage"},"thumbnailUrl":"https:\/\/www.gino-aka.com\/wp-content\/uploads\/2021\/08\/Banner-AKGrad32-scaled.jpg","datePublished":"2022-01-21T14:03:10+00:00","dateModified":"2022-01-27T11:18:21+00:00","breadcrumb":{"@id":"https:\/\/www.gino-aka.com\/de\/produkte\/power-control\/leistungsregler-akgrad32\/#breadcrumb"},"inLanguage":"de","potentialAction":[{"@type":"ReadAction","target":["https:\/\/www.gino-aka.com\/de\/produkte\/power-control\/leistungsregler-akgrad32\/"]}]},{"@type":"ImageObject","inLanguage":"de","@id":"https:\/\/www.gino-aka.com\/de\/produkte\/power-control\/leistungsregler-akgrad32\/#primaryimage","url":"https:\/\/www.gino-aka.com\/wp-content\/uploads\/2021\/08\/Banner-AKGrad32-scaled.jpg","contentUrl":"https:\/\/www.gino-aka.com\/wp-content\/uploads\/2021\/08\/Banner-AKGrad32-scaled.jpg","width":2560,"height":1707},{"@type":"BreadcrumbList","@id":"https:\/\/www.gino-aka.com\/de\/produkte\/power-control\/leistungsregler-akgrad32\/#breadcrumb","itemListElement":[{"@type":"ListItem","position":1,"name":"Produkte","item":"https:\/\/www.gino-aka.com\/de\/produkte\/"},{"@type":"ListItem","position":2,"name":"Power Control","item":"https:\/\/www.gino-aka.com\/de\/produkte\/power-control\/"},{"@type":"ListItem","position":3,"name":"Leistungsregler AKGrad32"}]},{"@type":"WebSite","@id":"https:\/\/www.gino-aka.com\/de\/#website","url":"https:\/\/www.gino-aka.com\/de\/","name":"GINO AKA","description":"GINO AKA SAS","potentialAction":[{"@type":"SearchAction","target":{"@type":"EntryPoint","urlTemplate":"https:\/\/www.gino-aka.com\/de\/?s={search_term_string}"},"query-input":"required name=search_term_string"}],"inLanguage":"de"}]}},"_links":{"self":[{"href":"https:\/\/www.gino-aka.com\/de\/wp-json\/wp\/v2\/pages\/1899"}],"collection":[{"href":"https:\/\/www.gino-aka.com\/de\/wp-json\/wp\/v2\/pages"}],"about":[{"href":"https:\/\/www.gino-aka.com\/de\/wp-json\/wp\/v2\/types\/page"}],"author":[{"embeddable":true,"href":"https:\/\/www.gino-aka.com\/de\/wp-json\/wp\/v2\/users\/1"}],"replies":[{"embeddable":true,"href":"https:\/\/www.gino-aka.com\/de\/wp-json\/wp\/v2\/comments?post=1899"}],"version-history":[{"count":8,"href":"https:\/\/www.gino-aka.com\/de\/wp-json\/wp\/v2\/pages\/1899\/revisions"}],"predecessor-version":[{"id":2265,"href":"https:\/\/www.gino-aka.com\/de\/wp-json\/wp\/v2\/pages\/1899\/revisions\/2265"}],"up":[{"embeddable":true,"href":"https:\/\/www.gino-aka.com\/de\/wp-json\/wp\/v2\/pages\/1897"}],"wp:featuredmedia":[{"embeddable":true,"href":"https:\/\/www.gino-aka.com\/de\/wp-json\/wp\/v2\/media\/645"}],"wp:attachment":[{"href":"https:\/\/www.gino-aka.com\/de\/wp-json\/wp\/v2\/media?parent=1899"}],"curies":[{"name":"wp","href":"https:\/\/api.w.org\/{rel}","templated":true}]}}