{"id":1891,"date":"2022-01-21T10:12:08","date_gmt":"2022-01-21T10:12:08","guid":{"rendered":"https:\/\/www.gino-aka.com\/?page_id=1891"},"modified":"2022-01-27T11:17:10","modified_gmt":"2022-01-27T11:17:10","slug":"gestufte-anlasser-3pa-lsg","status":"publish","type":"page","link":"https:\/\/www.gino-aka.com\/de\/produkte\/motor-control\/gestufte-anlasser-3pa-lsg\/","title":{"rendered":"Gestufte Anlasser 3PA \/ LSG"},"content":{"rendered":"<div id=\"pl-1891\"  class=\"panel-layout\" ><div id=\"pg-1891-0\"  class=\"panel-grid panel-no-style\" ><div id=\"pgc-1891-0-0\"  class=\"panel-grid-cell\" ><div id=\"panel-1891-0-0-0\" class=\"so-panel widget widget_sow-editor panel-first-child\" data-index=\"0\" ><div\n\t\t\t\n\t\t\tclass=\"so-widget-sow-editor so-widget-sow-editor-base\"\n\t\t\t\n\t\t><h3 class=\"widget-title\">Gestufte Anlasser<\/h3>\n<div class=\"siteorigin-widget-tinymce textwidget\">\n\t<div class=\"siteorigin-widget-tinymce textwidget\">\n<p>Erg\u00e4nzend zu unserem Angebot an Fl\u00fcssigwiderstandsanlassern bieten wir auch gestufte Anlasser an. Diese Anlasser enthalten Festwiderst\u00e4nde aus Gusseisen, die sukzessive durch Leistungssch\u00fctze aus dem Rotorkreis kurzgeschlossen werden. Die Widerst\u00e4nde k\u00f6nnen sowohl luftgek\u00fchlt als auch \u00f6lgek\u00fchlt als sogenannter \u00d6lanlasser ausgef\u00fchrt sein.<\/p>\n<\/div>\n<\/div>\n<\/div><\/div><div id=\"panel-1891-0-0-1\" class=\"so-panel widget widget_sow-editor\" data-index=\"1\" ><div\n\t\t\t\n\t\t\tclass=\"so-widget-sow-editor so-widget-sow-editor-base\"\n\t\t\t\n\t\t>\n<div class=\"siteorigin-widget-tinymce textwidget\">\n\t<p>Gestufte Anlasser eignen sich aufgrund der exakten Widerstandssteuerung besonders f\u00fcr F\u00f6rderbandantriebe, bei denen mehrere Motoren ein Band antreiben. \u00d6lanlasser vom 3PA-Starter sind in der Lage, bei niedrigsten Temperaturen ohne zus\u00e4tzliche Heizma\u00dfnahmen zu arbeiten und sind daher f\u00fcr Au\u00dfenanwendung in kalten Regionen gut geeignet.<\/p>\n<\/div>\n<\/div><\/div><div id=\"panel-1891-0-0-2\" class=\"so-panel widget widget_sow-slider panel-last-child\" data-index=\"2\" ><div\n\t\t\t\n\t\t\tclass=\"so-widget-sow-slider so-widget-sow-slider-default-6d39609536fd-1891\"\n\t\t\t\n\t\t>\t\t\t\t<div class=\"sow-slider-base\" style=\"display: none\" tabindex=\"0\">\n\t\t\t\t\t<ul\n\t\t\t\t\tclass=\"sow-slider-images\"\n\t\t\t\t\tdata-settings=\"{&quot;pagination&quot;:true,&quot;speed&quot;:800,&quot;timeout&quot;:3000,&quot;paused&quot;:false,&quot;pause_on_hover&quot;:false,&quot;swipe&quot;:true,&quot;nav_always_show_desktop&quot;:&quot;&quot;,&quot;nav_always_show_mobile&quot;:&quot;&quot;,&quot;breakpoint&quot;:&quot;780px&quot;,&quot;unmute&quot;:false,&quot;anchor&quot;:null}\"\n\t\t\t\t\t\t\t\t\t\tdata-anchor-id=\"\"\n\t\t\t\t>\t\t<li class=\"sow-slider-image\" style=\"visibility: visible;\" >\n\t\t\t\t\t\t<img loading=\"lazy\" decoding=\"async\" width=\"1676\" height=\"1261\" src=\"https:\/\/www.gino-aka.com\/wp-content\/uploads\/2021\/09\/Air_cooled_starter.jpg\" class=\"sow-slider-background-image\" alt=\"\" style=\"\" srcset=\"https:\/\/www.gino-aka.com\/wp-content\/uploads\/2021\/09\/Air_cooled_starter.jpg 1676w, https:\/\/www.gino-aka.com\/wp-content\/uploads\/2021\/09\/Air_cooled_starter-300x226.jpg 300w, https:\/\/www.gino-aka.com\/wp-content\/uploads\/2021\/09\/Air_cooled_starter-1024x770.jpg 1024w, https:\/\/www.gino-aka.com\/wp-content\/uploads\/2021\/09\/Air_cooled_starter-768x578.jpg 768w, https:\/\/www.gino-aka.com\/wp-content\/uploads\/2021\/09\/Air_cooled_starter-1536x1156.jpg 1536w\" sizes=\"(max-width: 1676px) 100vw, 1676px\" \/>\t\t<\/li>\n\t\t\t\t<li class=\"sow-slider-image\" style=\"visibility: hidden;\" >\n\t\t\t\t\t\t<img loading=\"lazy\" decoding=\"async\" width=\"1209\" height=\"1299\" src=\"https:\/\/www.gino-aka.com\/wp-content\/uploads\/2021\/09\/oil_cooled_starter.png\" class=\"sow-slider-background-image\" alt=\"\" style=\"\" srcset=\"https:\/\/www.gino-aka.com\/wp-content\/uploads\/2021\/09\/oil_cooled_starter.png 1209w, https:\/\/www.gino-aka.com\/wp-content\/uploads\/2021\/09\/oil_cooled_starter-279x300.png 279w, https:\/\/www.gino-aka.com\/wp-content\/uploads\/2021\/09\/oil_cooled_starter-953x1024.png 953w, https:\/\/www.gino-aka.com\/wp-content\/uploads\/2021\/09\/oil_cooled_starter-768x825.png 768w\" sizes=\"(max-width: 1209px) 100vw, 1209px\" \/>\t\t<\/li>\n\t\t<\/ul>\t\t\t\t<ol class=\"sow-slider-pagination\">\n\t\t\t\t\t\t\t\t\t\t\t<li><a href=\"#\" data-goto=\"0\" aria-label=\"display slide 1\"><\/a><\/li>\n\t\t\t\t\t\t\t\t\t\t\t<li><a href=\"#\" data-goto=\"1\" aria-label=\"display slide 2\"><\/a><\/li>\n\t\t\t\t\t\t\t\t\t<\/ol>\n\n\t\t\t\t<div class=\"sow-slide-nav sow-slide-nav-next\">\n\t\t\t\t\t<a href=\"#\" data-goto=\"next\" aria-label=\"next slide\" data-action=\"next\">\n\t\t\t\t\t\t<em class=\"sow-sld-icon-thin-right\"><\/em>\n\t\t\t\t\t<\/a>\n\t\t\t\t<\/div>\n\n\t\t\t\t<div class=\"sow-slide-nav sow-slide-nav-prev\">\n\t\t\t\t\t<a href=\"#\" data-goto=\"previous\" aria-label=\"previous slide\" data-action=\"prev\">\n\t\t\t\t\t\t<em class=\"sow-sld-icon-thin-left\"><\/em>\n\t\t\t\t\t<\/a>\n\t\t\t\t<\/div>\n\t\t\t\t<\/div><\/div><\/div><\/div><\/div><\/div>","protected":false},"excerpt":{"rendered":"<p>Erg\u00e4nzend zu unserem Angebot an Fl\u00fcssigwiderstandsanlassern bieten wir auch gestufte Anlasser an. Diese Anlasser enthalten Festwiderst\u00e4nde aus Gusseisen, die sukzessive durch Leistungssch\u00fctze aus dem Rotorkreis kurzgeschlossen werden. Die Widerst\u00e4nde k\u00f6nnen sowohl luftgek\u00fchlt als auch \u00f6lgek\u00fchlt als sogenannter \u00d6lanlasser ausgef\u00fchrt sein. Gestufte Anlasser eignen sich aufgrund der exakten Widerstandssteuerung besonders f\u00fcr F\u00f6rderbandantriebe, bei denen mehrere Motoren [&hellip;]<\/p>\n","protected":false},"author":1,"featured_media":781,"parent":1809,"menu_order":5,"comment_status":"closed","ping_status":"closed","template":"","meta":{"_acf_changed":false,"footnotes":""},"acf":[],"yoast_head":"<!-- This site is optimized with the Yoast SEO plugin v22.2 - https:\/\/yoast.com\/wordpress\/plugins\/seo\/ -->\n<title>Gestufte Anlasser 3PA \/ LSG - GINO AKA<\/title>\n<meta name=\"robots\" content=\"index, follow, max-snippet:-1, max-image-preview:large, max-video-preview:-1\" \/>\n<link rel=\"canonical\" href=\"https:\/\/www.gino-aka.com\/de\/produkte\/motor-control\/gestufte-anlasser-3pa-lsg\/\" \/>\n<meta property=\"og:locale\" content=\"de_DE\" \/>\n<meta property=\"og:type\" content=\"article\" \/>\n<meta property=\"og:title\" content=\"Gestufte Anlasser 3PA \/ LSG - GINO AKA\" \/>\n<meta property=\"og:description\" content=\"Erg\u00e4nzend zu unserem Angebot an Fl\u00fcssigwiderstandsanlassern bieten wir auch gestufte Anlasser an. Diese Anlasser enthalten Festwiderst\u00e4nde aus Gusseisen, die sukzessive durch Leistungssch\u00fctze aus dem Rotorkreis kurzgeschlossen werden. Die Widerst\u00e4nde k\u00f6nnen sowohl luftgek\u00fchlt als auch \u00f6lgek\u00fchlt als sogenannter \u00d6lanlasser ausgef\u00fchrt sein. Gestufte Anlasser eignen sich aufgrund der exakten Widerstandssteuerung besonders f\u00fcr F\u00f6rderbandantriebe, bei denen mehrere Motoren [&hellip;]\" \/>\n<meta property=\"og:url\" content=\"https:\/\/www.gino-aka.com\/de\/produkte\/motor-control\/gestufte-anlasser-3pa-lsg\/\" \/>\n<meta property=\"og:site_name\" content=\"GINO AKA\" \/>\n<meta property=\"article:modified_time\" content=\"2022-01-27T11:17:10+00:00\" \/>\n<meta property=\"og:image\" content=\"https:\/\/www.gino-aka.com\/wp-content\/uploads\/2021\/09\/Olanlasser-MaeMoh-15-scaled.jpg\" \/>\n\t<meta property=\"og:image:width\" content=\"2560\" \/>\n\t<meta property=\"og:image:height\" content=\"1709\" \/>\n\t<meta property=\"og:image:type\" content=\"image\/jpeg\" \/>\n<meta name=\"twitter:card\" content=\"summary_large_image\" \/>\n<meta name=\"twitter:label1\" content=\"Gesch\u00e4tzte Lesezeit\" \/>\n\t<meta name=\"twitter:data1\" content=\"1\u00a0Minute\" \/>\n<script type=\"application\/ld+json\" class=\"yoast-schema-graph\">{\"@context\":\"https:\/\/schema.org\",\"@graph\":[{\"@type\":\"WebPage\",\"@id\":\"https:\/\/www.gino-aka.com\/de\/produkte\/motor-control\/gestufte-anlasser-3pa-lsg\/\",\"url\":\"https:\/\/www.gino-aka.com\/de\/produkte\/motor-control\/gestufte-anlasser-3pa-lsg\/\",\"name\":\"Gestufte Anlasser 3PA \/ LSG - GINO AKA\",\"isPartOf\":{\"@id\":\"https:\/\/www.gino-aka.com\/de\/#website\"},\"primaryImageOfPage\":{\"@id\":\"https:\/\/www.gino-aka.com\/de\/produkte\/motor-control\/gestufte-anlasser-3pa-lsg\/#primaryimage\"},\"image\":{\"@id\":\"https:\/\/www.gino-aka.com\/de\/produkte\/motor-control\/gestufte-anlasser-3pa-lsg\/#primaryimage\"},\"thumbnailUrl\":\"https:\/\/www.gino-aka.com\/wp-content\/uploads\/2021\/09\/Olanlasser-MaeMoh-15-scaled.jpg\",\"datePublished\":\"2022-01-21T10:12:08+00:00\",\"dateModified\":\"2022-01-27T11:17:10+00:00\",\"breadcrumb\":{\"@id\":\"https:\/\/www.gino-aka.com\/de\/produkte\/motor-control\/gestufte-anlasser-3pa-lsg\/#breadcrumb\"},\"inLanguage\":\"de\",\"potentialAction\":[{\"@type\":\"ReadAction\",\"target\":[\"https:\/\/www.gino-aka.com\/de\/produkte\/motor-control\/gestufte-anlasser-3pa-lsg\/\"]}]},{\"@type\":\"ImageObject\",\"inLanguage\":\"de\",\"@id\":\"https:\/\/www.gino-aka.com\/de\/produkte\/motor-control\/gestufte-anlasser-3pa-lsg\/#primaryimage\",\"url\":\"https:\/\/www.gino-aka.com\/wp-content\/uploads\/2021\/09\/Olanlasser-MaeMoh-15-scaled.jpg\",\"contentUrl\":\"https:\/\/www.gino-aka.com\/wp-content\/uploads\/2021\/09\/Olanlasser-MaeMoh-15-scaled.jpg\",\"width\":2560,\"height\":1709},{\"@type\":\"BreadcrumbList\",\"@id\":\"https:\/\/www.gino-aka.com\/de\/produkte\/motor-control\/gestufte-anlasser-3pa-lsg\/#breadcrumb\",\"itemListElement\":[{\"@type\":\"ListItem\",\"position\":1,\"name\":\"Produkte\",\"item\":\"https:\/\/www.gino-aka.com\/de\/produkte\/\"},{\"@type\":\"ListItem\",\"position\":2,\"name\":\"Motor Control\",\"item\":\"https:\/\/www.gino-aka.com\/de\/produkte\/motor-control\/\"},{\"@type\":\"ListItem\",\"position\":3,\"name\":\"Gestufte Anlasser 3PA \/ LSG\"}]},{\"@type\":\"WebSite\",\"@id\":\"https:\/\/www.gino-aka.com\/de\/#website\",\"url\":\"https:\/\/www.gino-aka.com\/de\/\",\"name\":\"GINO AKA\",\"description\":\"GINO AKA SAS\",\"potentialAction\":[{\"@type\":\"SearchAction\",\"target\":{\"@type\":\"EntryPoint\",\"urlTemplate\":\"https:\/\/www.gino-aka.com\/de\/?s={search_term_string}\"},\"query-input\":\"required name=search_term_string\"}],\"inLanguage\":\"de\"}]}<\/script>\n<!-- \/ Yoast SEO plugin. -->","yoast_head_json":{"title":"Gestufte Anlasser 3PA \/ LSG - GINO AKA","robots":{"index":"index","follow":"follow","max-snippet":"max-snippet:-1","max-image-preview":"max-image-preview:large","max-video-preview":"max-video-preview:-1"},"canonical":"https:\/\/www.gino-aka.com\/de\/produkte\/motor-control\/gestufte-anlasser-3pa-lsg\/","og_locale":"de_DE","og_type":"article","og_title":"Gestufte Anlasser 3PA \/ LSG - GINO AKA","og_description":"Erg\u00e4nzend zu unserem Angebot an Fl\u00fcssigwiderstandsanlassern bieten wir auch gestufte Anlasser an. Diese Anlasser enthalten Festwiderst\u00e4nde aus Gusseisen, die sukzessive durch Leistungssch\u00fctze aus dem Rotorkreis kurzgeschlossen werden. Die Widerst\u00e4nde k\u00f6nnen sowohl luftgek\u00fchlt als auch \u00f6lgek\u00fchlt als sogenannter \u00d6lanlasser ausgef\u00fchrt sein. Gestufte Anlasser eignen sich aufgrund der exakten Widerstandssteuerung besonders f\u00fcr F\u00f6rderbandantriebe, bei denen mehrere Motoren [&hellip;]","og_url":"https:\/\/www.gino-aka.com\/de\/produkte\/motor-control\/gestufte-anlasser-3pa-lsg\/","og_site_name":"GINO AKA","article_modified_time":"2022-01-27T11:17:10+00:00","og_image":[{"width":2560,"height":1709,"url":"https:\/\/www.gino-aka.com\/wp-content\/uploads\/2021\/09\/Olanlasser-MaeMoh-15-scaled.jpg","type":"image\/jpeg"}],"twitter_card":"summary_large_image","twitter_misc":{"Gesch\u00e4tzte Lesezeit":"1\u00a0Minute"},"schema":{"@context":"https:\/\/schema.org","@graph":[{"@type":"WebPage","@id":"https:\/\/www.gino-aka.com\/de\/produkte\/motor-control\/gestufte-anlasser-3pa-lsg\/","url":"https:\/\/www.gino-aka.com\/de\/produkte\/motor-control\/gestufte-anlasser-3pa-lsg\/","name":"Gestufte Anlasser 3PA \/ LSG - GINO AKA","isPartOf":{"@id":"https:\/\/www.gino-aka.com\/de\/#website"},"primaryImageOfPage":{"@id":"https:\/\/www.gino-aka.com\/de\/produkte\/motor-control\/gestufte-anlasser-3pa-lsg\/#primaryimage"},"image":{"@id":"https:\/\/www.gino-aka.com\/de\/produkte\/motor-control\/gestufte-anlasser-3pa-lsg\/#primaryimage"},"thumbnailUrl":"https:\/\/www.gino-aka.com\/wp-content\/uploads\/2021\/09\/Olanlasser-MaeMoh-15-scaled.jpg","datePublished":"2022-01-21T10:12:08+00:00","dateModified":"2022-01-27T11:17:10+00:00","breadcrumb":{"@id":"https:\/\/www.gino-aka.com\/de\/produkte\/motor-control\/gestufte-anlasser-3pa-lsg\/#breadcrumb"},"inLanguage":"de","potentialAction":[{"@type":"ReadAction","target":["https:\/\/www.gino-aka.com\/de\/produkte\/motor-control\/gestufte-anlasser-3pa-lsg\/"]}]},{"@type":"ImageObject","inLanguage":"de","@id":"https:\/\/www.gino-aka.com\/de\/produkte\/motor-control\/gestufte-anlasser-3pa-lsg\/#primaryimage","url":"https:\/\/www.gino-aka.com\/wp-content\/uploads\/2021\/09\/Olanlasser-MaeMoh-15-scaled.jpg","contentUrl":"https:\/\/www.gino-aka.com\/wp-content\/uploads\/2021\/09\/Olanlasser-MaeMoh-15-scaled.jpg","width":2560,"height":1709},{"@type":"BreadcrumbList","@id":"https:\/\/www.gino-aka.com\/de\/produkte\/motor-control\/gestufte-anlasser-3pa-lsg\/#breadcrumb","itemListElement":[{"@type":"ListItem","position":1,"name":"Produkte","item":"https:\/\/www.gino-aka.com\/de\/produkte\/"},{"@type":"ListItem","position":2,"name":"Motor Control","item":"https:\/\/www.gino-aka.com\/de\/produkte\/motor-control\/"},{"@type":"ListItem","position":3,"name":"Gestufte Anlasser 3PA \/ LSG"}]},{"@type":"WebSite","@id":"https:\/\/www.gino-aka.com\/de\/#website","url":"https:\/\/www.gino-aka.com\/de\/","name":"GINO AKA","description":"GINO AKA SAS","potentialAction":[{"@type":"SearchAction","target":{"@type":"EntryPoint","urlTemplate":"https:\/\/www.gino-aka.com\/de\/?s={search_term_string}"},"query-input":"required name=search_term_string"}],"inLanguage":"de"}]}},"_links":{"self":[{"href":"https:\/\/www.gino-aka.com\/de\/wp-json\/wp\/v2\/pages\/1891"}],"collection":[{"href":"https:\/\/www.gino-aka.com\/de\/wp-json\/wp\/v2\/pages"}],"about":[{"href":"https:\/\/www.gino-aka.com\/de\/wp-json\/wp\/v2\/types\/page"}],"author":[{"embeddable":true,"href":"https:\/\/www.gino-aka.com\/de\/wp-json\/wp\/v2\/users\/1"}],"replies":[{"embeddable":true,"href":"https:\/\/www.gino-aka.com\/de\/wp-json\/wp\/v2\/comments?post=1891"}],"version-history":[{"count":9,"href":"https:\/\/www.gino-aka.com\/de\/wp-json\/wp\/v2\/pages\/1891\/revisions"}],"predecessor-version":[{"id":2263,"href":"https:\/\/www.gino-aka.com\/de\/wp-json\/wp\/v2\/pages\/1891\/revisions\/2263"}],"up":[{"embeddable":true,"href":"https:\/\/www.gino-aka.com\/de\/wp-json\/wp\/v2\/pages\/1809"}],"wp:featuredmedia":[{"embeddable":true,"href":"https:\/\/www.gino-aka.com\/de\/wp-json\/wp\/v2\/media\/781"}],"wp:attachment":[{"href":"https:\/\/www.gino-aka.com\/de\/wp-json\/wp\/v2\/media?parent=1891"}],"curies":[{"name":"wp","href":"https:\/\/api.w.org\/{rel}","templated":true}]}}