{"id":1867,"date":"2022-01-21T08:33:50","date_gmt":"2022-01-21T08:33:50","guid":{"rendered":"https:\/\/www.gino-aka.com\/?page_id=1867"},"modified":"2022-01-27T11:15:00","modified_gmt":"2022-01-27T11:15:00","slug":"motorschutz-und-messgeraet-akamas","status":"publish","type":"page","link":"https:\/\/www.gino-aka.com\/de\/produkte\/motor-control\/motorschutz-und-messgeraet-akamas\/","title":{"rendered":"Motorschutz und Messger\u00e4t AKAMAS"},"content":{"rendered":"<div id=\"pl-1867\"  class=\"panel-layout\" ><div id=\"pg-1867-0\"  class=\"panel-grid panel-no-style\" ><div id=\"pgc-1867-0-0\"  class=\"panel-grid-cell\" ><div id=\"panel-1867-0-0-0\" class=\"so-panel widget widget_sow-editor panel-first-child\" data-index=\"0\" ><div\n\t\t\t\n\t\t\tclass=\"so-widget-sow-editor so-widget-sow-editor-base\"\n\t\t\t\n\t\t><h3 class=\"widget-title\">AKAMAS Messger\u00e4t <\/h3>\n<div class=\"siteorigin-widget-tinymce textwidget\">\n\t<div class=\"siteorigin-widget-tinymce textwidget\">\n<p>Der Anlauf eines Schleifringl\u00e4ufermotors wird von vielen Faktoren beeinflusst. Das Erreichen eines sanften Anlaufs der angetriebenen Last ist von gro\u00dfer Bedeutung, um das Antriebssystem vor hoher mechanischer Belastung und das Netz vor hohen Stromspitzen zu sch\u00fctzen.<\/p>\n<p>Mit dem \u00dcberwachungsger\u00e4t AKAMAS stellt GINO-AKA ein speziell entwickeltes Werkzeug zur Verf\u00fcgung, das die Rotorstr\u00f6me in zwei Phasen des Rotorkreises von Schleifringl\u00e4ufern (WRIM) misst und eine Vielzahl von Anlaufkennwerten in Echtzeit berechnet. Die Messdaten des AKAMAS werden in einer kundenspezifischen Software aufgezeichnet und k\u00f6nnen von den Anwendern ausgewertet werden. Dar\u00fcber hinaus werden die Anlaufkurven und Leistungsindikatoren auf dem integrierten Touch-Display angezeigt.<\/p>\n<p>Das AKAMAS ist das erste eigenst\u00e4ndige Ger\u00e4t, das dem Benutzer eine detaillierte Analyse des Startvorgangs von Schleifringl\u00e4ufern erm\u00f6glicht. Es versetzt den Anwender in die Lage, die Einstellungen des Anlassers genau an die Anforderungen der jeweiligen Anwendung anzupassen. Es kann auch als Fern\u00fcberwachungsger\u00e4t eingesetzt werden um eine Verschlechterung des Startverhaltens fr\u00fchzeitig zu verhindern.<\/p>\n<\/div>\n<\/div>\n<\/div><\/div><div id=\"panel-1867-0-0-1\" class=\"so-panel widget widget_media_video\" data-index=\"1\" ><div id=\"panel-1867-0-0-1\" class=\"so-panel widget widget_media_video\" data-index=\"1\" ><h3 class=\"widget-title\"><\/h3><div class=\"BorlabsCookie _brlbs-cb-youtube\"><div class=\"_brlbs-content-blocker\"> <div class=\"_brlbs-embed _brlbs-video-youtube\"> <img decoding=\"async\" class=\"_brlbs-thumbnail\" src=\"https:\/\/www.gino-aka.com\/wp-content\/plugins\/borlabs-cookie\/assets\/images\/cb-no-thumbnail.png\" alt=\"YouTube\"> <div class=\"_brlbs-caption\"> <p>Mit dem Laden des Videos akzeptieren Sie die Datenschutzerkl\u00e4rung von YouTube.<br><a href=\"https:\/\/policies.google.com\/privacy\" target=\"_blank\" rel=\"nofollow noopener noreferrer\">Mehr erfahren<\/a><\/p> <p><a class=\"_brlbs-btn _brlbs-icon-play-white\" href=\"#\" data-borlabs-cookie-unblock role=\"button\">Video laden<\/a><\/p> <p><label><input type=\"checkbox\" name=\"unblockAll\" value=\"1\" checked> <small>YouTube immer entsperren<\/small><\/label><\/p> <\/div> <\/div> <\/div><div class=\"borlabs-hide\" data-borlabs-cookie-type=\"content-blocker\" data-borlabs-cookie-id=\"youtube\"><script type=\"text\/template\">PGlmcmFtZSB0aXRsZT0iR0lOTy1BS0EgQUtBTUFTIFtFbmdsaXNoXSIgd2lkdGg9IjUwMCIgaGVpZ2h0PSIyODEiIHNyYz0iaHR0cHM6Ly93d3cueW91dHViZS1ub2Nvb2tpZS5jb20vZW1iZWQvYkNPQnFDU1Z0d1U\/ZmVhdHVyZT1vZW1iZWQiIGZyYW1lYm9yZGVyPSIwIiBhbGxvdz0iYWNjZWxlcm9tZXRlcjsgYXV0b3BsYXk7IGNsaXBib2FyZC13cml0ZTsgZW5jcnlwdGVkLW1lZGlhOyBneXJvc2NvcGU7IHBpY3R1cmUtaW4tcGljdHVyZTsgd2ViLXNoYXJlIiByZWZlcnJlcnBvbGljeT0ic3RyaWN0LW9yaWdpbi13aGVuLWNyb3NzLW9yaWdpbiIgYWxsb3dmdWxsc2NyZWVuPjwvaWZyYW1lPg==<\/script><\/div><\/div><\/div><\/div><div id=\"panel-1867-0-0-2\" class=\"so-panel widget widget_sow-editor\" data-index=\"2\" ><div\n\t\t\t\n\t\t\tclass=\"so-widget-sow-editor so-widget-sow-editor-base\"\n\t\t\t\n\t\t>\n<div class=\"siteorigin-widget-tinymce textwidget\">\n\t<p>Die folgenden Leistungsindikatoren und Anlaufeigenschaften werden von AKAMAS berechnet:<\/p>\n<ul>\n<li>Gesamt-RMS-Rotorstrom des Motors in A<\/li>\n<li>Echtzeit-Motordrehzahl in RPM<\/li>\n<li>Leistung an der Motorwelle in kW<\/li>\n<li>Echtzeit-Motorschlupf in %<\/li>\n<li>Kurzschlussstromspitzen in A<\/li>\n<li>LRS-Abschaltverh\u00e4ltnis<\/li>\n<li>LRS-Widerstand<\/li>\n<\/ul>\n<p>Die Messwerte k\u00f6nnen dem Anwender \u00fcber USB, Ethernet oder WIFI zur Verf\u00fcgung gestellt werden. Der Anwender kann das Anlassverhalten nun in der speziell entwickelten Software graphisch und numerisch analysieren lassen. Die Messwerte k\u00f6nnen zur professionellen Fernanalyse an GINO-AKA gesendet werden.<\/p>\n<p>&nbsp;<\/p>\n<\/div>\n<\/div><\/div><div id=\"panel-1867-0-0-3\" class=\"so-panel widget widget_sow-slider panel-last-child\" data-index=\"3\" ><div\n\t\t\t\n\t\t\tclass=\"so-widget-sow-slider so-widget-sow-slider-default-f0ae9a9d037f-1867\"\n\t\t\t\n\t\t>\t\t\t\t<div class=\"sow-slider-base\" style=\"display: none\" tabindex=\"0\">\n\t\t\t\t\t<ul\n\t\t\t\t\tclass=\"sow-slider-images\"\n\t\t\t\t\tdata-settings=\"{&quot;pagination&quot;:true,&quot;speed&quot;:800,&quot;timeout&quot;:3000,&quot;paused&quot;:false,&quot;pause_on_hover&quot;:false,&quot;swipe&quot;:true,&quot;nav_always_show_desktop&quot;:&quot;&quot;,&quot;nav_always_show_mobile&quot;:&quot;&quot;,&quot;breakpoint&quot;:&quot;780px&quot;,&quot;unmute&quot;:false,&quot;anchor&quot;:null}\"\n\t\t\t\t\t\t\t\t\t\tdata-anchor-id=\"\"\n\t\t\t\t>\t\t<li class=\"sow-slider-image\" style=\"visibility: visible;\" >\n\t\t\t\t\t\t<img loading=\"lazy\" decoding=\"async\" width=\"2560\" height=\"1920\" src=\"https:\/\/www.gino-aka.com\/wp-content\/uploads\/2021\/10\/IMG_7903Coverbildprospekt-1-scaled.jpg\" class=\"sow-slider-background-image\" alt=\"\" style=\"\" srcset=\"https:\/\/www.gino-aka.com\/wp-content\/uploads\/2021\/10\/IMG_7903Coverbildprospekt-1-scaled.jpg 2560w, https:\/\/www.gino-aka.com\/wp-content\/uploads\/2021\/10\/IMG_7903Coverbildprospekt-1-300x225.jpg 300w, https:\/\/www.gino-aka.com\/wp-content\/uploads\/2021\/10\/IMG_7903Coverbildprospekt-1-1024x768.jpg 1024w, https:\/\/www.gino-aka.com\/wp-content\/uploads\/2021\/10\/IMG_7903Coverbildprospekt-1-768x576.jpg 768w, https:\/\/www.gino-aka.com\/wp-content\/uploads\/2021\/10\/IMG_7903Coverbildprospekt-1-1536x1152.jpg 1536w, https:\/\/www.gino-aka.com\/wp-content\/uploads\/2021\/10\/IMG_7903Coverbildprospekt-1-2048x1536.jpg 2048w\" sizes=\"(max-width: 2560px) 100vw, 2560px\" \/>\t\t<\/li>\n\t\t\t\t<li class=\"sow-slider-image\" style=\"visibility: hidden;\" >\n\t\t\t\t\t\t<img loading=\"lazy\" decoding=\"async\" width=\"640\" height=\"480\" src=\"https:\/\/www.gino-aka.com\/wp-content\/uploads\/2021\/10\/Kofferfreigestellt.jpeg\" class=\"sow-slider-background-image\" alt=\"\" style=\"\" srcset=\"https:\/\/www.gino-aka.com\/wp-content\/uploads\/2021\/10\/Kofferfreigestellt.jpeg 640w, https:\/\/www.gino-aka.com\/wp-content\/uploads\/2021\/10\/Kofferfreigestellt-300x225.jpeg 300w\" sizes=\"(max-width: 640px) 100vw, 640px\" \/>\t\t<\/li>\n\t\t<\/ul>\t\t\t\t<ol class=\"sow-slider-pagination\">\n\t\t\t\t\t\t\t\t\t\t\t<li><a href=\"#\" data-goto=\"0\" aria-label=\"display slide 1\"><\/a><\/li>\n\t\t\t\t\t\t\t\t\t\t\t<li><a href=\"#\" data-goto=\"1\" aria-label=\"display slide 2\"><\/a><\/li>\n\t\t\t\t\t\t\t\t\t<\/ol>\n\n\t\t\t\t<div class=\"sow-slide-nav sow-slide-nav-next\">\n\t\t\t\t\t<a href=\"#\" data-goto=\"next\" aria-label=\"next slide\" data-action=\"next\">\n\t\t\t\t\t\t<em class=\"sow-sld-icon-thin-right\"><\/em>\n\t\t\t\t\t<\/a>\n\t\t\t\t<\/div>\n\n\t\t\t\t<div class=\"sow-slide-nav sow-slide-nav-prev\">\n\t\t\t\t\t<a href=\"#\" data-goto=\"previous\" aria-label=\"previous slide\" data-action=\"prev\">\n\t\t\t\t\t\t<em class=\"sow-sld-icon-thin-left\"><\/em>\n\t\t\t\t\t<\/a>\n\t\t\t\t<\/div>\n\t\t\t\t<\/div><\/div><\/div><\/div><\/div><\/div>","protected":false},"excerpt":{"rendered":"<p>Der Anlauf eines Schleifringl\u00e4ufermotors wird von vielen Faktoren beeinflusst. Das Erreichen eines sanften Anlaufs der angetriebenen Last ist von gro\u00dfer Bedeutung, um das Antriebssystem vor hoher mechanischer Belastung und das Netz vor hohen Stromspitzen zu sch\u00fctzen. Mit dem \u00dcberwachungsger\u00e4t AKAMAS stellt GINO-AKA ein speziell entwickeltes Werkzeug zur Verf\u00fcgung, das die Rotorstr\u00f6me in zwei Phasen des [&hellip;]<\/p>\n","protected":false},"author":1,"featured_media":967,"parent":1809,"menu_order":3,"comment_status":"closed","ping_status":"closed","template":"","meta":{"_acf_changed":false,"footnotes":""},"acf":[],"yoast_head":"<!-- This site is optimized with the Yoast SEO plugin v22.2 - https:\/\/yoast.com\/wordpress\/plugins\/seo\/ -->\n<title>Motorschutz und Messger\u00e4t AKAMAS - GINO AKA<\/title>\n<meta name=\"robots\" content=\"index, follow, max-snippet:-1, max-image-preview:large, max-video-preview:-1\" \/>\n<link rel=\"canonical\" href=\"https:\/\/www.gino-aka.com\/de\/produkte\/motor-control\/motorschutz-und-messgeraet-akamas\/\" \/>\n<meta property=\"og:locale\" content=\"de_DE\" \/>\n<meta property=\"og:type\" content=\"article\" \/>\n<meta property=\"og:title\" content=\"Motorschutz und Messger\u00e4t AKAMAS - GINO AKA\" \/>\n<meta property=\"og:description\" content=\"Der Anlauf eines Schleifringl\u00e4ufermotors wird von vielen Faktoren beeinflusst. Das Erreichen eines sanften Anlaufs der angetriebenen Last ist von gro\u00dfer Bedeutung, um das Antriebssystem vor hoher mechanischer Belastung und das Netz vor hohen Stromspitzen zu sch\u00fctzen. Mit dem \u00dcberwachungsger\u00e4t AKAMAS stellt GINO-AKA ein speziell entwickeltes Werkzeug zur Verf\u00fcgung, das die Rotorstr\u00f6me in zwei Phasen des [&hellip;]\" \/>\n<meta property=\"og:url\" content=\"https:\/\/www.gino-aka.com\/de\/produkte\/motor-control\/motorschutz-und-messgeraet-akamas\/\" \/>\n<meta property=\"og:site_name\" content=\"GINO AKA\" \/>\n<meta property=\"article:modified_time\" content=\"2022-01-27T11:15:00+00:00\" \/>\n<meta property=\"og:image\" content=\"https:\/\/www.gino-aka.com\/wp-content\/uploads\/2021\/10\/IMG_7904-Kopie-scaled.jpg\" \/>\n\t<meta property=\"og:image:width\" content=\"1920\" \/>\n\t<meta property=\"og:image:height\" content=\"2560\" \/>\n\t<meta property=\"og:image:type\" content=\"image\/jpeg\" \/>\n<meta name=\"twitter:card\" content=\"summary_large_image\" \/>\n<meta name=\"twitter:label1\" content=\"Gesch\u00e4tzte Lesezeit\" \/>\n\t<meta name=\"twitter:data1\" content=\"1\u00a0Minute\" \/>\n<script type=\"application\/ld+json\" class=\"yoast-schema-graph\">{\"@context\":\"https:\/\/schema.org\",\"@graph\":[{\"@type\":\"WebPage\",\"@id\":\"https:\/\/www.gino-aka.com\/de\/produkte\/motor-control\/motorschutz-und-messgeraet-akamas\/\",\"url\":\"https:\/\/www.gino-aka.com\/de\/produkte\/motor-control\/motorschutz-und-messgeraet-akamas\/\",\"name\":\"Motorschutz und Messger\u00e4t AKAMAS - GINO AKA\",\"isPartOf\":{\"@id\":\"https:\/\/www.gino-aka.com\/de\/#website\"},\"primaryImageOfPage\":{\"@id\":\"https:\/\/www.gino-aka.com\/de\/produkte\/motor-control\/motorschutz-und-messgeraet-akamas\/#primaryimage\"},\"image\":{\"@id\":\"https:\/\/www.gino-aka.com\/de\/produkte\/motor-control\/motorschutz-und-messgeraet-akamas\/#primaryimage\"},\"thumbnailUrl\":\"https:\/\/www.gino-aka.com\/wp-content\/uploads\/2021\/10\/IMG_7904-Kopie-scaled.jpg\",\"datePublished\":\"2022-01-21T08:33:50+00:00\",\"dateModified\":\"2022-01-27T11:15:00+00:00\",\"breadcrumb\":{\"@id\":\"https:\/\/www.gino-aka.com\/de\/produkte\/motor-control\/motorschutz-und-messgeraet-akamas\/#breadcrumb\"},\"inLanguage\":\"de\",\"potentialAction\":[{\"@type\":\"ReadAction\",\"target\":[\"https:\/\/www.gino-aka.com\/de\/produkte\/motor-control\/motorschutz-und-messgeraet-akamas\/\"]}]},{\"@type\":\"ImageObject\",\"inLanguage\":\"de\",\"@id\":\"https:\/\/www.gino-aka.com\/de\/produkte\/motor-control\/motorschutz-und-messgeraet-akamas\/#primaryimage\",\"url\":\"https:\/\/www.gino-aka.com\/wp-content\/uploads\/2021\/10\/IMG_7904-Kopie-scaled.jpg\",\"contentUrl\":\"https:\/\/www.gino-aka.com\/wp-content\/uploads\/2021\/10\/IMG_7904-Kopie-scaled.jpg\",\"width\":1920,\"height\":2560},{\"@type\":\"BreadcrumbList\",\"@id\":\"https:\/\/www.gino-aka.com\/de\/produkte\/motor-control\/motorschutz-und-messgeraet-akamas\/#breadcrumb\",\"itemListElement\":[{\"@type\":\"ListItem\",\"position\":1,\"name\":\"Produkte\",\"item\":\"https:\/\/www.gino-aka.com\/de\/produkte\/\"},{\"@type\":\"ListItem\",\"position\":2,\"name\":\"Motor Control\",\"item\":\"https:\/\/www.gino-aka.com\/de\/produkte\/motor-control\/\"},{\"@type\":\"ListItem\",\"position\":3,\"name\":\"Motorschutz und Messger\u00e4t AKAMAS\"}]},{\"@type\":\"WebSite\",\"@id\":\"https:\/\/www.gino-aka.com\/de\/#website\",\"url\":\"https:\/\/www.gino-aka.com\/de\/\",\"name\":\"GINO AKA\",\"description\":\"GINO AKA SAS\",\"potentialAction\":[{\"@type\":\"SearchAction\",\"target\":{\"@type\":\"EntryPoint\",\"urlTemplate\":\"https:\/\/www.gino-aka.com\/de\/?s={search_term_string}\"},\"query-input\":\"required name=search_term_string\"}],\"inLanguage\":\"de\"}]}<\/script>\n<!-- \/ Yoast SEO plugin. -->","yoast_head_json":{"title":"Motorschutz und Messger\u00e4t AKAMAS - GINO AKA","robots":{"index":"index","follow":"follow","max-snippet":"max-snippet:-1","max-image-preview":"max-image-preview:large","max-video-preview":"max-video-preview:-1"},"canonical":"https:\/\/www.gino-aka.com\/de\/produkte\/motor-control\/motorschutz-und-messgeraet-akamas\/","og_locale":"de_DE","og_type":"article","og_title":"Motorschutz und Messger\u00e4t AKAMAS - GINO AKA","og_description":"Der Anlauf eines Schleifringl\u00e4ufermotors wird von vielen Faktoren beeinflusst. Das Erreichen eines sanften Anlaufs der angetriebenen Last ist von gro\u00dfer Bedeutung, um das Antriebssystem vor hoher mechanischer Belastung und das Netz vor hohen Stromspitzen zu sch\u00fctzen. Mit dem \u00dcberwachungsger\u00e4t AKAMAS stellt GINO-AKA ein speziell entwickeltes Werkzeug zur Verf\u00fcgung, das die Rotorstr\u00f6me in zwei Phasen des [&hellip;]","og_url":"https:\/\/www.gino-aka.com\/de\/produkte\/motor-control\/motorschutz-und-messgeraet-akamas\/","og_site_name":"GINO AKA","article_modified_time":"2022-01-27T11:15:00+00:00","og_image":[{"width":1920,"height":2560,"url":"https:\/\/www.gino-aka.com\/wp-content\/uploads\/2021\/10\/IMG_7904-Kopie-scaled.jpg","type":"image\/jpeg"}],"twitter_card":"summary_large_image","twitter_misc":{"Gesch\u00e4tzte Lesezeit":"1\u00a0Minute"},"schema":{"@context":"https:\/\/schema.org","@graph":[{"@type":"WebPage","@id":"https:\/\/www.gino-aka.com\/de\/produkte\/motor-control\/motorschutz-und-messgeraet-akamas\/","url":"https:\/\/www.gino-aka.com\/de\/produkte\/motor-control\/motorschutz-und-messgeraet-akamas\/","name":"Motorschutz und Messger\u00e4t AKAMAS - GINO AKA","isPartOf":{"@id":"https:\/\/www.gino-aka.com\/de\/#website"},"primaryImageOfPage":{"@id":"https:\/\/www.gino-aka.com\/de\/produkte\/motor-control\/motorschutz-und-messgeraet-akamas\/#primaryimage"},"image":{"@id":"https:\/\/www.gino-aka.com\/de\/produkte\/motor-control\/motorschutz-und-messgeraet-akamas\/#primaryimage"},"thumbnailUrl":"https:\/\/www.gino-aka.com\/wp-content\/uploads\/2021\/10\/IMG_7904-Kopie-scaled.jpg","datePublished":"2022-01-21T08:33:50+00:00","dateModified":"2022-01-27T11:15:00+00:00","breadcrumb":{"@id":"https:\/\/www.gino-aka.com\/de\/produkte\/motor-control\/motorschutz-und-messgeraet-akamas\/#breadcrumb"},"inLanguage":"de","potentialAction":[{"@type":"ReadAction","target":["https:\/\/www.gino-aka.com\/de\/produkte\/motor-control\/motorschutz-und-messgeraet-akamas\/"]}]},{"@type":"ImageObject","inLanguage":"de","@id":"https:\/\/www.gino-aka.com\/de\/produkte\/motor-control\/motorschutz-und-messgeraet-akamas\/#primaryimage","url":"https:\/\/www.gino-aka.com\/wp-content\/uploads\/2021\/10\/IMG_7904-Kopie-scaled.jpg","contentUrl":"https:\/\/www.gino-aka.com\/wp-content\/uploads\/2021\/10\/IMG_7904-Kopie-scaled.jpg","width":1920,"height":2560},{"@type":"BreadcrumbList","@id":"https:\/\/www.gino-aka.com\/de\/produkte\/motor-control\/motorschutz-und-messgeraet-akamas\/#breadcrumb","itemListElement":[{"@type":"ListItem","position":1,"name":"Produkte","item":"https:\/\/www.gino-aka.com\/de\/produkte\/"},{"@type":"ListItem","position":2,"name":"Motor Control","item":"https:\/\/www.gino-aka.com\/de\/produkte\/motor-control\/"},{"@type":"ListItem","position":3,"name":"Motorschutz und Messger\u00e4t AKAMAS"}]},{"@type":"WebSite","@id":"https:\/\/www.gino-aka.com\/de\/#website","url":"https:\/\/www.gino-aka.com\/de\/","name":"GINO AKA","description":"GINO AKA SAS","potentialAction":[{"@type":"SearchAction","target":{"@type":"EntryPoint","urlTemplate":"https:\/\/www.gino-aka.com\/de\/?s={search_term_string}"},"query-input":"required name=search_term_string"}],"inLanguage":"de"}]}},"_links":{"self":[{"href":"https:\/\/www.gino-aka.com\/de\/wp-json\/wp\/v2\/pages\/1867"}],"collection":[{"href":"https:\/\/www.gino-aka.com\/de\/wp-json\/wp\/v2\/pages"}],"about":[{"href":"https:\/\/www.gino-aka.com\/de\/wp-json\/wp\/v2\/types\/page"}],"author":[{"embeddable":true,"href":"https:\/\/www.gino-aka.com\/de\/wp-json\/wp\/v2\/users\/1"}],"replies":[{"embeddable":true,"href":"https:\/\/www.gino-aka.com\/de\/wp-json\/wp\/v2\/comments?post=1867"}],"version-history":[{"count":15,"href":"https:\/\/www.gino-aka.com\/de\/wp-json\/wp\/v2\/pages\/1867\/revisions"}],"predecessor-version":[{"id":2259,"href":"https:\/\/www.gino-aka.com\/de\/wp-json\/wp\/v2\/pages\/1867\/revisions\/2259"}],"up":[{"embeddable":true,"href":"https:\/\/www.gino-aka.com\/de\/wp-json\/wp\/v2\/pages\/1809"}],"wp:featuredmedia":[{"embeddable":true,"href":"https:\/\/www.gino-aka.com\/de\/wp-json\/wp\/v2\/media\/967"}],"wp:attachment":[{"href":"https:\/\/www.gino-aka.com\/de\/wp-json\/wp\/v2\/media?parent=1867"}],"curies":[{"name":"wp","href":"https:\/\/api.w.org\/{rel}","templated":true}]}}