{"id":1864,"date":"2022-01-21T08:24:36","date_gmt":"2022-01-21T08:24:36","guid":{"rendered":"https:\/\/www.gino-aka.com\/?page_id=1864"},"modified":"2022-01-21T15:25:37","modified_gmt":"2022-01-21T15:25:37","slug":"kompakte-fluessigkeitsanlasser-arl-vectrohm","status":"publish","type":"page","link":"https:\/\/www.gino-aka.com\/de\/produkte\/motor-control\/kompakte-fluessigkeitsanlasser-arl-vectrohm\/","title":{"rendered":"Kompakte Fl\u00fcssigkeitsanlasser ARL\/Vectrohm"},"content":{"rendered":"<div id=\"pl-1864\"  class=\"panel-layout\" ><div id=\"pg-1864-0\"  class=\"panel-grid panel-no-style\" ><div id=\"pgc-1864-0-0\"  class=\"panel-grid-cell\" ><div id=\"panel-1864-0-0-0\" class=\"so-panel widget widget_sow-editor panel-first-child\" data-index=\"0\" ><div\n\t\t\t\n\t\t\tclass=\"so-widget-sow-editor so-widget-sow-editor-base\"\n\t\t\t\n\t\t><h3 class=\"widget-title\">Kompakte Fl\u00fcssigkeitsanlasser Typ ARL<\/h3>\n<div class=\"siteorigin-widget-tinymce textwidget\">\n\t<div class=\"siteorigin-widget-tinymce textwidget\">\n<p>Das ARL-System wird vorwiegend f\u00fcr Motorleistungen bis zu 500kW eingesetzt. Die robuste Konstruktion garantiert hohe Betriebssicherheit und lange Lebensdauer. Dar\u00fcber hinaus garantiert die Einfachheit ein optimales Preis-Leistungs-Verh\u00e4ltnis und passt auch in das kleinste Budget. Besonders in Steinbr\u00fcchen und Brecheranlagen sind die ARL-Anlasser weltweit bekannt.<\/p>\n<\/div>\n<\/div>\n<\/div><\/div><div id=\"panel-1864-0-0-1\" class=\"so-panel widget widget_sow-image\" data-index=\"1\" ><div\n\t\t\t\n\t\t\tclass=\"so-widget-sow-image so-widget-sow-image-default-113ccd71f3e6-1864\"\n\t\t\t\n\t\t>\n\n<div class=\"sow-image-container\">\n\t\t<img loading=\"lazy\" decoding=\"async\" src=\"https:\/\/www.gino-aka.com\/wp-content\/uploads\/2021\/09\/ARL1100edit-without-shadow_compact-240x300.jpg\" width=\"240\" height=\"300\" srcset=\"https:\/\/www.gino-aka.com\/wp-content\/uploads\/2021\/09\/ARL1100edit-without-shadow_compact-240x300.jpg 240w, https:\/\/www.gino-aka.com\/wp-content\/uploads\/2021\/09\/ARL1100edit-without-shadow_compact-818x1024.jpg 818w, https:\/\/www.gino-aka.com\/wp-content\/uploads\/2021\/09\/ARL1100edit-without-shadow_compact-768x961.jpg 768w, https:\/\/www.gino-aka.com\/wp-content\/uploads\/2021\/09\/ARL1100edit-without-shadow_compact-1227x1536.jpg 1227w, https:\/\/www.gino-aka.com\/wp-content\/uploads\/2021\/09\/ARL1100edit-without-shadow_compact-1636x2048.jpg 1636w, https:\/\/www.gino-aka.com\/wp-content\/uploads\/2021\/09\/ARL1100edit-without-shadow_compact-scaled.jpg 2045w\" sizes=\"(max-width: 240px) 100vw, 240px\" title=\"ARL1100edit without shadow_compact\" alt=\"\" \t\tclass=\"so-widget-image\"\/>\n\t<\/div>\n\n<\/div><\/div><div id=\"panel-1864-0-0-2\" class=\"so-panel widget widget_sow-editor\" data-index=\"2\" ><div\n\t\t\t\n\t\t\tclass=\"so-widget-sow-editor so-widget-sow-editor-base\"\n\t\t\t\n\t\t>\n<div class=\"siteorigin-widget-tinymce textwidget\">\n\t<p>Die ARL-Anlasser haben einen einfachen und robusten Aufbau, die auf einer Zeitrelaissteuerung basiert und k\u00f6nnen vor Ort leicht an die Kundenanforderungen angepasst werden. Dar\u00fcber hinaus liefert GINO-AKA mit jedem Starter ein komplettes Inbetriebnahme-Kit, um Ihre Teams bei der Inbetriebnahme zu unterst\u00fctzen. F\u00fcr Installationen bei niedrigen Temperaturen kann der ARL mit Frostschutzgel oder Elektrolyt-Heizung ausgestattet werden.<\/p>\n<\/div>\n<\/div><\/div><div id=\"panel-1864-0-0-3\" class=\"so-panel widget widget_sow-editor\" data-index=\"3\" ><div\n\t\t\t\n\t\t\tclass=\"so-widget-sow-editor so-widget-sow-editor-base\"\n\t\t\t\n\t\t><h3 class=\"widget-title\">Kompakte Fl\u00fcssigkeitsanlasser Typ Vectrohm<\/h3>\n<div class=\"siteorigin-widget-tinymce textwidget\">\n\t<div class=\"siteorigin-widget-tinymce textwidget\">\n<p>Im Jahr 2021 hat GINO-AKA die Produktlinie Vectrohm von unserer TELEMA-Schwesterfirma Resistel \u00fcbernommen. Die Vectrohm-Starter sind eine kompakte Starterbaureihe mit Elektrolytpumpe und erm\u00f6glichen einen sanften, stufenlosen Start f\u00fcr Schleifringl\u00e4ufermotoren bis 500kW.<\/p>\n<\/div>\n<\/div>\n<\/div><\/div><div id=\"panel-1864-0-0-4\" class=\"so-panel widget widget_sow-image\" data-index=\"4\" ><div\n\t\t\t\n\t\t\tclass=\"so-widget-sow-image so-widget-sow-image-default-113ccd71f3e6-1864\"\n\t\t\t\n\t\t>\n\n<div class=\"sow-image-container\">\n\t\t<img loading=\"lazy\" decoding=\"async\" src=\"https:\/\/www.gino-aka.com\/wp-content\/uploads\/2021\/09\/9-ETIQUETAGE-1edit-300x200.jpg\" width=\"300\" height=\"200\" srcset=\"https:\/\/www.gino-aka.com\/wp-content\/uploads\/2021\/09\/9-ETIQUETAGE-1edit-300x200.jpg 300w, https:\/\/www.gino-aka.com\/wp-content\/uploads\/2021\/09\/9-ETIQUETAGE-1edit-1024x683.jpg 1024w, https:\/\/www.gino-aka.com\/wp-content\/uploads\/2021\/09\/9-ETIQUETAGE-1edit-768x512.jpg 768w, https:\/\/www.gino-aka.com\/wp-content\/uploads\/2021\/09\/9-ETIQUETAGE-1edit-1536x1024.jpg 1536w, https:\/\/www.gino-aka.com\/wp-content\/uploads\/2021\/09\/9-ETIQUETAGE-1edit-2048x1365.jpg 2048w, https:\/\/www.gino-aka.com\/wp-content\/uploads\/2021\/09\/9-ETIQUETAGE-1edit-272x182.jpg 272w, https:\/\/www.gino-aka.com\/wp-content\/uploads\/2021\/09\/9-ETIQUETAGE-1edit-scaled-e1630594671419.jpg 1200w\" sizes=\"(max-width: 300px) 100vw, 300px\" title=\"9-ETIQUETAGE (1)edit\" alt=\"\" \t\tclass=\"so-widget-image\"\/>\n\t<\/div>\n\n<\/div><\/div><div id=\"panel-1864-0-0-5\" class=\"so-panel widget widget_sow-editor panel-last-child\" data-index=\"5\" ><div\n\t\t\t\n\t\t\tclass=\"so-widget-sow-editor so-widget-sow-editor-base\"\n\t\t\t\n\t\t>\n<div class=\"siteorigin-widget-tinymce textwidget\">\n\t<p>F\u00fcr neue Projektanforderungen bietet GINO-AKA grunds\u00e4tzlich die Anlasser des Typs ARL an. Das Vectrohm-Portfolio beinhaltet Ersatzteile sowie Starterkits f\u00fcr Inbetriebnahme und Wartung.<\/p>\n<\/div>\n<\/div><\/div><\/div><\/div><\/div>","protected":false},"excerpt":{"rendered":"<p>Das ARL-System wird vorwiegend f\u00fcr Motorleistungen bis zu 500kW eingesetzt. Die robuste Konstruktion garantiert hohe Betriebssicherheit und lange Lebensdauer. Dar\u00fcber hinaus garantiert die Einfachheit ein optimales Preis-Leistungs-Verh\u00e4ltnis und passt auch in das kleinste Budget. Besonders in Steinbr\u00fcchen und Brecheranlagen sind die ARL-Anlasser weltweit bekannt. Die ARL-Anlasser haben einen einfachen und robusten Aufbau, die auf einer [&hellip;]<\/p>\n","protected":false},"author":1,"featured_media":748,"parent":1809,"menu_order":2,"comment_status":"closed","ping_status":"closed","template":"","meta":{"_acf_changed":false,"footnotes":""},"acf":[],"yoast_head":"<!-- This site is optimized with the Yoast SEO plugin v22.2 - https:\/\/yoast.com\/wordpress\/plugins\/seo\/ -->\n<title>Kompakte Fl\u00fcssigkeitsanlasser ARL\/Vectrohm - GINO AKA<\/title>\n<meta name=\"robots\" content=\"index, follow, max-snippet:-1, max-image-preview:large, max-video-preview:-1\" \/>\n<link rel=\"canonical\" href=\"https:\/\/www.gino-aka.com\/de\/produkte\/motor-control\/kompakte-fluessigkeitsanlasser-arl-vectrohm\/\" \/>\n<meta property=\"og:locale\" content=\"de_DE\" \/>\n<meta property=\"og:type\" content=\"article\" \/>\n<meta property=\"og:title\" content=\"Kompakte Fl\u00fcssigkeitsanlasser ARL\/Vectrohm - GINO AKA\" \/>\n<meta property=\"og:description\" content=\"Das ARL-System wird vorwiegend f\u00fcr Motorleistungen bis zu 500kW eingesetzt. Die robuste Konstruktion garantiert hohe Betriebssicherheit und lange Lebensdauer. Dar\u00fcber hinaus garantiert die Einfachheit ein optimales Preis-Leistungs-Verh\u00e4ltnis und passt auch in das kleinste Budget. Besonders in Steinbr\u00fcchen und Brecheranlagen sind die ARL-Anlasser weltweit bekannt. Die ARL-Anlasser haben einen einfachen und robusten Aufbau, die auf einer [&hellip;]\" \/>\n<meta property=\"og:url\" content=\"https:\/\/www.gino-aka.com\/de\/produkte\/motor-control\/kompakte-fluessigkeitsanlasser-arl-vectrohm\/\" \/>\n<meta property=\"og:site_name\" content=\"GINO AKA\" \/>\n<meta property=\"article:modified_time\" content=\"2022-01-21T15:25:37+00:00\" \/>\n<meta property=\"og:image\" content=\"https:\/\/www.gino-aka.com\/wp-content\/uploads\/2021\/09\/applications-2-scaled.jpg\" \/>\n\t<meta property=\"og:image:width\" content=\"2560\" \/>\n\t<meta property=\"og:image:height\" content=\"1709\" \/>\n\t<meta property=\"og:image:type\" content=\"image\/jpeg\" \/>\n<meta name=\"twitter:card\" content=\"summary_large_image\" \/>\n<meta name=\"twitter:label1\" content=\"Gesch\u00e4tzte Lesezeit\" \/>\n\t<meta name=\"twitter:data1\" content=\"1\u00a0Minute\" \/>\n<script type=\"application\/ld+json\" class=\"yoast-schema-graph\">{\"@context\":\"https:\/\/schema.org\",\"@graph\":[{\"@type\":\"WebPage\",\"@id\":\"https:\/\/www.gino-aka.com\/de\/produkte\/motor-control\/kompakte-fluessigkeitsanlasser-arl-vectrohm\/\",\"url\":\"https:\/\/www.gino-aka.com\/de\/produkte\/motor-control\/kompakte-fluessigkeitsanlasser-arl-vectrohm\/\",\"name\":\"Kompakte Fl\u00fcssigkeitsanlasser ARL\/Vectrohm - GINO AKA\",\"isPartOf\":{\"@id\":\"https:\/\/www.gino-aka.com\/de\/#website\"},\"primaryImageOfPage\":{\"@id\":\"https:\/\/www.gino-aka.com\/de\/produkte\/motor-control\/kompakte-fluessigkeitsanlasser-arl-vectrohm\/#primaryimage\"},\"image\":{\"@id\":\"https:\/\/www.gino-aka.com\/de\/produkte\/motor-control\/kompakte-fluessigkeitsanlasser-arl-vectrohm\/#primaryimage\"},\"thumbnailUrl\":\"https:\/\/www.gino-aka.com\/wp-content\/uploads\/2021\/09\/applications-2-scaled.jpg\",\"datePublished\":\"2022-01-21T08:24:36+00:00\",\"dateModified\":\"2022-01-21T15:25:37+00:00\",\"breadcrumb\":{\"@id\":\"https:\/\/www.gino-aka.com\/de\/produkte\/motor-control\/kompakte-fluessigkeitsanlasser-arl-vectrohm\/#breadcrumb\"},\"inLanguage\":\"de\",\"potentialAction\":[{\"@type\":\"ReadAction\",\"target\":[\"https:\/\/www.gino-aka.com\/de\/produkte\/motor-control\/kompakte-fluessigkeitsanlasser-arl-vectrohm\/\"]}]},{\"@type\":\"ImageObject\",\"inLanguage\":\"de\",\"@id\":\"https:\/\/www.gino-aka.com\/de\/produkte\/motor-control\/kompakte-fluessigkeitsanlasser-arl-vectrohm\/#primaryimage\",\"url\":\"https:\/\/www.gino-aka.com\/wp-content\/uploads\/2021\/09\/applications-2-scaled.jpg\",\"contentUrl\":\"https:\/\/www.gino-aka.com\/wp-content\/uploads\/2021\/09\/applications-2-scaled.jpg\",\"width\":2560,\"height\":1709},{\"@type\":\"BreadcrumbList\",\"@id\":\"https:\/\/www.gino-aka.com\/de\/produkte\/motor-control\/kompakte-fluessigkeitsanlasser-arl-vectrohm\/#breadcrumb\",\"itemListElement\":[{\"@type\":\"ListItem\",\"position\":1,\"name\":\"Produkte\",\"item\":\"https:\/\/www.gino-aka.com\/de\/produkte\/\"},{\"@type\":\"ListItem\",\"position\":2,\"name\":\"Motor Control\",\"item\":\"https:\/\/www.gino-aka.com\/de\/produkte\/motor-control\/\"},{\"@type\":\"ListItem\",\"position\":3,\"name\":\"Kompakte Fl\u00fcssigkeitsanlasser ARL\/Vectrohm\"}]},{\"@type\":\"WebSite\",\"@id\":\"https:\/\/www.gino-aka.com\/de\/#website\",\"url\":\"https:\/\/www.gino-aka.com\/de\/\",\"name\":\"GINO AKA\",\"description\":\"GINO AKA SAS\",\"potentialAction\":[{\"@type\":\"SearchAction\",\"target\":{\"@type\":\"EntryPoint\",\"urlTemplate\":\"https:\/\/www.gino-aka.com\/de\/?s={search_term_string}\"},\"query-input\":\"required name=search_term_string\"}],\"inLanguage\":\"de\"}]}<\/script>\n<!-- \/ Yoast SEO plugin. -->","yoast_head_json":{"title":"Kompakte Fl\u00fcssigkeitsanlasser ARL\/Vectrohm - GINO AKA","robots":{"index":"index","follow":"follow","max-snippet":"max-snippet:-1","max-image-preview":"max-image-preview:large","max-video-preview":"max-video-preview:-1"},"canonical":"https:\/\/www.gino-aka.com\/de\/produkte\/motor-control\/kompakte-fluessigkeitsanlasser-arl-vectrohm\/","og_locale":"de_DE","og_type":"article","og_title":"Kompakte Fl\u00fcssigkeitsanlasser ARL\/Vectrohm - GINO AKA","og_description":"Das ARL-System wird vorwiegend f\u00fcr Motorleistungen bis zu 500kW eingesetzt. Die robuste Konstruktion garantiert hohe Betriebssicherheit und lange Lebensdauer. Dar\u00fcber hinaus garantiert die Einfachheit ein optimales Preis-Leistungs-Verh\u00e4ltnis und passt auch in das kleinste Budget. Besonders in Steinbr\u00fcchen und Brecheranlagen sind die ARL-Anlasser weltweit bekannt. Die ARL-Anlasser haben einen einfachen und robusten Aufbau, die auf einer [&hellip;]","og_url":"https:\/\/www.gino-aka.com\/de\/produkte\/motor-control\/kompakte-fluessigkeitsanlasser-arl-vectrohm\/","og_site_name":"GINO AKA","article_modified_time":"2022-01-21T15:25:37+00:00","og_image":[{"width":2560,"height":1709,"url":"https:\/\/www.gino-aka.com\/wp-content\/uploads\/2021\/09\/applications-2-scaled.jpg","type":"image\/jpeg"}],"twitter_card":"summary_large_image","twitter_misc":{"Gesch\u00e4tzte Lesezeit":"1\u00a0Minute"},"schema":{"@context":"https:\/\/schema.org","@graph":[{"@type":"WebPage","@id":"https:\/\/www.gino-aka.com\/de\/produkte\/motor-control\/kompakte-fluessigkeitsanlasser-arl-vectrohm\/","url":"https:\/\/www.gino-aka.com\/de\/produkte\/motor-control\/kompakte-fluessigkeitsanlasser-arl-vectrohm\/","name":"Kompakte Fl\u00fcssigkeitsanlasser ARL\/Vectrohm - GINO AKA","isPartOf":{"@id":"https:\/\/www.gino-aka.com\/de\/#website"},"primaryImageOfPage":{"@id":"https:\/\/www.gino-aka.com\/de\/produkte\/motor-control\/kompakte-fluessigkeitsanlasser-arl-vectrohm\/#primaryimage"},"image":{"@id":"https:\/\/www.gino-aka.com\/de\/produkte\/motor-control\/kompakte-fluessigkeitsanlasser-arl-vectrohm\/#primaryimage"},"thumbnailUrl":"https:\/\/www.gino-aka.com\/wp-content\/uploads\/2021\/09\/applications-2-scaled.jpg","datePublished":"2022-01-21T08:24:36+00:00","dateModified":"2022-01-21T15:25:37+00:00","breadcrumb":{"@id":"https:\/\/www.gino-aka.com\/de\/produkte\/motor-control\/kompakte-fluessigkeitsanlasser-arl-vectrohm\/#breadcrumb"},"inLanguage":"de","potentialAction":[{"@type":"ReadAction","target":["https:\/\/www.gino-aka.com\/de\/produkte\/motor-control\/kompakte-fluessigkeitsanlasser-arl-vectrohm\/"]}]},{"@type":"ImageObject","inLanguage":"de","@id":"https:\/\/www.gino-aka.com\/de\/produkte\/motor-control\/kompakte-fluessigkeitsanlasser-arl-vectrohm\/#primaryimage","url":"https:\/\/www.gino-aka.com\/wp-content\/uploads\/2021\/09\/applications-2-scaled.jpg","contentUrl":"https:\/\/www.gino-aka.com\/wp-content\/uploads\/2021\/09\/applications-2-scaled.jpg","width":2560,"height":1709},{"@type":"BreadcrumbList","@id":"https:\/\/www.gino-aka.com\/de\/produkte\/motor-control\/kompakte-fluessigkeitsanlasser-arl-vectrohm\/#breadcrumb","itemListElement":[{"@type":"ListItem","position":1,"name":"Produkte","item":"https:\/\/www.gino-aka.com\/de\/produkte\/"},{"@type":"ListItem","position":2,"name":"Motor Control","item":"https:\/\/www.gino-aka.com\/de\/produkte\/motor-control\/"},{"@type":"ListItem","position":3,"name":"Kompakte Fl\u00fcssigkeitsanlasser ARL\/Vectrohm"}]},{"@type":"WebSite","@id":"https:\/\/www.gino-aka.com\/de\/#website","url":"https:\/\/www.gino-aka.com\/de\/","name":"GINO AKA","description":"GINO AKA SAS","potentialAction":[{"@type":"SearchAction","target":{"@type":"EntryPoint","urlTemplate":"https:\/\/www.gino-aka.com\/de\/?s={search_term_string}"},"query-input":"required name=search_term_string"}],"inLanguage":"de"}]}},"_links":{"self":[{"href":"https:\/\/www.gino-aka.com\/de\/wp-json\/wp\/v2\/pages\/1864"}],"collection":[{"href":"https:\/\/www.gino-aka.com\/de\/wp-json\/wp\/v2\/pages"}],"about":[{"href":"https:\/\/www.gino-aka.com\/de\/wp-json\/wp\/v2\/types\/page"}],"author":[{"embeddable":true,"href":"https:\/\/www.gino-aka.com\/de\/wp-json\/wp\/v2\/users\/1"}],"replies":[{"embeddable":true,"href":"https:\/\/www.gino-aka.com\/de\/wp-json\/wp\/v2\/comments?post=1864"}],"version-history":[{"count":9,"href":"https:\/\/www.gino-aka.com\/de\/wp-json\/wp\/v2\/pages\/1864\/revisions"}],"predecessor-version":[{"id":1884,"href":"https:\/\/www.gino-aka.com\/de\/wp-json\/wp\/v2\/pages\/1864\/revisions\/1884"}],"up":[{"embeddable":true,"href":"https:\/\/www.gino-aka.com\/de\/wp-json\/wp\/v2\/pages\/1809"}],"wp:featuredmedia":[{"embeddable":true,"href":"https:\/\/www.gino-aka.com\/de\/wp-json\/wp\/v2\/media\/748"}],"wp:attachment":[{"href":"https:\/\/www.gino-aka.com\/de\/wp-json\/wp\/v2\/media?parent=1864"}],"curies":[{"name":"wp","href":"https:\/\/api.w.org\/{rel}","templated":true}]}}