{"id":1853,"date":"2022-01-19T23:53:48","date_gmt":"2022-01-19T23:53:48","guid":{"rendered":"https:\/\/www.gino-aka.com\/?page_id=1853"},"modified":"2022-01-21T15:58:36","modified_gmt":"2022-01-21T15:58:36","slug":"anwendungen","status":"publish","type":"page","link":"https:\/\/www.gino-aka.com\/de\/anwendungen\/","title":{"rendered":"Anwendungen"},"content":{"rendered":"<div id=\"pl-1853\"  class=\"panel-layout\" ><div id=\"pg-1853-0\"  class=\"panel-grid panel-no-style\" ><div id=\"pgc-1853-0-0\"  class=\"panel-grid-cell\" ><div id=\"panel-1853-0-0-0\" class=\"so-panel widget widget_sow-editor panel-first-child panel-last-child\" data-index=\"0\" ><div class=\"product height1 panel-widget-style panel-widget-style-for-1853-0-0-0\" ><div\n\t\t\t\n\t\t\tclass=\"so-widget-sow-editor so-widget-sow-editor-base\"\n\t\t\t\n\t\t><h3 class=\"widget-title\">Zement<\/h3>\n<div class=\"siteorigin-widget-tinymce textwidget\">\n\t<div class=\"siteorigin-widget-tinymce textwidget\">\n<div class=\"siteorigin-widget-tinymce textwidget\">\n<p><a href=\"https:\/\/www.gino-aka.com\/de\/produkte\/motor-control\/fluessigkeitsanlasser-ak-mak-sk\/\"><img loading=\"lazy\" decoding=\"async\" class=\"img-responsive aligncenter wp-image-1028 size-large\" src=\"https:\/\/www.gino-aka.com\/wp-content\/uploads\/2021\/10\/Ap_Cement-1024x640.jpg\" alt=\"\" width=\"1024\" height=\"640\" srcset=\"https:\/\/www.gino-aka.com\/wp-content\/uploads\/2021\/10\/Ap_Cement-1024x640.jpg 1024w, https:\/\/www.gino-aka.com\/wp-content\/uploads\/2021\/10\/Ap_Cement-300x188.jpg 300w, https:\/\/www.gino-aka.com\/wp-content\/uploads\/2021\/10\/Ap_Cement-768x480.jpg 768w, https:\/\/www.gino-aka.com\/wp-content\/uploads\/2021\/10\/Ap_Cement.jpg 1440w\" sizes=\"(max-width: 1024px) 100vw, 1024px\" \/><\/a><\/p>\n<p>F\u00fcr Kunden aus der Zementindustrie sind GINO-AKA Fl\u00fcssigkeitsanlasser die erste Wahl. Die Ger\u00e4te sind rauen Umgebungen ausgesetzt und m\u00fcssen langlebig, zuverl\u00e4ssig und kosteneffizient sein. Mit unserem AK Fl\u00fcssigkeitsanlasser haben wir einen Anlasser entwickelt, der all diese Anforderungen des Zementmarktes erf\u00fcllt.<\/p>\n<p><a href=\"https:\/\/www.gino-aka.com\/de\/produkte\/motor-control\/fluessigkeitsanlasser-ak-mak-sk\/\">Produkte \u00bb<\/a><\/p>\n<\/div>\n<\/div>\n<\/div>\n<\/div><\/div><\/div><\/div><div id=\"pgc-1853-0-1\"  class=\"panel-grid-cell\" ><div id=\"panel-1853-0-1-0\" class=\"so-panel widget widget_sow-editor panel-first-child panel-last-child\" data-index=\"1\" ><div class=\"product height1 panel-widget-style panel-widget-style-for-1853-0-1-0\" ><div\n\t\t\t\n\t\t\tclass=\"so-widget-sow-editor so-widget-sow-editor-base\"\n\t\t\t\n\t\t><h3 class=\"widget-title\">Flachglass<\/h3>\n<div class=\"siteorigin-widget-tinymce textwidget\">\n\t<div class=\"siteorigin-widget-tinymce textwidget\">\n<div class=\"siteorigin-widget-tinymce textwidget\">\n<p><a href=\"https:\/\/www.gino-aka.com\/de\/produkte\/power-control\/leistungsregler-akgrad32\/\"><img loading=\"lazy\" decoding=\"async\" class=\"img-responsive aligncenter wp-image-1031 size-large\" src=\"https:\/\/www.gino-aka.com\/wp-content\/uploads\/2021\/10\/AP_Floatglas-1024x640.jpg\" alt=\"\" width=\"1024\" height=\"640\" srcset=\"https:\/\/www.gino-aka.com\/wp-content\/uploads\/2021\/10\/AP_Floatglas-1024x640.jpg 1024w, https:\/\/www.gino-aka.com\/wp-content\/uploads\/2021\/10\/AP_Floatglas-300x188.jpg 300w, https:\/\/www.gino-aka.com\/wp-content\/uploads\/2021\/10\/AP_Floatglas-768x480.jpg 768w, https:\/\/www.gino-aka.com\/wp-content\/uploads\/2021\/10\/AP_Floatglas.jpg 1440w\" sizes=\"(max-width: 1024px) 100vw, 1024px\" \/><\/a><\/p>\n<p>Bei der Herstellung von Flachglass wird der GINO-AKA AKGRAD32 Leistungsregler f\u00fcr pr\u00e4zise elektrische Heizprozesse eingesetzt. Durch den Einsatz des AKGrad32 Leistungsreglers werden die Kohlenstoffemissionen und der Energieverbrauch der Glas\u00f6fen deutlich reduziert.<\/p>\n<p><a href=\"https:\/\/www.gino-aka.com\/de\/produkte\/power-control\/leistungsregler-akgrad32\/\">Produkte \u00bb<\/a><\/p>\n<\/div>\n<\/div>\n<\/div>\n<\/div><\/div><\/div><\/div><\/div><div id=\"pg-1853-1\"  class=\"panel-grid panel-no-style\" ><div id=\"pgc-1853-1-0\"  class=\"panel-grid-cell\" ><div id=\"panel-1853-1-0-0\" class=\"so-panel widget widget_sow-editor panel-first-child panel-last-child\" data-index=\"2\" ><div class=\"product height panel-widget-style panel-widget-style-for-1853-1-0-0\" ><div\n\t\t\t\n\t\t\tclass=\"so-widget-sow-editor so-widget-sow-editor-base\"\n\t\t\t\n\t\t><h3 class=\"widget-title\">Mining<\/h3>\n<div class=\"siteorigin-widget-tinymce textwidget\">\n\t<div class=\"siteorigin-widget-tinymce textwidget\">\n<div class=\"siteorigin-widget-tinymce textwidget\">\n<p><a href=\"https:\/\/www.gino-aka.com\/de\/produkte\/motor-control\/fluessigkeitsanlasser-ak-mak-sk\/\"><img loading=\"lazy\" decoding=\"async\" class=\"img-responsive aligncenter wp-image-1037 size-large\" src=\"https:\/\/www.gino-aka.com\/wp-content\/uploads\/2021\/10\/Ap_Mining-1024x640.jpg\" alt=\"\" width=\"1024\" height=\"640\" srcset=\"https:\/\/www.gino-aka.com\/wp-content\/uploads\/2021\/10\/Ap_Mining-1024x640.jpg 1024w, https:\/\/www.gino-aka.com\/wp-content\/uploads\/2021\/10\/Ap_Mining-300x188.jpg 300w, https:\/\/www.gino-aka.com\/wp-content\/uploads\/2021\/10\/Ap_Mining-768x480.jpg 768w, https:\/\/www.gino-aka.com\/wp-content\/uploads\/2021\/10\/Ap_Mining.jpg 1440w\" sizes=\"(max-width: 1024px) 100vw, 1024px\" \/><\/a><\/p>\n<p>In der Bergbauindustrie m\u00fcssen Fl\u00fcssigkeitsanlasser besondere Anforderungen erf\u00fcllen. Gro\u00dfe Anwendungen mit bis zu 20MW Leistung sind keine Seltenheit in Gold-, Kupfer-, Zink- oder Bauxitbetrieben. Mit den MAK-Startern bietet GINO-AKA einen speziell entwickelten Anlasser, der die hohen Leistungserwartungen der Kunden erf\u00fcllt.<\/p>\n<p><a href=\"https:\/\/www.gino-aka.com\/de\/produkte\/motor-control\/fluessigkeitsanlasser-ak-mak-sk\/\">Produkte \u00bb<\/a><\/p>\n<\/div>\n<\/div>\n<\/div>\n<\/div><\/div><\/div><\/div><div id=\"pgc-1853-1-1\"  class=\"panel-grid-cell\" ><div id=\"panel-1853-1-1-0\" class=\"so-panel widget widget_sow-editor panel-first-child panel-last-child\" data-index=\"3\" ><div class=\"product height panel-widget-style panel-widget-style-for-1853-1-1-0\" ><div\n\t\t\t\n\t\t\tclass=\"so-widget-sow-editor so-widget-sow-editor-base\"\n\t\t\t\n\t\t><h3 class=\"widget-title\">Industrielles Beheizen<\/h3>\n<div class=\"siteorigin-widget-tinymce textwidget\">\n\t<div class=\"siteorigin-widget-tinymce textwidget\">\n<div class=\"siteorigin-widget-tinymce textwidget\">\n<p><a href=\"https:\/\/www.gino-aka.com\/de\/produkte\/power-control\/\"><img loading=\"lazy\" decoding=\"async\" class=\"img-responsive aligncenter wp-image-1034 size-large\" src=\"https:\/\/www.gino-aka.com\/wp-content\/uploads\/2021\/10\/Ap_IndustrialHeating-1024x640.jpg\" alt=\"\" width=\"1024\" height=\"640\" srcset=\"https:\/\/www.gino-aka.com\/wp-content\/uploads\/2021\/10\/Ap_IndustrialHeating-1024x640.jpg 1024w, https:\/\/www.gino-aka.com\/wp-content\/uploads\/2021\/10\/Ap_IndustrialHeating-300x188.jpg 300w, https:\/\/www.gino-aka.com\/wp-content\/uploads\/2021\/10\/Ap_IndustrialHeating-768x480.jpg 768w, https:\/\/www.gino-aka.com\/wp-content\/uploads\/2021\/10\/Ap_IndustrialHeating.jpg 1440w\" sizes=\"(max-width: 1024px) 100vw, 1024px\" \/><\/a><\/p>\n<p>Moderne Heizungsprozesse verlagern sich von Gas- oder Verbrennungs\u00f6fen hin zu elektrischen Modellen, was sowohl \u00f6kologische als auch wirtschaftliche Vorteile hat. Zur pr\u00e4zisen Steuerung von elektrischen Heizprozessen im industriellen Umfeld bieten wir individuelle Leistungsregler auf Thyristorbasis an.<\/p>\n<p><a href=\"https:\/\/www.gino-aka.com\/de\/produkte\/power-control\/\">Produkte \u00bb<\/a><\/p>\n<\/div>\n<\/div>\n<\/div>\n<\/div><\/div><\/div><\/div><\/div><div id=\"pg-1853-2\"  class=\"panel-grid panel-no-style\" ><div id=\"pgc-1853-2-0\"  class=\"panel-grid-cell\" ><div id=\"panel-1853-2-0-0\" class=\"so-panel widget widget_sow-editor panel-first-child panel-last-child\" data-index=\"4\" ><div class=\"product height2 panel-widget-style panel-widget-style-for-1853-2-0-0\" ><div\n\t\t\t\n\t\t\tclass=\"so-widget-sow-editor so-widget-sow-editor-base\"\n\t\t\t\n\t\t><h3 class=\"widget-title\">Zuckerindustrie<\/h3>\n<div class=\"siteorigin-widget-tinymce textwidget\">\n\t<div class=\"siteorigin-widget-tinymce textwidget\">\n<div class=\"siteorigin-widget-tinymce textwidget\">\n<p><a href=\"https:\/\/www.gino-aka.com\/de\/produkte\/motor-control\/schlupfwiderstaende\/\"><img loading=\"lazy\" decoding=\"async\" class=\"img-responsive aligncenter wp-image-1046 size-large\" src=\"https:\/\/www.gino-aka.com\/wp-content\/uploads\/2021\/10\/Ap_Sugar-1024x640.jpg\" alt=\"\" width=\"1024\" height=\"640\" srcset=\"https:\/\/www.gino-aka.com\/wp-content\/uploads\/2021\/10\/Ap_Sugar-1024x640.jpg 1024w, https:\/\/www.gino-aka.com\/wp-content\/uploads\/2021\/10\/Ap_Sugar-300x188.jpg 300w, https:\/\/www.gino-aka.com\/wp-content\/uploads\/2021\/10\/Ap_Sugar-768x480.jpg 768w, https:\/\/www.gino-aka.com\/wp-content\/uploads\/2021\/10\/Ap_Sugar.jpg 1440w\" sizes=\"(max-width: 1024px) 100vw, 1024px\" \/><\/a><\/p>\n<p>F\u00fcr die Zuckerherstellung liefert GINO-AKA Fl\u00fcssigkeitsanlasser und Schlupfwiderst\u00e4nde f\u00fcr Schredder. Abh\u00e4ngig von den zu zerkleinernden Materialien gibt es spezielle Anforderungen an die Anlasser und Schlupfwiderst\u00e4nde. GINO-AKA entwickelt spezielle L\u00f6sungen, um den Anforderungen dieser Industrie gerecht zu werden.<\/p>\n<p><a href=\"https:\/\/www.gino-aka.com\/de\/produkte\/motor-control\/schlupfwiderstaende\/\">Produkte \u00bb<\/a><\/p>\n<\/div>\n<\/div>\n<\/div>\n<\/div><\/div><\/div><\/div><div id=\"pgc-1853-2-1\"  class=\"panel-grid-cell\" ><div id=\"panel-1853-2-1-0\" class=\"so-panel widget widget_sow-editor panel-first-child panel-last-child\" data-index=\"5\" ><div class=\"product height2 panel-widget-style panel-widget-style-for-1853-2-1-0\" ><div\n\t\t\t\n\t\t\tclass=\"so-widget-sow-editor so-widget-sow-editor-base\"\n\t\t\t\n\t\t><h3 class=\"widget-title\">Stahlindustrie<\/h3>\n<div class=\"siteorigin-widget-tinymce textwidget\">\n\t<div class=\"siteorigin-widget-tinymce textwidget\">\n<div class=\"siteorigin-widget-tinymce textwidget\">\n<p><a href=\"https:\/\/www.gino-aka.com\/de\/produkte\/power-control\/\"><img loading=\"lazy\" decoding=\"async\" class=\"img-responsive aligncenter wp-image-1043 size-large\" src=\"https:\/\/www.gino-aka.com\/wp-content\/uploads\/2021\/10\/Ap_Steel-1024x640.jpg\" alt=\"\" width=\"1024\" height=\"640\" srcset=\"https:\/\/www.gino-aka.com\/wp-content\/uploads\/2021\/10\/Ap_Steel-1024x640.jpg 1024w, https:\/\/www.gino-aka.com\/wp-content\/uploads\/2021\/10\/Ap_Steel-300x188.jpg 300w, https:\/\/www.gino-aka.com\/wp-content\/uploads\/2021\/10\/Ap_Steel-768x480.jpg 768w, https:\/\/www.gino-aka.com\/wp-content\/uploads\/2021\/10\/Ap_Steel.jpg 1440w\" sizes=\"(max-width: 1024px) 100vw, 1024px\" \/><\/a><\/p>\n<p>Die Stahlerzeugung verbraucht viel Energie. Einige Stahl\u00f6fen k\u00f6nnen elektrisch betrieben werden. Bei elektrischen Stahl\u00f6fen k\u00f6nnen Hochstrom-Leistungsregler zur W\u00e4rmeregulierung und zur Senkung des Gesamtenergieverbrauchs eingesetzt werden.<\/p>\n<p><a href=\"https:\/\/www.gino-aka.com\/de\/produkte\/power-control\/\">Produkte \u00bb<\/a><\/p>\n<\/div>\n<\/div>\n<\/div>\n<\/div><\/div><\/div><\/div><\/div><div id=\"pg-1853-3\"  class=\"panel-grid panel-no-style\" ><div id=\"pgc-1853-3-0\"  class=\"panel-grid-cell\" ><div id=\"panel-1853-3-0-0\" class=\"so-panel widget widget_sow-editor panel-first-child panel-last-child\" data-index=\"6\" ><div class=\"product height3 panel-widget-style panel-widget-style-for-1853-3-0-0\" ><div\n\t\t\t\n\t\t\tclass=\"so-widget-sow-editor so-widget-sow-editor-base\"\n\t\t\t\n\t\t><h3 class=\"widget-title\">Steinbruch<\/h3>\n<div class=\"siteorigin-widget-tinymce textwidget\">\n\t<div class=\"siteorigin-widget-tinymce textwidget\">\n<div class=\"siteorigin-widget-tinymce textwidget\">\n<p><a href=\"https:\/\/www.gino-aka.com\/de\/produkte\/motor-control\/kompakte-fluessigkeitsanlasser-arl-vectrohm\/\"><img loading=\"lazy\" decoding=\"async\" class=\"img-responsive aligncenter wp-image-1040 size-large\" src=\"https:\/\/www.gino-aka.com\/wp-content\/uploads\/2021\/10\/Ap_Quarries-1024x640.jpg\" alt=\"\" width=\"1024\" height=\"640\" srcset=\"https:\/\/www.gino-aka.com\/wp-content\/uploads\/2021\/10\/Ap_Quarries-1024x640.jpg 1024w, https:\/\/www.gino-aka.com\/wp-content\/uploads\/2021\/10\/Ap_Quarries-300x188.jpg 300w, https:\/\/www.gino-aka.com\/wp-content\/uploads\/2021\/10\/Ap_Quarries-768x480.jpg 768w, https:\/\/www.gino-aka.com\/wp-content\/uploads\/2021\/10\/Ap_Quarries.jpg 1440w\" sizes=\"(max-width: 1024px) 100vw, 1024px\" \/><\/a><\/p>\n<p>GINO-AKA Fl\u00fcssigkeitsanlasser werden in Steinbr\u00fcchen zum Brechen von Kalkstein oder anderen Baumaterialien eingesetzt. Die Brecher ben\u00f6tigen ein hohes Drehmoment und eine zuverl\u00e4ssige, leistungsstarke Technik. GINO-AKA bietet die zuverl\u00e4ssigen ARL- und Vectrohm-Anlasser mit vorteilhaften Preisen f\u00fcr Motorleistungen bis zu 500 kW.<\/p>\n<p><a href=\"https:\/\/www.gino-aka.com\/de\/produkte\/motor-control\/kompakte-fluessigkeitsanlasser-arl-vectrohm\/\">Produkte \u00bb<\/a><\/p>\n<\/div>\n<\/div>\n<\/div>\n<\/div><\/div><\/div><\/div><div id=\"pgc-1853-3-1\"  class=\"panel-grid-cell\" ><div id=\"panel-1853-3-1-0\" class=\"so-panel widget widget_sow-editor panel-first-child panel-last-child\" data-index=\"7\" ><div class=\"product height3 panel-widget-style panel-widget-style-for-1853-3-1-0\" ><div\n\t\t\t\n\t\t\tclass=\"so-widget-sow-editor so-widget-sow-editor-base\"\n\t\t\t\n\t\t><h3 class=\"widget-title\">Automobilindustrie<\/h3>\n<div class=\"siteorigin-widget-tinymce textwidget\">\n\t<div class=\"siteorigin-widget-tinymce textwidget\">\n<div class=\"siteorigin-widget-tinymce textwidget\">\n<p><a href=\"https:\/\/www.gino-aka.com\/de\/produkte\/power-control\/\"><img loading=\"lazy\" decoding=\"async\" class=\"img-responsive aligncenter wp-image-1025 size-large\" src=\"https:\/\/www.gino-aka.com\/wp-content\/uploads\/2021\/10\/Ap_Automotive-1024x640.jpg\" alt=\"\" width=\"1024\" height=\"640\" srcset=\"https:\/\/www.gino-aka.com\/wp-content\/uploads\/2021\/10\/Ap_Automotive-1024x640.jpg 1024w, https:\/\/www.gino-aka.com\/wp-content\/uploads\/2021\/10\/Ap_Automotive-300x188.jpg 300w, https:\/\/www.gino-aka.com\/wp-content\/uploads\/2021\/10\/Ap_Automotive-768x480.jpg 768w, https:\/\/www.gino-aka.com\/wp-content\/uploads\/2021\/10\/Ap_Automotive.jpg 1440w\" sizes=\"(max-width: 1024px) 100vw, 1024px\" \/><\/a><\/p>\n<p>Bei der Herstellung von Automobilen ist in einigen Schritten der Produktionslinie eine sehr pr\u00e4zise W\u00e4rmebehandlung erforderlich. Dies gilt zum Beispiel f\u00fcr die Lackbehandlung. F\u00fcr diese Anwendungen bieten wir pr\u00e4zise W\u00e4rmezonenregler mit geringer Leistung an.<\/p>\n<p><a href=\"https:\/\/www.gino-aka.com\/de\/produkte\/power-control\/\">Produkte \u00bb<\/a><\/p>\n<\/div>\n<\/div>\n<\/div>\n<\/div><\/div><\/div><\/div><\/div><\/div>","protected":false},"excerpt":{"rendered":"<p>F\u00fcr Kunden aus der Zementindustrie sind GINO-AKA Fl\u00fcssigkeitsanlasser die erste Wahl. Die Ger\u00e4te sind rauen Umgebungen ausgesetzt und m\u00fcssen langlebig, zuverl\u00e4ssig und kosteneffizient sein. Mit unserem AK Fl\u00fcssigkeitsanlasser haben wir einen Anlasser entwickelt, der all diese Anforderungen des Zementmarktes erf\u00fcllt. Produkte \u00bb Bei der Herstellung von Flachglass wird der GINO-AKA AKGRAD32 Leistungsregler f\u00fcr pr\u00e4zise elektrische [&hellip;]<\/p>\n","protected":false},"author":1,"featured_media":1039,"parent":0,"menu_order":5,"comment_status":"closed","ping_status":"closed","template":"","meta":{"_acf_changed":false,"footnotes":""},"acf":[],"yoast_head":"<!-- This site is optimized with the Yoast SEO plugin v22.2 - https:\/\/yoast.com\/wordpress\/plugins\/seo\/ -->\n<title>Anwendungen - GINO AKA<\/title>\n<meta name=\"robots\" content=\"index, follow, max-snippet:-1, max-image-preview:large, max-video-preview:-1\" \/>\n<link rel=\"canonical\" href=\"https:\/\/www.gino-aka.com\/de\/anwendungen\/\" \/>\n<meta property=\"og:locale\" content=\"de_DE\" \/>\n<meta property=\"og:type\" content=\"article\" \/>\n<meta property=\"og:title\" content=\"Anwendungen - GINO AKA\" \/>\n<meta property=\"og:description\" content=\"F\u00fcr Kunden aus der Zementindustrie sind GINO-AKA Fl\u00fcssigkeitsanlasser die erste Wahl. Die Ger\u00e4te sind rauen Umgebungen ausgesetzt und m\u00fcssen langlebig, zuverl\u00e4ssig und kosteneffizient sein. Mit unserem AK Fl\u00fcssigkeitsanlasser haben wir einen Anlasser entwickelt, der all diese Anforderungen des Zementmarktes erf\u00fcllt. Produkte \u00bb Bei der Herstellung von Flachglass wird der GINO-AKA AKGRAD32 Leistungsregler f\u00fcr pr\u00e4zise elektrische [&hellip;]\" \/>\n<meta property=\"og:url\" content=\"https:\/\/www.gino-aka.com\/de\/anwendungen\/\" \/>\n<meta property=\"og:site_name\" content=\"GINO AKA\" \/>\n<meta property=\"article:modified_time\" content=\"2022-01-21T15:58:36+00:00\" \/>\n<meta property=\"og:image\" content=\"https:\/\/www.gino-aka.com\/wp-content\/uploads\/2021\/10\/Ap_Mining.jpg\" \/>\n\t<meta property=\"og:image:width\" content=\"1440\" \/>\n\t<meta property=\"og:image:height\" content=\"900\" \/>\n\t<meta property=\"og:image:type\" content=\"image\/jpeg\" \/>\n<meta name=\"twitter:card\" content=\"summary_large_image\" \/>\n<meta name=\"twitter:label1\" content=\"Gesch\u00e4tzte Lesezeit\" \/>\n\t<meta name=\"twitter:data1\" content=\"2\u00a0Minuten\" \/>\n<script type=\"application\/ld+json\" class=\"yoast-schema-graph\">{\"@context\":\"https:\/\/schema.org\",\"@graph\":[{\"@type\":\"WebPage\",\"@id\":\"https:\/\/www.gino-aka.com\/de\/anwendungen\/\",\"url\":\"https:\/\/www.gino-aka.com\/de\/anwendungen\/\",\"name\":\"Anwendungen - GINO AKA\",\"isPartOf\":{\"@id\":\"https:\/\/www.gino-aka.com\/de\/#website\"},\"primaryImageOfPage\":{\"@id\":\"https:\/\/www.gino-aka.com\/de\/anwendungen\/#primaryimage\"},\"image\":{\"@id\":\"https:\/\/www.gino-aka.com\/de\/anwendungen\/#primaryimage\"},\"thumbnailUrl\":\"https:\/\/www.gino-aka.com\/wp-content\/uploads\/2021\/10\/Ap_Mining.jpg\",\"datePublished\":\"2022-01-19T23:53:48+00:00\",\"dateModified\":\"2022-01-21T15:58:36+00:00\",\"inLanguage\":\"de\",\"potentialAction\":[{\"@type\":\"ReadAction\",\"target\":[\"https:\/\/www.gino-aka.com\/de\/anwendungen\/\"]}]},{\"@type\":\"ImageObject\",\"inLanguage\":\"de\",\"@id\":\"https:\/\/www.gino-aka.com\/de\/anwendungen\/#primaryimage\",\"url\":\"https:\/\/www.gino-aka.com\/wp-content\/uploads\/2021\/10\/Ap_Mining.jpg\",\"contentUrl\":\"https:\/\/www.gino-aka.com\/wp-content\/uploads\/2021\/10\/Ap_Mining.jpg\",\"width\":1440,\"height\":900},{\"@type\":\"WebSite\",\"@id\":\"https:\/\/www.gino-aka.com\/de\/#website\",\"url\":\"https:\/\/www.gino-aka.com\/de\/\",\"name\":\"GINO AKA\",\"description\":\"GINO AKA SAS\",\"potentialAction\":[{\"@type\":\"SearchAction\",\"target\":{\"@type\":\"EntryPoint\",\"urlTemplate\":\"https:\/\/www.gino-aka.com\/de\/?s={search_term_string}\"},\"query-input\":\"required name=search_term_string\"}],\"inLanguage\":\"de\"}]}<\/script>\n<!-- \/ Yoast SEO plugin. -->","yoast_head_json":{"title":"Anwendungen - GINO AKA","robots":{"index":"index","follow":"follow","max-snippet":"max-snippet:-1","max-image-preview":"max-image-preview:large","max-video-preview":"max-video-preview:-1"},"canonical":"https:\/\/www.gino-aka.com\/de\/anwendungen\/","og_locale":"de_DE","og_type":"article","og_title":"Anwendungen - GINO AKA","og_description":"F\u00fcr Kunden aus der Zementindustrie sind GINO-AKA Fl\u00fcssigkeitsanlasser die erste Wahl. Die Ger\u00e4te sind rauen Umgebungen ausgesetzt und m\u00fcssen langlebig, zuverl\u00e4ssig und kosteneffizient sein. Mit unserem AK Fl\u00fcssigkeitsanlasser haben wir einen Anlasser entwickelt, der all diese Anforderungen des Zementmarktes erf\u00fcllt. Produkte \u00bb Bei der Herstellung von Flachglass wird der GINO-AKA AKGRAD32 Leistungsregler f\u00fcr pr\u00e4zise elektrische [&hellip;]","og_url":"https:\/\/www.gino-aka.com\/de\/anwendungen\/","og_site_name":"GINO AKA","article_modified_time":"2022-01-21T15:58:36+00:00","og_image":[{"width":1440,"height":900,"url":"https:\/\/www.gino-aka.com\/wp-content\/uploads\/2021\/10\/Ap_Mining.jpg","type":"image\/jpeg"}],"twitter_card":"summary_large_image","twitter_misc":{"Gesch\u00e4tzte Lesezeit":"2\u00a0Minuten"},"schema":{"@context":"https:\/\/schema.org","@graph":[{"@type":"WebPage","@id":"https:\/\/www.gino-aka.com\/de\/anwendungen\/","url":"https:\/\/www.gino-aka.com\/de\/anwendungen\/","name":"Anwendungen - GINO AKA","isPartOf":{"@id":"https:\/\/www.gino-aka.com\/de\/#website"},"primaryImageOfPage":{"@id":"https:\/\/www.gino-aka.com\/de\/anwendungen\/#primaryimage"},"image":{"@id":"https:\/\/www.gino-aka.com\/de\/anwendungen\/#primaryimage"},"thumbnailUrl":"https:\/\/www.gino-aka.com\/wp-content\/uploads\/2021\/10\/Ap_Mining.jpg","datePublished":"2022-01-19T23:53:48+00:00","dateModified":"2022-01-21T15:58:36+00:00","inLanguage":"de","potentialAction":[{"@type":"ReadAction","target":["https:\/\/www.gino-aka.com\/de\/anwendungen\/"]}]},{"@type":"ImageObject","inLanguage":"de","@id":"https:\/\/www.gino-aka.com\/de\/anwendungen\/#primaryimage","url":"https:\/\/www.gino-aka.com\/wp-content\/uploads\/2021\/10\/Ap_Mining.jpg","contentUrl":"https:\/\/www.gino-aka.com\/wp-content\/uploads\/2021\/10\/Ap_Mining.jpg","width":1440,"height":900},{"@type":"WebSite","@id":"https:\/\/www.gino-aka.com\/de\/#website","url":"https:\/\/www.gino-aka.com\/de\/","name":"GINO AKA","description":"GINO AKA SAS","potentialAction":[{"@type":"SearchAction","target":{"@type":"EntryPoint","urlTemplate":"https:\/\/www.gino-aka.com\/de\/?s={search_term_string}"},"query-input":"required name=search_term_string"}],"inLanguage":"de"}]}},"_links":{"self":[{"href":"https:\/\/www.gino-aka.com\/de\/wp-json\/wp\/v2\/pages\/1853"}],"collection":[{"href":"https:\/\/www.gino-aka.com\/de\/wp-json\/wp\/v2\/pages"}],"about":[{"href":"https:\/\/www.gino-aka.com\/de\/wp-json\/wp\/v2\/types\/page"}],"author":[{"embeddable":true,"href":"https:\/\/www.gino-aka.com\/de\/wp-json\/wp\/v2\/users\/1"}],"replies":[{"embeddable":true,"href":"https:\/\/www.gino-aka.com\/de\/wp-json\/wp\/v2\/comments?post=1853"}],"version-history":[{"count":5,"href":"https:\/\/www.gino-aka.com\/de\/wp-json\/wp\/v2\/pages\/1853\/revisions"}],"predecessor-version":[{"id":2030,"href":"https:\/\/www.gino-aka.com\/de\/wp-json\/wp\/v2\/pages\/1853\/revisions\/2030"}],"wp:featuredmedia":[{"embeddable":true,"href":"https:\/\/www.gino-aka.com\/de\/wp-json\/wp\/v2\/media\/1039"}],"wp:attachment":[{"href":"https:\/\/www.gino-aka.com\/de\/wp-json\/wp\/v2\/media?parent=1853"}],"curies":[{"name":"wp","href":"https:\/\/api.w.org\/{rel}","templated":true}]}}