{"id":1811,"date":"2022-01-19T21:54:15","date_gmt":"2022-01-19T21:54:15","guid":{"rendered":"https:\/\/www.gino-aka.com\/?page_id=1811"},"modified":"2024-01-30T16:49:47","modified_gmt":"2024-01-30T16:49:47","slug":"fluessigkeitsanlasser-ak-mak-sk","status":"publish","type":"page","link":"https:\/\/www.gino-aka.com\/de\/produkte\/motor-control\/fluessigkeitsanlasser-ak-mak-sk\/","title":{"rendered":"Fl\u00fcssigkeitsanlasser AK\/MAK\/SK"},"content":{"rendered":"<div id=\"pl-1811\"  class=\"panel-layout\" ><div id=\"pg-1811-0\"  class=\"panel-grid panel-no-style\" ><div id=\"pgc-1811-0-0\"  class=\"panel-grid-cell\" ><div id=\"panel-1811-0-0-0\" class=\"so-panel widget widget_sow-editor panel-first-child\" data-index=\"0\" ><div\n\t\t\t\n\t\t\tclass=\"so-widget-sow-editor so-widget-sow-editor-base\"\n\t\t\t\n\t\t><h3 class=\"widget-title\">Fl\u00fcssigkeitsanlasser Typen AK, MAK und SK<\/h3>\n<div class=\"siteorigin-widget-tinymce textwidget\">\n\t<div class=\"siteorigin-widget-tinymce textwidget\">\n<p>GINO-AKA bietet einzigartige Anlasserl\u00f6sungen, ausgew\u00e4hlt nach den spezifischen Anforderungen der Kunden und der Anwendung. F\u00fcr Zementm\u00fchlen und Standardanwendungen bietet die AK-Serie solide Leistung zu einem wettbewerbsf\u00e4higen Preis. F\u00fcr gr\u00f6\u00dfere Maschinen, die typischerweise im Bergbau und Mining eingesetzt werden, wie z. B. Kugel- und SAG-M\u00fchlen, bieten wir die MAK-Baureihe mit zus\u00e4tzlichen Merkmalen an, um ein h\u00f6heres Leistungsniveau zu erreichen. Um das Portfolio der stufenlosen Fl\u00fcssigkeitsanlasser mit beweglichen Elektroden zu vervollst\u00e4ndigen, hat GINO-AKA k\u00fcrzlich die SK-Serie entwickelt, die speziell f\u00fcr kleinere Motoren von 500 kW bis 2000 kW ausgelegt ist.<\/p>\n<\/div>\n<\/div>\n<\/div><\/div><div id=\"panel-1811-0-0-1\" class=\"so-panel widget widget_sow-slider\" data-index=\"1\" ><div\n\t\t\t\n\t\t\tclass=\"so-widget-sow-slider so-widget-sow-slider-default-6d39609536fd-1811\"\n\t\t\t\n\t\t>\t\t\t\t<div class=\"sow-slider-base\" style=\"display: none\" tabindex=\"0\">\n\t\t\t\t\t<ul\n\t\t\t\t\tclass=\"sow-slider-images\"\n\t\t\t\t\tdata-settings=\"{&quot;pagination&quot;:true,&quot;speed&quot;:800,&quot;timeout&quot;:6000,&quot;paused&quot;:false,&quot;pause_on_hover&quot;:false,&quot;swipe&quot;:true,&quot;nav_always_show_desktop&quot;:&quot;&quot;,&quot;nav_always_show_mobile&quot;:&quot;&quot;,&quot;breakpoint&quot;:&quot;780px&quot;,&quot;unmute&quot;:false,&quot;anchor&quot;:null}\"\n\t\t\t\t\t\t\t\t\t\tdata-anchor-id=\"\"\n\t\t\t\t>\t\t<li class=\"sow-slider-image\" style=\"visibility: visible;\" >\n\t\t\t\t\t\t<img loading=\"lazy\" decoding=\"async\" width=\"1459\" height=\"1216\" src=\"https:\/\/www.gino-aka.com\/wp-content\/uploads\/2021\/09\/DSC_0132edit-2021-05-17-18_25_24-scaled-e1630508143664.jpg\" class=\"sow-slider-background-image\" alt=\"\" style=\"\" srcset=\"https:\/\/www.gino-aka.com\/wp-content\/uploads\/2021\/09\/DSC_0132edit-2021-05-17-18_25_24-scaled-e1630508143664.jpg 1459w, https:\/\/www.gino-aka.com\/wp-content\/uploads\/2021\/09\/DSC_0132edit-2021-05-17-18_25_24-scaled-e1630508143664-300x250.jpg 300w, https:\/\/www.gino-aka.com\/wp-content\/uploads\/2021\/09\/DSC_0132edit-2021-05-17-18_25_24-scaled-e1630508143664-1024x853.jpg 1024w, https:\/\/www.gino-aka.com\/wp-content\/uploads\/2021\/09\/DSC_0132edit-2021-05-17-18_25_24-scaled-e1630508143664-768x640.jpg 768w\" sizes=\"(max-width: 1459px) 100vw, 1459px\" \/>\t\t<\/li>\n\t\t<\/ul>\t\t\t\t<ol class=\"sow-slider-pagination\">\n\t\t\t\t\t\t\t\t\t\t\t<li><a href=\"#\" data-goto=\"0\" aria-label=\"display slide 1\"><\/a><\/li>\n\t\t\t\t\t\t\t\t\t<\/ol>\n\n\t\t\t\t<div class=\"sow-slide-nav sow-slide-nav-next\">\n\t\t\t\t\t<a href=\"#\" data-goto=\"next\" aria-label=\"next slide\" data-action=\"next\">\n\t\t\t\t\t\t<em class=\"sow-sld-icon-thin-right\"><\/em>\n\t\t\t\t\t<\/a>\n\t\t\t\t<\/div>\n\n\t\t\t\t<div class=\"sow-slide-nav sow-slide-nav-prev\">\n\t\t\t\t\t<a href=\"#\" data-goto=\"previous\" aria-label=\"previous slide\" data-action=\"prev\">\n\t\t\t\t\t\t<em class=\"sow-sld-icon-thin-left\"><\/em>\n\t\t\t\t\t<\/a>\n\t\t\t\t<\/div>\n\t\t\t\t<\/div><\/div><\/div><div id=\"panel-1811-0-0-2\" class=\"so-panel widget widget_sow-editor\" data-index=\"2\" ><div\n\t\t\t\n\t\t\tclass=\"so-widget-sow-editor so-widget-sow-editor-base\"\n\t\t\t\n\t\t><h3 class=\"widget-title\">Vorteile der GINO-AKA Anlasser-Technologie<\/h3>\n<div class=\"siteorigin-widget-tinymce textwidget\">\n\t<div class=\"siteorigin-widget-tinymce textwidget\">\n<p>GINO-AKA Fl\u00fcssigkeitsanlasser sind einzigartig in Design und Leistung. Das Herzst\u00fcck des Starters ist das Elektrodensystem. GINO-AKA zeichnet sich durch die dreieckige Elektrodenanordnung aus, die eine symmetrische W\u00e4rmeverteilung innerhalb der drei Phasen der Schleifringl\u00e4ufermotoren gew\u00e4hrleistet. Der lange Elektrodenweg garantiert ein sanftes Anlaufverhalten mit einem hohen Widerstandsverh\u00e4ltnis (Turndown-Ratio). Um eine m\u00f6glichst lange Lebensdauer der Anlasser zu gew\u00e4hrleisten, befinden sich alle Durchf\u00fchrungen \u00fcber dem Wasserspiegel, um das Risiko von Undichtigkeiten und Korrosion auszuschlie\u00dfen.<\/p>\n<\/div>\n<\/div>\n<\/div><\/div><div id=\"panel-1811-0-0-3\" class=\"so-panel widget widget_sow-image\" data-index=\"3\" ><div\n\t\t\t\n\t\t\tclass=\"so-widget-sow-image so-widget-sow-image-default-8b5b6f678277-1811\"\n\t\t\t\n\t\t>\n\n<div class=\"sow-image-container\">\n\t\t<img loading=\"lazy\" decoding=\"async\" src=\"https:\/\/www.gino-aka.com\/wp-content\/uploads\/2024\/01\/LRS-parts-DEU.png\" width=\"1363\" height=\"724\" srcset=\"https:\/\/www.gino-aka.com\/wp-content\/uploads\/2024\/01\/LRS-parts-DEU.png 1363w, https:\/\/www.gino-aka.com\/wp-content\/uploads\/2024\/01\/LRS-parts-DEU-300x159.png 300w, https:\/\/www.gino-aka.com\/wp-content\/uploads\/2024\/01\/LRS-parts-DEU-1024x544.png 1024w, https:\/\/www.gino-aka.com\/wp-content\/uploads\/2024\/01\/LRS-parts-DEU-768x408.png 768w\" sizes=\"(max-width: 1363px) 100vw, 1363px\" title=\"LRS parts DEU\" alt=\"\" \t\tclass=\"so-widget-image\"\/>\n\t<\/div>\n\n<\/div><\/div><div id=\"panel-1811-0-0-4\" class=\"so-panel widget widget_sow-image panel-last-child\" data-index=\"4\" ><div\n\t\t\t\n\t\t\tclass=\"so-widget-sow-image so-widget-sow-image-default-8b5b6f678277-1811\"\n\t\t\t\n\t\t>\n\n<div class=\"sow-image-container\">\n\t\t<img loading=\"lazy\" decoding=\"async\" src=\"https:\/\/www.gino-aka.com\/wp-content\/uploads\/2021\/09\/LRSinside_description.png\" width=\"2079\" height=\"1501\" srcset=\"https:\/\/www.gino-aka.com\/wp-content\/uploads\/2021\/09\/LRSinside_description.png 2079w, https:\/\/www.gino-aka.com\/wp-content\/uploads\/2021\/09\/LRSinside_description-300x217.png 300w, https:\/\/www.gino-aka.com\/wp-content\/uploads\/2021\/09\/LRSinside_description-1024x739.png 1024w, https:\/\/www.gino-aka.com\/wp-content\/uploads\/2021\/09\/LRSinside_description-768x554.png 768w, https:\/\/www.gino-aka.com\/wp-content\/uploads\/2021\/09\/LRSinside_description-1536x1109.png 1536w, https:\/\/www.gino-aka.com\/wp-content\/uploads\/2021\/09\/LRSinside_description-2048x1479.png 2048w\" sizes=\"(max-width: 2079px) 100vw, 2079px\" alt=\"\" \t\tclass=\"so-widget-image\"\/>\n\t<\/div>\n\n<\/div><\/div><\/div><\/div><\/div>","protected":false},"excerpt":{"rendered":"<p>GINO-AKA bietet einzigartige Anlasserl\u00f6sungen, ausgew\u00e4hlt nach den spezifischen Anforderungen der Kunden und der Anwendung. F\u00fcr Zementm\u00fchlen und Standardanwendungen bietet die AK-Serie solide Leistung zu einem wettbewerbsf\u00e4higen Preis. F\u00fcr gr\u00f6\u00dfere Maschinen, die typischerweise im Bergbau und Mining eingesetzt werden, wie z. B. Kugel- und SAG-M\u00fchlen, bieten wir die MAK-Baureihe mit zus\u00e4tzlichen Merkmalen an, um ein h\u00f6heres [&hellip;]<\/p>\n","protected":false},"author":1,"featured_media":625,"parent":1809,"menu_order":1,"comment_status":"closed","ping_status":"closed","template":"","meta":{"_acf_changed":false,"footnotes":""},"acf":[],"yoast_head":"<!-- This site is optimized with the Yoast SEO plugin v22.2 - https:\/\/yoast.com\/wordpress\/plugins\/seo\/ -->\n<title>Fl\u00fcssigkeitsanlasser AK\/MAK\/SK - GINO AKA<\/title>\n<meta name=\"robots\" content=\"index, follow, max-snippet:-1, max-image-preview:large, max-video-preview:-1\" \/>\n<link rel=\"canonical\" href=\"https:\/\/www.gino-aka.com\/de\/produkte\/motor-control\/fluessigkeitsanlasser-ak-mak-sk\/\" \/>\n<meta property=\"og:locale\" content=\"de_DE\" \/>\n<meta property=\"og:type\" content=\"article\" \/>\n<meta property=\"og:title\" content=\"Fl\u00fcssigkeitsanlasser AK\/MAK\/SK - GINO AKA\" \/>\n<meta property=\"og:description\" content=\"GINO-AKA bietet einzigartige Anlasserl\u00f6sungen, ausgew\u00e4hlt nach den spezifischen Anforderungen der Kunden und der Anwendung. F\u00fcr Zementm\u00fchlen und Standardanwendungen bietet die AK-Serie solide Leistung zu einem wettbewerbsf\u00e4higen Preis. F\u00fcr gr\u00f6\u00dfere Maschinen, die typischerweise im Bergbau und Mining eingesetzt werden, wie z. B. Kugel- und SAG-M\u00fchlen, bieten wir die MAK-Baureihe mit zus\u00e4tzlichen Merkmalen an, um ein h\u00f6heres [&hellip;]\" \/>\n<meta property=\"og:url\" content=\"https:\/\/www.gino-aka.com\/de\/produkte\/motor-control\/fluessigkeitsanlasser-ak-mak-sk\/\" \/>\n<meta property=\"og:site_name\" content=\"GINO AKA\" \/>\n<meta property=\"article:modified_time\" content=\"2024-01-30T16:49:47+00:00\" \/>\n<meta property=\"og:image\" content=\"https:\/\/www.gino-aka.com\/wp-content\/uploads\/2021\/08\/header-3-scaled-e1630401691555.jpg\" \/>\n\t<meta property=\"og:image:width\" content=\"2560\" \/>\n\t<meta property=\"og:image:height\" content=\"1707\" \/>\n\t<meta property=\"og:image:type\" content=\"image\/jpeg\" \/>\n<meta name=\"twitter:card\" content=\"summary_large_image\" \/>\n<meta name=\"twitter:label1\" content=\"Gesch\u00e4tzte Lesezeit\" \/>\n\t<meta name=\"twitter:data1\" content=\"1\u00a0Minute\" \/>\n<script type=\"application\/ld+json\" class=\"yoast-schema-graph\">{\"@context\":\"https:\/\/schema.org\",\"@graph\":[{\"@type\":\"WebPage\",\"@id\":\"https:\/\/www.gino-aka.com\/de\/produkte\/motor-control\/fluessigkeitsanlasser-ak-mak-sk\/\",\"url\":\"https:\/\/www.gino-aka.com\/de\/produkte\/motor-control\/fluessigkeitsanlasser-ak-mak-sk\/\",\"name\":\"Fl\u00fcssigkeitsanlasser AK\/MAK\/SK - GINO AKA\",\"isPartOf\":{\"@id\":\"https:\/\/www.gino-aka.com\/de\/#website\"},\"primaryImageOfPage\":{\"@id\":\"https:\/\/www.gino-aka.com\/de\/produkte\/motor-control\/fluessigkeitsanlasser-ak-mak-sk\/#primaryimage\"},\"image\":{\"@id\":\"https:\/\/www.gino-aka.com\/de\/produkte\/motor-control\/fluessigkeitsanlasser-ak-mak-sk\/#primaryimage\"},\"thumbnailUrl\":\"https:\/\/www.gino-aka.com\/wp-content\/uploads\/2021\/08\/header-3-scaled-e1630401691555.jpg\",\"datePublished\":\"2022-01-19T21:54:15+00:00\",\"dateModified\":\"2024-01-30T16:49:47+00:00\",\"breadcrumb\":{\"@id\":\"https:\/\/www.gino-aka.com\/de\/produkte\/motor-control\/fluessigkeitsanlasser-ak-mak-sk\/#breadcrumb\"},\"inLanguage\":\"de\",\"potentialAction\":[{\"@type\":\"ReadAction\",\"target\":[\"https:\/\/www.gino-aka.com\/de\/produkte\/motor-control\/fluessigkeitsanlasser-ak-mak-sk\/\"]}]},{\"@type\":\"ImageObject\",\"inLanguage\":\"de\",\"@id\":\"https:\/\/www.gino-aka.com\/de\/produkte\/motor-control\/fluessigkeitsanlasser-ak-mak-sk\/#primaryimage\",\"url\":\"https:\/\/www.gino-aka.com\/wp-content\/uploads\/2021\/08\/header-3-scaled-e1630401691555.jpg\",\"contentUrl\":\"https:\/\/www.gino-aka.com\/wp-content\/uploads\/2021\/08\/header-3-scaled-e1630401691555.jpg\",\"width\":2560,\"height\":1707},{\"@type\":\"BreadcrumbList\",\"@id\":\"https:\/\/www.gino-aka.com\/de\/produkte\/motor-control\/fluessigkeitsanlasser-ak-mak-sk\/#breadcrumb\",\"itemListElement\":[{\"@type\":\"ListItem\",\"position\":1,\"name\":\"Produkte\",\"item\":\"https:\/\/www.gino-aka.com\/de\/produkte\/\"},{\"@type\":\"ListItem\",\"position\":2,\"name\":\"Motor Control\",\"item\":\"https:\/\/www.gino-aka.com\/de\/produkte\/motor-control\/\"},{\"@type\":\"ListItem\",\"position\":3,\"name\":\"Fl\u00fcssigkeitsanlasser AK\/MAK\/SK\"}]},{\"@type\":\"WebSite\",\"@id\":\"https:\/\/www.gino-aka.com\/de\/#website\",\"url\":\"https:\/\/www.gino-aka.com\/de\/\",\"name\":\"GINO AKA\",\"description\":\"GINO AKA SAS\",\"potentialAction\":[{\"@type\":\"SearchAction\",\"target\":{\"@type\":\"EntryPoint\",\"urlTemplate\":\"https:\/\/www.gino-aka.com\/de\/?s={search_term_string}\"},\"query-input\":\"required name=search_term_string\"}],\"inLanguage\":\"de\"}]}<\/script>\n<!-- \/ Yoast SEO plugin. -->","yoast_head_json":{"title":"Fl\u00fcssigkeitsanlasser AK\/MAK\/SK - GINO AKA","robots":{"index":"index","follow":"follow","max-snippet":"max-snippet:-1","max-image-preview":"max-image-preview:large","max-video-preview":"max-video-preview:-1"},"canonical":"https:\/\/www.gino-aka.com\/de\/produkte\/motor-control\/fluessigkeitsanlasser-ak-mak-sk\/","og_locale":"de_DE","og_type":"article","og_title":"Fl\u00fcssigkeitsanlasser AK\/MAK\/SK - GINO AKA","og_description":"GINO-AKA bietet einzigartige Anlasserl\u00f6sungen, ausgew\u00e4hlt nach den spezifischen Anforderungen der Kunden und der Anwendung. F\u00fcr Zementm\u00fchlen und Standardanwendungen bietet die AK-Serie solide Leistung zu einem wettbewerbsf\u00e4higen Preis. F\u00fcr gr\u00f6\u00dfere Maschinen, die typischerweise im Bergbau und Mining eingesetzt werden, wie z. B. Kugel- und SAG-M\u00fchlen, bieten wir die MAK-Baureihe mit zus\u00e4tzlichen Merkmalen an, um ein h\u00f6heres [&hellip;]","og_url":"https:\/\/www.gino-aka.com\/de\/produkte\/motor-control\/fluessigkeitsanlasser-ak-mak-sk\/","og_site_name":"GINO AKA","article_modified_time":"2024-01-30T16:49:47+00:00","og_image":[{"width":2560,"height":1707,"url":"https:\/\/www.gino-aka.com\/wp-content\/uploads\/2021\/08\/header-3-scaled-e1630401691555.jpg","type":"image\/jpeg"}],"twitter_card":"summary_large_image","twitter_misc":{"Gesch\u00e4tzte Lesezeit":"1\u00a0Minute"},"schema":{"@context":"https:\/\/schema.org","@graph":[{"@type":"WebPage","@id":"https:\/\/www.gino-aka.com\/de\/produkte\/motor-control\/fluessigkeitsanlasser-ak-mak-sk\/","url":"https:\/\/www.gino-aka.com\/de\/produkte\/motor-control\/fluessigkeitsanlasser-ak-mak-sk\/","name":"Fl\u00fcssigkeitsanlasser AK\/MAK\/SK - GINO AKA","isPartOf":{"@id":"https:\/\/www.gino-aka.com\/de\/#website"},"primaryImageOfPage":{"@id":"https:\/\/www.gino-aka.com\/de\/produkte\/motor-control\/fluessigkeitsanlasser-ak-mak-sk\/#primaryimage"},"image":{"@id":"https:\/\/www.gino-aka.com\/de\/produkte\/motor-control\/fluessigkeitsanlasser-ak-mak-sk\/#primaryimage"},"thumbnailUrl":"https:\/\/www.gino-aka.com\/wp-content\/uploads\/2021\/08\/header-3-scaled-e1630401691555.jpg","datePublished":"2022-01-19T21:54:15+00:00","dateModified":"2024-01-30T16:49:47+00:00","breadcrumb":{"@id":"https:\/\/www.gino-aka.com\/de\/produkte\/motor-control\/fluessigkeitsanlasser-ak-mak-sk\/#breadcrumb"},"inLanguage":"de","potentialAction":[{"@type":"ReadAction","target":["https:\/\/www.gino-aka.com\/de\/produkte\/motor-control\/fluessigkeitsanlasser-ak-mak-sk\/"]}]},{"@type":"ImageObject","inLanguage":"de","@id":"https:\/\/www.gino-aka.com\/de\/produkte\/motor-control\/fluessigkeitsanlasser-ak-mak-sk\/#primaryimage","url":"https:\/\/www.gino-aka.com\/wp-content\/uploads\/2021\/08\/header-3-scaled-e1630401691555.jpg","contentUrl":"https:\/\/www.gino-aka.com\/wp-content\/uploads\/2021\/08\/header-3-scaled-e1630401691555.jpg","width":2560,"height":1707},{"@type":"BreadcrumbList","@id":"https:\/\/www.gino-aka.com\/de\/produkte\/motor-control\/fluessigkeitsanlasser-ak-mak-sk\/#breadcrumb","itemListElement":[{"@type":"ListItem","position":1,"name":"Produkte","item":"https:\/\/www.gino-aka.com\/de\/produkte\/"},{"@type":"ListItem","position":2,"name":"Motor Control","item":"https:\/\/www.gino-aka.com\/de\/produkte\/motor-control\/"},{"@type":"ListItem","position":3,"name":"Fl\u00fcssigkeitsanlasser AK\/MAK\/SK"}]},{"@type":"WebSite","@id":"https:\/\/www.gino-aka.com\/de\/#website","url":"https:\/\/www.gino-aka.com\/de\/","name":"GINO AKA","description":"GINO AKA SAS","potentialAction":[{"@type":"SearchAction","target":{"@type":"EntryPoint","urlTemplate":"https:\/\/www.gino-aka.com\/de\/?s={search_term_string}"},"query-input":"required name=search_term_string"}],"inLanguage":"de"}]}},"_links":{"self":[{"href":"https:\/\/www.gino-aka.com\/de\/wp-json\/wp\/v2\/pages\/1811"}],"collection":[{"href":"https:\/\/www.gino-aka.com\/de\/wp-json\/wp\/v2\/pages"}],"about":[{"href":"https:\/\/www.gino-aka.com\/de\/wp-json\/wp\/v2\/types\/page"}],"author":[{"embeddable":true,"href":"https:\/\/www.gino-aka.com\/de\/wp-json\/wp\/v2\/users\/1"}],"replies":[{"embeddable":true,"href":"https:\/\/www.gino-aka.com\/de\/wp-json\/wp\/v2\/comments?post=1811"}],"version-history":[{"count":14,"href":"https:\/\/www.gino-aka.com\/de\/wp-json\/wp\/v2\/pages\/1811\/revisions"}],"predecessor-version":[{"id":2489,"href":"https:\/\/www.gino-aka.com\/de\/wp-json\/wp\/v2\/pages\/1811\/revisions\/2489"}],"up":[{"embeddable":true,"href":"https:\/\/www.gino-aka.com\/de\/wp-json\/wp\/v2\/pages\/1809"}],"wp:featuredmedia":[{"embeddable":true,"href":"https:\/\/www.gino-aka.com\/de\/wp-json\/wp\/v2\/media\/625"}],"wp:attachment":[{"href":"https:\/\/www.gino-aka.com\/de\/wp-json\/wp\/v2\/media?parent=1811"}],"curies":[{"name":"wp","href":"https:\/\/api.w.org\/{rel}","templated":true}]}}