{"id":1803,"date":"2022-01-19T21:44:32","date_gmt":"2022-01-19T21:44:32","guid":{"rendered":"https:\/\/www.gino-aka.com\/?page_id=1803"},"modified":"2022-01-21T15:20:49","modified_gmt":"2022-01-21T15:20:49","slug":"ueber-uns","status":"publish","type":"page","link":"https:\/\/www.gino-aka.com\/de\/unternehmen\/ueber-uns\/","title":{"rendered":"\u00dcber uns"},"content":{"rendered":"<div id=\"pl-1803\"  class=\"panel-layout\" ><div id=\"pg-1803-0\"  class=\"panel-grid panel-no-style\" ><div id=\"pgc-1803-0-0\"  class=\"panel-grid-cell\" ><div id=\"panel-1803-0-0-0\" class=\"so-panel widget widget_sow-editor panel-first-child\" data-index=\"0\" ><div\n\t\t\t\n\t\t\tclass=\"so-widget-sow-editor so-widget-sow-editor-base\"\n\t\t\t\n\t\t><h3 class=\"widget-title\">\u00dcber uns<\/h3>\n<div class=\"siteorigin-widget-tinymce textwidget\">\n\t<div class=\"siteorigin-widget-tinymce textwidget\">\n<p>GINO-AKA SAS ist ein weltweit f\u00fchrender Hersteller von Fl\u00fcssigkeitsanlassern sowie Thyristor-Leistungsreglern.<\/p>\n<p>Das Unternehmen wurde nach der \u00dcbernahme durch die GINO AG (Deutschland) und Resistel (Frankreich) gegr\u00fcndet. AKA, GINO AG und Resistel waren alle in der Herstellung von Fl\u00fcssigkeitsanlassern t\u00e4tig und durch die Gr\u00fcndung von GINO-AKA SAS wurden alle Aktivit\u00e4ten in einem Unternehmen zentralisiert.<\/p>\n<p>Unser Team besteht aus anerkannten und engagierten Fachleuten aus dem Bereich Elektrotechnik. Wir sind stolz darauf, dass wir anspruchsvolle und hochentwickelte Ger\u00e4te auf dem Markt anbieten k\u00f6nnen.<\/p>\n<\/div>\n<\/div>\n<\/div><\/div><div id=\"panel-1803-0-0-1\" class=\"so-panel widget widget_sow-slider panel-last-child\" data-index=\"1\" ><div\n\t\t\t\n\t\t\tclass=\"so-widget-sow-slider so-widget-sow-slider-default-6d39609536fd-1803\"\n\t\t\t\n\t\t>\t\t\t\t<div class=\"sow-slider-base\" style=\"display: none\" tabindex=\"0\">\n\t\t\t\t\t<ul\n\t\t\t\t\tclass=\"sow-slider-images\"\n\t\t\t\t\tdata-settings=\"{&quot;pagination&quot;:true,&quot;speed&quot;:3000,&quot;timeout&quot;:8000,&quot;paused&quot;:false,&quot;pause_on_hover&quot;:false,&quot;swipe&quot;:true,&quot;nav_always_show_desktop&quot;:&quot;&quot;,&quot;nav_always_show_mobile&quot;:&quot;&quot;,&quot;breakpoint&quot;:&quot;780px&quot;,&quot;unmute&quot;:false,&quot;anchor&quot;:null}\"\n\t\t\t\t\t\t\t\t\t\tdata-anchor-id=\"\"\n\t\t\t\t>\t\t<li class=\"sow-slider-image\" style=\"visibility: visible;\" >\n\t\t\t\t\t\t<img loading=\"lazy\" decoding=\"async\" width=\"768\" height=\"512\" src=\"https:\/\/www.gino-aka.com\/wp-content\/uploads\/2021\/11\/AKAMAS_2-0.png\" class=\"sow-slider-background-image\" alt=\"\" style=\"\" srcset=\"https:\/\/www.gino-aka.com\/wp-content\/uploads\/2021\/11\/AKAMAS_2-0.png 768w, https:\/\/www.gino-aka.com\/wp-content\/uploads\/2021\/11\/AKAMAS_2-0-300x200.png 300w, https:\/\/www.gino-aka.com\/wp-content\/uploads\/2021\/11\/AKAMAS_2-0-272x182.png 272w\" sizes=\"(max-width: 768px) 100vw, 768px\" \/>\t\t<\/li>\n\t\t\t\t<li class=\"sow-slider-image\" style=\"visibility: hidden;\" >\n\t\t\t\t\t\t<img loading=\"lazy\" decoding=\"async\" width=\"2560\" height=\"1707\" src=\"https:\/\/www.gino-aka.com\/wp-content\/uploads\/2021\/09\/Banner-AKGrad32-scaled.jpg\" class=\"sow-slider-background-image\" alt=\"\" style=\"\" srcset=\"https:\/\/www.gino-aka.com\/wp-content\/uploads\/2021\/09\/Banner-AKGrad32-scaled.jpg 2560w, https:\/\/www.gino-aka.com\/wp-content\/uploads\/2021\/09\/Banner-AKGrad32-300x200.jpg 300w, https:\/\/www.gino-aka.com\/wp-content\/uploads\/2021\/09\/Banner-AKGrad32-1024x683.jpg 1024w, https:\/\/www.gino-aka.com\/wp-content\/uploads\/2021\/09\/Banner-AKGrad32-768x512.jpg 768w, https:\/\/www.gino-aka.com\/wp-content\/uploads\/2021\/09\/Banner-AKGrad32-1536x1024.jpg 1536w, https:\/\/www.gino-aka.com\/wp-content\/uploads\/2021\/09\/Banner-AKGrad32-2048x1365.jpg 2048w, https:\/\/www.gino-aka.com\/wp-content\/uploads\/2021\/09\/Banner-AKGrad32-272x182.jpg 272w\" sizes=\"(max-width: 2560px) 100vw, 2560px\" \/>\t\t<\/li>\n\t\t\t\t<li class=\"sow-slider-image\" style=\"visibility: hidden;\" >\n\t\t\t\t\t\t<img loading=\"lazy\" decoding=\"async\" width=\"2560\" height=\"1707\" src=\"https:\/\/www.gino-aka.com\/wp-content\/uploads\/2021\/09\/DSC_0088edit1-scaled.jpg\" class=\"sow-slider-background-image\" alt=\"\" style=\"\" srcset=\"https:\/\/www.gino-aka.com\/wp-content\/uploads\/2021\/09\/DSC_0088edit1-scaled.jpg 2560w, https:\/\/www.gino-aka.com\/wp-content\/uploads\/2021\/09\/DSC_0088edit1-300x200.jpg 300w, https:\/\/www.gino-aka.com\/wp-content\/uploads\/2021\/09\/DSC_0088edit1-1024x683.jpg 1024w, https:\/\/www.gino-aka.com\/wp-content\/uploads\/2021\/09\/DSC_0088edit1-768x512.jpg 768w, https:\/\/www.gino-aka.com\/wp-content\/uploads\/2021\/09\/DSC_0088edit1-1536x1024.jpg 1536w, https:\/\/www.gino-aka.com\/wp-content\/uploads\/2021\/09\/DSC_0088edit1-2048x1365.jpg 2048w, https:\/\/www.gino-aka.com\/wp-content\/uploads\/2021\/09\/DSC_0088edit1-272x182.jpg 272w\" sizes=\"(max-width: 2560px) 100vw, 2560px\" \/>\t\t<\/li>\n\t\t<\/ul>\t\t\t\t<ol class=\"sow-slider-pagination\">\n\t\t\t\t\t\t\t\t\t\t\t<li><a href=\"#\" data-goto=\"0\" aria-label=\"display slide 1\"><\/a><\/li>\n\t\t\t\t\t\t\t\t\t\t\t<li><a href=\"#\" data-goto=\"1\" aria-label=\"display slide 2\"><\/a><\/li>\n\t\t\t\t\t\t\t\t\t\t\t<li><a href=\"#\" data-goto=\"2\" aria-label=\"display slide 3\"><\/a><\/li>\n\t\t\t\t\t\t\t\t\t<\/ol>\n\n\t\t\t\t<div class=\"sow-slide-nav sow-slide-nav-next\">\n\t\t\t\t\t<a href=\"#\" data-goto=\"next\" aria-label=\"next slide\" data-action=\"next\">\n\t\t\t\t\t\t<em class=\"sow-sld-icon-thin-right\"><\/em>\n\t\t\t\t\t<\/a>\n\t\t\t\t<\/div>\n\n\t\t\t\t<div class=\"sow-slide-nav sow-slide-nav-prev\">\n\t\t\t\t\t<a href=\"#\" data-goto=\"previous\" aria-label=\"previous slide\" data-action=\"prev\">\n\t\t\t\t\t\t<em class=\"sow-sld-icon-thin-left\"><\/em>\n\t\t\t\t\t<\/a>\n\t\t\t\t<\/div>\n\t\t\t\t<\/div><\/div><\/div><\/div><\/div><\/div>","protected":false},"excerpt":{"rendered":"<p>GINO-AKA SAS ist ein weltweit f\u00fchrender Hersteller von Fl\u00fcssigkeitsanlassern sowie Thyristor-Leistungsreglern. Das Unternehmen wurde nach der \u00dcbernahme durch die GINO AG (Deutschland) und Resistel (Frankreich) gegr\u00fcndet. AKA, GINO AG und Resistel waren alle in der Herstellung von Fl\u00fcssigkeitsanlassern t\u00e4tig und durch die Gr\u00fcndung von GINO-AKA SAS wurden alle Aktivit\u00e4ten in einem Unternehmen zentralisiert. Unser Team [&hellip;]<\/p>\n","protected":false},"author":1,"featured_media":1652,"parent":1770,"menu_order":2,"comment_status":"closed","ping_status":"closed","template":"","meta":{"_acf_changed":false,"footnotes":""},"acf":[],"yoast_head":"<!-- This site is optimized with the Yoast SEO plugin v22.2 - https:\/\/yoast.com\/wordpress\/plugins\/seo\/ -->\n<title>\u00dcber uns - GINO AKA<\/title>\n<meta name=\"robots\" content=\"index, follow, max-snippet:-1, max-image-preview:large, max-video-preview:-1\" \/>\n<link rel=\"canonical\" href=\"https:\/\/www.gino-aka.com\/de\/unternehmen\/ueber-uns\/\" \/>\n<meta property=\"og:locale\" content=\"de_DE\" \/>\n<meta property=\"og:type\" content=\"article\" \/>\n<meta property=\"og:title\" content=\"\u00dcber uns - GINO AKA\" \/>\n<meta property=\"og:description\" content=\"GINO-AKA SAS ist ein weltweit f\u00fchrender Hersteller von Fl\u00fcssigkeitsanlassern sowie Thyristor-Leistungsreglern. Das Unternehmen wurde nach der \u00dcbernahme durch die GINO AG (Deutschland) und Resistel (Frankreich) gegr\u00fcndet. AKA, GINO AG und Resistel waren alle in der Herstellung von Fl\u00fcssigkeitsanlassern t\u00e4tig und durch die Gr\u00fcndung von GINO-AKA SAS wurden alle Aktivit\u00e4ten in einem Unternehmen zentralisiert. Unser Team [&hellip;]\" \/>\n<meta property=\"og:url\" content=\"https:\/\/www.gino-aka.com\/de\/unternehmen\/ueber-uns\/\" \/>\n<meta property=\"og:site_name\" content=\"GINO AKA\" \/>\n<meta property=\"article:modified_time\" content=\"2022-01-21T15:20:49+00:00\" \/>\n<meta property=\"og:image\" content=\"https:\/\/www.gino-aka.com\/wp-content\/uploads\/2021\/11\/DSC_0010-Kopie-scaled.jpg\" \/>\n\t<meta property=\"og:image:width\" content=\"2560\" \/>\n\t<meta property=\"og:image:height\" content=\"1707\" \/>\n\t<meta property=\"og:image:type\" content=\"image\/jpeg\" \/>\n<meta name=\"twitter:card\" content=\"summary_large_image\" \/>\n<meta name=\"twitter:label1\" content=\"Gesch\u00e4tzte Lesezeit\" \/>\n\t<meta name=\"twitter:data1\" content=\"1\u00a0Minute\" \/>\n<script type=\"application\/ld+json\" class=\"yoast-schema-graph\">{\"@context\":\"https:\/\/schema.org\",\"@graph\":[{\"@type\":\"WebPage\",\"@id\":\"https:\/\/www.gino-aka.com\/de\/unternehmen\/ueber-uns\/\",\"url\":\"https:\/\/www.gino-aka.com\/de\/unternehmen\/ueber-uns\/\",\"name\":\"\u00dcber uns - GINO AKA\",\"isPartOf\":{\"@id\":\"https:\/\/www.gino-aka.com\/de\/#website\"},\"primaryImageOfPage\":{\"@id\":\"https:\/\/www.gino-aka.com\/de\/unternehmen\/ueber-uns\/#primaryimage\"},\"image\":{\"@id\":\"https:\/\/www.gino-aka.com\/de\/unternehmen\/ueber-uns\/#primaryimage\"},\"thumbnailUrl\":\"https:\/\/www.gino-aka.com\/wp-content\/uploads\/2021\/11\/DSC_0010-Kopie-scaled.jpg\",\"datePublished\":\"2022-01-19T21:44:32+00:00\",\"dateModified\":\"2022-01-21T15:20:49+00:00\",\"breadcrumb\":{\"@id\":\"https:\/\/www.gino-aka.com\/de\/unternehmen\/ueber-uns\/#breadcrumb\"},\"inLanguage\":\"de\",\"potentialAction\":[{\"@type\":\"ReadAction\",\"target\":[\"https:\/\/www.gino-aka.com\/de\/unternehmen\/ueber-uns\/\"]}]},{\"@type\":\"ImageObject\",\"inLanguage\":\"de\",\"@id\":\"https:\/\/www.gino-aka.com\/de\/unternehmen\/ueber-uns\/#primaryimage\",\"url\":\"https:\/\/www.gino-aka.com\/wp-content\/uploads\/2021\/11\/DSC_0010-Kopie-scaled.jpg\",\"contentUrl\":\"https:\/\/www.gino-aka.com\/wp-content\/uploads\/2021\/11\/DSC_0010-Kopie-scaled.jpg\",\"width\":2560,\"height\":1707},{\"@type\":\"BreadcrumbList\",\"@id\":\"https:\/\/www.gino-aka.com\/de\/unternehmen\/ueber-uns\/#breadcrumb\",\"itemListElement\":[{\"@type\":\"ListItem\",\"position\":1,\"name\":\"Unternehmen\",\"item\":\"https:\/\/www.gino-aka.com\/de\/unternehmen\/\"},{\"@type\":\"ListItem\",\"position\":2,\"name\":\"\u00dcber uns\"}]},{\"@type\":\"WebSite\",\"@id\":\"https:\/\/www.gino-aka.com\/de\/#website\",\"url\":\"https:\/\/www.gino-aka.com\/de\/\",\"name\":\"GINO AKA\",\"description\":\"GINO AKA SAS\",\"potentialAction\":[{\"@type\":\"SearchAction\",\"target\":{\"@type\":\"EntryPoint\",\"urlTemplate\":\"https:\/\/www.gino-aka.com\/de\/?s={search_term_string}\"},\"query-input\":\"required name=search_term_string\"}],\"inLanguage\":\"de\"}]}<\/script>\n<!-- \/ Yoast SEO plugin. -->","yoast_head_json":{"title":"\u00dcber uns - GINO AKA","robots":{"index":"index","follow":"follow","max-snippet":"max-snippet:-1","max-image-preview":"max-image-preview:large","max-video-preview":"max-video-preview:-1"},"canonical":"https:\/\/www.gino-aka.com\/de\/unternehmen\/ueber-uns\/","og_locale":"de_DE","og_type":"article","og_title":"\u00dcber uns - GINO AKA","og_description":"GINO-AKA SAS ist ein weltweit f\u00fchrender Hersteller von Fl\u00fcssigkeitsanlassern sowie Thyristor-Leistungsreglern. Das Unternehmen wurde nach der \u00dcbernahme durch die GINO AG (Deutschland) und Resistel (Frankreich) gegr\u00fcndet. AKA, GINO AG und Resistel waren alle in der Herstellung von Fl\u00fcssigkeitsanlassern t\u00e4tig und durch die Gr\u00fcndung von GINO-AKA SAS wurden alle Aktivit\u00e4ten in einem Unternehmen zentralisiert. Unser Team [&hellip;]","og_url":"https:\/\/www.gino-aka.com\/de\/unternehmen\/ueber-uns\/","og_site_name":"GINO AKA","article_modified_time":"2022-01-21T15:20:49+00:00","og_image":[{"width":2560,"height":1707,"url":"https:\/\/www.gino-aka.com\/wp-content\/uploads\/2021\/11\/DSC_0010-Kopie-scaled.jpg","type":"image\/jpeg"}],"twitter_card":"summary_large_image","twitter_misc":{"Gesch\u00e4tzte Lesezeit":"1\u00a0Minute"},"schema":{"@context":"https:\/\/schema.org","@graph":[{"@type":"WebPage","@id":"https:\/\/www.gino-aka.com\/de\/unternehmen\/ueber-uns\/","url":"https:\/\/www.gino-aka.com\/de\/unternehmen\/ueber-uns\/","name":"\u00dcber uns - GINO AKA","isPartOf":{"@id":"https:\/\/www.gino-aka.com\/de\/#website"},"primaryImageOfPage":{"@id":"https:\/\/www.gino-aka.com\/de\/unternehmen\/ueber-uns\/#primaryimage"},"image":{"@id":"https:\/\/www.gino-aka.com\/de\/unternehmen\/ueber-uns\/#primaryimage"},"thumbnailUrl":"https:\/\/www.gino-aka.com\/wp-content\/uploads\/2021\/11\/DSC_0010-Kopie-scaled.jpg","datePublished":"2022-01-19T21:44:32+00:00","dateModified":"2022-01-21T15:20:49+00:00","breadcrumb":{"@id":"https:\/\/www.gino-aka.com\/de\/unternehmen\/ueber-uns\/#breadcrumb"},"inLanguage":"de","potentialAction":[{"@type":"ReadAction","target":["https:\/\/www.gino-aka.com\/de\/unternehmen\/ueber-uns\/"]}]},{"@type":"ImageObject","inLanguage":"de","@id":"https:\/\/www.gino-aka.com\/de\/unternehmen\/ueber-uns\/#primaryimage","url":"https:\/\/www.gino-aka.com\/wp-content\/uploads\/2021\/11\/DSC_0010-Kopie-scaled.jpg","contentUrl":"https:\/\/www.gino-aka.com\/wp-content\/uploads\/2021\/11\/DSC_0010-Kopie-scaled.jpg","width":2560,"height":1707},{"@type":"BreadcrumbList","@id":"https:\/\/www.gino-aka.com\/de\/unternehmen\/ueber-uns\/#breadcrumb","itemListElement":[{"@type":"ListItem","position":1,"name":"Unternehmen","item":"https:\/\/www.gino-aka.com\/de\/unternehmen\/"},{"@type":"ListItem","position":2,"name":"\u00dcber uns"}]},{"@type":"WebSite","@id":"https:\/\/www.gino-aka.com\/de\/#website","url":"https:\/\/www.gino-aka.com\/de\/","name":"GINO AKA","description":"GINO AKA SAS","potentialAction":[{"@type":"SearchAction","target":{"@type":"EntryPoint","urlTemplate":"https:\/\/www.gino-aka.com\/de\/?s={search_term_string}"},"query-input":"required name=search_term_string"}],"inLanguage":"de"}]}},"_links":{"self":[{"href":"https:\/\/www.gino-aka.com\/de\/wp-json\/wp\/v2\/pages\/1803"}],"collection":[{"href":"https:\/\/www.gino-aka.com\/de\/wp-json\/wp\/v2\/pages"}],"about":[{"href":"https:\/\/www.gino-aka.com\/de\/wp-json\/wp\/v2\/types\/page"}],"author":[{"embeddable":true,"href":"https:\/\/www.gino-aka.com\/de\/wp-json\/wp\/v2\/users\/1"}],"replies":[{"embeddable":true,"href":"https:\/\/www.gino-aka.com\/de\/wp-json\/wp\/v2\/comments?post=1803"}],"version-history":[{"count":9,"href":"https:\/\/www.gino-aka.com\/de\/wp-json\/wp\/v2\/pages\/1803\/revisions"}],"predecessor-version":[{"id":1989,"href":"https:\/\/www.gino-aka.com\/de\/wp-json\/wp\/v2\/pages\/1803\/revisions\/1989"}],"up":[{"embeddable":true,"href":"https:\/\/www.gino-aka.com\/de\/wp-json\/wp\/v2\/pages\/1770"}],"wp:featuredmedia":[{"embeddable":true,"href":"https:\/\/www.gino-aka.com\/de\/wp-json\/wp\/v2\/media\/1652"}],"wp:attachment":[{"href":"https:\/\/www.gino-aka.com\/de\/wp-json\/wp\/v2\/media?parent=1803"}],"curies":[{"name":"wp","href":"https:\/\/api.w.org\/{rel}","templated":true}]}}