{"id":1759,"date":"2022-01-15T17:07:43","date_gmt":"2022-01-15T17:07:43","guid":{"rendered":"https:\/\/www.gino-aka.com\/?page_id=1759"},"modified":"2022-09-27T12:10:09","modified_gmt":"2022-09-27T12:10:09","slug":"impressum","status":"publish","type":"page","link":"https:\/\/www.gino-aka.com\/de\/impressum\/","title":{"rendered":"Impressum"},"content":{"rendered":"<div id=\"pl-1759\"  class=\"panel-layout\" ><div id=\"pg-1759-0\"  class=\"panel-grid panel-no-style\" ><div id=\"pgc-1759-0-0\"  class=\"panel-grid-cell\" ><div id=\"panel-1759-0-0-0\" class=\"so-panel widget widget_sow-editor panel-first-child panel-last-child\" data-index=\"0\" ><div\n\t\t\t\n\t\t\tclass=\"so-widget-sow-editor so-widget-sow-editor-base\"\n\t\t\t\n\t\t>\n<div class=\"siteorigin-widget-tinymce textwidget\">\n\t<p><strong>Unternehmenszentrale<\/strong><br \/>\nGINO-AKA SAS<br \/>\nZAC du Bois Chaland<br \/>\nRue des Pyr\u00e9n\u00e9es<br \/>\nFR- 91090 Lisses<br \/>\nTel. +33 (0) 1 60 76 15 55<br \/>\nFax. +33 (0) 1 64 97 24 87<br \/>\nE-Mail: <a>info[at]gino-aka.com<\/a><\/p>\n<p>&nbsp;<\/p>\n<p><strong><span class=\"VIiyi\" lang=\"de\"><span class=\"JLqJ4b ChMk0b\" data-language-for-alternatives=\"de\" data-language-to-translate-into=\"en\" data-phrase-index=\"0\" data-number-of-phrases=\"1\">Muttergesellschaft<\/span><\/span><\/strong><\/p>\n<p>GINO AG<br \/>\nElektrotechnische Fabrik<br \/>\nFriedrich-W\u00f6hler-Str. 65<br \/>\nD 53117 Bonn<br \/>\nTel. +49 (0) 228 98 98 6 - 0<br \/>\nFax. +49 (0) 228 98 98 6 - 34<br \/>\nE-Mail: <a>info[at]gino.de<\/a><\/p>\n<p><strong><span class=\"VIiyi\" lang=\"de\"><span class=\"JLqJ4b ChMk0b\" data-language-for-alternatives=\"de\" data-language-to-translate-into=\"en\" data-phrase-index=\"0\" data-number-of-phrases=\"1\">Gesch\u00e4ftsf\u00fchrer<\/span><\/span><\/strong><br \/>\nKevin Phillips<\/p>\n<p><strong>Sitz der Gesellschaft<\/strong><br \/>\nSiret. 884 516 82400015 - R.C.S Evry<\/p>\n<p><strong>Verantwortlicher gem\u00e4\u00df \u00a7 6 Abs. 1 MDStV<\/strong><br \/>\nKevin Phillips<br \/>\nGINO-AKA SAS<br \/>\nZAC du Bois Chaland<br \/>\nRue des Pyr\u00e9n\u00e9es<br \/>\nFR- 91090 Lisses<\/p>\n<p><strong>Umsatzsteueridentifikationsnummer<\/strong><br \/>\nFR54884516824<\/p>\n<p><strong><span class=\"VIiyi\" lang=\"de\"><span class=\"JLqJ4b ChMk0b\" data-language-for-alternatives=\"de\" data-language-to-translate-into=\"en\" data-phrase-index=\"0\" data-number-of-phrases=\"1\">Datenschutzbeauftragter<\/span><\/span><\/strong><br \/>\n<span id=\"result_box\" class=\"short_text\" lang=\"en\"><span class=\"\">Supervisory Authority NRW<\/span><\/span><\/p>\n<p>&nbsp;<\/p>\n<h1>Rechtliche Hinweise<\/h1>\n<h2>Haftungsbeschr\u00e4nkung<\/h2>\n<p>Die Inhalte dieser Website werden mit gr\u00f6\u00dftm\u00f6glicher Sorgfalt erstellt. Die GINO-AKA SAS \u00fcbernimmt jedoch keine Gew\u00e4hr f\u00fcr die Aktualit\u00e4t, Richtigkeit und Vollst\u00e4ndigkeit der bereitgestellten Inhalte. Die Nutzung der Website-Inhalte erfolgt auf eigene Gefahr des Nutzers. Namentlich gekennzeichnete Beitr\u00e4ge geben die Meinung des jeweiligen Autors und nicht immer die Meinung der GINO-AKA SAS wieder.<\/p>\n<h2>Externe Links<\/h2>\n<p>Diese Website enth\u00e4lt Verkn\u00fcpfungen zu Websites Dritter (\u201eexterne Links\u201c). Diese Websites unterliegen der Haftung der jeweiligen Betreiber. Die GINO-AKA SAS konnte bei der erstmaligen Verkn\u00fcpfung der externen Links keine Rechtsverst\u00f6\u00dfe feststellen und hat keinerlei Einfluss auf die Inhalte sowie die aktuelle und zuk\u00fcnftige Gestaltung der verkn\u00fcpften Seiten. Eine st\u00e4ndige Kontrolle der externen Links ist f\u00fcr den Anbieter ohne konkrete Hinweise auf Rechtsverst\u00f6\u00dfe nicht zumutbar. Bei Kenntnis von Rechtsverst\u00f6\u00dfen werden derartige externe Links jedoch unverz\u00fcglich gel\u00f6scht.<\/p>\n<h2>Urheber- und Leistungsschutzrechte<\/h2>\n<p>Die auf dieser Website ver\u00f6ffentlichten Inhalte unterliegen dem deutschen Urheber- und Leistungsschutzrecht. Die Verwendung, Vervielf\u00e4ltigung, Weitergabe und Einbindung von Informationen oder Daten, insbesondere von Texten, Textteilen, Bild- und Videomaterial , bedarf der vorherigen Zustimmung der GINO-AKA SAS. Inhalte und Rechte Dritter sind als solche gekennzeichnet.<\/p>\n<h2>Datennutzung<\/h2>\n<p>Der Nutzung der im Impressum und auf der gesamten Website ver\u00f6ffentlichten Kontaktdaten zur \u00dcbersendung von nicht ausdr\u00fccklich angeforderter Werbung und Informationsmaterialien sowie zu jeglicher kommerziellen Verwendung und Weitergabe der Daten wird hiermit ausdr\u00fccklich widersprochen.<\/p>\n<p>&nbsp;<\/p>\n<h1><span class=\"VIiyi\" lang=\"de\"><span class=\"JLqJ4b\" data-language-for-alternatives=\"de\" data-language-to-translate-into=\"en\" data-phrase-index=\"0\" data-number-of-phrases=\"1\">Datenschutz-Bestimmungen<\/span><\/span><\/h1>\n<h2><span class=\"VIiyi\" lang=\"de\"><span class=\"JLqJ4b\" data-language-for-alternatives=\"de\" data-language-to-translate-into=\"en\" data-phrase-index=\"0\" data-number-of-phrases=\"1\">Pers\u00f6nliche Daten<\/span><\/span><\/h2>\n<p><span class=\"VIiyi\" lang=\"de\"><span class=\"JLqJ4b\" data-language-for-alternatives=\"de\" data-language-to-translate-into=\"en\" data-phrase-index=\"0\" data-number-of-phrases=\"1\">Die Nutzung dieser Website ist ohne Angabe personenbezogener Daten m\u00f6glich. Soweit personenbezogene Daten (beispielsweise Name, Anschrift oder E-Mail-Adressen) erhoben werden, erfolgt dies soweit m\u00f6glich stets auf freiwilliger Basis. Diese Daten werden ohne Ihre ausdr\u00fcckliche Zustimmung nicht an Dritte weitergegeben. Wir weisen darauf hin, dass die Daten\u00fcbertragung im Internet (z. B. bei der Kommunikation per E-Mail) Sicherheitsl\u00fccken aufweisen und nicht l\u00fcckenlos vor dem Zugriff durch Dritte gesch\u00fctzt werden kann. Sofern zwischen dem Nutzer und GINO-AKA SAS ein Vertragsverh\u00e4ltnis inhaltlich begr\u00fcndet, ge\u00e4ndert oder angefragt wird, werden personenbezogene Daten erhoben und verwendet, soweit dies zu diesen Zwecken erforderlich ist (Bestandsdaten). Personenbezogene Daten werden erhoben, verarbeitet und ggf. genutzt, um die Inanspruchnahme des Webangebots zu erm\u00f6glichen (Nutzungsdaten). S\u00e4mtliche personenbezogenen Daten werden nur solange gespeichert, wie dies f\u00fcr den geannten Zweck (Bearbeitung einer Anfrage oder Abwicklung eines Vertrages) erforderlich ist. Dabei werden steuer- und handelsrechtliche Aufbewahrungsfristen ber\u00fccksichtigt. Auf Anordnung der zust\u00e4ndigen Stellen im Einzelfall darf Auskunft \u00fcber diese Daten (Bestandsdaten) erteilt werden, soweit dies f\u00fcr Zwecke der Strafverfolgung, zur Gefahrenabwehr, zur Erf\u00fcllung der gesetzlichen Aufgaben der Verfassungsschutzbeh\u00f6rden oder zur Durchsetzung der Rechte am geistigen Eigentum erforderlich ist.<\/span><\/span><\/p>\n<h2><span class=\"VIiyi\" lang=\"de\"><span class=\"JLqJ4b\" data-language-for-alternatives=\"de\" data-language-to-translate-into=\"en\" data-phrase-index=\"0\" data-number-of-phrases=\"1\">Google Analytics \/ Cookies<\/span><\/span><\/h2>\n<p><span class=\"VIiyi\" lang=\"de\"><span class=\"JLqJ4b\" data-language-for-alternatives=\"de\" data-language-to-translate-into=\"en\" data-phrase-index=\"0\" data-number-of-phrases=\"1\">Diese Website benutzt Google Analytics, einen Webanalysedienst der Google Inc. (\u201eGoogle\u201c). Google Analytics verwendet \u201eCookies\u201c, Textdateien, die auf Ihrem Computer abgelegt werden, um die Website bei der Analyse der Nutzung der Website durch Benutzer zu unterst\u00fctzen. Die durch den Cookie erzeugten Informationen \u00fcber Ihre Benutzung dieser Website werden an einen Server von Google in den USA \u00fcbertragen und dort gespeichert. Im Falle der Aktivierung der IP-Anonymisierung auf dieser Website wird Ihre IP-Adresse jedoch innerhalb von Mitgliedstaaten der Europ\u00e4ischen Union oder in anderen Vertragsstaaten des Abkommens \u00fcber den Europ\u00e4ischen Wirtschaftsraum zuvor gek\u00fcrzt. Nur in Ausnahmef\u00e4llen wird die volle IP-Adresse zun\u00e4chst an einen Server von Google in den USA \u00fcbertragen und dort gek\u00fcrzt. Die IP-Anonymisierung ist auf dieser Website aktiv. Im Auftrag des Betreibers dieser Website wird Google diese Informationen benutzen, um Ihre Nutzung der Website auszuwerten, Berichte \u00fcber die Website-Aktivit\u00e4ten f\u00fcr die Websitebetreiber zusammenzustellen und ihnen weitere mit der Websitenutzung und der Internetnutzung verbundene Dienstleistungen zu erbringen. Die im Rahmen von Google Analytics von Ihrem Browser \u00fcbermittelte IP-Adresse wird nicht mit anderen Daten von Google zusammengef\u00fchrt. Sie k\u00f6nnen die Verwendung von Cookies ablehnen, indem Sie die entsprechenden Einstellungen in Ihrem Browser ausw\u00e4hlen. Bitte beachten Sie jedoch, dass Sie in diesem Fall m\u00f6glicherweise nicht alle Funktionen dieser Website nutzen k\u00f6nnen. Sie k\u00f6nnen das Tracking durch Google Analytics auch mit Wirkung f\u00fcr die Zukunft ablehnen, indem Sie das Google Analytics Opt-out Browser Add-on f\u00fcr Ihren aktuellen Webbrowser herunterladen und installieren: <a href=\"http:\/\/tools.google.com\/dlpage\/gaoptout?hl=de\" target=\"_blank\" rel=\"noopener\">tools.google.com\/dlpage\/gaoptout?hl=de<\/a>.<\/span><\/span><\/p>\n<p>&nbsp;<\/p>\n<h2>Bildnachweis:<\/h2>\n<p>Shutterstock<\/p>\n<p>&nbsp;<\/p>\n<h2>Realisation:<\/h2>\n<p><a href=\"http:\/\/www.ich.tv\/\" target=\"_blank\" rel=\"noopener\">ich.tv<\/a><\/p>\n<\/div>\n<\/div><\/div><\/div><\/div><\/div>","protected":false},"excerpt":{"rendered":"<p>Unternehmenszentrale GINO-AKA SAS ZAC du Bois Chaland Rue des Pyr\u00e9n\u00e9es FR- 91090 Lisses Tel. +33 (0) 1 60 76 15 55 Fax. +33 (0) 1 64 97 24 87 E-Mail: info[at]gino-aka.com &nbsp; Muttergesellschaft GINO AG Elektrotechnische Fabrik Friedrich-W\u00f6hler-Str. 65 D 53117 Bonn Tel. +49 (0) 228 98 98 6 &#8211; 0 Fax. +49 (0) 228 [&hellip;]<\/p>\n","protected":false},"author":1,"featured_media":939,"parent":0,"menu_order":0,"comment_status":"closed","ping_status":"closed","template":"","meta":{"_acf_changed":false,"footnotes":""},"acf":[],"yoast_head":"<!-- This site is optimized with the Yoast SEO plugin v22.2 - https:\/\/yoast.com\/wordpress\/plugins\/seo\/ -->\n<title>Impressum - GINO AKA<\/title>\n<meta name=\"robots\" content=\"index, follow, max-snippet:-1, max-image-preview:large, max-video-preview:-1\" \/>\n<link rel=\"canonical\" href=\"https:\/\/www.gino-aka.com\/de\/impressum\/\" \/>\n<meta property=\"og:locale\" content=\"de_DE\" \/>\n<meta property=\"og:type\" content=\"article\" \/>\n<meta property=\"og:title\" content=\"Impressum - GINO AKA\" \/>\n<meta property=\"og:description\" content=\"Unternehmenszentrale GINO-AKA SAS ZAC du Bois Chaland Rue des Pyr\u00e9n\u00e9es FR- 91090 Lisses Tel. +33 (0) 1 60 76 15 55 Fax. +33 (0) 1 64 97 24 87 E-Mail: info[at]gino-aka.com &nbsp; Muttergesellschaft GINO AG Elektrotechnische Fabrik Friedrich-W\u00f6hler-Str. 65 D 53117 Bonn Tel. +49 (0) 228 98 98 6 - 0 Fax. +49 (0) 228 [&hellip;]\" \/>\n<meta property=\"og:url\" content=\"https:\/\/www.gino-aka.com\/de\/impressum\/\" \/>\n<meta property=\"og:site_name\" content=\"GINO AKA\" \/>\n<meta property=\"article:modified_time\" content=\"2022-09-27T12:10:09+00:00\" \/>\n<meta property=\"og:image\" content=\"https:\/\/www.gino-aka.com\/wp-content\/uploads\/2021\/10\/IMG_7814-scaled-e1633530359335.jpg\" \/>\n\t<meta property=\"og:image:width\" content=\"2560\" \/>\n\t<meta property=\"og:image:height\" content=\"1920\" \/>\n\t<meta property=\"og:image:type\" content=\"image\/jpeg\" \/>\n<meta name=\"twitter:card\" content=\"summary_large_image\" \/>\n<meta name=\"twitter:label1\" content=\"Gesch\u00e4tzte Lesezeit\" \/>\n\t<meta name=\"twitter:data1\" content=\"4\u00a0Minuten\" \/>\n<script type=\"application\/ld+json\" class=\"yoast-schema-graph\">{\"@context\":\"https:\/\/schema.org\",\"@graph\":[{\"@type\":\"WebPage\",\"@id\":\"https:\/\/www.gino-aka.com\/de\/impressum\/\",\"url\":\"https:\/\/www.gino-aka.com\/de\/impressum\/\",\"name\":\"Impressum - GINO AKA\",\"isPartOf\":{\"@id\":\"https:\/\/www.gino-aka.com\/de\/#website\"},\"primaryImageOfPage\":{\"@id\":\"https:\/\/www.gino-aka.com\/de\/impressum\/#primaryimage\"},\"image\":{\"@id\":\"https:\/\/www.gino-aka.com\/de\/impressum\/#primaryimage\"},\"thumbnailUrl\":\"https:\/\/www.gino-aka.com\/wp-content\/uploads\/2021\/10\/IMG_7814-scaled-e1633530359335.jpg\",\"datePublished\":\"2022-01-15T17:07:43+00:00\",\"dateModified\":\"2022-09-27T12:10:09+00:00\",\"inLanguage\":\"de\",\"potentialAction\":[{\"@type\":\"ReadAction\",\"target\":[\"https:\/\/www.gino-aka.com\/de\/impressum\/\"]}]},{\"@type\":\"ImageObject\",\"inLanguage\":\"de\",\"@id\":\"https:\/\/www.gino-aka.com\/de\/impressum\/#primaryimage\",\"url\":\"https:\/\/www.gino-aka.com\/wp-content\/uploads\/2021\/10\/IMG_7814-scaled-e1633530359335.jpg\",\"contentUrl\":\"https:\/\/www.gino-aka.com\/wp-content\/uploads\/2021\/10\/IMG_7814-scaled-e1633530359335.jpg\",\"width\":2560,\"height\":1920},{\"@type\":\"WebSite\",\"@id\":\"https:\/\/www.gino-aka.com\/de\/#website\",\"url\":\"https:\/\/www.gino-aka.com\/de\/\",\"name\":\"GINO AKA\",\"description\":\"GINO AKA SAS\",\"potentialAction\":[{\"@type\":\"SearchAction\",\"target\":{\"@type\":\"EntryPoint\",\"urlTemplate\":\"https:\/\/www.gino-aka.com\/de\/?s={search_term_string}\"},\"query-input\":\"required name=search_term_string\"}],\"inLanguage\":\"de\"}]}<\/script>\n<!-- \/ Yoast SEO plugin. -->","yoast_head_json":{"title":"Impressum - GINO AKA","robots":{"index":"index","follow":"follow","max-snippet":"max-snippet:-1","max-image-preview":"max-image-preview:large","max-video-preview":"max-video-preview:-1"},"canonical":"https:\/\/www.gino-aka.com\/de\/impressum\/","og_locale":"de_DE","og_type":"article","og_title":"Impressum - GINO AKA","og_description":"Unternehmenszentrale GINO-AKA SAS ZAC du Bois Chaland Rue des Pyr\u00e9n\u00e9es FR- 91090 Lisses Tel. +33 (0) 1 60 76 15 55 Fax. +33 (0) 1 64 97 24 87 E-Mail: info[at]gino-aka.com &nbsp; Muttergesellschaft GINO AG Elektrotechnische Fabrik Friedrich-W\u00f6hler-Str. 65 D 53117 Bonn Tel. +49 (0) 228 98 98 6 - 0 Fax. +49 (0) 228 [&hellip;]","og_url":"https:\/\/www.gino-aka.com\/de\/impressum\/","og_site_name":"GINO AKA","article_modified_time":"2022-09-27T12:10:09+00:00","og_image":[{"width":2560,"height":1920,"url":"https:\/\/www.gino-aka.com\/wp-content\/uploads\/2021\/10\/IMG_7814-scaled-e1633530359335.jpg","type":"image\/jpeg"}],"twitter_card":"summary_large_image","twitter_misc":{"Gesch\u00e4tzte Lesezeit":"4\u00a0Minuten"},"schema":{"@context":"https:\/\/schema.org","@graph":[{"@type":"WebPage","@id":"https:\/\/www.gino-aka.com\/de\/impressum\/","url":"https:\/\/www.gino-aka.com\/de\/impressum\/","name":"Impressum - GINO AKA","isPartOf":{"@id":"https:\/\/www.gino-aka.com\/de\/#website"},"primaryImageOfPage":{"@id":"https:\/\/www.gino-aka.com\/de\/impressum\/#primaryimage"},"image":{"@id":"https:\/\/www.gino-aka.com\/de\/impressum\/#primaryimage"},"thumbnailUrl":"https:\/\/www.gino-aka.com\/wp-content\/uploads\/2021\/10\/IMG_7814-scaled-e1633530359335.jpg","datePublished":"2022-01-15T17:07:43+00:00","dateModified":"2022-09-27T12:10:09+00:00","inLanguage":"de","potentialAction":[{"@type":"ReadAction","target":["https:\/\/www.gino-aka.com\/de\/impressum\/"]}]},{"@type":"ImageObject","inLanguage":"de","@id":"https:\/\/www.gino-aka.com\/de\/impressum\/#primaryimage","url":"https:\/\/www.gino-aka.com\/wp-content\/uploads\/2021\/10\/IMG_7814-scaled-e1633530359335.jpg","contentUrl":"https:\/\/www.gino-aka.com\/wp-content\/uploads\/2021\/10\/IMG_7814-scaled-e1633530359335.jpg","width":2560,"height":1920},{"@type":"WebSite","@id":"https:\/\/www.gino-aka.com\/de\/#website","url":"https:\/\/www.gino-aka.com\/de\/","name":"GINO AKA","description":"GINO AKA SAS","potentialAction":[{"@type":"SearchAction","target":{"@type":"EntryPoint","urlTemplate":"https:\/\/www.gino-aka.com\/de\/?s={search_term_string}"},"query-input":"required name=search_term_string"}],"inLanguage":"de"}]}},"_links":{"self":[{"href":"https:\/\/www.gino-aka.com\/de\/wp-json\/wp\/v2\/pages\/1759"}],"collection":[{"href":"https:\/\/www.gino-aka.com\/de\/wp-json\/wp\/v2\/pages"}],"about":[{"href":"https:\/\/www.gino-aka.com\/de\/wp-json\/wp\/v2\/types\/page"}],"author":[{"embeddable":true,"href":"https:\/\/www.gino-aka.com\/de\/wp-json\/wp\/v2\/users\/1"}],"replies":[{"embeddable":true,"href":"https:\/\/www.gino-aka.com\/de\/wp-json\/wp\/v2\/comments?post=1759"}],"version-history":[{"count":5,"href":"https:\/\/www.gino-aka.com\/de\/wp-json\/wp\/v2\/pages\/1759\/revisions"}],"predecessor-version":[{"id":2306,"href":"https:\/\/www.gino-aka.com\/de\/wp-json\/wp\/v2\/pages\/1759\/revisions\/2306"}],"wp:featuredmedia":[{"embeddable":true,"href":"https:\/\/www.gino-aka.com\/de\/wp-json\/wp\/v2\/media\/939"}],"wp:attachment":[{"href":"https:\/\/www.gino-aka.com\/de\/wp-json\/wp\/v2\/media?parent=1759"}],"curies":[{"name":"wp","href":"https:\/\/api.w.org\/{rel}","templated":true}]}}